{"id":2348,"date":"2019-07-25T08:47:06","date_gmt":"2019-07-25T08:47:06","guid":{"rendered":"https:\/\/rodller.com\/rodller\/contact-us\/"},"modified":"2021-02-23T10:13:32","modified_gmt":"2021-02-23T10:13:32","slug":"contactez-nous","status":"publish","type":"page","link":"https:\/\/www.rodller.com\/fr\/contactez-nous\/","title":{"rendered":"Nous Contacter"},"content":{"rendered":"\n<div style=\"background-color:#fff;padding-left:0%;padding-right:0%;padding-bottom:18%;padding-top:18%;margin-top:0%;margin-bottom:0%\" class=\"wp-block-rodller-rodller-container paralax-image alignfull\"><div class=\"rodller-container-inside\"><div class=\"rodller-container-image-wrap\"><img decoding=\"async\" class=\"rodller-container-image\" src=\"https:\/\/www.rodller.com\/wp-content\/uploads\/2020\/09\/25542173333-min.jpg\" alt=\"sketch\" style=\"opacity:1\"\/><\/div><div class=\"rodller-container-content\" style=\"max-width:1170px\">\n<h1 class=\"has-white-color has-text-color wp-block-heading\"><strong>Nous Contacter<\/strong><\/h1>\n<\/div><\/div><\/div>\n\n\n\n<div style=\"background-color:#fff;padding-left:0%;padding-right:0%;padding-bottom:0%;padding-top:0%;margin-top:7%;margin-bottom:7%\" class=\"wp-block-rodller-rodller-container fade-from-down-slow aligncenter\"><div class=\"rodller-container-inside\"><div class=\"rodller-container-content\" style=\"max-width:927px\">\n<h2 class=\"has-text-align-center wp-block-heading\">Parlons-en<\/h2>\n\n\n\n<p class=\"has-text-align-center\">Rodller est bas\u00e9 \u00e0 Singapour, Monaco et Bratislava. Nous sommes une \u00e9quipe de sp\u00e9cialistes fiers de lancer de nouvelles id\u00e9es digitales, et de fournir des services num\u00e9riques. Nous voulons apporter de la valeur \u00e0 nos clients en reliant les points entre le PPC, le marketing par courrier \u00e9lectronique, le marketing sur les m\u00e9dias sociaux, le r\u00e9dacteur publicitaire, le r\u00e9f\u00e9rencement, le marketing de contenu, le design et les relations publiques num\u00e9riques.<\/p>\n\n\n\n<div class=\"wpcf7 no-js\" id=\"wpcf7-f2367-o1\" lang=\"fr-FR\" dir=\"ltr\">\n<div class=\"screen-reader-response\"><p role=\"status\" aria-live=\"polite\" aria-atomic=\"true\"><\/p> <ul><\/ul><\/div>\n<form action=\"\/fr\/wp-json\/wp\/v2\/pages\/2348#wpcf7-f2367-o1\" method=\"post\" class=\"wpcf7-form init cf7mls-no-scroll cf7mls-no-moving-animation\" aria-label=\"Formulaire de contact\" novalidate=\"novalidate\" data-status=\"init\">\n<div style=\"display: none;\">\n<input type=\"hidden\" name=\"_wpcf7\" value=\"2367\" \/>\n<input type=\"hidden\" name=\"_wpcf7_version\" value=\"5.9.8\" \/>\n<input type=\"hidden\" name=\"_wpcf7_locale\" value=\"fr_FR\" \/>\n<input type=\"hidden\" name=\"_wpcf7_unit_tag\" value=\"wpcf7-f2367-o1\" \/>\n<input type=\"hidden\" name=\"_wpcf7_container_post\" value=\"0\" \/>\n<input type=\"hidden\" name=\"_wpcf7_posted_data_hash\" value=\"\" \/>\n<input type=\"hidden\" name=\"_wpcf7_recaptcha_response\" value=\"\" \/>\n<\/div>\n<p><label> Votre Nom (requis)<br \/>\n<span class=\"wpcf7-form-control-wrap\" data-name=\"your-name\"><input size=\"40\" maxlength=\"400\" class=\"wpcf7-form-control wpcf7-text wpcf7-validates-as-required\" aria-required=\"true\" aria-invalid=\"false\" value=\"\" type=\"text\" name=\"your-name\" \/><\/span> <\/label>\n<\/p>\n<p><label> Votre adresse Email (requis)<br \/>\n<span class=\"wpcf7-form-control-wrap\" data-name=\"your-email\"><input size=\"40\" maxlength=\"400\" class=\"wpcf7-form-control wpcf7-email wpcf7-validates-as-required wpcf7-text wpcf7-validates-as-email\" aria-required=\"true\" aria-invalid=\"false\" value=\"\" type=\"email\" name=\"your-email\" \/><\/span> <\/label>\n<\/p>\n<p><label> Sujet<br \/>\n<span class=\"wpcf7-form-control-wrap\" data-name=\"your-subject\"><input size=\"40\" maxlength=\"400\" class=\"wpcf7-form-control wpcf7-text\" aria-invalid=\"false\" value=\"\" type=\"text\" name=\"your-subject\" \/><\/span> <\/label>\n<\/p>\n<p><label> Votre Message<br \/>\n<span class=\"wpcf7-form-control-wrap\" data-name=\"your-message\"><textarea cols=\"40\" rows=\"10\" maxlength=\"2000\" class=\"wpcf7-form-control wpcf7-textarea\" aria-invalid=\"false\" name=\"your-message\"><\/textarea><\/span> <\/label><br \/>\n[anr_nocaptcha g-recaptcha-response]<br \/>\n<input class=\"wpcf7-form-control wpcf7-submit has-spinner\" type=\"submit\" value=\"Soumettre\" \/>\n<\/p><input type='hidden' class='wpcf7-pum' value='{\"closepopup\":false,\"closedelay\":0,\"openpopup\":false,\"openpopup_id\":0}' \/><div class=\"wpcf7-response-output\" aria-hidden=\"true\"><\/div>\n<\/form>\n<\/div>\n\n\n\n\n<!-- Event snippet for Contact conversion page -->\n<script>\n  gtag('event', 'conversion', {'send_to': 'AW-760610460\/ysJbCNqJvuIBEJz91-oC'});\n<\/script>\n<\/div><\/div><\/div>\n\n\n\n<h2 class=\"has-text-align-center wp-block-heading\">Nos <strong>Sites<\/strong><\/h2>\n\n\n\n<div class=\"wp-block-columns is-layout-flex wp-container-core-columns-layout-4 wp-block-columns-is-layout-flex\">\n<div class=\"wp-block-column is-layout-flow wp-block-column-is-layout-flow\" style=\"flex-basis:33.33%\">\n<div class=\"wp-block-columns fade-from-down-slow locations is-layout-flex wp-container-core-columns-layout-1 wp-block-columns-is-layout-flex\">\n<div class=\"wp-block-column is-layout-flow wp-block-column-is-layout-flow\">\n<figure class=\"wp-block-image size-large\"><img fetchpriority=\"high\" decoding=\"async\" width=\"1024\" height=\"683\" src=\"https:\/\/www.rodller.com\/wp-content\/uploads\/2020\/05\/shutterstock_367170923-min-1024x683.jpg\" alt=\"Monaco\" class=\"wp-image-1439\" srcset=\"https:\/\/www.rodller.com\/wp-content\/uploads\/2020\/05\/shutterstock_367170923-min-1024x683.jpg 1024w, https:\/\/www.rodller.com\/wp-content\/uploads\/2020\/05\/shutterstock_367170923-min-scaled-600x400.jpg 600w, https:\/\/www.rodller.com\/wp-content\/uploads\/2020\/05\/shutterstock_367170923-min-300x200.jpg 300w, https:\/\/www.rodller.com\/wp-content\/uploads\/2020\/05\/shutterstock_367170923-min-768x512.jpg 768w, https:\/\/www.rodller.com\/wp-content\/uploads\/2020\/05\/shutterstock_367170923-min-1536x1024.jpg 1536w, https:\/\/www.rodller.com\/wp-content\/uploads\/2020\/05\/shutterstock_367170923-min-2048x1365.jpg 2048w, https:\/\/www.rodller.com\/wp-content\/uploads\/2020\/05\/shutterstock_367170923-min-360x240.jpg 360w, https:\/\/www.rodller.com\/wp-content\/uploads\/2020\/05\/shutterstock_367170923-min-750x500.jpg 750w\" sizes=\"(max-width: 1024px) 100vw, 1024px\" \/><\/figure>\n<\/div>\n\n\n\n<div class=\"wp-block-column is-layout-flow wp-block-column-is-layout-flow\">\n<h2 class=\"p-title wp-block-heading\"><strong>Commercial Center<\/strong><\/h2>\n\n\n\n<p>98000 Monaco<br>+33 623 14 67 47<br>info@rodller.com<\/p>\n<\/div>\n<\/div>\n\n\n\n<div class=\"wp-block-columns fade-from-down-slow locations is-layout-flex wp-container-core-columns-layout-2 wp-block-columns-is-layout-flex\">\n<div class=\"wp-block-column is-layout-flow wp-block-column-is-layout-flow\">\n<figure class=\"wp-block-image size-large\"><img decoding=\"async\" width=\"1024\" height=\"683\" src=\"https:\/\/www.rodller.com\/wp-content\/uploads\/2020\/05\/shutterstock_725421652-min-1024x683.jpg\" alt=\"Bratislava\" class=\"wp-image-1438\" srcset=\"https:\/\/www.rodller.com\/wp-content\/uploads\/2020\/05\/shutterstock_725421652-min-1024x683.jpg 1024w, https:\/\/www.rodller.com\/wp-content\/uploads\/2020\/05\/shutterstock_725421652-min-scaled-600x400.jpg 600w, https:\/\/www.rodller.com\/wp-content\/uploads\/2020\/05\/shutterstock_725421652-min-300x200.jpg 300w, https:\/\/www.rodller.com\/wp-content\/uploads\/2020\/05\/shutterstock_725421652-min-768x512.jpg 768w, https:\/\/www.rodller.com\/wp-content\/uploads\/2020\/05\/shutterstock_725421652-min-1536x1024.jpg 1536w, https:\/\/www.rodller.com\/wp-content\/uploads\/2020\/05\/shutterstock_725421652-min-2048x1365.jpg 2048w, https:\/\/www.rodller.com\/wp-content\/uploads\/2020\/05\/shutterstock_725421652-min-360x240.jpg 360w, https:\/\/www.rodller.com\/wp-content\/uploads\/2020\/05\/shutterstock_725421652-min-750x500.jpg 750w\" sizes=\"(max-width: 1024px) 100vw, 1024px\" \/><\/figure>\n<\/div>\n\n\n\n<div class=\"wp-block-column is-layout-flow wp-block-column-is-layout-flow\">\n<h2 class=\"p-title wp-block-heading\"><strong>Delivery Center<\/strong><\/h2>\n\n\n\n<p>Mostov\u00e1 2<br>Bratislava, Slovakia<br>+421 950 260 237<br>info@rodller.com<\/p>\n<\/div>\n<\/div>\n\n\n\n<div class=\"wp-block-columns fade-from-down-slow locations is-layout-flex wp-container-core-columns-layout-3 wp-block-columns-is-layout-flex\">\n<div class=\"wp-block-column is-layout-flow wp-block-column-is-layout-flow\">\n<figure class=\"wp-block-image size-large\"><img decoding=\"async\" width=\"359\" height=\"239\" src=\"https:\/\/www.rodller.com\/wp-content\/uploads\/2020\/09\/6349-min.jpg\" alt=\"Singapore\" class=\"wp-image-1579\" srcset=\"https:\/\/www.rodller.com\/wp-content\/uploads\/2020\/09\/6349-min.jpg 359w, https:\/\/www.rodller.com\/wp-content\/uploads\/2020\/09\/6349-min-300x200.jpg 300w\" sizes=\"(max-width: 359px) 100vw, 359px\" \/><\/figure>\n<\/div>\n\n\n\n<div class=\"wp-block-column is-layout-flow wp-block-column-is-layout-flow\">\n<h2 class=\"p-title wp-block-heading\"><strong>Commercial Center<\/strong><\/h2>\n\n\n\n<p>Singapore<br>info@rodller.com<\/p>\n<\/div>\n<\/div>\n<\/div>\n\n\n\n<div class=\"wp-block-column is-layout-flow wp-block-column-is-layout-flow\" style=\"flex-basis:66.66%\">\n<figure class=\"wp-block-image size-large fade-from-down-slow\"><img loading=\"lazy\" decoding=\"async\" width=\"1005\" height=\"601\" src=\"https:\/\/www.rodller.com\/wp-content\/uploads\/2020\/09\/map-min.png\" alt=\"rodller\" class=\"wp-image-1784\" srcset=\"https:\/\/www.rodller.com\/wp-content\/uploads\/2020\/09\/map-min.png 1005w, https:\/\/www.rodller.com\/wp-content\/uploads\/2020\/09\/map-min-300x179.png 300w, https:\/\/www.rodller.com\/wp-content\/uploads\/2020\/09\/map-min-768x459.png 768w, https:\/\/www.rodller.com\/wp-content\/uploads\/2020\/09\/map-min-360x215.png 360w, https:\/\/www.rodller.com\/wp-content\/uploads\/2020\/09\/map-min-750x449.png 750w, https:\/\/www.rodller.com\/wp-content\/uploads\/2020\/09\/map-min-600x359.png 600w\" sizes=\"(max-width: 1005px) 100vw, 1005px\" \/><\/figure>\n<\/div>\n<\/div>\n\n\n\n<p><\/p>\n","protected":false},"excerpt":{"rendered":"<p>Nos Sites Commercial Center 98000 Monaco+33 623 14 67 47info@rodller.com Delivery Center Mostov\u00e1 2Bratislava, Slovakia+421 950 260 237info@rodller.com Commercial Center Singaporeinfo@rodller.com<\/p>\n","protected":false},"author":1,"featured_media":0,"parent":0,"menu_order":0,"comment_status":"closed","ping_status":"closed","template":"","meta":{"advgb_blocks_editor_width":"","advgb_blocks_columns_visual_guide":"","_themeisle_gutenberg_block_has_review":false,"footnotes":""},"yoast_head":"<!-- This site is optimized with the Yoast SEO plugin v23.5 - https:\/\/yoast.com\/wordpress\/plugins\/seo\/ -->\n<title>Nouvelles id\u00e9es et services num\u00e9riques - Contactez-nous | Rodller<\/title>\n<meta name=\"description\" content=\"Nous sommes une \u00e9quipe de sp\u00e9cialistes fiers de lancer de nouvelles id\u00e9es digitales et de fournir des services num\u00e9riques. Parlons-en!\" \/>\n<meta name=\"robots\" content=\"index, follow, max-snippet:-1, max-image-preview:large, max-video-preview:-1\" \/>\n<link rel=\"canonical\" href=\"https:\/\/www.rodller.com\/fr\/contactez-nous\/\" \/>\n<meta property=\"og:locale\" content=\"fr_FR\" \/>\n<meta property=\"og:type\" content=\"article\" \/>\n<meta property=\"og:title\" content=\"Nouvelles id\u00e9es et services num\u00e9riques - Contactez-nous | Rodller\" \/>\n<meta property=\"og:description\" content=\"Nous sommes une \u00e9quipe de sp\u00e9cialistes fiers de lancer de nouvelles id\u00e9es digitales et de fournir des services num\u00e9riques. Parlons-en!\" \/>\n<meta property=\"og:url\" content=\"https:\/\/www.rodller.com\/fr\/contactez-nous\/\" \/>\n<meta property=\"og:site_name\" content=\"Rodller\" \/>\n<meta property=\"article:publisher\" content=\"https:\/\/www.facebook.com\/rodllerHQ\/\" \/>\n<meta property=\"article:modified_time\" content=\"2021-02-23T10:13:32+00:00\" \/>\n<meta property=\"og:image\" content=\"https:\/\/www.rodller.com\/wp-content\/uploads\/2020\/09\/25542173333-min.jpg\" \/>\n<meta name=\"twitter:card\" content=\"summary_large_image\" \/>\n<meta name=\"twitter:site\" content=\"@RodllerOffice\" \/>\n<meta name=\"twitter:label1\" content=\"Dur\u00e9e de lecture estim\u00e9e\" \/>\n\t<meta name=\"twitter:data1\" content=\"2 minutes\" \/>\n<script type=\"application\/ld+json\" class=\"yoast-schema-graph\">{\"@context\":\"https:\/\/schema.org\",\"@graph\":[{\"@type\":\"WebPage\",\"@id\":\"https:\/\/www.rodller.com\/fr\/contactez-nous\/\",\"url\":\"https:\/\/www.rodller.com\/fr\/contactez-nous\/\",\"name\":\"Nouvelles id\u00e9es et services num\u00e9riques - Contactez-nous | Rodller\",\"isPartOf\":{\"@id\":\"https:\/\/www.rodller.com\/#website\"},\"primaryImageOfPage\":{\"@id\":\"https:\/\/www.rodller.com\/fr\/contactez-nous\/#primaryimage\"},\"image\":{\"@id\":\"https:\/\/www.rodller.com\/fr\/contactez-nous\/#primaryimage\"},\"thumbnailUrl\":\"https:\/\/www.rodller.com\/wp-content\/uploads\/2020\/09\/25542173333-min.jpg\",\"datePublished\":\"2019-07-25T08:47:06+00:00\",\"dateModified\":\"2021-02-23T10:13:32+00:00\",\"description\":\"Nous sommes une \u00e9quipe de sp\u00e9cialistes fiers de lancer de nouvelles id\u00e9es digitales et de fournir des services num\u00e9riques. Parlons-en!\",\"breadcrumb\":{\"@id\":\"https:\/\/www.rodller.com\/fr\/contactez-nous\/#breadcrumb\"},\"inLanguage\":\"fr-FR\",\"potentialAction\":[{\"@type\":\"ReadAction\",\"target\":[\"https:\/\/www.rodller.com\/fr\/contactez-nous\/\"]}]},{\"@type\":\"ImageObject\",\"inLanguage\":\"fr-FR\",\"@id\":\"https:\/\/www.rodller.com\/fr\/contactez-nous\/#primaryimage\",\"url\":\"https:\/\/www.rodller.com\/wp-content\/uploads\/2020\/09\/25542173333-min.jpg\",\"contentUrl\":\"https:\/\/www.rodller.com\/wp-content\/uploads\/2020\/09\/25542173333-min.jpg\"},{\"@type\":\"BreadcrumbList\",\"@id\":\"https:\/\/www.rodller.com\/fr\/contactez-nous\/#breadcrumb\",\"itemListElement\":[{\"@type\":\"ListItem\",\"position\":1,\"name\":\"Home\",\"item\":\"https:\/\/www.rodller.com\/\"},{\"@type\":\"ListItem\",\"position\":2,\"name\":\"Nous Contacter\"}]},{\"@type\":\"WebSite\",\"@id\":\"https:\/\/www.rodller.com\/#website\",\"url\":\"https:\/\/www.rodller.com\/\",\"name\":\"Rodller\",\"description\":\"Digital-as-a-Service\",\"publisher\":{\"@id\":\"https:\/\/www.rodller.com\/#organization\"},\"potentialAction\":[{\"@type\":\"SearchAction\",\"target\":{\"@type\":\"EntryPoint\",\"urlTemplate\":\"https:\/\/www.rodller.com\/?s={search_term_string}\"},\"query-input\":{\"@type\":\"PropertyValueSpecification\",\"valueRequired\":true,\"valueName\":\"search_term_string\"}}],\"inLanguage\":\"fr-FR\"},{\"@type\":\"Organization\",\"@id\":\"https:\/\/www.rodller.com\/#organization\",\"name\":\"Rodller\",\"url\":\"https:\/\/www.rodller.com\/\",\"logo\":{\"@type\":\"ImageObject\",\"inLanguage\":\"fr-FR\",\"@id\":\"https:\/\/www.rodller.com\/#\/schema\/logo\/image\/\",\"url\":\"\",\"contentUrl\":\"\",\"caption\":\"Rodller\"},\"image\":{\"@id\":\"https:\/\/www.rodller.com\/#\/schema\/logo\/image\/\"},\"sameAs\":[\"https:\/\/www.facebook.com\/rodllerHQ\/\",\"https:\/\/x.com\/RodllerOffice\",\"https:\/\/www.linkedin.com\/company\/rodller\/\",\"https:\/\/sk.pinterest.com\/rodller\/\",\"https:\/\/www.youtube.com\/channel\/UCcxDAcsIm2CPDcA00AF4vvw\"]}]}<\/script>\n<!-- \/ Yoast SEO plugin. -->","yoast_head_json":{"title":"Nouvelles id\u00e9es et services num\u00e9riques - Contactez-nous | Rodller","description":"Nous sommes une \u00e9quipe de sp\u00e9cialistes fiers de lancer de nouvelles id\u00e9es digitales et de fournir des services num\u00e9riques. Parlons-en!","robots":{"index":"index","follow":"follow","max-snippet":"max-snippet:-1","max-image-preview":"max-image-preview:large","max-video-preview":"max-video-preview:-1"},"canonical":"https:\/\/www.rodller.com\/fr\/contactez-nous\/","og_locale":"fr_FR","og_type":"article","og_title":"Nouvelles id\u00e9es et services num\u00e9riques - Contactez-nous | Rodller","og_description":"Nous sommes une \u00e9quipe de sp\u00e9cialistes fiers de lancer de nouvelles id\u00e9es digitales et de fournir des services num\u00e9riques. Parlons-en!","og_url":"https:\/\/www.rodller.com\/fr\/contactez-nous\/","og_site_name":"Rodller","article_publisher":"https:\/\/www.facebook.com\/rodllerHQ\/","article_modified_time":"2021-02-23T10:13:32+00:00","og_image":[{"url":"https:\/\/www.rodller.com\/wp-content\/uploads\/2020\/09\/25542173333-min.jpg"}],"twitter_card":"summary_large_image","twitter_site":"@RodllerOffice","twitter_misc":{"Dur\u00e9e de lecture estim\u00e9e":"2 minutes"},"schema":{"@context":"https:\/\/schema.org","@graph":[{"@type":"WebPage","@id":"https:\/\/www.rodller.com\/fr\/contactez-nous\/","url":"https:\/\/www.rodller.com\/fr\/contactez-nous\/","name":"Nouvelles id\u00e9es et services num\u00e9riques - Contactez-nous | Rodller","isPartOf":{"@id":"https:\/\/www.rodller.com\/#website"},"primaryImageOfPage":{"@id":"https:\/\/www.rodller.com\/fr\/contactez-nous\/#primaryimage"},"image":{"@id":"https:\/\/www.rodller.com\/fr\/contactez-nous\/#primaryimage"},"thumbnailUrl":"https:\/\/www.rodller.com\/wp-content\/uploads\/2020\/09\/25542173333-min.jpg","datePublished":"2019-07-25T08:47:06+00:00","dateModified":"2021-02-23T10:13:32+00:00","description":"Nous sommes une \u00e9quipe de sp\u00e9cialistes fiers de lancer de nouvelles id\u00e9es digitales et de fournir des services num\u00e9riques. Parlons-en!","breadcrumb":{"@id":"https:\/\/www.rodller.com\/fr\/contactez-nous\/#breadcrumb"},"inLanguage":"fr-FR","potentialAction":[{"@type":"ReadAction","target":["https:\/\/www.rodller.com\/fr\/contactez-nous\/"]}]},{"@type":"ImageObject","inLanguage":"fr-FR","@id":"https:\/\/www.rodller.com\/fr\/contactez-nous\/#primaryimage","url":"https:\/\/www.rodller.com\/wp-content\/uploads\/2020\/09\/25542173333-min.jpg","contentUrl":"https:\/\/www.rodller.com\/wp-content\/uploads\/2020\/09\/25542173333-min.jpg"},{"@type":"BreadcrumbList","@id":"https:\/\/www.rodller.com\/fr\/contactez-nous\/#breadcrumb","itemListElement":[{"@type":"ListItem","position":1,"name":"Home","item":"https:\/\/www.rodller.com\/"},{"@type":"ListItem","position":2,"name":"Nous Contacter"}]},{"@type":"WebSite","@id":"https:\/\/www.rodller.com\/#website","url":"https:\/\/www.rodller.com\/","name":"Rodller","description":"Digital-as-a-Service","publisher":{"@id":"https:\/\/www.rodller.com\/#organization"},"potentialAction":[{"@type":"SearchAction","target":{"@type":"EntryPoint","urlTemplate":"https:\/\/www.rodller.com\/?s={search_term_string}"},"query-input":{"@type":"PropertyValueSpecification","valueRequired":true,"valueName":"search_term_string"}}],"inLanguage":"fr-FR"},{"@type":"Organization","@id":"https:\/\/www.rodller.com\/#organization","name":"Rodller","url":"https:\/\/www.rodller.com\/","logo":{"@type":"ImageObject","inLanguage":"fr-FR","@id":"https:\/\/www.rodller.com\/#\/schema\/logo\/image\/","url":"","contentUrl":"","caption":"Rodller"},"image":{"@id":"https:\/\/www.rodller.com\/#\/schema\/logo\/image\/"},"sameAs":["https:\/\/www.facebook.com\/rodllerHQ\/","https:\/\/x.com\/RodllerOffice","https:\/\/www.linkedin.com\/company\/rodller\/","https:\/\/sk.pinterest.com\/rodller\/","https:\/\/www.youtube.com\/channel\/UCcxDAcsIm2CPDcA00AF4vvw"]}]}},"coauthors":[],"author_meta":{"author_link":"https:\/\/www.rodller.com\/fr\/author\/almimagu\/","display_name":"Rodller Team"},"relative_dates":{"created":"Publi\u00e9 7 ans il y a","modified":"Mis \u00e0 jour 5 ans il y a"},"absolute_dates":{"created":"Publi\u00e9 le juillet 25, 2019","modified":"Mise \u00e0 jour le f\u00e9vrier 23, 2021"},"absolute_dates_time":{"created":"Publi\u00e9 le juillet 25, 2019 8:47 am","modified":"Mise \u00e0 jour le f\u00e9vrier 23, 2021 10:13 am"},"featured_img_caption":"","featured_img":false,"series_order":"","_links":{"self":[{"href":"https:\/\/www.rodller.com\/fr\/wp-json\/wp\/v2\/pages\/2348"}],"collection":[{"href":"https:\/\/www.rodller.com\/fr\/wp-json\/wp\/v2\/pages"}],"about":[{"href":"https:\/\/www.rodller.com\/fr\/wp-json\/wp\/v2\/types\/page"}],"author":[{"embeddable":true,"href":"https:\/\/www.rodller.com\/fr\/wp-json\/wp\/v2\/users\/1"}],"replies":[{"embeddable":true,"href":"https:\/\/www.rodller.com\/fr\/wp-json\/wp\/v2\/comments?post=2348"}],"version-history":[{"count":0,"href":"https:\/\/www.rodller.com\/fr\/wp-json\/wp\/v2\/pages\/2348\/revisions"}],"wp:attachment":[{"href":"https:\/\/www.rodller.com\/fr\/wp-json\/wp\/v2\/media?parent=2348"}],"curies":[{"name":"wp","href":"https:\/\/api.w.org\/{rel}","templated":true}]}}