{"id":2345,"date":"2019-05-21T08:55:51","date_gmt":"2019-05-21T08:55:51","guid":{"rendered":"https:\/\/rodller.com\/rodller\/terms-conditions\/"},"modified":"2021-02-19T10:51:29","modified_gmt":"2021-02-19T10:51:29","slug":"termes-et-conditions","status":"publish","type":"page","link":"https:\/\/www.rodller.com\/fr\/termes-et-conditions\/","title":{"rendered":"Termes et Conditions"},"content":{"rendered":"\n<p>Welcome to Rodller. If you visit  Rodller you accept these conditions. Please read them carefully. Copyright All content included on this site, such as text, graphics, logos, button icons, images, audio clips, digital downloads, data compilations, and software, is the property of  Rodller or its content suppliers and protected by United States and international copyright laws. The compilation of all content on this site is the exclusive property of  Rodller and protected by U.S. and international copyright laws. All software used on this site is the property of  Rodller and protected by United States and international copyright laws..<\/p>\n\n\n\n<p>The trademarks, logos and service marks (\u201cMarks\u201d) displayed on the Site are the property of  Rodller and other parties. Users are prohibited from using any Marks without the written permission of  Rodller or such third party which may own the Marks. Privacy Please review our Privacy Policy, which also governs your visit to  Rodller to understand our practices. Electronic Communications When you visit  Rodller or send e-mails to us, you are communicating with us electronically. You consent to receive communications from us electronically. We will communicate with you by e-mail or by posting notices on this site. You agree that all agreements, notices, disclosures and other communications that we provide to you electronically satisfy any legal requirement that such communications be in writing. License and Site Access<\/p>\n\n\n\n<p> Rodller grants you a limited license to access and make personal use of this site and not to download (other than page caching) or modify it, or any portion of it, except with express written consent of  Rodller. This license does not include any resale or commercial use of this site or its contents; any collection and use of any product listings, descriptions, or prices; any derivative use of this site or its contents; any downloading or copying of account information for the benefit of another merchant; or any use of data mining, robots, or similar data gathering and extraction tools. <\/p>\n\n\n\n<p>This site or any portion of this site may not be reproduced, duplicated, copied, sold, resold, visited, or otherwise exploited for any commercial purpose without express written consent of Rodller. You may not frame or utilize framing techniques to enclose any trademark, logo, or other proprietary information (including images, text, page layout, or form) of  Rodller without express written consent. You may not use any meta tags or any other \u201chidden text\u201d utilizing Rodller\u2019 name or trademarks without the express written consent of Rodller. Any unauthorized use terminates the permission or license granted by Rodller. We grant you a limited, revocable, and nonexclusive right to create a hyperlink to the home page of Rodller so long as the link does not portray Rodller or our services in a false, misleading, derogatory, or otherwise offensive matter. <\/p>\n\n\n\n<p>Web visitors may not use any Rodller logo or other proprietary graphic or trademark as part of the link without express written permission. Applicable Law By visiting Rodller, you agree that the laws of Monaco, without regard to principles of conflict of laws, will govern these Conditions of Use and any dispute of any sort that might arise between you and Rodller or its affiliates.<\/p>\n","protected":false},"excerpt":{"rendered":"<p>Welcome to Rodller. If you visit Rodller you accept these conditions. Please read them carefully. Copyright All content included on this site, such as text, graphics, logos, button icons, images, audio clips, digital downloads, data compilations, and software, is the property of Rodller or its content suppliers and protected by United States and international copyright [&hellip;]<\/p>\n","protected":false},"author":1,"featured_media":0,"parent":0,"menu_order":0,"comment_status":"closed","ping_status":"closed","template":"","meta":{"advgb_blocks_editor_width":"","advgb_blocks_columns_visual_guide":"","_themeisle_gutenberg_block_has_review":false,"footnotes":""},"yoast_head":"<!-- This site is optimized with the Yoast SEO plugin v23.5 - https:\/\/yoast.com\/wordpress\/plugins\/seo\/ -->\n<title>Termes et Conditions - Rodller<\/title>\n<meta name=\"description\" content=\"The compilation of all content on this site is the exclusive property of Rodller and protected by U.S. and international copyright laws.\" \/>\n<meta name=\"robots\" content=\"index, follow, max-snippet:-1, max-image-preview:large, max-video-preview:-1\" \/>\n<link rel=\"canonical\" href=\"https:\/\/www.rodller.com\/fr\/termes-et-conditions\/\" \/>\n<meta property=\"og:locale\" content=\"fr_FR\" \/>\n<meta property=\"og:type\" content=\"article\" \/>\n<meta property=\"og:title\" content=\"Termes et Conditions - Rodller\" \/>\n<meta property=\"og:description\" content=\"The compilation of all content on this site is the exclusive property of Rodller and protected by U.S. and international copyright laws.\" \/>\n<meta property=\"og:url\" content=\"https:\/\/www.rodller.com\/fr\/termes-et-conditions\/\" \/>\n<meta property=\"og:site_name\" content=\"Rodller\" \/>\n<meta property=\"article:publisher\" content=\"https:\/\/www.facebook.com\/rodllerHQ\/\" \/>\n<meta property=\"article:modified_time\" content=\"2021-02-19T10:51:29+00:00\" \/>\n<meta property=\"og:image\" content=\"https:\/\/www.rodller.com\/wp-content\/uploads\/2020\/11\/Brand_benefits.jpg\" \/>\n\t<meta property=\"og:image:width\" content=\"1080\" \/>\n\t<meta property=\"og:image:height\" content=\"628\" \/>\n\t<meta property=\"og:image:type\" content=\"image\/jpeg\" \/>\n<meta name=\"twitter:card\" content=\"summary_large_image\" \/>\n<meta name=\"twitter:site\" content=\"@RodllerOffice\" \/>\n<meta name=\"twitter:label1\" content=\"Dur\u00e9e de lecture estim\u00e9e\" \/>\n\t<meta name=\"twitter:data1\" content=\"3 minutes\" \/>\n<script type=\"application\/ld+json\" class=\"yoast-schema-graph\">{\"@context\":\"https:\/\/schema.org\",\"@graph\":[{\"@type\":\"WebPage\",\"@id\":\"https:\/\/www.rodller.com\/fr\/termes-et-conditions\/\",\"url\":\"https:\/\/www.rodller.com\/fr\/termes-et-conditions\/\",\"name\":\"Termes et Conditions - Rodller\",\"isPartOf\":{\"@id\":\"https:\/\/www.rodller.com\/#website\"},\"datePublished\":\"2019-05-21T08:55:51+00:00\",\"dateModified\":\"2021-02-19T10:51:29+00:00\",\"description\":\"The compilation of all content on this site is the exclusive property of Rodller and protected by U.S. and international copyright laws.\",\"breadcrumb\":{\"@id\":\"https:\/\/www.rodller.com\/fr\/termes-et-conditions\/#breadcrumb\"},\"inLanguage\":\"fr-FR\",\"potentialAction\":[{\"@type\":\"ReadAction\",\"target\":[\"https:\/\/www.rodller.com\/fr\/termes-et-conditions\/\"]}]},{\"@type\":\"BreadcrumbList\",\"@id\":\"https:\/\/www.rodller.com\/fr\/termes-et-conditions\/#breadcrumb\",\"itemListElement\":[{\"@type\":\"ListItem\",\"position\":1,\"name\":\"Home\",\"item\":\"https:\/\/www.rodller.com\/\"},{\"@type\":\"ListItem\",\"position\":2,\"name\":\"Termes et Conditions\"}]},{\"@type\":\"WebSite\",\"@id\":\"https:\/\/www.rodller.com\/#website\",\"url\":\"https:\/\/www.rodller.com\/\",\"name\":\"Rodller\",\"description\":\"Digital-as-a-Service\",\"publisher\":{\"@id\":\"https:\/\/www.rodller.com\/#organization\"},\"potentialAction\":[{\"@type\":\"SearchAction\",\"target\":{\"@type\":\"EntryPoint\",\"urlTemplate\":\"https:\/\/www.rodller.com\/?s={search_term_string}\"},\"query-input\":{\"@type\":\"PropertyValueSpecification\",\"valueRequired\":true,\"valueName\":\"search_term_string\"}}],\"inLanguage\":\"fr-FR\"},{\"@type\":\"Organization\",\"@id\":\"https:\/\/www.rodller.com\/#organization\",\"name\":\"Rodller\",\"url\":\"https:\/\/www.rodller.com\/\",\"logo\":{\"@type\":\"ImageObject\",\"inLanguage\":\"fr-FR\",\"@id\":\"https:\/\/www.rodller.com\/#\/schema\/logo\/image\/\",\"url\":\"\",\"contentUrl\":\"\",\"caption\":\"Rodller\"},\"image\":{\"@id\":\"https:\/\/www.rodller.com\/#\/schema\/logo\/image\/\"},\"sameAs\":[\"https:\/\/www.facebook.com\/rodllerHQ\/\",\"https:\/\/x.com\/RodllerOffice\",\"https:\/\/www.linkedin.com\/company\/rodller\/\",\"https:\/\/sk.pinterest.com\/rodller\/\",\"https:\/\/www.youtube.com\/channel\/UCcxDAcsIm2CPDcA00AF4vvw\"]}]}<\/script>\n<!-- \/ Yoast SEO plugin. -->","yoast_head_json":{"title":"Termes et Conditions - Rodller","description":"The compilation of all content on this site is the exclusive property of Rodller and protected by U.S. and international copyright laws.","robots":{"index":"index","follow":"follow","max-snippet":"max-snippet:-1","max-image-preview":"max-image-preview:large","max-video-preview":"max-video-preview:-1"},"canonical":"https:\/\/www.rodller.com\/fr\/termes-et-conditions\/","og_locale":"fr_FR","og_type":"article","og_title":"Termes et Conditions - Rodller","og_description":"The compilation of all content on this site is the exclusive property of Rodller and protected by U.S. and international copyright laws.","og_url":"https:\/\/www.rodller.com\/fr\/termes-et-conditions\/","og_site_name":"Rodller","article_publisher":"https:\/\/www.facebook.com\/rodllerHQ\/","article_modified_time":"2021-02-19T10:51:29+00:00","og_image":[{"width":1080,"height":628,"url":"https:\/\/www.rodller.com\/wp-content\/uploads\/2020\/11\/Brand_benefits.jpg","type":"image\/jpeg"}],"twitter_card":"summary_large_image","twitter_site":"@RodllerOffice","twitter_misc":{"Dur\u00e9e de lecture estim\u00e9e":"3 minutes"},"schema":{"@context":"https:\/\/schema.org","@graph":[{"@type":"WebPage","@id":"https:\/\/www.rodller.com\/fr\/termes-et-conditions\/","url":"https:\/\/www.rodller.com\/fr\/termes-et-conditions\/","name":"Termes et Conditions - Rodller","isPartOf":{"@id":"https:\/\/www.rodller.com\/#website"},"datePublished":"2019-05-21T08:55:51+00:00","dateModified":"2021-02-19T10:51:29+00:00","description":"The compilation of all content on this site is the exclusive property of Rodller and protected by U.S. and international copyright laws.","breadcrumb":{"@id":"https:\/\/www.rodller.com\/fr\/termes-et-conditions\/#breadcrumb"},"inLanguage":"fr-FR","potentialAction":[{"@type":"ReadAction","target":["https:\/\/www.rodller.com\/fr\/termes-et-conditions\/"]}]},{"@type":"BreadcrumbList","@id":"https:\/\/www.rodller.com\/fr\/termes-et-conditions\/#breadcrumb","itemListElement":[{"@type":"ListItem","position":1,"name":"Home","item":"https:\/\/www.rodller.com\/"},{"@type":"ListItem","position":2,"name":"Termes et Conditions"}]},{"@type":"WebSite","@id":"https:\/\/www.rodller.com\/#website","url":"https:\/\/www.rodller.com\/","name":"Rodller","description":"Digital-as-a-Service","publisher":{"@id":"https:\/\/www.rodller.com\/#organization"},"potentialAction":[{"@type":"SearchAction","target":{"@type":"EntryPoint","urlTemplate":"https:\/\/www.rodller.com\/?s={search_term_string}"},"query-input":{"@type":"PropertyValueSpecification","valueRequired":true,"valueName":"search_term_string"}}],"inLanguage":"fr-FR"},{"@type":"Organization","@id":"https:\/\/www.rodller.com\/#organization","name":"Rodller","url":"https:\/\/www.rodller.com\/","logo":{"@type":"ImageObject","inLanguage":"fr-FR","@id":"https:\/\/www.rodller.com\/#\/schema\/logo\/image\/","url":"","contentUrl":"","caption":"Rodller"},"image":{"@id":"https:\/\/www.rodller.com\/#\/schema\/logo\/image\/"},"sameAs":["https:\/\/www.facebook.com\/rodllerHQ\/","https:\/\/x.com\/RodllerOffice","https:\/\/www.linkedin.com\/company\/rodller\/","https:\/\/sk.pinterest.com\/rodller\/","https:\/\/www.youtube.com\/channel\/UCcxDAcsIm2CPDcA00AF4vvw"]}]}},"coauthors":[],"author_meta":{"author_link":"https:\/\/www.rodller.com\/fr\/author\/almimagu\/","display_name":"Rodller Team"},"relative_dates":{"created":"Publi\u00e9 7 ans il y a","modified":"Mis \u00e0 jour 5 ans il y a"},"absolute_dates":{"created":"Publi\u00e9 le mai 21, 2019","modified":"Mise \u00e0 jour le f\u00e9vrier 19, 2021"},"absolute_dates_time":{"created":"Publi\u00e9 le mai 21, 2019 8:55 am","modified":"Mise \u00e0 jour le f\u00e9vrier 19, 2021 10:51 am"},"featured_img_caption":"","featured_img":false,"series_order":"","_links":{"self":[{"href":"https:\/\/www.rodller.com\/fr\/wp-json\/wp\/v2\/pages\/2345"}],"collection":[{"href":"https:\/\/www.rodller.com\/fr\/wp-json\/wp\/v2\/pages"}],"about":[{"href":"https:\/\/www.rodller.com\/fr\/wp-json\/wp\/v2\/types\/page"}],"author":[{"embeddable":true,"href":"https:\/\/www.rodller.com\/fr\/wp-json\/wp\/v2\/users\/1"}],"replies":[{"embeddable":true,"href":"https:\/\/www.rodller.com\/fr\/wp-json\/wp\/v2\/comments?post=2345"}],"version-history":[{"count":0,"href":"https:\/\/www.rodller.com\/fr\/wp-json\/wp\/v2\/pages\/2345\/revisions"}],"wp:attachment":[{"href":"https:\/\/www.rodller.com\/fr\/wp-json\/wp\/v2\/media?parent=2345"}],"curies":[{"name":"wp","href":"https:\/\/api.w.org\/{rel}","templated":true}]}}