{"id":2288,"date":"2020-11-02T10:03:32","date_gmt":"2020-11-02T10:03:32","guid":{"rendered":"https:\/\/rodller.com\/rodller\/lets-book-a-call\/"},"modified":"2025-11-21T08:48:42","modified_gmt":"2025-11-21T08:48:42","slug":"programmer-un-appel","status":"publish","type":"page","link":"https:\/\/www.rodller.com\/fr\/programmer-un-appel\/","title":{"rendered":"Programmer un Appel"},"content":{"rendered":"\n<h1 class=\"wp-block-heading has-text-align-center\">Programmer un Appel<\/h1>\n\n\n\n<p class=\"has-text-align-center\">Veuillez choisir une date et une heure et nous vous contacterons.<\/p>\n\n\n\n<!-- Calendly inline widget begin -->\n<div class=\"calendly-inline-widget\" data-url=\"https:\/\/calendly.com\/carwin\/15min?month=2023-09\" style=\"min-width:320px;height:630px;\"><\/div>\n<script type=\"text\/javascript\" src=\"https:\/\/assets.calendly.com\/assets\/external\/widget.js\" async=\"\"><\/script>\n<!-- Calendly inline widget end -->\n","protected":false},"excerpt":{"rendered":"<p>Programmer un Appel Veuillez choisir une date et une heure et nous vous contacterons.<\/p>\n","protected":false},"author":1,"featured_media":0,"parent":0,"menu_order":0,"comment_status":"closed","ping_status":"closed","template":"","meta":{"advgb_blocks_editor_width":"","advgb_blocks_columns_visual_guide":"","_themeisle_gutenberg_block_has_review":false,"footnotes":""},"yoast_head":"<!-- This site is optimized with the Yoast SEO plugin v23.5 - https:\/\/yoast.com\/wordpress\/plugins\/seo\/ -->\n<title>Programmer un appel | Rodller \u2013 Discutons de votre projet<\/title>\n<meta name=\"description\" content=\"Programmez un appel avec Rodller pour discuter de votre projet et obtenir des conseils clairs pour avancer.\" \/>\n<meta name=\"robots\" content=\"index, follow, max-snippet:-1, max-image-preview:large, max-video-preview:-1\" \/>\n<link rel=\"canonical\" href=\"https:\/\/www.rodller.com\/fr\/programmer-un-appel\/\" \/>\n<meta property=\"og:locale\" content=\"fr_FR\" \/>\n<meta property=\"og:type\" content=\"article\" \/>\n<meta property=\"og:title\" content=\"Programmer un appel | Rodller \u2013 Discutons de votre projet\" \/>\n<meta property=\"og:description\" content=\"Programmez un appel avec Rodller pour discuter de votre projet et obtenir des conseils clairs pour avancer.\" \/>\n<meta property=\"og:url\" content=\"https:\/\/www.rodller.com\/fr\/programmer-un-appel\/\" \/>\n<meta property=\"og:site_name\" content=\"Rodller\" \/>\n<meta property=\"article:publisher\" content=\"https:\/\/www.facebook.com\/rodllerHQ\/\" \/>\n<meta property=\"article:modified_time\" content=\"2025-11-21T08:48:42+00:00\" \/>\n<meta property=\"og:image\" content=\"https:\/\/www.rodller.com\/wp-content\/uploads\/2020\/11\/Brand_benefits.jpg\" \/>\n\t<meta property=\"og:image:width\" content=\"1080\" \/>\n\t<meta property=\"og:image:height\" content=\"628\" \/>\n\t<meta property=\"og:image:type\" content=\"image\/jpeg\" \/>\n<meta name=\"twitter:card\" content=\"summary_large_image\" \/>\n<meta name=\"twitter:site\" content=\"@RodllerOffice\" \/>\n<meta name=\"twitter:label1\" content=\"Dur\u00e9e de lecture estim\u00e9e\" \/>\n\t<meta name=\"twitter:data1\" content=\"1 minute\" \/>\n<script type=\"application\/ld+json\" class=\"yoast-schema-graph\">{\"@context\":\"https:\/\/schema.org\",\"@graph\":[{\"@type\":\"WebPage\",\"@id\":\"https:\/\/www.rodller.com\/fr\/programmer-un-appel\/\",\"url\":\"https:\/\/www.rodller.com\/fr\/programmer-un-appel\/\",\"name\":\"Programmer un appel | Rodller \u2013 Discutons de votre projet\",\"isPartOf\":{\"@id\":\"https:\/\/www.rodller.com\/#website\"},\"datePublished\":\"2020-11-02T10:03:32+00:00\",\"dateModified\":\"2025-11-21T08:48:42+00:00\",\"description\":\"Programmez un appel avec Rodller pour discuter de votre projet et obtenir des conseils clairs pour avancer.\",\"breadcrumb\":{\"@id\":\"https:\/\/www.rodller.com\/fr\/programmer-un-appel\/#breadcrumb\"},\"inLanguage\":\"fr-FR\",\"potentialAction\":[{\"@type\":\"ReadAction\",\"target\":[\"https:\/\/www.rodller.com\/fr\/programmer-un-appel\/\"]}]},{\"@type\":\"BreadcrumbList\",\"@id\":\"https:\/\/www.rodller.com\/fr\/programmer-un-appel\/#breadcrumb\",\"itemListElement\":[{\"@type\":\"ListItem\",\"position\":1,\"name\":\"Home\",\"item\":\"https:\/\/www.rodller.com\/\"},{\"@type\":\"ListItem\",\"position\":2,\"name\":\"Programmer un Appel\"}]},{\"@type\":\"WebSite\",\"@id\":\"https:\/\/www.rodller.com\/#website\",\"url\":\"https:\/\/www.rodller.com\/\",\"name\":\"Rodller\",\"description\":\"Digital-as-a-Service\",\"publisher\":{\"@id\":\"https:\/\/www.rodller.com\/#organization\"},\"potentialAction\":[{\"@type\":\"SearchAction\",\"target\":{\"@type\":\"EntryPoint\",\"urlTemplate\":\"https:\/\/www.rodller.com\/?s={search_term_string}\"},\"query-input\":{\"@type\":\"PropertyValueSpecification\",\"valueRequired\":true,\"valueName\":\"search_term_string\"}}],\"inLanguage\":\"fr-FR\"},{\"@type\":\"Organization\",\"@id\":\"https:\/\/www.rodller.com\/#organization\",\"name\":\"Rodller\",\"url\":\"https:\/\/www.rodller.com\/\",\"logo\":{\"@type\":\"ImageObject\",\"inLanguage\":\"fr-FR\",\"@id\":\"https:\/\/www.rodller.com\/#\/schema\/logo\/image\/\",\"url\":\"\",\"contentUrl\":\"\",\"caption\":\"Rodller\"},\"image\":{\"@id\":\"https:\/\/www.rodller.com\/#\/schema\/logo\/image\/\"},\"sameAs\":[\"https:\/\/www.facebook.com\/rodllerHQ\/\",\"https:\/\/x.com\/RodllerOffice\",\"https:\/\/www.linkedin.com\/company\/rodller\/\",\"https:\/\/sk.pinterest.com\/rodller\/\",\"https:\/\/www.youtube.com\/channel\/UCcxDAcsIm2CPDcA00AF4vvw\"]}]}<\/script>\n<!-- \/ Yoast SEO plugin. -->","yoast_head_json":{"title":"Programmer un appel | Rodller \u2013 Discutons de votre projet","description":"Programmez un appel avec Rodller pour discuter de votre projet et obtenir des conseils clairs pour avancer.","robots":{"index":"index","follow":"follow","max-snippet":"max-snippet:-1","max-image-preview":"max-image-preview:large","max-video-preview":"max-video-preview:-1"},"canonical":"https:\/\/www.rodller.com\/fr\/programmer-un-appel\/","og_locale":"fr_FR","og_type":"article","og_title":"Programmer un appel | Rodller \u2013 Discutons de votre projet","og_description":"Programmez un appel avec Rodller pour discuter de votre projet et obtenir des conseils clairs pour avancer.","og_url":"https:\/\/www.rodller.com\/fr\/programmer-un-appel\/","og_site_name":"Rodller","article_publisher":"https:\/\/www.facebook.com\/rodllerHQ\/","article_modified_time":"2025-11-21T08:48:42+00:00","og_image":[{"width":1080,"height":628,"url":"https:\/\/www.rodller.com\/wp-content\/uploads\/2020\/11\/Brand_benefits.jpg","type":"image\/jpeg"}],"twitter_card":"summary_large_image","twitter_site":"@RodllerOffice","twitter_misc":{"Dur\u00e9e de lecture estim\u00e9e":"1 minute"},"schema":{"@context":"https:\/\/schema.org","@graph":[{"@type":"WebPage","@id":"https:\/\/www.rodller.com\/fr\/programmer-un-appel\/","url":"https:\/\/www.rodller.com\/fr\/programmer-un-appel\/","name":"Programmer un appel | Rodller \u2013 Discutons de votre projet","isPartOf":{"@id":"https:\/\/www.rodller.com\/#website"},"datePublished":"2020-11-02T10:03:32+00:00","dateModified":"2025-11-21T08:48:42+00:00","description":"Programmez un appel avec Rodller pour discuter de votre projet et obtenir des conseils clairs pour avancer.","breadcrumb":{"@id":"https:\/\/www.rodller.com\/fr\/programmer-un-appel\/#breadcrumb"},"inLanguage":"fr-FR","potentialAction":[{"@type":"ReadAction","target":["https:\/\/www.rodller.com\/fr\/programmer-un-appel\/"]}]},{"@type":"BreadcrumbList","@id":"https:\/\/www.rodller.com\/fr\/programmer-un-appel\/#breadcrumb","itemListElement":[{"@type":"ListItem","position":1,"name":"Home","item":"https:\/\/www.rodller.com\/"},{"@type":"ListItem","position":2,"name":"Programmer un Appel"}]},{"@type":"WebSite","@id":"https:\/\/www.rodller.com\/#website","url":"https:\/\/www.rodller.com\/","name":"Rodller","description":"Digital-as-a-Service","publisher":{"@id":"https:\/\/www.rodller.com\/#organization"},"potentialAction":[{"@type":"SearchAction","target":{"@type":"EntryPoint","urlTemplate":"https:\/\/www.rodller.com\/?s={search_term_string}"},"query-input":{"@type":"PropertyValueSpecification","valueRequired":true,"valueName":"search_term_string"}}],"inLanguage":"fr-FR"},{"@type":"Organization","@id":"https:\/\/www.rodller.com\/#organization","name":"Rodller","url":"https:\/\/www.rodller.com\/","logo":{"@type":"ImageObject","inLanguage":"fr-FR","@id":"https:\/\/www.rodller.com\/#\/schema\/logo\/image\/","url":"","contentUrl":"","caption":"Rodller"},"image":{"@id":"https:\/\/www.rodller.com\/#\/schema\/logo\/image\/"},"sameAs":["https:\/\/www.facebook.com\/rodllerHQ\/","https:\/\/x.com\/RodllerOffice","https:\/\/www.linkedin.com\/company\/rodller\/","https:\/\/sk.pinterest.com\/rodller\/","https:\/\/www.youtube.com\/channel\/UCcxDAcsIm2CPDcA00AF4vvw"]}]}},"coauthors":[],"author_meta":{"author_link":"https:\/\/www.rodller.com\/fr\/author\/almimagu\/","display_name":"Rodller Team"},"relative_dates":{"created":"Publi\u00e9 5 ans il y a","modified":"Mis \u00e0 jour 5 mois il y a"},"absolute_dates":{"created":"Publi\u00e9 le novembre 2, 2020","modified":"Mise \u00e0 jour le novembre 21, 2025"},"absolute_dates_time":{"created":"Publi\u00e9 le novembre 2, 2020 10:03 am","modified":"Mise \u00e0 jour le novembre 21, 2025 8:48 am"},"featured_img_caption":"","featured_img":false,"series_order":"","_links":{"self":[{"href":"https:\/\/www.rodller.com\/fr\/wp-json\/wp\/v2\/pages\/2288"}],"collection":[{"href":"https:\/\/www.rodller.com\/fr\/wp-json\/wp\/v2\/pages"}],"about":[{"href":"https:\/\/www.rodller.com\/fr\/wp-json\/wp\/v2\/types\/page"}],"author":[{"embeddable":true,"href":"https:\/\/www.rodller.com\/fr\/wp-json\/wp\/v2\/users\/1"}],"replies":[{"embeddable":true,"href":"https:\/\/www.rodller.com\/fr\/wp-json\/wp\/v2\/comments?post=2288"}],"version-history":[{"count":1,"href":"https:\/\/www.rodller.com\/fr\/wp-json\/wp\/v2\/pages\/2288\/revisions"}],"predecessor-version":[{"id":14487,"href":"https:\/\/www.rodller.com\/fr\/wp-json\/wp\/v2\/pages\/2288\/revisions\/14487"}],"wp:attachment":[{"href":"https:\/\/www.rodller.com\/fr\/wp-json\/wp\/v2\/media?parent=2288"}],"curies":[{"name":"wp","href":"https:\/\/api.w.org\/{rel}","templated":true}]}}