{"id":2262,"date":"2020-09-30T15:22:55","date_gmt":"2020-09-30T15:22:55","guid":{"rendered":"https:\/\/rodller.com\/rodller\/hilbert-capital-case-study\/"},"modified":"2025-11-19T11:16:14","modified_gmt":"2025-11-19T11:16:14","slug":"hilbert-capital-etude-de-cas","status":"publish","type":"page","link":"https:\/\/www.rodller.com\/fr\/hilbert-capital-etude-de-cas\/","title":{"rendered":"Hilbert Capital &#8211; Etude de Cas"},"content":{"rendered":"\n<div style=\"background-color:#fff;padding-left:0%;padding-right:0%;padding-bottom:20%;padding-top:1%;margin-top:0%;margin-bottom:7.5%\" class=\"wp-block-rodller-rodller-container alignfull\"><div class=\"rodller-container-inside\"><div class=\"rodller-container-image-wrap\"><img decoding=\"async\" class=\"rodller-container-image\" src=\"https:\/\/www.rodller.com\/wp-content\/uploads\/2020\/09\/185hul-min.png\" alt=\"Hilbert Capital\" style=\"opacity:1\"\/><\/div><div class=\"rodller-container-content\" style=\"max-width:1170px\">\n<h1 class=\"wp-block-heading has-text-align-center\">Comment Hilbert Capital est pass\u00e9 de \u00abpas de marque\u00bb <br>\u00e0 <strong>un leader de l&#8217;industrie des actifs num\u00e9riques.<\/strong><\/h1>\n\n\n\n<div style=\"height:500px\" aria-hidden=\"true\" class=\"wp-block-spacer\"><\/div>\n\n\n\n<p><\/p>\n<\/div><\/div><\/div>\n\n\n\n<h2 class=\"wp-block-heading has-text-align-center zoom-out\"><strong><strong>Aper\u00e7u<\/strong><\/strong><\/h2>\n\n\n\n<p class=\"zoom-out\">Hilbert Capital est un nouvel acteur sur le march\u00e9 des actifs num\u00e9riques. Il n&#8217;y avait aucune pr\u00e9sence num\u00e9rique et aucune empreinte de marque. Avec le COVID19 en jeu, il fallait rivaliser et r\u00e9inventer la fa\u00e7on dont les transactions seraient d\u00e9sormais effectu\u00e9es.<\/p>\n\n\n\n<p class=\"zoom-out\">Le networking classique, tel qu\u2019il \u00e9tait courant sur le march\u00e9 des Capitaux d\u2019Investissements, ne fonctionnerait plus de la m\u00eame mani\u00e8re. Il \u00e9tait clair qu&#8217;une strat\u00e9gie num\u00e9rique pure \u00e9tait n\u00e9cessaire pour d\u00e9velopper la <a href=\"https:\/\/www.rodller.com\/fr\/build-your-brand\/#brand-strategy\">r\u00e9putation<\/a> et la confiance en la marque.<\/p>\n\n\n\n<p class=\"zoom-out\">Les actions de <a href=\"https:\/\/www.rodller.com\/fr\/build-your-brand\/#digital-marketing\">marketing num\u00e9rique<\/a> devaient d\u00e9sormais dominer l\u2019esprit du marketing, et enfin, les conversations devaient se construire autour d\u2019une m\u00e9thodologie <a href=\"https:\/\/www.rodller.com\/fr\/build-your-brand\/#lead-sourcing\">accomplie d\u2019approvisionnement num\u00e9rique<\/a>.<\/p>\n\n\n\n<figure class=\"wp-block-image alignfull size-full\"><img fetchpriority=\"high\" decoding=\"async\" width=\"1918\" height=\"1081\" src=\"https:\/\/www.rodller.com\/wp-content\/uploads\/2020\/09\/ORL5731-min.png\" alt=\"Hilbert Capital\" class=\"wp-image-1989\" srcset=\"https:\/\/www.rodller.com\/wp-content\/uploads\/2020\/09\/ORL5731-min.png 1918w, https:\/\/www.rodller.com\/wp-content\/uploads\/2020\/09\/ORL5731-min-300x169.png 300w, https:\/\/www.rodller.com\/wp-content\/uploads\/2020\/09\/ORL5731-min-1024x577.png 1024w, https:\/\/www.rodller.com\/wp-content\/uploads\/2020\/09\/ORL5731-min-768x433.png 768w, https:\/\/www.rodller.com\/wp-content\/uploads\/2020\/09\/ORL5731-min-1536x866.png 1536w, https:\/\/www.rodller.com\/wp-content\/uploads\/2020\/09\/ORL5731-min-360x203.png 360w, https:\/\/www.rodller.com\/wp-content\/uploads\/2020\/09\/ORL5731-min-750x423.png 750w\" sizes=\"(max-width: 1918px) 100vw, 1918px\" \/><\/figure>\n\n\n\n<h2 class=\"wp-block-heading has-text-align-center zoom-out\"><strong>D\u00e9marche<\/strong><\/h2>\n\n\n\n<p class=\"has-text-align-center zoom-out\">Rodller appliqua sa d\u00e9marche en trois \u00e9tapes.<\/p>\n\n\n<div class=\"wp-block-image fade-from-down-fast\">\n<figure class=\"aligncenter size-large\"><img decoding=\"async\" src=\"https:\/\/www.rodller.com\/wp-content\/uploads\/2020\/09\/Group-1.svg\" alt=\"Digital Strategy\" class=\"wp-image-1999\"\/><\/figure><\/div>\n\n\n<p class=\"zoom-out\">L&#8217;identit\u00e9 de la marque, c&#8217;est-\u00e0-dire le contenu et le design, devait se connecter au public cible. \u00c0 la fois en termes de contenu pragmatique et de proposition de valeur, ainsi que de lien \u00e9motionnel avec la marque. Construire une r\u00e9putation de confiance et d&#8217;autorit\u00e9 dans les actifs num\u00e9riques a \u00e9t\u00e9 un \u00e9l\u00e9ment essentiel du processus. Cela a \u00e9t\u00e9 couvert par notre processus de \u00abDesign Thinking\u00bb, o\u00f9 nous combinons le contenu et le design en une seule vision.<\/p>\n\n\n\n<p class=\"zoom-out\">Une fois la marque solidement \u00e9tablie, nous pouvions nous concentrer sur la cr\u00e9ation d&#8217;un battage m\u00e9diatique autour de la marque Hilbert Capital. Rodller a alors mis en \u0153uvre ses processus et ses m\u00e9thodologies. Un vaste p\u00e9rim\u00e8tre a \u00e9t\u00e9 couvert, comprenant les articles de Blogs, le marketing par courrier \u00e9lectronique, le marketing sur les m\u00e9dias sociaux et le backlinking, entre autres. Nous avons cr\u00e9\u00e9 le lien entre la marque et le marketing num\u00e9rique,&nbsp;&nbsp;gr\u00e2ce \u00e0 une vid\u00e9o corporate de tr\u00e8s haute qualit\u00e9. Cette vid\u00e9o fut un excellent outil permettant de renforcer la r\u00e9putation et la confiance, \u00e0 travers diff\u00e9rents canaux de m\u00e9dias sociaux.<\/p>\n\n\n\n<iframe width=\"100%\" height=\"415\" src=\"https:\/\/www.youtube.com\/embed\/xpk9pjRBbJI\" frameborder=\"0\" allow=\"accelerometer; autoplay; clipboard-write; encrypted-media; gyroscope; picture-in-picture\" allowfullscreen=\"\"><\/iframe>\n\n\n\n<p class=\"zoom-out\">Pour finir, nous avons mis en place nos processus de <a href=\"https:\/\/www.rodller.com\/fr\/build-your-brand\/#lead-sourcing\">g\u00e9n\u00e9ration de leads<\/a>. L&#8217;approche Rodller consiste \u00e0 obtenir autant de conversations qualifi\u00e9es que possible avec le public cible. Nous \u00e9tions \u00e0 l&#8217;aise pour ce faire, car notre Branding et notre Marketing Digital contribuent \u00e0 ce processus, en termes de confiance et de conversion.<\/p>\n\n\n\n<h2 class=\"wp-block-heading has-text-align-center zoom-out\"><strong><strong>R\u00e9sultat<\/strong><\/strong><\/h2>\n\n\n\n<p class=\"zoom-out\">Evidemment, la marque Hilbert Capital est tr\u00e8s vite devenue une ic\u00f4ne dans le chaos des recherches Google. C&#8217;est une marque identifiable inspirant la confiance.<\/p>\n\n\n<div class=\"wp-block-image fade-from-down-fast\">\n<figure class=\"aligncenter size-large\"><img decoding=\"async\" width=\"877\" height=\"550\" src=\"https:\/\/www.rodller.com\/wp-content\/uploads\/2020\/09\/hilgoogle-min.png\" alt=\"Hilbert Capital\" class=\"wp-image-2020\" srcset=\"https:\/\/www.rodller.com\/wp-content\/uploads\/2020\/09\/hilgoogle-min.png 877w, https:\/\/www.rodller.com\/wp-content\/uploads\/2020\/09\/hilgoogle-min-300x188.png 300w, https:\/\/www.rodller.com\/wp-content\/uploads\/2020\/09\/hilgoogle-min-768x482.png 768w, https:\/\/www.rodller.com\/wp-content\/uploads\/2020\/09\/hilgoogle-min-360x226.png 360w, https:\/\/www.rodller.com\/wp-content\/uploads\/2020\/09\/hilgoogle-min-750x470.png 750w\" sizes=\"(max-width: 877px) 100vw, 877px\" \/><\/figure><\/div>\n\n\n<h3 class=\"wp-block-heading has-text-align-center\">Active Users Report<\/h3>\n\n\n<div class=\"wp-block-image fade-from-down-fast\">\n<figure class=\"aligncenter size-large\"><img decoding=\"async\" src=\"https:\/\/www.rodller.com\/wp-content\/uploads\/2020\/09\/graphHilbert.svg\" alt=\"Reporting Graph\" class=\"wp-image-2033\"\/><\/figure><\/div>\n\n\n<p class=\"zoom-out\">Le flux actuel de prospects, de conversations et de transactions d\u00e9passe les attentes. Un flux constant de conversations a aid\u00e9 Hilbert Capital dans la construction d\u2019un pipeline solide, permettant des revenus pr\u00e9visibles.<\/p>\n\n\n<div class=\"wp-block-image zoom-out\">\n<figure class=\"aligncenter size-large\"><img decoding=\"async\" width=\"1024\" height=\"453\" src=\"https:\/\/www.rodller.com\/wp-content\/uploads\/2020\/10\/graph-min-1024x453.png\" alt=\"Hilbert Capital\" class=\"wp-image-2052\" srcset=\"https:\/\/www.rodller.com\/wp-content\/uploads\/2020\/10\/graph-min-1024x453.png 1024w, https:\/\/www.rodller.com\/wp-content\/uploads\/2020\/10\/graph-min-300x133.png 300w, https:\/\/www.rodller.com\/wp-content\/uploads\/2020\/10\/graph-min-768x340.png 768w, https:\/\/www.rodller.com\/wp-content\/uploads\/2020\/10\/graph-min-360x159.png 360w, https:\/\/www.rodller.com\/wp-content\/uploads\/2020\/10\/graph-min-750x332.png 750w, https:\/\/www.rodller.com\/wp-content\/uploads\/2020\/10\/graph-min.png 1414w\" sizes=\"(max-width: 1024px) 100vw, 1024px\" \/><\/figure><\/div>\n\n\n<h2 class=\"wp-block-heading has-text-align-center zoom-out\"><strong>Conclusion<\/strong><\/h2>\n\n\n\n<p class=\"zoom-out\">En fournissant un \u00e9cosyst\u00e8me d&#8217;outils et de processus de marketing num\u00e9rique, Rodller a pu rapidement propulser Hilbert Capital sur ce march\u00e9 en croissance. N\u00e9anmoins, le Design Thinking et la remise en question de l&#8217;identit\u00e9 de la marque ont \u00e9t\u00e9 des \u00e9l\u00e9ments essentiels de la pr\u00e9paration. Nous avons d\u00e9sormais aplani le processus d\u2019identification de prospects, r\u00e9sultant en un nombre de conversations presque illimit\u00e9es. Dans un avenir proche, nous nous concentrerons sur davantage de contenus intelligents et sur le marketing d&#8217;influence pour renforcer encore plus la r\u00e9putation de la marque.<\/p>\n\n\n\n<div style=\"background-color:#f4f4f4;padding-left:0%;padding-right:0%;padding-bottom:10%;padding-top:8%;margin-top:9%;margin-bottom:0%\" class=\"wp-block-rodller-rodller-container alignfull\"><div class=\"rodller-container-inside\"><div class=\"rodller-container-content\" style=\"max-width:596px\">\n<h2 class=\"wp-block-heading has-text-align-center zoom-out\"><strong>Niclas Sandstrom<\/strong>, CEO<br>Hilbert Capital<\/h2>\n\n\n<div class=\"wp-block-image zoom-out\">\n<figure class=\"aligncenter size-large\"><img loading=\"lazy\" decoding=\"async\" width=\"108\" height=\"108\" src=\"https:\/\/www.rodller.com\/wp-content\/uploads\/2020\/09\/0-2-min-min.png\" alt=\"Niclas Sandstrom\" class=\"wp-image-1940\" srcset=\"https:\/\/www.rodller.com\/wp-content\/uploads\/2020\/09\/0-2-min-min.png 108w, https:\/\/www.rodller.com\/wp-content\/uploads\/2020\/09\/0-2-min-min-100x100.png 100w\" sizes=\"(max-width: 108px) 100vw, 108px\" \/><\/figure><\/div>\n\n\n<p class=\"has-text-align-center zoom-out\">Nous ne pourrions \u00eatre plus satisfaits du service que Rodller nous a fourni. Cela va de la conception et la construction du site Web, \u00e0 la production vid\u00e9o et l&#8217;\u00e9laboration et \u00e0 la mise en \u0153uvre d&#8217;une strat\u00e9gie marketing. Rodller poss\u00e8de un large \u00e9ventail de comp\u00e9tences et aborde les probl\u00e8mes de mani\u00e8re structur\u00e9e. Nous continuerons \u00e0 travailler avec eux sur des projets existants et \u00e0 l&#8217;avenir. Il est facile de vivement recommander Rodller.<\/p>\n\n\n<div class=\"wp-block-image zoom-out\">\n<figure class=\"aligncenter size-large is-resized\"><img loading=\"lazy\" decoding=\"async\" width=\"699\" height=\"357\" src=\"https:\/\/www.rodller.com\/wp-content\/uploads\/2020\/10\/42-421398_trustpilot-logo-png-transparent-png-removebg-preview-min.png\" alt=\"trustpilot\" class=\"wp-image-2045\" style=\"width:175px;height:89px\" srcset=\"https:\/\/www.rodller.com\/wp-content\/uploads\/2020\/10\/42-421398_trustpilot-logo-png-transparent-png-removebg-preview-min.png 699w, https:\/\/www.rodller.com\/wp-content\/uploads\/2020\/10\/42-421398_trustpilot-logo-png-transparent-png-removebg-preview-min-300x153.png 300w, https:\/\/www.rodller.com\/wp-content\/uploads\/2020\/10\/42-421398_trustpilot-logo-png-transparent-png-removebg-preview-min-360x184.png 360w\" sizes=\"(max-width: 699px) 100vw, 699px\" \/><\/figure><\/div>\n\n\n<p><\/p>\n<\/div><\/div><\/div>\n\n\n\n<div style=\"background-color:#fff;padding-left:0%;padding-right:0%;padding-bottom:14.5%;padding-top:15%;margin-top:0%;margin-bottom:0%\" class=\"wp-block-rodller-rodller-container paralax-image alignfull\"><div class=\"rodller-container-inside\"><div class=\"rodller-container-image-wrap\"><img decoding=\"async\" class=\"rodller-container-image\" src=\"https:\/\/www.rodller.com\/wp-content\/uploads\/2020\/09\/41-min.png\" alt=\"background\" style=\"opacity:1\"\/><\/div><div class=\"rodller-container-content\" style=\"max-width:1170px\">\n<h2 class=\"wp-block-heading has-text-align-center zoom-out has-white-color has-text-color\" style=\"font-size:60px\"><strong>D\u00e9butons la<\/strong> cr\u00e9ation de votre<br><strong> marque!<\/strong><\/h2>\n\n\n\n<div class=\"wp-block-buttons zoom-out is-content-justification-center is-layout-flex wp-container-core-buttons-layout-1 wp-block-buttons-is-layout-flex\">\n<div class=\"wp-block-button\"><a class=\"wp-block-button__link has-black-color has-white-background-color has-text-color has-background wp-element-button\" href=\"https:\/\/www.rodller.com\/fr\/programmer-un-appel\/\">Planifier un appel t\u00e9l\u00e9phonique<\/a><\/div>\n<\/div>\n\n\n\n<p><\/p>\n<\/div><\/div><\/div>\n","protected":false},"excerpt":{"rendered":"<p>Aper\u00e7u Hilbert Capital est un nouvel acteur sur le march\u00e9 des actifs num\u00e9riques. Il n&#8217;y avait aucune pr\u00e9sence num\u00e9rique et aucune empreinte de marque. Avec le COVID19 en jeu, il fallait rivaliser et r\u00e9inventer la fa\u00e7on dont les transactions seraient d\u00e9sormais effectu\u00e9es. Le networking classique, tel qu\u2019il \u00e9tait courant sur le march\u00e9 des Capitaux d\u2019Investissements, [&hellip;]<\/p>\n","protected":false},"author":1,"featured_media":0,"parent":0,"menu_order":0,"comment_status":"closed","ping_status":"closed","template":"","meta":{"advgb_blocks_editor_width":"","advgb_blocks_columns_visual_guide":"","_themeisle_gutenberg_block_has_review":false,"footnotes":""},"yoast_head":"<!-- This site is optimized with the Yoast SEO plugin v23.5 - https:\/\/yoast.com\/wordpress\/plugins\/seo\/ -->\n<title>Hilbert Capital \u2013 Etude de Cas - Rodller<\/title>\n<meta name=\"description\" content=\"\u00c9tude de cas sur la fa\u00e7on dont Hilbert Capital est pass\u00e9 de \u00absans marque\u00bb \u00e0 un leader dans l&#039;industrie des actifs num\u00e9riques. Lire la suite!\" \/>\n<meta name=\"robots\" content=\"index, follow, max-snippet:-1, max-image-preview:large, max-video-preview:-1\" \/>\n<link rel=\"canonical\" href=\"https:\/\/www.rodller.com\/fr\/hilbert-capital-etude-de-cas\/\" \/>\n<meta property=\"og:locale\" content=\"fr_FR\" \/>\n<meta property=\"og:type\" content=\"article\" \/>\n<meta property=\"og:title\" content=\"Hilbert Capital \u2013 Etude de Cas - Rodller\" \/>\n<meta property=\"og:description\" content=\"\u00c9tude de cas sur la fa\u00e7on dont Hilbert Capital est pass\u00e9 de \u00absans marque\u00bb \u00e0 un leader dans l&#039;industrie des actifs num\u00e9riques. Lire la suite!\" \/>\n<meta property=\"og:url\" content=\"https:\/\/www.rodller.com\/fr\/hilbert-capital-etude-de-cas\/\" \/>\n<meta property=\"og:site_name\" content=\"Rodller\" \/>\n<meta property=\"article:publisher\" content=\"https:\/\/www.facebook.com\/rodllerHQ\/\" \/>\n<meta property=\"article:modified_time\" content=\"2025-11-19T11:16:14+00:00\" \/>\n<meta property=\"og:image\" content=\"https:\/\/www.rodller.com\/wp-content\/uploads\/2020\/09\/185hul-min.png\" \/>\n<meta name=\"twitter:card\" content=\"summary_large_image\" \/>\n<meta name=\"twitter:site\" content=\"@RodllerOffice\" \/>\n<meta name=\"twitter:label1\" content=\"Dur\u00e9e de lecture estim\u00e9e\" \/>\n\t<meta name=\"twitter:data1\" content=\"5 minutes\" \/>\n<script type=\"application\/ld+json\" class=\"yoast-schema-graph\">{\"@context\":\"https:\/\/schema.org\",\"@graph\":[{\"@type\":\"WebPage\",\"@id\":\"https:\/\/www.rodller.com\/fr\/hilbert-capital-etude-de-cas\/\",\"url\":\"https:\/\/www.rodller.com\/fr\/hilbert-capital-etude-de-cas\/\",\"name\":\"Hilbert Capital \u2013 Etude de Cas - Rodller\",\"isPartOf\":{\"@id\":\"https:\/\/www.rodller.com\/#website\"},\"primaryImageOfPage\":{\"@id\":\"https:\/\/www.rodller.com\/fr\/hilbert-capital-etude-de-cas\/#primaryimage\"},\"image\":{\"@id\":\"https:\/\/www.rodller.com\/fr\/hilbert-capital-etude-de-cas\/#primaryimage\"},\"thumbnailUrl\":\"https:\/\/www.rodller.com\/wp-content\/uploads\/2020\/09\/185hul-min.png\",\"datePublished\":\"2020-09-30T15:22:55+00:00\",\"dateModified\":\"2025-11-19T11:16:14+00:00\",\"description\":\"\u00c9tude de cas sur la fa\u00e7on dont Hilbert Capital est pass\u00e9 de \u00absans marque\u00bb \u00e0 un leader dans l'industrie des actifs num\u00e9riques. Lire la suite!\",\"breadcrumb\":{\"@id\":\"https:\/\/www.rodller.com\/fr\/hilbert-capital-etude-de-cas\/#breadcrumb\"},\"inLanguage\":\"fr-FR\",\"potentialAction\":[{\"@type\":\"ReadAction\",\"target\":[\"https:\/\/www.rodller.com\/fr\/hilbert-capital-etude-de-cas\/\"]}]},{\"@type\":\"ImageObject\",\"inLanguage\":\"fr-FR\",\"@id\":\"https:\/\/www.rodller.com\/fr\/hilbert-capital-etude-de-cas\/#primaryimage\",\"url\":\"https:\/\/www.rodller.com\/wp-content\/uploads\/2020\/09\/185hul-min.png\",\"contentUrl\":\"https:\/\/www.rodller.com\/wp-content\/uploads\/2020\/09\/185hul-min.png\"},{\"@type\":\"BreadcrumbList\",\"@id\":\"https:\/\/www.rodller.com\/fr\/hilbert-capital-etude-de-cas\/#breadcrumb\",\"itemListElement\":[{\"@type\":\"ListItem\",\"position\":1,\"name\":\"Home\",\"item\":\"https:\/\/www.rodller.com\/\"},{\"@type\":\"ListItem\",\"position\":2,\"name\":\"Hilbert Capital &#8211; Etude de Cas\"}]},{\"@type\":\"WebSite\",\"@id\":\"https:\/\/www.rodller.com\/#website\",\"url\":\"https:\/\/www.rodller.com\/\",\"name\":\"Rodller\",\"description\":\"Digital-as-a-Service\",\"publisher\":{\"@id\":\"https:\/\/www.rodller.com\/#organization\"},\"potentialAction\":[{\"@type\":\"SearchAction\",\"target\":{\"@type\":\"EntryPoint\",\"urlTemplate\":\"https:\/\/www.rodller.com\/?s={search_term_string}\"},\"query-input\":{\"@type\":\"PropertyValueSpecification\",\"valueRequired\":true,\"valueName\":\"search_term_string\"}}],\"inLanguage\":\"fr-FR\"},{\"@type\":\"Organization\",\"@id\":\"https:\/\/www.rodller.com\/#organization\",\"name\":\"Rodller\",\"url\":\"https:\/\/www.rodller.com\/\",\"logo\":{\"@type\":\"ImageObject\",\"inLanguage\":\"fr-FR\",\"@id\":\"https:\/\/www.rodller.com\/#\/schema\/logo\/image\/\",\"url\":\"\",\"contentUrl\":\"\",\"caption\":\"Rodller\"},\"image\":{\"@id\":\"https:\/\/www.rodller.com\/#\/schema\/logo\/image\/\"},\"sameAs\":[\"https:\/\/www.facebook.com\/rodllerHQ\/\",\"https:\/\/x.com\/RodllerOffice\",\"https:\/\/www.linkedin.com\/company\/rodller\/\",\"https:\/\/sk.pinterest.com\/rodller\/\",\"https:\/\/www.youtube.com\/channel\/UCcxDAcsIm2CPDcA00AF4vvw\"]}]}<\/script>\n<!-- \/ Yoast SEO plugin. -->","yoast_head_json":{"title":"Hilbert Capital \u2013 Etude de Cas - Rodller","description":"\u00c9tude de cas sur la fa\u00e7on dont Hilbert Capital est pass\u00e9 de \u00absans marque\u00bb \u00e0 un leader dans l'industrie des actifs num\u00e9riques. Lire la suite!","robots":{"index":"index","follow":"follow","max-snippet":"max-snippet:-1","max-image-preview":"max-image-preview:large","max-video-preview":"max-video-preview:-1"},"canonical":"https:\/\/www.rodller.com\/fr\/hilbert-capital-etude-de-cas\/","og_locale":"fr_FR","og_type":"article","og_title":"Hilbert Capital \u2013 Etude de Cas - Rodller","og_description":"\u00c9tude de cas sur la fa\u00e7on dont Hilbert Capital est pass\u00e9 de \u00absans marque\u00bb \u00e0 un leader dans l'industrie des actifs num\u00e9riques. Lire la suite!","og_url":"https:\/\/www.rodller.com\/fr\/hilbert-capital-etude-de-cas\/","og_site_name":"Rodller","article_publisher":"https:\/\/www.facebook.com\/rodllerHQ\/","article_modified_time":"2025-11-19T11:16:14+00:00","og_image":[{"url":"https:\/\/www.rodller.com\/wp-content\/uploads\/2020\/09\/185hul-min.png"}],"twitter_card":"summary_large_image","twitter_site":"@RodllerOffice","twitter_misc":{"Dur\u00e9e de lecture estim\u00e9e":"5 minutes"},"schema":{"@context":"https:\/\/schema.org","@graph":[{"@type":"WebPage","@id":"https:\/\/www.rodller.com\/fr\/hilbert-capital-etude-de-cas\/","url":"https:\/\/www.rodller.com\/fr\/hilbert-capital-etude-de-cas\/","name":"Hilbert Capital \u2013 Etude de Cas - Rodller","isPartOf":{"@id":"https:\/\/www.rodller.com\/#website"},"primaryImageOfPage":{"@id":"https:\/\/www.rodller.com\/fr\/hilbert-capital-etude-de-cas\/#primaryimage"},"image":{"@id":"https:\/\/www.rodller.com\/fr\/hilbert-capital-etude-de-cas\/#primaryimage"},"thumbnailUrl":"https:\/\/www.rodller.com\/wp-content\/uploads\/2020\/09\/185hul-min.png","datePublished":"2020-09-30T15:22:55+00:00","dateModified":"2025-11-19T11:16:14+00:00","description":"\u00c9tude de cas sur la fa\u00e7on dont Hilbert Capital est pass\u00e9 de \u00absans marque\u00bb \u00e0 un leader dans l'industrie des actifs num\u00e9riques. Lire la suite!","breadcrumb":{"@id":"https:\/\/www.rodller.com\/fr\/hilbert-capital-etude-de-cas\/#breadcrumb"},"inLanguage":"fr-FR","potentialAction":[{"@type":"ReadAction","target":["https:\/\/www.rodller.com\/fr\/hilbert-capital-etude-de-cas\/"]}]},{"@type":"ImageObject","inLanguage":"fr-FR","@id":"https:\/\/www.rodller.com\/fr\/hilbert-capital-etude-de-cas\/#primaryimage","url":"https:\/\/www.rodller.com\/wp-content\/uploads\/2020\/09\/185hul-min.png","contentUrl":"https:\/\/www.rodller.com\/wp-content\/uploads\/2020\/09\/185hul-min.png"},{"@type":"BreadcrumbList","@id":"https:\/\/www.rodller.com\/fr\/hilbert-capital-etude-de-cas\/#breadcrumb","itemListElement":[{"@type":"ListItem","position":1,"name":"Home","item":"https:\/\/www.rodller.com\/"},{"@type":"ListItem","position":2,"name":"Hilbert Capital &#8211; Etude de Cas"}]},{"@type":"WebSite","@id":"https:\/\/www.rodller.com\/#website","url":"https:\/\/www.rodller.com\/","name":"Rodller","description":"Digital-as-a-Service","publisher":{"@id":"https:\/\/www.rodller.com\/#organization"},"potentialAction":[{"@type":"SearchAction","target":{"@type":"EntryPoint","urlTemplate":"https:\/\/www.rodller.com\/?s={search_term_string}"},"query-input":{"@type":"PropertyValueSpecification","valueRequired":true,"valueName":"search_term_string"}}],"inLanguage":"fr-FR"},{"@type":"Organization","@id":"https:\/\/www.rodller.com\/#organization","name":"Rodller","url":"https:\/\/www.rodller.com\/","logo":{"@type":"ImageObject","inLanguage":"fr-FR","@id":"https:\/\/www.rodller.com\/#\/schema\/logo\/image\/","url":"","contentUrl":"","caption":"Rodller"},"image":{"@id":"https:\/\/www.rodller.com\/#\/schema\/logo\/image\/"},"sameAs":["https:\/\/www.facebook.com\/rodllerHQ\/","https:\/\/x.com\/RodllerOffice","https:\/\/www.linkedin.com\/company\/rodller\/","https:\/\/sk.pinterest.com\/rodller\/","https:\/\/www.youtube.com\/channel\/UCcxDAcsIm2CPDcA00AF4vvw"]}]}},"coauthors":[],"author_meta":{"author_link":"https:\/\/www.rodller.com\/fr\/author\/almimagu\/","display_name":"Rodller Team"},"relative_dates":{"created":"Publi\u00e9 6 ans il y a","modified":"Mis \u00e0 jour 6 mois il y a"},"absolute_dates":{"created":"Publi\u00e9 le septembre 30, 2020","modified":"Mise \u00e0 jour le novembre 19, 2025"},"absolute_dates_time":{"created":"Publi\u00e9 le septembre 30, 2020 3:22 pm","modified":"Mise \u00e0 jour le novembre 19, 2025 11:16 am"},"featured_img_caption":"","featured_img":false,"series_order":"","_links":{"self":[{"href":"https:\/\/www.rodller.com\/fr\/wp-json\/wp\/v2\/pages\/2262"}],"collection":[{"href":"https:\/\/www.rodller.com\/fr\/wp-json\/wp\/v2\/pages"}],"about":[{"href":"https:\/\/www.rodller.com\/fr\/wp-json\/wp\/v2\/types\/page"}],"author":[{"embeddable":true,"href":"https:\/\/www.rodller.com\/fr\/wp-json\/wp\/v2\/users\/1"}],"replies":[{"embeddable":true,"href":"https:\/\/www.rodller.com\/fr\/wp-json\/wp\/v2\/comments?post=2262"}],"version-history":[{"count":1,"href":"https:\/\/www.rodller.com\/fr\/wp-json\/wp\/v2\/pages\/2262\/revisions"}],"predecessor-version":[{"id":17477,"href":"https:\/\/www.rodller.com\/fr\/wp-json\/wp\/v2\/pages\/2262\/revisions\/17477"}],"wp:attachment":[{"href":"https:\/\/www.rodller.com\/fr\/wp-json\/wp\/v2\/media?parent=2262"}],"curies":[{"name":"wp","href":"https:\/\/api.w.org\/{rel}","templated":true}]}}