{"id":13263,"date":"2024-09-17T03:31:50","date_gmt":"2024-09-17T03:31:50","guid":{"rendered":"https:\/\/www.rodller.com\/?page_id=13263"},"modified":"2025-11-19T12:57:48","modified_gmt":"2025-11-19T12:57:48","slug":"partenaires","status":"publish","type":"page","link":"https:\/\/www.rodller.com\/fr\/partenaires\/","title":{"rendered":"Partenaires"},"content":{"rendered":"\n<div style=\"height:24px\" aria-hidden=\"true\" class=\"wp-block-spacer\"><\/div>\n\n\n<div class=\"yoast-breadcrumbs container-w1140\"><span><span><a href=\"https:\/\/www.rodller.com\/\">Home<\/a><\/span> \u00bb <span class=\"breadcrumb_last\" aria-current=\"page\">Partenaires<\/span><\/span><\/div>\n\n\n<div style=\"height:32px\" aria-hidden=\"true\" class=\"wp-block-spacer\"><\/div>\n\n\n\n<h1 class=\"wp-block-heading container-w1140 partner-title has-text-color\" style=\"color:#1a1a1a\"><strong>Nos partenaires<\/strong><\/h1>\n\n\n\n<div style=\"height:40px\" aria-hidden=\"true\" class=\"wp-block-spacer\"><\/div>\n\n\n\n<div class=\"wp-block-columns container-w1140 our-partners-box no-margin-top-bottom no-padding-top-bottom is-layout-flex wp-container-core-columns-layout-1 wp-block-columns-is-layout-flex\">\n<div class=\"wp-block-column partner-single no-margin-top-bottom no-padding-top-bottom no-padding-left-right is-layout-flow wp-block-column-is-layout-flow\">\n<figure class=\"wp-block-image size-full\"><a href=\"https:\/\/www.rodller.com\/hoozin\/\" target=\"_blank\" rel=\"noopener\"><img fetchpriority=\"high\" decoding=\"async\" width=\"352\" height=\"240\" src=\"https:\/\/www.rodller.com\/wp-content\/uploads\/2023\/07\/cover-hoozin.png\" alt=\"cover hoozin\" class=\"wp-image-9677\" srcset=\"https:\/\/www.rodller.com\/wp-content\/uploads\/2023\/07\/cover-hoozin.png 352w, https:\/\/www.rodller.com\/wp-content\/uploads\/2023\/07\/cover-hoozin-300x205.png 300w\" sizes=\"(max-width: 352px) 100vw, 352px\" \/><\/a><\/figure>\n\n\n\n<h3 class=\"wp-block-heading has-text-color\" style=\"color:#802621;font-size:24px\"><a href=\"https:\/\/www.rodller.com\/hoozin\/\" target=\"_blank\" rel=\"noreferrer noopener\">Hoozin<\/a><\/h3>\n\n\n\n<p class=\"has-text-color\" style=\"color:#808081;font-size:17px\">Hoozin fait partie d&#8217;un \u00e9cosyst\u00e8me d&#8217;entreprises. Nos quatre cas d&#8217;utilisation magiques sont l&#8217;am\u00e9lioration de la collaboration, la strat\u00e9gie extranet, le lieu de travail num\u00e9rique et les flux de travail.<\/p>\n<\/div>\n\n\n\n<div class=\"wp-block-column partner-single no-margin-top-bottom no-padding-top-bottom no-padding-left-right is-layout-flow wp-block-column-is-layout-flow\">\n<figure class=\"wp-block-image size-full\"><a href=\"https:\/\/www.adzymic.co\/\" target=\"_blank\" rel=\"noopener\"><img decoding=\"async\" width=\"352\" height=\"240\" src=\"https:\/\/www.rodller.com\/wp-content\/uploads\/2023\/07\/cover-adzymic.png\" alt=\"cover adzymic\" class=\"wp-image-9675\" srcset=\"https:\/\/www.rodller.com\/wp-content\/uploads\/2023\/07\/cover-adzymic.png 352w, https:\/\/www.rodller.com\/wp-content\/uploads\/2023\/07\/cover-adzymic-300x205.png 300w\" sizes=\"(max-width: 352px) 100vw, 352px\" \/><\/a><\/figure>\n\n\n\n<h3 class=\"wp-block-heading has-text-color\" style=\"color:#802621;font-size:24px\"><a href=\"https:\/\/www.adzymic.co\/\" target=\"_blank\" rel=\"noreferrer noopener\">Adzymic<\/a><\/h3>\n\n\n\n<p class=\"has-text-color\" style=\"color:#808081;font-size:17px\">Transformez vos campagnes num\u00e9riques gr\u00e2ce \u00e0 une plateforme de gestion cr\u00e9ative dynamique de nouvelle g\u00e9n\u00e9ration. Adzymic est un fournisseur prim\u00e9 de solutions publicitaires dynamiques.<\/p>\n<\/div>\n\n\n\n<div class=\"wp-block-column partner-single no-margin-top-bottom no-padding-top-bottom no-padding-left-right is-layout-flow wp-block-column-is-layout-flow\">\n<figure class=\"wp-block-image size-full\"><a href=\"https:\/\/navigator.tech\/\" target=\"_blank\" rel=\"noopener\"><img decoding=\"async\" width=\"352\" height=\"240\" src=\"https:\/\/www.rodller.com\/wp-content\/uploads\/2023\/07\/cover-navigator.png\" alt=\"cover navigator\" class=\"wp-image-9673\" srcset=\"https:\/\/www.rodller.com\/wp-content\/uploads\/2023\/07\/cover-navigator.png 352w, https:\/\/www.rodller.com\/wp-content\/uploads\/2023\/07\/cover-navigator-300x205.png 300w\" sizes=\"(max-width: 352px) 100vw, 352px\" \/><\/a><\/figure>\n\n\n\n<h3 class=\"wp-block-heading has-text-color\" style=\"color:#802621;font-size:24px\"><a href=\"https:\/\/navigator.tech\/\" target=\"_blank\" rel=\"noreferrer noopener\">Navigator<\/a><\/h3>\n\n\n\n<p class=\"has-text-color\" style=\"color:#808081;font-size:17px\">Une fa\u00e7on nouvelle et innovante de g\u00e9n\u00e9rer des revenus \u00e0 partir des voyageurs. Utilisez Navigator pour impliquer vos clients potentiels, \u00e0 chaque \u00e9tape de leur voyage.<\/p>\n<\/div>\n<\/div>\n\n\n\n<div style=\"height:88px\" aria-hidden=\"true\" class=\"wp-block-spacer\"><\/div>\n\n\n","protected":false},"excerpt":{"rendered":"<p>Nos partenaires Hoozin Hoozin fait partie d&#8217;un \u00e9cosyst\u00e8me d&#8217;entreprises. Nos quatre cas d&#8217;utilisation magiques sont l&#8217;am\u00e9lioration de la collaboration, la strat\u00e9gie extranet, le lieu de travail num\u00e9rique et les flux de travail. Adzymic Transformez vos campagnes num\u00e9riques gr\u00e2ce \u00e0 une plateforme de gestion cr\u00e9ative dynamique de nouvelle g\u00e9n\u00e9ration. Adzymic est un fournisseur prim\u00e9 de solutions [&hellip;]<\/p>\n","protected":false},"author":1,"featured_media":0,"parent":0,"menu_order":0,"comment_status":"closed","ping_status":"closed","template":"","meta":{"advgb_blocks_editor_width":"","advgb_blocks_columns_visual_guide":"","_themeisle_gutenberg_block_has_review":false,"footnotes":""},"yoast_head":"<!-- This site is optimized with the Yoast SEO plugin v23.5 - https:\/\/yoast.com\/wordpress\/plugins\/seo\/ -->\n<title>Partenaires | Rodller \u2013 Notre r\u00e9seau de partenariats strat\u00e9giques<\/title>\n<meta name=\"description\" content=\"Rodller collabore avec des partenaires strat\u00e9giques pour cr\u00e9er de la valeur, acc\u00e9l\u00e9rer l\u2019innovation et \u00e9tendre notre impact global.\" \/>\n<meta name=\"robots\" content=\"index, follow, max-snippet:-1, max-image-preview:large, max-video-preview:-1\" \/>\n<link rel=\"canonical\" href=\"https:\/\/www.rodller.com\/fr\/partenaires\/\" \/>\n<meta property=\"og:locale\" content=\"fr_FR\" \/>\n<meta property=\"og:type\" content=\"article\" \/>\n<meta property=\"og:title\" content=\"Partenaires | Rodller \u2013 Notre r\u00e9seau de partenariats strat\u00e9giques\" \/>\n<meta property=\"og:description\" content=\"Rodller collabore avec des partenaires strat\u00e9giques pour cr\u00e9er de la valeur, acc\u00e9l\u00e9rer l\u2019innovation et \u00e9tendre notre impact global.\" \/>\n<meta property=\"og:url\" content=\"https:\/\/www.rodller.com\/fr\/partenaires\/\" \/>\n<meta property=\"og:site_name\" content=\"Rodller\" \/>\n<meta property=\"article:publisher\" content=\"https:\/\/www.facebook.com\/rodllerHQ\/\" \/>\n<meta property=\"article:modified_time\" content=\"2025-11-19T12:57:48+00:00\" \/>\n<meta property=\"og:image\" content=\"https:\/\/www.rodller.com\/wp-content\/uploads\/2023\/07\/cover-hoozin.png\" \/>\n<meta name=\"twitter:card\" content=\"summary_large_image\" \/>\n<meta name=\"twitter:site\" content=\"@RodllerOffice\" \/>\n<meta name=\"twitter:label1\" content=\"Dur\u00e9e de lecture estim\u00e9e\" \/>\n\t<meta name=\"twitter:data1\" content=\"2 minutes\" \/>\n<script type=\"application\/ld+json\" class=\"yoast-schema-graph\">{\"@context\":\"https:\/\/schema.org\",\"@graph\":[{\"@type\":\"WebPage\",\"@id\":\"https:\/\/www.rodller.com\/fr\/partenaires\/\",\"url\":\"https:\/\/www.rodller.com\/fr\/partenaires\/\",\"name\":\"Partenaires | Rodller \u2013 Notre r\u00e9seau de partenariats strat\u00e9giques\",\"isPartOf\":{\"@id\":\"https:\/\/www.rodller.com\/#website\"},\"primaryImageOfPage\":{\"@id\":\"https:\/\/www.rodller.com\/fr\/partenaires\/#primaryimage\"},\"image\":{\"@id\":\"https:\/\/www.rodller.com\/fr\/partenaires\/#primaryimage\"},\"thumbnailUrl\":\"https:\/\/www.rodller.com\/wp-content\/uploads\/2023\/07\/cover-hoozin.png\",\"datePublished\":\"2024-09-17T03:31:50+00:00\",\"dateModified\":\"2025-11-19T12:57:48+00:00\",\"description\":\"Rodller collabore avec des partenaires strat\u00e9giques pour cr\u00e9er de la valeur, acc\u00e9l\u00e9rer l\u2019innovation et \u00e9tendre notre impact global.\",\"breadcrumb\":{\"@id\":\"https:\/\/www.rodller.com\/fr\/partenaires\/#breadcrumb\"},\"inLanguage\":\"fr-FR\",\"potentialAction\":[{\"@type\":\"ReadAction\",\"target\":[\"https:\/\/www.rodller.com\/fr\/partenaires\/\"]}]},{\"@type\":\"ImageObject\",\"inLanguage\":\"fr-FR\",\"@id\":\"https:\/\/www.rodller.com\/fr\/partenaires\/#primaryimage\",\"url\":\"https:\/\/www.rodller.com\/wp-content\/uploads\/2023\/07\/cover-hoozin.png\",\"contentUrl\":\"https:\/\/www.rodller.com\/wp-content\/uploads\/2023\/07\/cover-hoozin.png\"},{\"@type\":\"BreadcrumbList\",\"@id\":\"https:\/\/www.rodller.com\/fr\/partenaires\/#breadcrumb\",\"itemListElement\":[{\"@type\":\"ListItem\",\"position\":1,\"name\":\"Home\",\"item\":\"https:\/\/www.rodller.com\/\"},{\"@type\":\"ListItem\",\"position\":2,\"name\":\"Partenaires\"}]},{\"@type\":\"WebSite\",\"@id\":\"https:\/\/www.rodller.com\/#website\",\"url\":\"https:\/\/www.rodller.com\/\",\"name\":\"Rodller\",\"description\":\"Digital-as-a-Service\",\"publisher\":{\"@id\":\"https:\/\/www.rodller.com\/#organization\"},\"potentialAction\":[{\"@type\":\"SearchAction\",\"target\":{\"@type\":\"EntryPoint\",\"urlTemplate\":\"https:\/\/www.rodller.com\/?s={search_term_string}\"},\"query-input\":{\"@type\":\"PropertyValueSpecification\",\"valueRequired\":true,\"valueName\":\"search_term_string\"}}],\"inLanguage\":\"fr-FR\"},{\"@type\":\"Organization\",\"@id\":\"https:\/\/www.rodller.com\/#organization\",\"name\":\"Rodller\",\"url\":\"https:\/\/www.rodller.com\/\",\"logo\":{\"@type\":\"ImageObject\",\"inLanguage\":\"fr-FR\",\"@id\":\"https:\/\/www.rodller.com\/#\/schema\/logo\/image\/\",\"url\":\"\",\"contentUrl\":\"\",\"caption\":\"Rodller\"},\"image\":{\"@id\":\"https:\/\/www.rodller.com\/#\/schema\/logo\/image\/\"},\"sameAs\":[\"https:\/\/www.facebook.com\/rodllerHQ\/\",\"https:\/\/x.com\/RodllerOffice\",\"https:\/\/www.linkedin.com\/company\/rodller\/\",\"https:\/\/sk.pinterest.com\/rodller\/\",\"https:\/\/www.youtube.com\/channel\/UCcxDAcsIm2CPDcA00AF4vvw\"]}]}<\/script>\n<!-- \/ Yoast SEO plugin. -->","yoast_head_json":{"title":"Partenaires | Rodller \u2013 Notre r\u00e9seau de partenariats strat\u00e9giques","description":"Rodller collabore avec des partenaires strat\u00e9giques pour cr\u00e9er de la valeur, acc\u00e9l\u00e9rer l\u2019innovation et \u00e9tendre notre impact global.","robots":{"index":"index","follow":"follow","max-snippet":"max-snippet:-1","max-image-preview":"max-image-preview:large","max-video-preview":"max-video-preview:-1"},"canonical":"https:\/\/www.rodller.com\/fr\/partenaires\/","og_locale":"fr_FR","og_type":"article","og_title":"Partenaires | Rodller \u2013 Notre r\u00e9seau de partenariats strat\u00e9giques","og_description":"Rodller collabore avec des partenaires strat\u00e9giques pour cr\u00e9er de la valeur, acc\u00e9l\u00e9rer l\u2019innovation et \u00e9tendre notre impact global.","og_url":"https:\/\/www.rodller.com\/fr\/partenaires\/","og_site_name":"Rodller","article_publisher":"https:\/\/www.facebook.com\/rodllerHQ\/","article_modified_time":"2025-11-19T12:57:48+00:00","og_image":[{"url":"https:\/\/www.rodller.com\/wp-content\/uploads\/2023\/07\/cover-hoozin.png"}],"twitter_card":"summary_large_image","twitter_site":"@RodllerOffice","twitter_misc":{"Dur\u00e9e de lecture estim\u00e9e":"2 minutes"},"schema":{"@context":"https:\/\/schema.org","@graph":[{"@type":"WebPage","@id":"https:\/\/www.rodller.com\/fr\/partenaires\/","url":"https:\/\/www.rodller.com\/fr\/partenaires\/","name":"Partenaires | Rodller \u2013 Notre r\u00e9seau de partenariats strat\u00e9giques","isPartOf":{"@id":"https:\/\/www.rodller.com\/#website"},"primaryImageOfPage":{"@id":"https:\/\/www.rodller.com\/fr\/partenaires\/#primaryimage"},"image":{"@id":"https:\/\/www.rodller.com\/fr\/partenaires\/#primaryimage"},"thumbnailUrl":"https:\/\/www.rodller.com\/wp-content\/uploads\/2023\/07\/cover-hoozin.png","datePublished":"2024-09-17T03:31:50+00:00","dateModified":"2025-11-19T12:57:48+00:00","description":"Rodller collabore avec des partenaires strat\u00e9giques pour cr\u00e9er de la valeur, acc\u00e9l\u00e9rer l\u2019innovation et \u00e9tendre notre impact global.","breadcrumb":{"@id":"https:\/\/www.rodller.com\/fr\/partenaires\/#breadcrumb"},"inLanguage":"fr-FR","potentialAction":[{"@type":"ReadAction","target":["https:\/\/www.rodller.com\/fr\/partenaires\/"]}]},{"@type":"ImageObject","inLanguage":"fr-FR","@id":"https:\/\/www.rodller.com\/fr\/partenaires\/#primaryimage","url":"https:\/\/www.rodller.com\/wp-content\/uploads\/2023\/07\/cover-hoozin.png","contentUrl":"https:\/\/www.rodller.com\/wp-content\/uploads\/2023\/07\/cover-hoozin.png"},{"@type":"BreadcrumbList","@id":"https:\/\/www.rodller.com\/fr\/partenaires\/#breadcrumb","itemListElement":[{"@type":"ListItem","position":1,"name":"Home","item":"https:\/\/www.rodller.com\/"},{"@type":"ListItem","position":2,"name":"Partenaires"}]},{"@type":"WebSite","@id":"https:\/\/www.rodller.com\/#website","url":"https:\/\/www.rodller.com\/","name":"Rodller","description":"Digital-as-a-Service","publisher":{"@id":"https:\/\/www.rodller.com\/#organization"},"potentialAction":[{"@type":"SearchAction","target":{"@type":"EntryPoint","urlTemplate":"https:\/\/www.rodller.com\/?s={search_term_string}"},"query-input":{"@type":"PropertyValueSpecification","valueRequired":true,"valueName":"search_term_string"}}],"inLanguage":"fr-FR"},{"@type":"Organization","@id":"https:\/\/www.rodller.com\/#organization","name":"Rodller","url":"https:\/\/www.rodller.com\/","logo":{"@type":"ImageObject","inLanguage":"fr-FR","@id":"https:\/\/www.rodller.com\/#\/schema\/logo\/image\/","url":"","contentUrl":"","caption":"Rodller"},"image":{"@id":"https:\/\/www.rodller.com\/#\/schema\/logo\/image\/"},"sameAs":["https:\/\/www.facebook.com\/rodllerHQ\/","https:\/\/x.com\/RodllerOffice","https:\/\/www.linkedin.com\/company\/rodller\/","https:\/\/sk.pinterest.com\/rodller\/","https:\/\/www.youtube.com\/channel\/UCcxDAcsIm2CPDcA00AF4vvw"]}]}},"coauthors":[],"author_meta":{"author_link":"https:\/\/www.rodller.com\/fr\/author\/almimagu\/","display_name":"Rodller Team"},"relative_dates":{"created":"Publi\u00e9 2 ans il y a","modified":"Mis \u00e0 jour 5 mois il y a"},"absolute_dates":{"created":"Publi\u00e9 le septembre 17, 2024","modified":"Mise \u00e0 jour le novembre 19, 2025"},"absolute_dates_time":{"created":"Publi\u00e9 le septembre 17, 2024 3:31 am","modified":"Mise \u00e0 jour le novembre 19, 2025 12:57 pm"},"featured_img_caption":"","featured_img":false,"series_order":"","_links":{"self":[{"href":"https:\/\/www.rodller.com\/fr\/wp-json\/wp\/v2\/pages\/13263"}],"collection":[{"href":"https:\/\/www.rodller.com\/fr\/wp-json\/wp\/v2\/pages"}],"about":[{"href":"https:\/\/www.rodller.com\/fr\/wp-json\/wp\/v2\/types\/page"}],"author":[{"embeddable":true,"href":"https:\/\/www.rodller.com\/fr\/wp-json\/wp\/v2\/users\/1"}],"replies":[{"embeddable":true,"href":"https:\/\/www.rodller.com\/fr\/wp-json\/wp\/v2\/comments?post=13263"}],"version-history":[{"count":1,"href":"https:\/\/www.rodller.com\/fr\/wp-json\/wp\/v2\/pages\/13263\/revisions"}],"predecessor-version":[{"id":13264,"href":"https:\/\/www.rodller.com\/fr\/wp-json\/wp\/v2\/pages\/13263\/revisions\/13264"}],"wp:attachment":[{"href":"https:\/\/www.rodller.com\/fr\/wp-json\/wp\/v2\/media?parent=13263"}],"curies":[{"name":"wp","href":"https:\/\/api.w.org\/{rel}","templated":true}]}}