{"id":12887,"date":"2024-08-23T07:33:35","date_gmt":"2024-08-23T07:33:35","guid":{"rendered":"https:\/\/www.rodller.com\/?page_id=12887"},"modified":"2025-11-21T10:00:46","modified_gmt":"2025-11-21T10:00:46","slug":"creation-de-contenu","status":"publish","type":"page","link":"https:\/\/www.rodller.com\/fr\/creation-de-contenu\/","title":{"rendered":"Cr\u00e9ation de contenu"},"content":{"rendered":"\n<div class=\"wp-block-cover alignfull is-light mh-358 hero-section seo show-lg-screen-only\"><span aria-hidden=\"true\" class=\"wp-block-cover__background has-white-background-color has-background-dim-0 has-background-dim\"><\/span><img fetchpriority=\"high\" decoding=\"async\" width=\"1440\" height=\"358\" class=\"wp-block-cover__image-background wp-image-4529\" alt=\"content hero bg\" src=\"https:\/\/www.rodller.com\/wp-content\/uploads\/2023\/04\/content-hero-bg.png\" data-object-fit=\"cover\" srcset=\"https:\/\/www.rodller.com\/wp-content\/uploads\/2023\/04\/content-hero-bg.png 1440w, https:\/\/www.rodller.com\/wp-content\/uploads\/2023\/04\/content-hero-bg-300x75.png 300w, https:\/\/www.rodller.com\/wp-content\/uploads\/2023\/04\/content-hero-bg-1024x255.png 1024w, https:\/\/www.rodller.com\/wp-content\/uploads\/2023\/04\/content-hero-bg-768x191.png 768w, https:\/\/www.rodller.com\/wp-content\/uploads\/2023\/04\/content-hero-bg-553x137.png 553w, https:\/\/www.rodller.com\/wp-content\/uploads\/2023\/04\/content-hero-bg-1140x283.png 1140w, https:\/\/www.rodller.com\/wp-content\/uploads\/2023\/04\/content-hero-bg-360x90.png 360w, https:\/\/www.rodller.com\/wp-content\/uploads\/2023\/04\/content-hero-bg-750x186.png 750w\" sizes=\"(max-width: 1440px) 100vw, 1440px\" \/><div class=\"wp-block-cover__inner-container is-layout-flow wp-block-cover-is-layout-flow\">\n<div class=\"wp-block-columns container-w1140 mt-mb-0 mh-358 is-layout-flex wp-container-core-columns-layout-1 wp-block-columns-is-layout-flex\">\n<div class=\"wp-block-column container-w1140 mt-mb-0 pt-pb-0 is-layout-flow wp-block-column-is-layout-flow\">\n<div style=\"height:24px\" aria-hidden=\"true\" class=\"wp-block-spacer\"><\/div>\n\n\n<div class=\"yoast-breadcrumbs mb-0\"><span><span><a href=\"https:\/\/www.rodller.com\/\">Home<\/a><\/span> \u00bb <span class=\"breadcrumb_last\" aria-current=\"page\">Cr\u00e9ation de contenu<\/span><\/span><\/div>\n\n\n<div style=\"height:101px\" aria-hidden=\"true\" class=\"wp-block-spacer\"><\/div>\n\n\n\n<h1 class=\"wp-block-heading mt-0 mw-768 mb-21 has-white-color has-text-color\" style=\"font-size:60px\"><strong>Cr\u00e9ation<\/strong> de contenu<\/h1>\n<\/div>\n<\/div>\n<\/div><\/div>\n\n\n\n<div class=\"wp-block-cover alignfull is-light mh-358 hero-section seo hide-desktop show-mobile-hero-sm\"><span aria-hidden=\"true\" class=\"wp-block-cover__background has-white-background-color has-background-dim-0 has-background-dim\"><\/span><img fetchpriority=\"high\" decoding=\"async\" width=\"1440\" height=\"358\" class=\"wp-block-cover__image-background wp-image-4529\" alt=\"content hero bg\" src=\"https:\/\/www.rodller.com\/wp-content\/uploads\/2023\/04\/content-hero-bg.png\" data-object-fit=\"cover\" srcset=\"https:\/\/www.rodller.com\/wp-content\/uploads\/2023\/04\/content-hero-bg.png 1440w, https:\/\/www.rodller.com\/wp-content\/uploads\/2023\/04\/content-hero-bg-300x75.png 300w, https:\/\/www.rodller.com\/wp-content\/uploads\/2023\/04\/content-hero-bg-1024x255.png 1024w, https:\/\/www.rodller.com\/wp-content\/uploads\/2023\/04\/content-hero-bg-768x191.png 768w, https:\/\/www.rodller.com\/wp-content\/uploads\/2023\/04\/content-hero-bg-553x137.png 553w, https:\/\/www.rodller.com\/wp-content\/uploads\/2023\/04\/content-hero-bg-1140x283.png 1140w, https:\/\/www.rodller.com\/wp-content\/uploads\/2023\/04\/content-hero-bg-360x90.png 360w, https:\/\/www.rodller.com\/wp-content\/uploads\/2023\/04\/content-hero-bg-750x186.png 750w\" sizes=\"(max-width: 1440px) 100vw, 1440px\" \/><div class=\"wp-block-cover__inner-container is-layout-flow wp-block-cover-is-layout-flow\">\n<div class=\"wp-block-columns container-w1140 mt-mb-0 is-layout-flex wp-container-core-columns-layout-2 wp-block-columns-is-layout-flex\">\n<div class=\"wp-block-column container-w1140 mt-mb-0 is-layout-flow wp-block-column-is-layout-flow\"><div class=\"yoast-breadcrumbs mb-0\"><span><span><a href=\"https:\/\/www.rodller.com\/\">Home<\/a><\/span> \u00bb <span class=\"breadcrumb_last\" aria-current=\"page\">Cr\u00e9ation de contenu<\/span><\/span><\/div>\n\n\n<div style=\"height:70px\" aria-hidden=\"true\" class=\"wp-block-spacer\"><\/div>\n\n\n\n<h1 class=\"wp-block-heading mt-0 mw-768 mb-21 has-white-color has-text-color\" style=\"font-size:60px\"><strong>Cr\u00e9ation<\/strong> de contenu<\/h1>\n\n\n\n<div style=\"height:70px\" aria-hidden=\"true\" class=\"wp-block-spacer\"><\/div>\n<\/div>\n<\/div>\n<\/div><\/div>\n\n\n\n<div style=\"height:120px\" aria-hidden=\"true\" class=\"wp-block-spacer\"><\/div>\n\n\n\n<div class=\"wp-block-columns are-vertically-aligned-center gap-100 mb-0 mobile-flex-col-reverse is-layout-flex wp-container-core-columns-layout-3 wp-block-columns-is-layout-flex\">\n<div class=\"wp-block-column is-vertically-aligned-center is-layout-flow wp-block-column-is-layout-flow\">\n<div class=\"wp-block-cover is-light has-parallax has-custom-content-position is-position-bottom-right cover-col\" style=\"min-height:368px\"><span aria-hidden=\"true\" class=\"wp-block-cover__background has-background-dim-0 has-background-dim\"><\/span><div role=\"img\" class=\"wp-block-cover__image-background wp-image-6264 has-parallax\" style=\"background-position:50% 50%;background-image:url(https:\/\/www.rodller.com\/wp-content\/uploads\/2023\/04\/img-join-us-1-4.png)\"><\/div><div class=\"wp-block-cover__inner-container is-layout-flow wp-block-cover-is-layout-flow\">\n<figure class=\"wp-block-image size-full fade-from-down-slow top-image animated fadeInUp delay-100ms\"><img decoding=\"async\" width=\"456\" height=\"368\" src=\"https:\/\/www.rodller.com\/wp-content\/uploads\/2023\/04\/img-join-us-18.png\" alt=\"content1\" class=\"wp-image-6267\" srcset=\"https:\/\/www.rodller.com\/wp-content\/uploads\/2023\/04\/img-join-us-18.png 456w, https:\/\/www.rodller.com\/wp-content\/uploads\/2023\/04\/img-join-us-18-300x242.png 300w, https:\/\/www.rodller.com\/wp-content\/uploads\/2023\/04\/img-join-us-18-360x291.png 360w\" sizes=\"(max-width: 456px) 100vw, 456px\" \/><\/figure>\n<\/div><\/div>\n<\/div>\n\n\n\n<div class=\"wp-block-column is-vertically-aligned-center is-layout-flow wp-block-column-is-layout-flow\">\n<h2 class=\"wp-block-heading mt0 black-heading mt-0 mb-32 min-w-544\" style=\"font-size:38px\"><strong>Pourquoi la cr\u00e9ation de contenu <\/strong>est-elle importante pour votre entreprise ?<\/h2>\n\n\n\n<p class=\"mt-mb-0\">Le marketing de contenu permet aux entreprises de mettre en valeur leur expertise, d&#8217;offrir de la valeur \u00e0 leur public et d&#8217;\u00e9tablir des relations avec des clients potentiels. Il contribue \u00e9galement \u00e0 am\u00e9liorer le classement dans les moteurs de recherche, \u00e0 attirer du trafic sur un site web et \u00e0 g\u00e9n\u00e9rer des prospects.<\/p>\n<\/div>\n<\/div>\n\n\n\n<div style=\"height:60px\" aria-hidden=\"true\" class=\"wp-block-spacer\"><\/div>\n\n\n\n<div class=\"wp-block-columns are-vertically-aligned-center gap-100 mb-0 is-layout-flex wp-container-core-columns-layout-4 wp-block-columns-is-layout-flex\">\n<div class=\"wp-block-column is-vertically-aligned-center is-layout-flow wp-block-column-is-layout-flow\">\n<h2 class=\"wp-block-heading mt0 black-heading mt-0 mb-32 text-capitalize has-text-color\" style=\"color:#1a1a1a;font-size:38px\"><strong>Comment Rodller <\/strong>peut-il vous aider ?<\/h2>\n\n\n\n<p class=\"mt-mb-0\">En tant qu&#8217;agence de marketing num\u00e9rique, Rodller peut aider les marques \u00e0 cr\u00e9er un contenu de haute qualit\u00e9 et engageant qui trouve un \u00e9cho aupr\u00e8s de leur public cible. Notre \u00e9quipe de cr\u00e9ateurs de contenu et de sp\u00e9cialistes du marketing peut vous aider \u00e0 d\u00e9velopper une strat\u00e9gie de contenu qui s&#8217;aligne sur les buts et les objectifs de la marque. Nous pouvons produire une vari\u00e9t\u00e9 de formats de contenu, y compris des articles de blog, des infographies, des vid\u00e9os, des communiqu\u00e9s de presse, des messages sur les m\u00e9dias sociaux, et plus encore, qui sont optimis\u00e9s pour diff\u00e9rentes plates-formes et audiences.<\/p>\n<\/div>\n\n\n\n<div class=\"wp-block-column is-vertically-aligned-center is-layout-flow wp-block-column-is-layout-flow\">\n<div class=\"wp-block-cover is-light has-parallax has-custom-content-position is-position-top-left cover-col\" style=\"min-height:368px\"><span aria-hidden=\"true\" class=\"wp-block-cover__background has-background-dim-0 has-background-dim\"><\/span><div role=\"img\" class=\"wp-block-cover__image-background wp-image-6271 has-parallax\" style=\"background-position:50% 50%;background-image:url(https:\/\/www.rodller.com\/wp-content\/uploads\/2023\/04\/img-join-us-2-5.png)\"><\/div><div class=\"wp-block-cover__inner-container is-layout-flow wp-block-cover-is-layout-flow\">\n<figure class=\"wp-block-image size-full  fade-from-down-slow top-image-left\"><img decoding=\"async\" width=\"456\" height=\"368\" src=\"https:\/\/www.rodller.com\/wp-content\/uploads\/2023\/04\/img-2-6.png\" alt=\"img-2-6\" class=\"wp-image-6273\" srcset=\"https:\/\/www.rodller.com\/wp-content\/uploads\/2023\/04\/img-2-6.png 456w, https:\/\/www.rodller.com\/wp-content\/uploads\/2023\/04\/img-2-6-300x242.png 300w, https:\/\/www.rodller.com\/wp-content\/uploads\/2023\/04\/img-2-6-360x291.png 360w\" sizes=\"(max-width: 456px) 100vw, 456px\" \/><\/figure>\n<\/div><\/div>\n<\/div>\n<\/div>\n\n\n\n<div style=\"height:60px\" aria-hidden=\"true\" class=\"wp-block-spacer\"><\/div>\n\n\n\n<div class=\"wp-block-columns are-vertically-aligned-center gap-100 mb-0 mobile-flex-col-reverse is-layout-flex wp-container-core-columns-layout-5 wp-block-columns-is-layout-flex\">\n<div class=\"wp-block-column is-vertically-aligned-center is-layout-flow wp-block-column-is-layout-flow\">\n<div class=\"wp-block-cover is-light has-parallax has-custom-content-position is-position-bottom-right cover-col\" style=\"min-height:368px\"><span aria-hidden=\"true\" class=\"wp-block-cover__background has-background-dim-0 has-background-dim\"><\/span><div role=\"img\" class=\"wp-block-cover__image-background wp-image-6280 has-parallax\" style=\"background-position:50% 50%;background-image:url(https:\/\/www.rodller.com\/wp-content\/uploads\/2023\/04\/img-join-us-4-5.png)\"><\/div><div class=\"wp-block-cover__inner-container is-layout-flow wp-block-cover-is-layout-flow\">\n<figure class=\"wp-block-image size-full  fade-from-down-slow top-image\"><img loading=\"lazy\" decoding=\"async\" width=\"456\" height=\"368\" src=\"https:\/\/www.rodller.com\/wp-content\/uploads\/2023\/04\/img-join-us-3-5.png\" alt=\"img-join-us-3-5\" class=\"wp-image-6275\" srcset=\"https:\/\/www.rodller.com\/wp-content\/uploads\/2023\/04\/img-join-us-3-5.png 456w, https:\/\/www.rodller.com\/wp-content\/uploads\/2023\/04\/img-join-us-3-5-300x242.png 300w, https:\/\/www.rodller.com\/wp-content\/uploads\/2023\/04\/img-join-us-3-5-360x291.png 360w\" sizes=\"(max-width: 456px) 100vw, 456px\" \/><\/figure>\n<\/div><\/div>\n<\/div>\n\n\n\n<div class=\"wp-block-column is-vertically-aligned-center is-layout-flow wp-block-column-is-layout-flow\">\n<h2 class=\"wp-block-heading mt0 black-heading mt-0 mb-32\" style=\"font-size:38px\"><strong>Au-del\u00e0 <\/strong>des fronti\u00e8res<\/h2>\n\n\n\n<p class=\"mt-mb-0\">En outre, Rodller peut aider \u00e0 distribuer et promouvoir le contenu pour atteindre un public plus large par le biais de divers canaux tels que les m\u00e9dias sociaux, le marketing par courriel, la sensibilisation des influenceurs et la publicit\u00e9 payante. Notre \u00e9quipe peut \u00e9galement fournir des analyses et des informations pour mesurer le succ\u00e8s de la strat\u00e9gie de contenu et prendre des d\u00e9cisions bas\u00e9es sur des donn\u00e9es afin d&#8217;am\u00e9liorer ses performances.<\/p>\n<\/div>\n<\/div>\n\n\n\n<div style=\"height:60px\" aria-hidden=\"true\" class=\"wp-block-spacer\"><\/div>\n\n\n\n<hr class=\"wp-block-separator has-text-color has-alpha-channel-opacity has-background is-style-wide mt-mb-0\" style=\"background-color:#d8d8d8;color:#d8d8d8\"\/>\n\n\n\n<div style=\"height:40px\" aria-hidden=\"true\" class=\"wp-block-spacer\"><\/div>\n\n\n\n<div class=\"wp-block-columns mt-mb-0 is-layout-flex wp-container-core-columns-layout-6 wp-block-columns-is-layout-flex\">\n<div class=\"wp-block-column is-layout-flow wp-block-column-is-layout-flow\">\n<p class=\"has-text-align-center mt-mb-0\">La cr\u00e9ation de contenu est cruciale pour le succ\u00e8s d&#8217;une marque \u00e0 l&#8217;\u00e8re num\u00e9rique, et Rodller peut aider \u00e0 produire un contenu de haute qualit\u00e9 qui engage et convertit le public, pour finalement stimuler la croissance de l&#8217;entreprise.<\/p>\n\n\n\n<div style=\"height:56px\" aria-hidden=\"true\" class=\"wp-block-spacer\"><\/div>\n\n\n\n<figure class=\"wp-block-image size-full\"><img loading=\"lazy\" decoding=\"async\" width=\"1120\" height=\"463\" src=\"https:\/\/www.rodller.com\/wp-content\/uploads\/2023\/04\/img-4-1.png\" alt=\"website..\" class=\"wp-image-4962\" srcset=\"https:\/\/www.rodller.com\/wp-content\/uploads\/2023\/04\/img-4-1.png 1120w, https:\/\/www.rodller.com\/wp-content\/uploads\/2023\/04\/img-4-1-300x124.png 300w, https:\/\/www.rodller.com\/wp-content\/uploads\/2023\/04\/img-4-1-1024x423.png 1024w, https:\/\/www.rodller.com\/wp-content\/uploads\/2023\/04\/img-4-1-768x317.png 768w, https:\/\/www.rodller.com\/wp-content\/uploads\/2023\/04\/img-4-1-553x229.png 553w, https:\/\/www.rodller.com\/wp-content\/uploads\/2023\/04\/img-4-1-360x149.png 360w, https:\/\/www.rodller.com\/wp-content\/uploads\/2023\/04\/img-4-1-750x310.png 750w\" sizes=\"(max-width: 1120px) 100vw, 1120px\" \/><\/figure>\n<\/div>\n<\/div>\n\n\n\n<div style=\"height:120px\" aria-hidden=\"true\" class=\"wp-block-spacer\"><\/div>\n\n\n","protected":false},"excerpt":{"rendered":"<p>Pourquoi la cr\u00e9ation de contenu est-elle importante pour votre entreprise ? Le marketing de contenu permet aux entreprises de mettre en valeur leur expertise, d&#8217;offrir de la valeur \u00e0 leur public et d&#8217;\u00e9tablir des relations avec des clients potentiels. Il contribue \u00e9galement \u00e0 am\u00e9liorer le classement dans les moteurs de recherche, \u00e0 attirer du trafic [&hellip;]<\/p>\n","protected":false},"author":1,"featured_media":0,"parent":0,"menu_order":0,"comment_status":"closed","ping_status":"closed","template":"","meta":{"advgb_blocks_editor_width":"","advgb_blocks_columns_visual_guide":"","_themeisle_gutenberg_block_has_review":false,"footnotes":""},"yoast_head":"<!-- This site is optimized with the Yoast SEO plugin v23.5 - https:\/\/yoast.com\/wordpress\/plugins\/seo\/ -->\n<title>Cr\u00e9ation de contenu | Rodller \u2013 Marketing de contenu &amp; storytelling<\/title>\n<meta name=\"description\" content=\"Rodller cr\u00e9e votre contenu : articles, vid\u00e9os et storytelling pour engager votre audience et renforcer votre marque.\" \/>\n<meta name=\"robots\" content=\"index, follow, max-snippet:-1, max-image-preview:large, max-video-preview:-1\" \/>\n<link rel=\"canonical\" href=\"https:\/\/www.rodller.com\/fr\/creation-de-contenu\/\" \/>\n<meta property=\"og:locale\" content=\"fr_FR\" \/>\n<meta property=\"og:type\" content=\"article\" \/>\n<meta property=\"og:title\" content=\"Cr\u00e9ation de contenu | Rodller \u2013 Marketing de contenu &amp; storytelling\" \/>\n<meta property=\"og:description\" content=\"Rodller cr\u00e9e votre contenu : articles, vid\u00e9os et storytelling pour engager votre audience et renforcer votre marque.\" \/>\n<meta property=\"og:url\" content=\"https:\/\/www.rodller.com\/fr\/creation-de-contenu\/\" \/>\n<meta property=\"og:site_name\" content=\"Rodller\" \/>\n<meta property=\"article:publisher\" content=\"https:\/\/www.facebook.com\/rodllerHQ\/\" \/>\n<meta property=\"article:modified_time\" content=\"2025-11-21T10:00:46+00:00\" \/>\n<meta property=\"og:image\" content=\"https:\/\/www.rodller.com\/wp-content\/uploads\/2023\/04\/content-hero-bg.png\" \/>\n<meta name=\"twitter:card\" content=\"summary_large_image\" \/>\n<meta name=\"twitter:site\" content=\"@RodllerOffice\" \/>\n<meta name=\"twitter:label1\" content=\"Dur\u00e9e de lecture estim\u00e9e\" \/>\n\t<meta name=\"twitter:data1\" content=\"5 minutes\" \/>\n<script type=\"application\/ld+json\" class=\"yoast-schema-graph\">{\"@context\":\"https:\/\/schema.org\",\"@graph\":[{\"@type\":\"WebPage\",\"@id\":\"https:\/\/www.rodller.com\/fr\/creation-de-contenu\/\",\"url\":\"https:\/\/www.rodller.com\/fr\/creation-de-contenu\/\",\"name\":\"Cr\u00e9ation de contenu | Rodller \u2013 Marketing de contenu & storytelling\",\"isPartOf\":{\"@id\":\"https:\/\/www.rodller.com\/#website\"},\"primaryImageOfPage\":{\"@id\":\"https:\/\/www.rodller.com\/fr\/creation-de-contenu\/#primaryimage\"},\"image\":{\"@id\":\"https:\/\/www.rodller.com\/fr\/creation-de-contenu\/#primaryimage\"},\"thumbnailUrl\":\"https:\/\/www.rodller.com\/wp-content\/uploads\/2023\/04\/content-hero-bg.png\",\"datePublished\":\"2024-08-23T07:33:35+00:00\",\"dateModified\":\"2025-11-21T10:00:46+00:00\",\"description\":\"Rodller cr\u00e9e votre contenu : articles, vid\u00e9os et storytelling pour engager votre audience et renforcer votre marque.\",\"breadcrumb\":{\"@id\":\"https:\/\/www.rodller.com\/fr\/creation-de-contenu\/#breadcrumb\"},\"inLanguage\":\"fr-FR\",\"potentialAction\":[{\"@type\":\"ReadAction\",\"target\":[\"https:\/\/www.rodller.com\/fr\/creation-de-contenu\/\"]}]},{\"@type\":\"ImageObject\",\"inLanguage\":\"fr-FR\",\"@id\":\"https:\/\/www.rodller.com\/fr\/creation-de-contenu\/#primaryimage\",\"url\":\"https:\/\/www.rodller.com\/wp-content\/uploads\/2023\/04\/content-hero-bg.png\",\"contentUrl\":\"https:\/\/www.rodller.com\/wp-content\/uploads\/2023\/04\/content-hero-bg.png\"},{\"@type\":\"BreadcrumbList\",\"@id\":\"https:\/\/www.rodller.com\/fr\/creation-de-contenu\/#breadcrumb\",\"itemListElement\":[{\"@type\":\"ListItem\",\"position\":1,\"name\":\"Home\",\"item\":\"https:\/\/www.rodller.com\/\"},{\"@type\":\"ListItem\",\"position\":2,\"name\":\"Cr\u00e9ation de contenu\"}]},{\"@type\":\"WebSite\",\"@id\":\"https:\/\/www.rodller.com\/#website\",\"url\":\"https:\/\/www.rodller.com\/\",\"name\":\"Rodller\",\"description\":\"Digital-as-a-Service\",\"publisher\":{\"@id\":\"https:\/\/www.rodller.com\/#organization\"},\"potentialAction\":[{\"@type\":\"SearchAction\",\"target\":{\"@type\":\"EntryPoint\",\"urlTemplate\":\"https:\/\/www.rodller.com\/?s={search_term_string}\"},\"query-input\":{\"@type\":\"PropertyValueSpecification\",\"valueRequired\":true,\"valueName\":\"search_term_string\"}}],\"inLanguage\":\"fr-FR\"},{\"@type\":\"Organization\",\"@id\":\"https:\/\/www.rodller.com\/#organization\",\"name\":\"Rodller\",\"url\":\"https:\/\/www.rodller.com\/\",\"logo\":{\"@type\":\"ImageObject\",\"inLanguage\":\"fr-FR\",\"@id\":\"https:\/\/www.rodller.com\/#\/schema\/logo\/image\/\",\"url\":\"\",\"contentUrl\":\"\",\"caption\":\"Rodller\"},\"image\":{\"@id\":\"https:\/\/www.rodller.com\/#\/schema\/logo\/image\/\"},\"sameAs\":[\"https:\/\/www.facebook.com\/rodllerHQ\/\",\"https:\/\/x.com\/RodllerOffice\",\"https:\/\/www.linkedin.com\/company\/rodller\/\",\"https:\/\/sk.pinterest.com\/rodller\/\",\"https:\/\/www.youtube.com\/channel\/UCcxDAcsIm2CPDcA00AF4vvw\"]}]}<\/script>\n<!-- \/ Yoast SEO plugin. -->","yoast_head_json":{"title":"Cr\u00e9ation de contenu | Rodller \u2013 Marketing de contenu & storytelling","description":"Rodller cr\u00e9e votre contenu : articles, vid\u00e9os et storytelling pour engager votre audience et renforcer votre marque.","robots":{"index":"index","follow":"follow","max-snippet":"max-snippet:-1","max-image-preview":"max-image-preview:large","max-video-preview":"max-video-preview:-1"},"canonical":"https:\/\/www.rodller.com\/fr\/creation-de-contenu\/","og_locale":"fr_FR","og_type":"article","og_title":"Cr\u00e9ation de contenu | Rodller \u2013 Marketing de contenu & storytelling","og_description":"Rodller cr\u00e9e votre contenu : articles, vid\u00e9os et storytelling pour engager votre audience et renforcer votre marque.","og_url":"https:\/\/www.rodller.com\/fr\/creation-de-contenu\/","og_site_name":"Rodller","article_publisher":"https:\/\/www.facebook.com\/rodllerHQ\/","article_modified_time":"2025-11-21T10:00:46+00:00","og_image":[{"url":"https:\/\/www.rodller.com\/wp-content\/uploads\/2023\/04\/content-hero-bg.png"}],"twitter_card":"summary_large_image","twitter_site":"@RodllerOffice","twitter_misc":{"Dur\u00e9e de lecture estim\u00e9e":"5 minutes"},"schema":{"@context":"https:\/\/schema.org","@graph":[{"@type":"WebPage","@id":"https:\/\/www.rodller.com\/fr\/creation-de-contenu\/","url":"https:\/\/www.rodller.com\/fr\/creation-de-contenu\/","name":"Cr\u00e9ation de contenu | Rodller \u2013 Marketing de contenu & storytelling","isPartOf":{"@id":"https:\/\/www.rodller.com\/#website"},"primaryImageOfPage":{"@id":"https:\/\/www.rodller.com\/fr\/creation-de-contenu\/#primaryimage"},"image":{"@id":"https:\/\/www.rodller.com\/fr\/creation-de-contenu\/#primaryimage"},"thumbnailUrl":"https:\/\/www.rodller.com\/wp-content\/uploads\/2023\/04\/content-hero-bg.png","datePublished":"2024-08-23T07:33:35+00:00","dateModified":"2025-11-21T10:00:46+00:00","description":"Rodller cr\u00e9e votre contenu : articles, vid\u00e9os et storytelling pour engager votre audience et renforcer votre marque.","breadcrumb":{"@id":"https:\/\/www.rodller.com\/fr\/creation-de-contenu\/#breadcrumb"},"inLanguage":"fr-FR","potentialAction":[{"@type":"ReadAction","target":["https:\/\/www.rodller.com\/fr\/creation-de-contenu\/"]}]},{"@type":"ImageObject","inLanguage":"fr-FR","@id":"https:\/\/www.rodller.com\/fr\/creation-de-contenu\/#primaryimage","url":"https:\/\/www.rodller.com\/wp-content\/uploads\/2023\/04\/content-hero-bg.png","contentUrl":"https:\/\/www.rodller.com\/wp-content\/uploads\/2023\/04\/content-hero-bg.png"},{"@type":"BreadcrumbList","@id":"https:\/\/www.rodller.com\/fr\/creation-de-contenu\/#breadcrumb","itemListElement":[{"@type":"ListItem","position":1,"name":"Home","item":"https:\/\/www.rodller.com\/"},{"@type":"ListItem","position":2,"name":"Cr\u00e9ation de contenu"}]},{"@type":"WebSite","@id":"https:\/\/www.rodller.com\/#website","url":"https:\/\/www.rodller.com\/","name":"Rodller","description":"Digital-as-a-Service","publisher":{"@id":"https:\/\/www.rodller.com\/#organization"},"potentialAction":[{"@type":"SearchAction","target":{"@type":"EntryPoint","urlTemplate":"https:\/\/www.rodller.com\/?s={search_term_string}"},"query-input":{"@type":"PropertyValueSpecification","valueRequired":true,"valueName":"search_term_string"}}],"inLanguage":"fr-FR"},{"@type":"Organization","@id":"https:\/\/www.rodller.com\/#organization","name":"Rodller","url":"https:\/\/www.rodller.com\/","logo":{"@type":"ImageObject","inLanguage":"fr-FR","@id":"https:\/\/www.rodller.com\/#\/schema\/logo\/image\/","url":"","contentUrl":"","caption":"Rodller"},"image":{"@id":"https:\/\/www.rodller.com\/#\/schema\/logo\/image\/"},"sameAs":["https:\/\/www.facebook.com\/rodllerHQ\/","https:\/\/x.com\/RodllerOffice","https:\/\/www.linkedin.com\/company\/rodller\/","https:\/\/sk.pinterest.com\/rodller\/","https:\/\/www.youtube.com\/channel\/UCcxDAcsIm2CPDcA00AF4vvw"]}]}},"coauthors":[],"author_meta":{"author_link":"https:\/\/www.rodller.com\/fr\/author\/almimagu\/","display_name":"Rodller Team"},"relative_dates":{"created":"Publi\u00e9 2 ans il y a","modified":"Mis \u00e0 jour 6 mois il y a"},"absolute_dates":{"created":"Publi\u00e9 le ao\u00fbt 23, 2024","modified":"Mise \u00e0 jour le novembre 21, 2025"},"absolute_dates_time":{"created":"Publi\u00e9 le ao\u00fbt 23, 2024 7:33 am","modified":"Mise \u00e0 jour le novembre 21, 2025 10:00 am"},"featured_img_caption":"","featured_img":false,"series_order":"","_links":{"self":[{"href":"https:\/\/www.rodller.com\/fr\/wp-json\/wp\/v2\/pages\/12887"}],"collection":[{"href":"https:\/\/www.rodller.com\/fr\/wp-json\/wp\/v2\/pages"}],"about":[{"href":"https:\/\/www.rodller.com\/fr\/wp-json\/wp\/v2\/types\/page"}],"author":[{"embeddable":true,"href":"https:\/\/www.rodller.com\/fr\/wp-json\/wp\/v2\/users\/1"}],"replies":[{"embeddable":true,"href":"https:\/\/www.rodller.com\/fr\/wp-json\/wp\/v2\/comments?post=12887"}],"version-history":[{"count":1,"href":"https:\/\/www.rodller.com\/fr\/wp-json\/wp\/v2\/pages\/12887\/revisions"}],"predecessor-version":[{"id":12888,"href":"https:\/\/www.rodller.com\/fr\/wp-json\/wp\/v2\/pages\/12887\/revisions\/12888"}],"wp:attachment":[{"href":"https:\/\/www.rodller.com\/fr\/wp-json\/wp\/v2\/media?parent=12887"}],"curies":[{"name":"wp","href":"https:\/\/api.w.org\/{rel}","templated":true}]}}