{"id":12879,"date":"2024-08-23T06:53:53","date_gmt":"2024-08-23T06:53:53","guid":{"rendered":"https:\/\/www.rodller.com\/?page_id=12879"},"modified":"2025-11-19T13:35:34","modified_gmt":"2025-11-19T13:35:34","slug":"strategie-de-marque","status":"publish","type":"page","link":"https:\/\/www.rodller.com\/fr\/strategie-de-marque\/","title":{"rendered":"Strat\u00e9gie de marque"},"content":{"rendered":"\n<div class=\"wp-block-cover alignfull mh-358 seo show-lg-screen-only\"><span aria-hidden=\"true\" class=\"wp-block-cover__background has-background-dim-0 has-background-dim\"><\/span><img fetchpriority=\"high\" decoding=\"async\" width=\"1440\" height=\"358\" class=\"wp-block-cover__image-background wp-image-4331\" alt=\"brand strategy hero image\" src=\"https:\/\/www.rodller.com\/wp-content\/uploads\/2023\/04\/brand-strategy-hero-img-1.png\" data-object-fit=\"cover\" srcset=\"https:\/\/www.rodller.com\/wp-content\/uploads\/2023\/04\/brand-strategy-hero-img-1.png 1440w, https:\/\/www.rodller.com\/wp-content\/uploads\/2023\/04\/brand-strategy-hero-img-1-300x75.png 300w, https:\/\/www.rodller.com\/wp-content\/uploads\/2023\/04\/brand-strategy-hero-img-1-1024x255.png 1024w, https:\/\/www.rodller.com\/wp-content\/uploads\/2023\/04\/brand-strategy-hero-img-1-768x191.png 768w, https:\/\/www.rodller.com\/wp-content\/uploads\/2023\/04\/brand-strategy-hero-img-1-553x137.png 553w, https:\/\/www.rodller.com\/wp-content\/uploads\/2023\/04\/brand-strategy-hero-img-1-1140x283.png 1140w, https:\/\/www.rodller.com\/wp-content\/uploads\/2023\/04\/brand-strategy-hero-img-1-360x90.png 360w, https:\/\/www.rodller.com\/wp-content\/uploads\/2023\/04\/brand-strategy-hero-img-1-750x186.png 750w\" sizes=\"(max-width: 1440px) 100vw, 1440px\" \/><div class=\"wp-block-cover__inner-container is-layout-flow wp-block-cover-is-layout-flow\">\n<div class=\"wp-block-columns container-w1140 mt-mb-0 mh-358 is-layout-flex wp-container-core-columns-layout-1 wp-block-columns-is-layout-flex\">\n<div class=\"wp-block-column container-w1140 mt-mb-0 pt-pb-0 is-layout-flow wp-block-column-is-layout-flow\">\n<div style=\"height:24px\" aria-hidden=\"true\" class=\"wp-block-spacer\"><\/div>\n\n\n<div class=\"yoast-breadcrumbs mb-0\"><span><span><a href=\"https:\/\/www.rodller.com\/\">Home<\/a><\/span> \u00bb <span class=\"breadcrumb_last\" aria-current=\"page\">Strat\u00e9gie de marque<\/span><\/span><\/div>\n\n\n<div style=\"height:101px\" aria-hidden=\"true\" class=\"wp-block-spacer\"><\/div>\n\n\n\n<h1 class=\"wp-block-heading mt-0\" style=\"font-size:60px\"><strong>Strat\u00e9gie de marque<\/strong><\/h1>\n<\/div>\n<\/div>\n<\/div><\/div>\n\n\n\n<div class=\"wp-block-cover alignfull mh-358 seo hide-desktop show-mobile-hero-sm\"><span aria-hidden=\"true\" class=\"wp-block-cover__background has-background-dim-0 has-background-dim\"><\/span><img fetchpriority=\"high\" decoding=\"async\" width=\"1440\" height=\"358\" class=\"wp-block-cover__image-background wp-image-4331\" alt=\"brand strategy hero image\" src=\"https:\/\/www.rodller.com\/wp-content\/uploads\/2023\/04\/brand-strategy-hero-img-1.png\" data-object-fit=\"cover\" srcset=\"https:\/\/www.rodller.com\/wp-content\/uploads\/2023\/04\/brand-strategy-hero-img-1.png 1440w, https:\/\/www.rodller.com\/wp-content\/uploads\/2023\/04\/brand-strategy-hero-img-1-300x75.png 300w, https:\/\/www.rodller.com\/wp-content\/uploads\/2023\/04\/brand-strategy-hero-img-1-1024x255.png 1024w, https:\/\/www.rodller.com\/wp-content\/uploads\/2023\/04\/brand-strategy-hero-img-1-768x191.png 768w, https:\/\/www.rodller.com\/wp-content\/uploads\/2023\/04\/brand-strategy-hero-img-1-553x137.png 553w, https:\/\/www.rodller.com\/wp-content\/uploads\/2023\/04\/brand-strategy-hero-img-1-1140x283.png 1140w, https:\/\/www.rodller.com\/wp-content\/uploads\/2023\/04\/brand-strategy-hero-img-1-360x90.png 360w, https:\/\/www.rodller.com\/wp-content\/uploads\/2023\/04\/brand-strategy-hero-img-1-750x186.png 750w\" sizes=\"(max-width: 1440px) 100vw, 1440px\" \/><div class=\"wp-block-cover__inner-container is-layout-flow wp-block-cover-is-layout-flow\">\n<div class=\"wp-block-columns container-w1140 mt-mb-0 is-layout-flex wp-container-core-columns-layout-2 wp-block-columns-is-layout-flex\">\n<div class=\"wp-block-column container-w1140 mt-mb-0 pt-pb-0 is-layout-flow wp-block-column-is-layout-flow\"><div class=\"yoast-breadcrumbs mb-0\"><span><span><a href=\"https:\/\/www.rodller.com\/\">Home<\/a><\/span> \u00bb <span class=\"breadcrumb_last\" aria-current=\"page\">Strat\u00e9gie de marque<\/span><\/span><\/div>\n\n\n<div style=\"height:101px\" aria-hidden=\"true\" class=\"wp-block-spacer mob-d-none\"><\/div>\n\n\n\n<h1 class=\"wp-block-heading mt-0\" style=\"font-size:60px\"><strong>Strat\u00e9gie de marque<\/strong><\/h1>\n\n\n\n<div style=\"height:70px\" aria-hidden=\"true\" class=\"wp-block-spacer\"><\/div>\n<\/div>\n<\/div>\n<\/div><\/div>\n\n\n\n<div style=\"height:121px\" aria-hidden=\"true\" class=\"wp-block-spacer\"><\/div>\n\n\n\n<div class=\"wp-block-columns container-w1140 is-layout-flex wp-container-core-columns-layout-3 wp-block-columns-is-layout-flex\">\n<div class=\"wp-block-column pt-pb-0 is-layout-flow wp-block-column-is-layout-flow\">\n<p class=\"has-text-align-center p-text mb-30 no-margin-top has-text-color\" style=\"color:#808081;font-size:17px\">Une identit\u00e9 de marque forte est essentielle dans le march\u00e9 hautement concurrentiel d&#8217;aujourd&#8217;hui. Une identit\u00e9 de marque forte permet \u00e0 une entreprise de se d\u00e9marquer de ses concurrents. Chez Rodller, nous pensons qu&#8217;il est essentiel d&#8217;\u00e9tablir la confiance et la fid\u00e9lit\u00e9 des clients. L&#8217;image de marque permet \u00e0 votre entreprise de se diff\u00e9rencier et de diff\u00e9rencier ses offres. Elle contribue \u00e0 cr\u00e9er un lien \u00e9motionnel avec les clients et fournit une plate-forme claire pour communiquer votre proposition de valeur unique. Enfin, une identit\u00e9 de marque forte contribue \u00e0 accro\u00eetre la reconnaissance et la visibilit\u00e9 de la marque, ce qui peut se traduire par une augmentation des ventes et des b\u00e9n\u00e9fices. Nous utilisons un design, un langage et un contenu astucieux, ainsi que d&#8217;autres moyens tels que la vid\u00e9o, pour transmettre le lien \u00e9motionnel.<\/p>\n\n\n\n<div class=\"wp-block-buttons is-horizontal is-content-justification-center is-layout-flex wp-container-core-buttons-layout-1 wp-block-buttons-is-layout-flex\">\n<div class=\"wp-block-button btn-square\"><a class=\"wp-block-button__link wp-element-button\" href=\"https:\/\/www.rodller.com\/contact-us\/\" target=\"_blank\" rel=\"noreferrer noopener\">Nous contacter<\/a><\/div>\n<\/div>\n\n\n\n<div style=\"height:48px\" aria-hidden=\"true\" class=\"wp-block-spacer\"><\/div>\n\n\n<div class=\"wp-block-image\">\n<figure class=\"aligncenter size-full\"><img decoding=\"async\" src=\"https:\/\/www.rodller.com\/wp-content\/uploads\/2023\/04\/rodller-process.svg\" alt=\"rodller process\" class=\"wp-image-3860\"\/><\/figure><\/div><\/div>\n<\/div>\n\n\n\n<div style=\"height:120px\" aria-hidden=\"true\" class=\"wp-block-spacer\"><\/div>\n\n\n\n<div class=\"wp-block-columns are-vertically-aligned-center gap-100 mobile-flex-col-reverse no-margin-bottom is-layout-flex wp-container-core-columns-layout-4 wp-block-columns-is-layout-flex\">\n<div class=\"wp-block-column is-vertically-aligned-center is-layout-flow wp-block-column-is-layout-flow\">\n<div class=\"wp-block-cover is-light has-parallax has-custom-content-position is-position-bottom-right cover-col\" style=\"min-height:368px\"><span aria-hidden=\"true\" class=\"wp-block-cover__background has-background-dim-0 has-background-dim\"><\/span><div role=\"img\" class=\"wp-block-cover__image-background wp-image-6948 has-parallax\" style=\"background-position:50% 50%;background-image:url(https:\/\/www.rodller.com\/wp-content\/uploads\/2023\/05\/img-join-us-1.png)\"><\/div><div class=\"wp-block-cover__inner-container is-layout-flow wp-block-cover-is-layout-flow\">\n<figure class=\"wp-block-image size-full  fade-from-down-slow top-image\"><img decoding=\"async\" width=\"912\" height=\"736\" src=\"https:\/\/www.rodller.com\/wp-content\/uploads\/2023\/05\/Group-47374.png\" alt=\"mountain\" class=\"wp-image-6950\" srcset=\"https:\/\/www.rodller.com\/wp-content\/uploads\/2023\/05\/Group-47374.png 912w, https:\/\/www.rodller.com\/wp-content\/uploads\/2023\/05\/Group-47374-300x242.png 300w, https:\/\/www.rodller.com\/wp-content\/uploads\/2023\/05\/Group-47374-768x620.png 768w, https:\/\/www.rodller.com\/wp-content\/uploads\/2023\/05\/Group-47374-553x446.png 553w, https:\/\/www.rodller.com\/wp-content\/uploads\/2023\/05\/Group-47374-360x291.png 360w, https:\/\/www.rodller.com\/wp-content\/uploads\/2023\/05\/Group-47374-750x605.png 750w\" sizes=\"(max-width: 912px) 100vw, 912px\" \/><\/figure>\n<\/div><\/div>\n<\/div>\n\n\n\n<div class=\"wp-block-column is-vertically-aligned-center is-layout-flow wp-block-column-is-layout-flow\">\n<h2 class=\"wp-block-heading mt0 black-heading mt-0 mb-32\">Processus d&#8217;\u00e9laboration de la marque<strong> Rodller<\/strong><\/h2>\n\n\n\n<p class=\"mb-32 mw-544\">L&#8217;approche de Rodller en mati\u00e8re de strat\u00e9gie de marque commence par une compr\u00e9hension approfondie de l&#8217;\u00e9thique de votre marque, de vos objectifs commerciaux, de votre public cible et de votre march\u00e9. Nous travaillons en \u00e9troite collaboration avec nos clients pour d\u00e9velopper un objectif de marque unique, une mission et des valeurs qui capturent l&#8217;essence de votre entreprise et vous diff\u00e9rencient de vos concurrents. \u00c0 partir de l\u00e0, nous \u00e9laborons un message de marque et une identit\u00e9 visuelle coh\u00e9rents qui s&#8217;alignent sur votre strat\u00e9gie de marque et trouvent un \u00e9cho aupr\u00e8s de votre public cible. Notre \u00e9quipe d&#8217;experts en design, r\u00e9daction et marketing travaille ensemble pour cr\u00e9er une exp\u00e9rience de marque coh\u00e9rente et convaincante \u00e0 travers tous les points de contact, de votre site web \u00e0 vos canaux de m\u00e9dias sociaux. Chez Rodller, nous comprenons qu&#8217;une strat\u00e9gie de marque forte est un processus continu. Nous contr\u00f4lons et \u00e9valuons en permanence les performances de votre marque et formulons des recommandations fond\u00e9es sur des donn\u00e9es afin d&#8217;optimiser votre strat\u00e9gie pour un impact et un retour sur investissement maximums. Si vous \u00eates pr\u00eat \u00e0 faire passer votre marque au niveau sup\u00e9rieur, contactez-nous pour planifier une consultation avec notre \u00e9quipe d&#8217;experts. Nous sommes impatients de travailler avec vous pour cr\u00e9er une strat\u00e9gie de marque gagnante qui stimule la croissance et le succ\u00e8s de votre entreprise.<\/p>\n<\/div>\n<\/div>\n\n\n\n<div style=\"height:120px\" aria-hidden=\"true\" class=\"wp-block-spacer h-24\"><\/div>\n\n\n\n<hr class=\"wp-block-separator has-text-color has-css-opacity has-background is-style-wide mt-mb-0 mobile-display-none\" style=\"background-color:#d8d8d8;color:#d8d8d8\"\/>\n\n\n\n<div style=\"height:84px\" aria-hidden=\"true\" class=\"wp-block-spacer mobile-display-none\"><\/div>\n\n\n\n<div class=\"wp-block-columns pt-pb-0 no-margin-bottom is-layout-flex wp-container-core-columns-layout-7 wp-block-columns-is-layout-flex\">\n<div class=\"wp-block-column pt-pb-0 is-layout-flow wp-block-column-is-layout-flow\">\n<h2 class=\"wp-block-heading mt-0 mb-32 has-text-color\" style=\"color:#1a1a1a;font-size:38px\"><strong>B<\/strong> <strong>Exemple de livre de marque<\/strong><\/h2>\n\n\n\n<div class=\"wp-block-columns no-padding mt-mb-0 is-layout-flex wp-container-core-columns-layout-5 wp-block-columns-is-layout-flex\">\n<div class=\"wp-block-column no-padding is-layout-flow wp-block-column-is-layout-flow\">\n<figure class=\"wp-block-image size-full\"><img decoding=\"async\" width=\"531\" height=\"299\" src=\"https:\/\/www.rodller.com\/wp-content\/uploads\/2023\/04\/brand-guidelines.png\" alt=\"brand-guidelines\" class=\"wp-image-4343\" srcset=\"https:\/\/www.rodller.com\/wp-content\/uploads\/2023\/04\/brand-guidelines.png 531w, https:\/\/www.rodller.com\/wp-content\/uploads\/2023\/04\/brand-guidelines-300x169.png 300w, https:\/\/www.rodller.com\/wp-content\/uploads\/2023\/04\/brand-guidelines-360x203.png 360w\" sizes=\"(max-width: 531px) 100vw, 531px\" \/><\/figure>\n<\/div>\n\n\n\n<div class=\"wp-block-column no-padding is-layout-flow wp-block-column-is-layout-flow\">\n<figure class=\"wp-block-image size-full\"><img loading=\"lazy\" decoding=\"async\" width=\"531\" height=\"299\" src=\"https:\/\/www.rodller.com\/wp-content\/uploads\/2023\/04\/introduction.png\" alt=\"introduction\" class=\"wp-image-4337\" srcset=\"https:\/\/www.rodller.com\/wp-content\/uploads\/2023\/04\/introduction.png 531w, https:\/\/www.rodller.com\/wp-content\/uploads\/2023\/04\/introduction-300x169.png 300w, https:\/\/www.rodller.com\/wp-content\/uploads\/2023\/04\/introduction-360x203.png 360w\" sizes=\"(max-width: 531px) 100vw, 531px\" \/><\/figure>\n<\/div>\n<\/div>\n\n\n\n<div style=\"height:32px\" aria-hidden=\"true\" class=\"wp-block-spacer\"><\/div>\n\n\n\n<div class=\"wp-block-columns no-padding mt-mb-0 is-layout-flex wp-container-core-columns-layout-6 wp-block-columns-is-layout-flex\">\n<div class=\"wp-block-column no-padding is-layout-flow wp-block-column-is-layout-flow\">\n<figure class=\"wp-block-image size-full\"><img loading=\"lazy\" decoding=\"async\" width=\"531\" height=\"299\" src=\"https:\/\/www.rodller.com\/wp-content\/uploads\/2023\/04\/logo-application.png\" alt=\"logo-application\" class=\"wp-image-4339\" srcset=\"https:\/\/www.rodller.com\/wp-content\/uploads\/2023\/04\/logo-application.png 531w, https:\/\/www.rodller.com\/wp-content\/uploads\/2023\/04\/logo-application-300x169.png 300w, https:\/\/www.rodller.com\/wp-content\/uploads\/2023\/04\/logo-application-360x203.png 360w\" sizes=\"(max-width: 531px) 100vw, 531px\" \/><\/figure>\n<\/div>\n\n\n\n<div class=\"wp-block-column no-padding is-layout-flow wp-block-column-is-layout-flow\">\n<figure class=\"wp-block-image size-full\"><img loading=\"lazy\" decoding=\"async\" width=\"531\" height=\"299\" src=\"https:\/\/www.rodller.com\/wp-content\/uploads\/2023\/04\/color-palette.png\" alt=\"color-palette\" class=\"wp-image-4341\" srcset=\"https:\/\/www.rodller.com\/wp-content\/uploads\/2023\/04\/color-palette.png 531w, https:\/\/www.rodller.com\/wp-content\/uploads\/2023\/04\/color-palette-300x169.png 300w, https:\/\/www.rodller.com\/wp-content\/uploads\/2023\/04\/color-palette-360x203.png 360w\" sizes=\"(max-width: 531px) 100vw, 531px\" \/><\/figure>\n<\/div>\n<\/div>\n<\/div>\n<\/div>\n\n\n\n<div style=\"height:120px\" aria-hidden=\"true\" class=\"wp-block-spacer\"><\/div>\n\n\n","protected":false},"excerpt":{"rendered":"<p>Une identit\u00e9 de marque forte est essentielle dans le march\u00e9 hautement concurrentiel d&#8217;aujourd&#8217;hui. Une identit\u00e9 de marque forte permet \u00e0 une entreprise de se d\u00e9marquer de ses concurrents. Chez Rodller, nous pensons qu&#8217;il est essentiel d&#8217;\u00e9tablir la confiance et la fid\u00e9lit\u00e9 des clients. L&#8217;image de marque permet \u00e0 votre entreprise de se diff\u00e9rencier et de [&hellip;]<\/p>\n","protected":false},"author":1,"featured_media":0,"parent":0,"menu_order":0,"comment_status":"closed","ping_status":"closed","template":"","meta":{"advgb_blocks_editor_width":"","advgb_blocks_columns_visual_guide":"","_themeisle_gutenberg_block_has_review":false,"footnotes":""},"yoast_head":"<!-- This site is optimized with the Yoast SEO plugin v23.5 - https:\/\/yoast.com\/wordpress\/plugins\/seo\/ -->\n<title>Strat\u00e9gie de marque | Rodller \u2013 Positionnement<\/title>\n<meta name=\"description\" content=\"Rodller \u00e9labore votre strat\u00e9gie de marque : positionnement, identit\u00e9 visuelle et diff\u00e9renciation pour un impact durable.\" \/>\n<meta name=\"robots\" content=\"index, follow, max-snippet:-1, max-image-preview:large, max-video-preview:-1\" \/>\n<link rel=\"canonical\" href=\"https:\/\/www.rodller.com\/fr\/strategie-de-marque\/\" \/>\n<meta property=\"og:locale\" content=\"fr_FR\" \/>\n<meta property=\"og:type\" content=\"article\" \/>\n<meta property=\"og:title\" content=\"Strat\u00e9gie de marque | Rodller \u2013 Positionnement\" \/>\n<meta property=\"og:description\" content=\"Rodller \u00e9labore votre strat\u00e9gie de marque : positionnement, identit\u00e9 visuelle et diff\u00e9renciation pour un impact durable.\" \/>\n<meta property=\"og:url\" content=\"https:\/\/www.rodller.com\/fr\/strategie-de-marque\/\" \/>\n<meta property=\"og:site_name\" content=\"Rodller\" \/>\n<meta property=\"article:publisher\" content=\"https:\/\/www.facebook.com\/rodllerHQ\/\" \/>\n<meta property=\"article:modified_time\" content=\"2025-11-19T13:35:34+00:00\" \/>\n<meta property=\"og:image\" content=\"https:\/\/www.rodller.com\/wp-content\/uploads\/2023\/04\/brand-strategy-hero-img-1.png\" \/>\n<meta name=\"twitter:card\" content=\"summary_large_image\" \/>\n<meta name=\"twitter:site\" content=\"@RodllerOffice\" \/>\n<meta name=\"twitter:label1\" content=\"Dur\u00e9e de lecture estim\u00e9e\" \/>\n\t<meta name=\"twitter:data1\" content=\"7 minutes\" \/>\n<script type=\"application\/ld+json\" class=\"yoast-schema-graph\">{\"@context\":\"https:\/\/schema.org\",\"@graph\":[{\"@type\":\"WebPage\",\"@id\":\"https:\/\/www.rodller.com\/fr\/strategie-de-marque\/\",\"url\":\"https:\/\/www.rodller.com\/fr\/strategie-de-marque\/\",\"name\":\"Strat\u00e9gie de marque | Rodller \u2013 Positionnement\",\"isPartOf\":{\"@id\":\"https:\/\/www.rodller.com\/#website\"},\"primaryImageOfPage\":{\"@id\":\"https:\/\/www.rodller.com\/fr\/strategie-de-marque\/#primaryimage\"},\"image\":{\"@id\":\"https:\/\/www.rodller.com\/fr\/strategie-de-marque\/#primaryimage\"},\"thumbnailUrl\":\"https:\/\/www.rodller.com\/wp-content\/uploads\/2023\/04\/brand-strategy-hero-img-1.png\",\"datePublished\":\"2024-08-23T06:53:53+00:00\",\"dateModified\":\"2025-11-19T13:35:34+00:00\",\"description\":\"Rodller \u00e9labore votre strat\u00e9gie de marque : positionnement, identit\u00e9 visuelle et diff\u00e9renciation pour un impact durable.\",\"breadcrumb\":{\"@id\":\"https:\/\/www.rodller.com\/fr\/strategie-de-marque\/#breadcrumb\"},\"inLanguage\":\"fr-FR\",\"potentialAction\":[{\"@type\":\"ReadAction\",\"target\":[\"https:\/\/www.rodller.com\/fr\/strategie-de-marque\/\"]}]},{\"@type\":\"ImageObject\",\"inLanguage\":\"fr-FR\",\"@id\":\"https:\/\/www.rodller.com\/fr\/strategie-de-marque\/#primaryimage\",\"url\":\"https:\/\/www.rodller.com\/wp-content\/uploads\/2023\/04\/brand-strategy-hero-img-1.png\",\"contentUrl\":\"https:\/\/www.rodller.com\/wp-content\/uploads\/2023\/04\/brand-strategy-hero-img-1.png\"},{\"@type\":\"BreadcrumbList\",\"@id\":\"https:\/\/www.rodller.com\/fr\/strategie-de-marque\/#breadcrumb\",\"itemListElement\":[{\"@type\":\"ListItem\",\"position\":1,\"name\":\"Home\",\"item\":\"https:\/\/www.rodller.com\/\"},{\"@type\":\"ListItem\",\"position\":2,\"name\":\"Strat\u00e9gie de marque\"}]},{\"@type\":\"WebSite\",\"@id\":\"https:\/\/www.rodller.com\/#website\",\"url\":\"https:\/\/www.rodller.com\/\",\"name\":\"Rodller\",\"description\":\"Digital-as-a-Service\",\"publisher\":{\"@id\":\"https:\/\/www.rodller.com\/#organization\"},\"potentialAction\":[{\"@type\":\"SearchAction\",\"target\":{\"@type\":\"EntryPoint\",\"urlTemplate\":\"https:\/\/www.rodller.com\/?s={search_term_string}\"},\"query-input\":{\"@type\":\"PropertyValueSpecification\",\"valueRequired\":true,\"valueName\":\"search_term_string\"}}],\"inLanguage\":\"fr-FR\"},{\"@type\":\"Organization\",\"@id\":\"https:\/\/www.rodller.com\/#organization\",\"name\":\"Rodller\",\"url\":\"https:\/\/www.rodller.com\/\",\"logo\":{\"@type\":\"ImageObject\",\"inLanguage\":\"fr-FR\",\"@id\":\"https:\/\/www.rodller.com\/#\/schema\/logo\/image\/\",\"url\":\"\",\"contentUrl\":\"\",\"caption\":\"Rodller\"},\"image\":{\"@id\":\"https:\/\/www.rodller.com\/#\/schema\/logo\/image\/\"},\"sameAs\":[\"https:\/\/www.facebook.com\/rodllerHQ\/\",\"https:\/\/x.com\/RodllerOffice\",\"https:\/\/www.linkedin.com\/company\/rodller\/\",\"https:\/\/sk.pinterest.com\/rodller\/\",\"https:\/\/www.youtube.com\/channel\/UCcxDAcsIm2CPDcA00AF4vvw\"]}]}<\/script>\n<!-- \/ Yoast SEO plugin. -->","yoast_head_json":{"title":"Strat\u00e9gie de marque | Rodller \u2013 Positionnement","description":"Rodller \u00e9labore votre strat\u00e9gie de marque : positionnement, identit\u00e9 visuelle et diff\u00e9renciation pour un impact durable.","robots":{"index":"index","follow":"follow","max-snippet":"max-snippet:-1","max-image-preview":"max-image-preview:large","max-video-preview":"max-video-preview:-1"},"canonical":"https:\/\/www.rodller.com\/fr\/strategie-de-marque\/","og_locale":"fr_FR","og_type":"article","og_title":"Strat\u00e9gie de marque | Rodller \u2013 Positionnement","og_description":"Rodller \u00e9labore votre strat\u00e9gie de marque : positionnement, identit\u00e9 visuelle et diff\u00e9renciation pour un impact durable.","og_url":"https:\/\/www.rodller.com\/fr\/strategie-de-marque\/","og_site_name":"Rodller","article_publisher":"https:\/\/www.facebook.com\/rodllerHQ\/","article_modified_time":"2025-11-19T13:35:34+00:00","og_image":[{"url":"https:\/\/www.rodller.com\/wp-content\/uploads\/2023\/04\/brand-strategy-hero-img-1.png"}],"twitter_card":"summary_large_image","twitter_site":"@RodllerOffice","twitter_misc":{"Dur\u00e9e de lecture estim\u00e9e":"7 minutes"},"schema":{"@context":"https:\/\/schema.org","@graph":[{"@type":"WebPage","@id":"https:\/\/www.rodller.com\/fr\/strategie-de-marque\/","url":"https:\/\/www.rodller.com\/fr\/strategie-de-marque\/","name":"Strat\u00e9gie de marque | Rodller \u2013 Positionnement","isPartOf":{"@id":"https:\/\/www.rodller.com\/#website"},"primaryImageOfPage":{"@id":"https:\/\/www.rodller.com\/fr\/strategie-de-marque\/#primaryimage"},"image":{"@id":"https:\/\/www.rodller.com\/fr\/strategie-de-marque\/#primaryimage"},"thumbnailUrl":"https:\/\/www.rodller.com\/wp-content\/uploads\/2023\/04\/brand-strategy-hero-img-1.png","datePublished":"2024-08-23T06:53:53+00:00","dateModified":"2025-11-19T13:35:34+00:00","description":"Rodller \u00e9labore votre strat\u00e9gie de marque : positionnement, identit\u00e9 visuelle et diff\u00e9renciation pour un impact durable.","breadcrumb":{"@id":"https:\/\/www.rodller.com\/fr\/strategie-de-marque\/#breadcrumb"},"inLanguage":"fr-FR","potentialAction":[{"@type":"ReadAction","target":["https:\/\/www.rodller.com\/fr\/strategie-de-marque\/"]}]},{"@type":"ImageObject","inLanguage":"fr-FR","@id":"https:\/\/www.rodller.com\/fr\/strategie-de-marque\/#primaryimage","url":"https:\/\/www.rodller.com\/wp-content\/uploads\/2023\/04\/brand-strategy-hero-img-1.png","contentUrl":"https:\/\/www.rodller.com\/wp-content\/uploads\/2023\/04\/brand-strategy-hero-img-1.png"},{"@type":"BreadcrumbList","@id":"https:\/\/www.rodller.com\/fr\/strategie-de-marque\/#breadcrumb","itemListElement":[{"@type":"ListItem","position":1,"name":"Home","item":"https:\/\/www.rodller.com\/"},{"@type":"ListItem","position":2,"name":"Strat\u00e9gie de marque"}]},{"@type":"WebSite","@id":"https:\/\/www.rodller.com\/#website","url":"https:\/\/www.rodller.com\/","name":"Rodller","description":"Digital-as-a-Service","publisher":{"@id":"https:\/\/www.rodller.com\/#organization"},"potentialAction":[{"@type":"SearchAction","target":{"@type":"EntryPoint","urlTemplate":"https:\/\/www.rodller.com\/?s={search_term_string}"},"query-input":{"@type":"PropertyValueSpecification","valueRequired":true,"valueName":"search_term_string"}}],"inLanguage":"fr-FR"},{"@type":"Organization","@id":"https:\/\/www.rodller.com\/#organization","name":"Rodller","url":"https:\/\/www.rodller.com\/","logo":{"@type":"ImageObject","inLanguage":"fr-FR","@id":"https:\/\/www.rodller.com\/#\/schema\/logo\/image\/","url":"","contentUrl":"","caption":"Rodller"},"image":{"@id":"https:\/\/www.rodller.com\/#\/schema\/logo\/image\/"},"sameAs":["https:\/\/www.facebook.com\/rodllerHQ\/","https:\/\/x.com\/RodllerOffice","https:\/\/www.linkedin.com\/company\/rodller\/","https:\/\/sk.pinterest.com\/rodller\/","https:\/\/www.youtube.com\/channel\/UCcxDAcsIm2CPDcA00AF4vvw"]}]}},"coauthors":[],"author_meta":{"author_link":"https:\/\/www.rodller.com\/fr\/author\/almimagu\/","display_name":"Rodller Team"},"relative_dates":{"created":"Publi\u00e9 2 ans il y a","modified":"Mis \u00e0 jour 5 mois il y a"},"absolute_dates":{"created":"Publi\u00e9 le ao\u00fbt 23, 2024","modified":"Mise \u00e0 jour le novembre 19, 2025"},"absolute_dates_time":{"created":"Publi\u00e9 le ao\u00fbt 23, 2024 6:53 am","modified":"Mise \u00e0 jour le novembre 19, 2025 1:35 pm"},"featured_img_caption":"","featured_img":false,"series_order":"","_links":{"self":[{"href":"https:\/\/www.rodller.com\/fr\/wp-json\/wp\/v2\/pages\/12879"}],"collection":[{"href":"https:\/\/www.rodller.com\/fr\/wp-json\/wp\/v2\/pages"}],"about":[{"href":"https:\/\/www.rodller.com\/fr\/wp-json\/wp\/v2\/types\/page"}],"author":[{"embeddable":true,"href":"https:\/\/www.rodller.com\/fr\/wp-json\/wp\/v2\/users\/1"}],"replies":[{"embeddable":true,"href":"https:\/\/www.rodller.com\/fr\/wp-json\/wp\/v2\/comments?post=12879"}],"version-history":[{"count":1,"href":"https:\/\/www.rodller.com\/fr\/wp-json\/wp\/v2\/pages\/12879\/revisions"}],"predecessor-version":[{"id":12880,"href":"https:\/\/www.rodller.com\/fr\/wp-json\/wp\/v2\/pages\/12879\/revisions\/12880"}],"wp:attachment":[{"href":"https:\/\/www.rodller.com\/fr\/wp-json\/wp\/v2\/media?parent=12879"}],"curies":[{"name":"wp","href":"https:\/\/api.w.org\/{rel}","templated":true}]}}