{"id":12877,"date":"2024-08-23T06:48:17","date_gmt":"2024-08-23T06:48:17","guid":{"rendered":"https:\/\/www.rodller.com\/?page_id=12877"},"modified":"2025-11-20T15:38:44","modified_gmt":"2025-11-20T15:38:44","slug":"sea","status":"publish","type":"page","link":"https:\/\/www.rodller.com\/fr\/sea\/","title":{"rendered":"SEA"},"content":{"rendered":"\n<div class=\"wp-block-cover alignfull is-light mh-358 hero-section show-lg-screen-only\"><span aria-hidden=\"true\" class=\"wp-block-cover__background has-white-background-color has-background-dim-0 has-background-dim\"><\/span><img fetchpriority=\"high\" decoding=\"async\" width=\"1440\" height=\"358\" class=\"wp-block-cover__image-background wp-image-4729\" alt=\"sea hero img\" src=\"https:\/\/www.rodller.com\/wp-content\/uploads\/2023\/04\/sea-hero-img.png\" data-object-fit=\"cover\" srcset=\"https:\/\/www.rodller.com\/wp-content\/uploads\/2023\/04\/sea-hero-img.png 1440w, https:\/\/www.rodller.com\/wp-content\/uploads\/2023\/04\/sea-hero-img-300x75.png 300w, https:\/\/www.rodller.com\/wp-content\/uploads\/2023\/04\/sea-hero-img-1024x255.png 1024w, https:\/\/www.rodller.com\/wp-content\/uploads\/2023\/04\/sea-hero-img-768x191.png 768w, https:\/\/www.rodller.com\/wp-content\/uploads\/2023\/04\/sea-hero-img-553x137.png 553w, https:\/\/www.rodller.com\/wp-content\/uploads\/2023\/04\/sea-hero-img-1140x283.png 1140w, https:\/\/www.rodller.com\/wp-content\/uploads\/2023\/04\/sea-hero-img-360x90.png 360w, https:\/\/www.rodller.com\/wp-content\/uploads\/2023\/04\/sea-hero-img-750x186.png 750w\" sizes=\"(max-width: 1440px) 100vw, 1440px\" \/><div class=\"wp-block-cover__inner-container is-layout-flow wp-block-cover-is-layout-flow\">\n<div class=\"wp-block-columns container-w1140 mt-mb-0 mh-358 is-layout-flex wp-container-core-columns-layout-1 wp-block-columns-is-layout-flex\">\n<div class=\"wp-block-column container-w1140 mt-mb-0 pt-pb-0 is-layout-flow wp-block-column-is-layout-flow\">\n<div style=\"height:24px\" aria-hidden=\"true\" class=\"wp-block-spacer\"><\/div>\n\n\n<div class=\"yoast-breadcrumbs mb-0\"><span><span><a href=\"https:\/\/www.rodller.com\/\">Home<\/a><\/span> \u00bb <span class=\"breadcrumb_last\" aria-current=\"page\">SEA<\/span><\/span><\/div>\n\n\n<div style=\"height:101px\" aria-hidden=\"true\" class=\"wp-block-spacer\"><\/div>\n\n\n\n<h1 class=\"wp-block-heading mt-0 mw-768 mb-21 has-text-color\" style=\"color:#1a1a1a;font-size:60px\"><strong>SEA<\/strong><\/h1>\n<\/div>\n<\/div>\n<\/div><\/div>\n\n\n\n<div class=\"wp-block-cover alignfull is-light mh-358 hero-section hide-desktop show-mobile-hero-sm\"><span aria-hidden=\"true\" class=\"wp-block-cover__background has-white-background-color has-background-dim-0 has-background-dim\"><\/span><img decoding=\"async\" class=\"wp-block-cover__image-background wp-image-6689\" alt=\"SEA mobile-hero img\" src=\"https:\/\/www.rodller.com\/wp-content\/uploads\/2023\/05\/SEA-mobile-hero-img.svg\" data-object-fit=\"cover\"\/><div class=\"wp-block-cover__inner-container is-layout-flow wp-block-cover-is-layout-flow\">\n<div class=\"wp-block-columns container-w1140 mt-mb-0 show-mobile-hero-sm is-layout-flex wp-container-core-columns-layout-2 wp-block-columns-is-layout-flex\">\n<div class=\"wp-block-column container-w1140 mt-mb-0 is-layout-flow wp-block-column-is-layout-flow\">\n<div style=\"height:70px\" aria-hidden=\"true\" class=\"wp-block-spacer\"><\/div>\n\n\n<div class=\"yoast-breadcrumbs mb-0\"><span><span><a href=\"https:\/\/www.rodller.com\/\">Home<\/a><\/span> \u00bb <span class=\"breadcrumb_last\" aria-current=\"page\">SEA<\/span><\/span><\/div>\n\n\n<div style=\"height:70px\" aria-hidden=\"true\" class=\"wp-block-spacer\"><\/div>\n\n\n\n<h1 class=\"wp-block-heading mt-0 mw-768 mb-21 has-text-color\" style=\"color:#1a1a1a;font-size:60px\"><strong>SEA<\/strong><\/h1>\n\n\n\n<div style=\"height:70px\" aria-hidden=\"true\" class=\"wp-block-spacer\"><\/div>\n<\/div>\n<\/div>\n<\/div><\/div>\n\n\n\n<div style=\"height:60px\" aria-hidden=\"true\" class=\"wp-block-spacer\"><\/div>\n\n\n\n<div class=\"wp-block-columns are-vertically-aligned-center gap-100 mb-0 mobile-flex-col-reverse is-layout-flex wp-container-core-columns-layout-3 wp-block-columns-is-layout-flex\">\n<div class=\"wp-block-column is-vertically-aligned-center is-layout-flow wp-block-column-is-layout-flow\">\n<div class=\"wp-block-cover is-light has-parallax has-custom-content-position is-position-bottom-right cover-col\" style=\"min-height:368px\"><span aria-hidden=\"true\" class=\"wp-block-cover__background has-background-dim-0 has-background-dim\"><\/span><div role=\"img\" class=\"wp-block-cover__image-background wp-image-6295 has-parallax\" style=\"background-position:50% 50%;background-image:url(https:\/\/www.rodller.com\/wp-content\/uploads\/2023\/04\/img-drawn-texture.png)\"><\/div><div class=\"wp-block-cover__inner-container is-layout-flow wp-block-cover-is-layout-flow\">\n<figure class=\"wp-block-image size-full fade-from-down-slow top-image animated fadeInUp delay-100ms\"><img decoding=\"async\" width=\"456\" height=\"369\" src=\"https:\/\/www.rodller.com\/wp-content\/uploads\/2023\/04\/img-SEA.png\" alt=\"img-SEA\" class=\"wp-image-6297\" srcset=\"https:\/\/www.rodller.com\/wp-content\/uploads\/2023\/04\/img-SEA.png 456w, https:\/\/www.rodller.com\/wp-content\/uploads\/2023\/04\/img-SEA-300x243.png 300w, https:\/\/www.rodller.com\/wp-content\/uploads\/2023\/04\/img-SEA-360x291.png 360w\" sizes=\"(max-width: 456px) 100vw, 456px\" \/><\/figure>\n<\/div><\/div>\n<\/div>\n\n\n\n<div class=\"wp-block-column is-vertically-aligned-center is-layout-flow wp-block-column-is-layout-flow\">\n<h2 class=\"wp-block-heading mt0 black-heading mt-0 mb-32\" style=\"font-size:38px\"><strong>Qu&#8217;est-ce <\/strong>que l&#8217;EES ??<\/h2>\n\n\n\n<p>La strat\u00e9gie de publicit\u00e9 sur les moteurs de recherche est essentielle pour les efforts de marketing num\u00e9rique d&#8217;une marque, car elle permet d&#8217;accro\u00eetre la visibilit\u00e9, d&#8217;attirer du trafic sur le site web et, en fin de compte, de g\u00e9n\u00e9rer des prospects ou des ventes. Gr\u00e2ce \u00e0 la publicit\u00e9 sur les moteurs de recherche, les marques peuvent ench\u00e9rir sur des mots cl\u00e9s pertinents afin de s&#8217;assurer que leurs annonces apparaissent en haut des pages de r\u00e9sultats des moteurs de recherche (SERP) lorsque des clients potentiels recherchent des termes sp\u00e9cifiques li\u00e9s \u00e0 leurs produits ou services.<\/p>\n\n\n\n<p>Une strat\u00e9gie de publicit\u00e9 sur les moteurs de recherche bien con\u00e7ue peut aider une marque \u00e0 atteindre son public cible de mani\u00e8re plus efficace et efficiente, car elle lui permet de toucher des utilisateurs qui recherchent activement des produits ou des services similaires \u00e0 ceux qu&#8217;elle propose. Elle peut \u00e9galement fournir des informations pr\u00e9cieuses sur le comportement des consommateurs et aider les marques \u00e0 optimiser leurs campagnes publicitaires afin d&#8217;am\u00e9liorer leur retour sur investissement.<\/p>\n<\/div>\n<\/div>\n\n\n\n<div style=\"height:60px\" aria-hidden=\"true\" class=\"wp-block-spacer\"><\/div>\n\n\n\n<div class=\"wp-block-columns are-vertically-aligned-center gap-100 mb-0 is-layout-flex wp-container-core-columns-layout-4 wp-block-columns-is-layout-flex\">\n<div class=\"wp-block-column is-vertically-aligned-center is-layout-flow wp-block-column-is-layout-flow\">\n<h2 class=\"wp-block-heading mt0 black-heading mt-0 mb-32 text-capitalize has-text-color\" style=\"color:#1a1a1a;font-size:38px\"><strong>Comment Rodller peut-il vous aider ?<\/strong><\/h2>\n\n\n\n<p>Rodller peut aider les marques \u00e0 d\u00e9velopper et \u00e0 mettre en \u0153uvre une strat\u00e9gie de publicit\u00e9 sur les moteurs de recherche qui correspond \u00e0 leurs objectifs commerciaux et \u00e0 leur public cible. Nous disposons d&#8217;une \u00e9quipe de sp\u00e9cialistes du marketing num\u00e9rique exp\u00e9riment\u00e9s, sp\u00e9cialis\u00e9s dans la cr\u00e9ation de campagnes personnalis\u00e9es adapt\u00e9es aux besoins et aux pr\u00e9f\u00e9rences uniques de nos clients. Nos services comprennent la recherche de mots-cl\u00e9s, la r\u00e9daction d&#8217;annonces, la gestion des ench\u00e8res et l&#8217;optimisation continue des campagnes afin de s&#8217;assurer que les annonces de nos clients produisent les meilleurs r\u00e9sultats possibles. En outre, nous fournissons r\u00e9guli\u00e8rement des rapports et des analyses pour suivre les performances de nos campagnes et prendre des d\u00e9cisions fond\u00e9es sur des donn\u00e9es afin d&#8217;am\u00e9liorer le retour sur investissement.<\/p>\n<\/div>\n\n\n\n<div class=\"wp-block-column is-vertically-aligned-center is-layout-flow wp-block-column-is-layout-flow\">\n<div class=\"wp-block-cover has-parallax has-custom-content-position is-position-top-left cover-col\" style=\"min-height:368px\"><span aria-hidden=\"true\" class=\"wp-block-cover__background has-background-dim-0 has-background-dim\"><\/span><div role=\"img\" class=\"wp-block-cover__image-background wp-image-6300 has-parallax\" style=\"background-position:50% 50%;background-image:url(https:\/\/www.rodller.com\/wp-content\/uploads\/2023\/04\/drawn-texture2.png)\"><\/div><div class=\"wp-block-cover__inner-container is-layout-flow wp-block-cover-is-layout-flow\">\n<figure class=\"wp-block-image size-full  fade-from-down-slow top-image-left\"><img decoding=\"async\" width=\"456\" height=\"368\" src=\"https:\/\/www.rodller.com\/wp-content\/uploads\/2023\/04\/img-2-8.png\" alt=\"search1\" class=\"wp-image-6302\" srcset=\"https:\/\/www.rodller.com\/wp-content\/uploads\/2023\/04\/img-2-8.png 456w, https:\/\/www.rodller.com\/wp-content\/uploads\/2023\/04\/img-2-8-300x242.png 300w, https:\/\/www.rodller.com\/wp-content\/uploads\/2023\/04\/img-2-8-360x291.png 360w\" sizes=\"(max-width: 456px) 100vw, 456px\" \/><\/figure>\n<\/div><\/div>\n<\/div>\n<\/div>\n\n\n\n<div style=\"height:60px\" aria-hidden=\"true\" class=\"wp-block-spacer\"><\/div>\n\n\n\n<div class=\"wp-block-columns are-vertically-aligned-center gap-100 mb-0 mobile-flex-col-reverse is-layout-flex wp-container-core-columns-layout-5 wp-block-columns-is-layout-flex\">\n<div class=\"wp-block-column is-vertically-aligned-center is-layout-flow wp-block-column-is-layout-flow\">\n<div class=\"wp-block-cover is-light has-parallax has-custom-content-position is-position-bottom-right cover-col\" style=\"min-height:368px\"><span aria-hidden=\"true\" class=\"wp-block-cover__background has-background-dim-0 has-background-dim\"><\/span><div role=\"img\" class=\"wp-block-cover__image-background wp-image-6304 has-parallax\" style=\"background-position:50% 50%;background-image:url(https:\/\/www.rodller.com\/wp-content\/uploads\/2023\/04\/drawn-texture3.png)\"><\/div><div class=\"wp-block-cover__inner-container is-layout-flow wp-block-cover-is-layout-flow\">\n<figure class=\"wp-block-image size-full  fade-from-down-slow top-image\"><img loading=\"lazy\" decoding=\"async\" width=\"456\" height=\"368\" src=\"https:\/\/www.rodller.com\/wp-content\/uploads\/2023\/04\/img-3-1.png\" alt=\"img-3-1\" class=\"wp-image-6306\" srcset=\"https:\/\/www.rodller.com\/wp-content\/uploads\/2023\/04\/img-3-1.png 456w, https:\/\/www.rodller.com\/wp-content\/uploads\/2023\/04\/img-3-1-300x242.png 300w, https:\/\/www.rodller.com\/wp-content\/uploads\/2023\/04\/img-3-1-360x291.png 360w\" sizes=\"(max-width: 456px) 100vw, 456px\" \/><\/figure>\n<\/div><\/div>\n<\/div>\n\n\n\n<div class=\"wp-block-column is-vertically-aligned-center is-layout-flow wp-block-column-is-layout-flow\">\n<h2 class=\"wp-block-heading mt0 black-heading mt-0 mb-32\" style=\"font-size:38px\"><strong>Au-del\u00e0 des <\/strong>fronti\u00e8res<\/h2>\n\n\n\n<p>En travaillant avec Rodller, les marques peuvent \u00eatre assur\u00e9es que leurs efforts de publicit\u00e9 sur les moteurs de recherche sont entre de bonnes mains et se concentrer sur d&#8217;autres aspects de leur activit\u00e9. Notre \u00e9quipe se consacre \u00e0 fournir des r\u00e9sultats exceptionnels et \u00e0 aider nos clients \u00e0 atteindre leurs objectifs marketing.<\/p>\n<\/div>\n<\/div>\n\n\n\n<div style=\"height:120px\" aria-hidden=\"true\" class=\"wp-block-spacer\"><\/div>\n\n\n","protected":false},"excerpt":{"rendered":"<p>Qu&#8217;est-ce que l&#8217;EES ?? La strat\u00e9gie de publicit\u00e9 sur les moteurs de recherche est essentielle pour les efforts de marketing num\u00e9rique d&#8217;une marque, car elle permet d&#8217;accro\u00eetre la visibilit\u00e9, d&#8217;attirer du trafic sur le site web et, en fin de compte, de g\u00e9n\u00e9rer des prospects ou des ventes. Gr\u00e2ce \u00e0 la publicit\u00e9 sur les moteurs [&hellip;]<\/p>\n","protected":false},"author":1,"featured_media":0,"parent":0,"menu_order":0,"comment_status":"closed","ping_status":"closed","template":"","meta":{"advgb_blocks_editor_width":"","advgb_blocks_columns_visual_guide":"","_themeisle_gutenberg_block_has_review":false,"footnotes":""},"yoast_head":"<!-- This site is optimized with the Yoast SEO plugin v23.5 - https:\/\/yoast.com\/wordpress\/plugins\/seo\/ -->\n<title>SEA Rodller Publicit\u00e9 sur les moteurs de recherche<\/title>\n<meta name=\"description\" content=\"D\u00e9couvrez comment Rodller vous aide \u00e0 atteindre vos objectifs gr\u00e2ce \u00e0 des campagnes SEA optimis\u00e9es et centr\u00e9es sur la performance.\" \/>\n<meta name=\"robots\" content=\"index, follow, max-snippet:-1, max-image-preview:large, max-video-preview:-1\" \/>\n<link rel=\"canonical\" href=\"https:\/\/www.rodller.com\/fr\/sea\/\" \/>\n<meta property=\"og:locale\" content=\"fr_FR\" \/>\n<meta property=\"og:type\" content=\"article\" \/>\n<meta property=\"og:title\" content=\"SEA Rodller Publicit\u00e9 sur les moteurs de recherche\" \/>\n<meta property=\"og:description\" content=\"D\u00e9couvrez comment Rodller vous aide \u00e0 atteindre vos objectifs gr\u00e2ce \u00e0 des campagnes SEA optimis\u00e9es et centr\u00e9es sur la performance.\" \/>\n<meta property=\"og:url\" content=\"https:\/\/www.rodller.com\/fr\/sea\/\" \/>\n<meta property=\"og:site_name\" content=\"Rodller\" \/>\n<meta property=\"article:publisher\" content=\"https:\/\/www.facebook.com\/rodllerHQ\/\" \/>\n<meta property=\"article:modified_time\" content=\"2025-11-20T15:38:44+00:00\" \/>\n<meta property=\"og:image\" content=\"https:\/\/www.rodller.com\/wp-content\/uploads\/2023\/04\/sea-hero-img.png\" \/>\n<meta name=\"twitter:card\" content=\"summary_large_image\" \/>\n<meta name=\"twitter:site\" content=\"@RodllerOffice\" \/>\n<meta name=\"twitter:label1\" content=\"Dur\u00e9e de lecture estim\u00e9e\" \/>\n\t<meta name=\"twitter:data1\" content=\"6 minutes\" \/>\n<script type=\"application\/ld+json\" class=\"yoast-schema-graph\">{\"@context\":\"https:\/\/schema.org\",\"@graph\":[{\"@type\":\"WebPage\",\"@id\":\"https:\/\/www.rodller.com\/fr\/sea\/\",\"url\":\"https:\/\/www.rodller.com\/fr\/sea\/\",\"name\":\"SEA Rodller Publicit\u00e9 sur les moteurs de recherche\",\"isPartOf\":{\"@id\":\"https:\/\/www.rodller.com\/#website\"},\"primaryImageOfPage\":{\"@id\":\"https:\/\/www.rodller.com\/fr\/sea\/#primaryimage\"},\"image\":{\"@id\":\"https:\/\/www.rodller.com\/fr\/sea\/#primaryimage\"},\"thumbnailUrl\":\"https:\/\/www.rodller.com\/wp-content\/uploads\/2023\/04\/sea-hero-img.png\",\"datePublished\":\"2024-08-23T06:48:17+00:00\",\"dateModified\":\"2025-11-20T15:38:44+00:00\",\"description\":\"D\u00e9couvrez comment Rodller vous aide \u00e0 atteindre vos objectifs gr\u00e2ce \u00e0 des campagnes SEA optimis\u00e9es et centr\u00e9es sur la performance.\",\"breadcrumb\":{\"@id\":\"https:\/\/www.rodller.com\/fr\/sea\/#breadcrumb\"},\"inLanguage\":\"fr-FR\",\"potentialAction\":[{\"@type\":\"ReadAction\",\"target\":[\"https:\/\/www.rodller.com\/fr\/sea\/\"]}]},{\"@type\":\"ImageObject\",\"inLanguage\":\"fr-FR\",\"@id\":\"https:\/\/www.rodller.com\/fr\/sea\/#primaryimage\",\"url\":\"https:\/\/www.rodller.com\/wp-content\/uploads\/2023\/04\/sea-hero-img.png\",\"contentUrl\":\"https:\/\/www.rodller.com\/wp-content\/uploads\/2023\/04\/sea-hero-img.png\"},{\"@type\":\"BreadcrumbList\",\"@id\":\"https:\/\/www.rodller.com\/fr\/sea\/#breadcrumb\",\"itemListElement\":[{\"@type\":\"ListItem\",\"position\":1,\"name\":\"Home\",\"item\":\"https:\/\/www.rodller.com\/\"},{\"@type\":\"ListItem\",\"position\":2,\"name\":\"SEA\"}]},{\"@type\":\"WebSite\",\"@id\":\"https:\/\/www.rodller.com\/#website\",\"url\":\"https:\/\/www.rodller.com\/\",\"name\":\"Rodller\",\"description\":\"Digital-as-a-Service\",\"publisher\":{\"@id\":\"https:\/\/www.rodller.com\/#organization\"},\"potentialAction\":[{\"@type\":\"SearchAction\",\"target\":{\"@type\":\"EntryPoint\",\"urlTemplate\":\"https:\/\/www.rodller.com\/?s={search_term_string}\"},\"query-input\":{\"@type\":\"PropertyValueSpecification\",\"valueRequired\":true,\"valueName\":\"search_term_string\"}}],\"inLanguage\":\"fr-FR\"},{\"@type\":\"Organization\",\"@id\":\"https:\/\/www.rodller.com\/#organization\",\"name\":\"Rodller\",\"url\":\"https:\/\/www.rodller.com\/\",\"logo\":{\"@type\":\"ImageObject\",\"inLanguage\":\"fr-FR\",\"@id\":\"https:\/\/www.rodller.com\/#\/schema\/logo\/image\/\",\"url\":\"\",\"contentUrl\":\"\",\"caption\":\"Rodller\"},\"image\":{\"@id\":\"https:\/\/www.rodller.com\/#\/schema\/logo\/image\/\"},\"sameAs\":[\"https:\/\/www.facebook.com\/rodllerHQ\/\",\"https:\/\/x.com\/RodllerOffice\",\"https:\/\/www.linkedin.com\/company\/rodller\/\",\"https:\/\/sk.pinterest.com\/rodller\/\",\"https:\/\/www.youtube.com\/channel\/UCcxDAcsIm2CPDcA00AF4vvw\"]}]}<\/script>\n<!-- \/ Yoast SEO plugin. -->","yoast_head_json":{"title":"SEA Rodller Publicit\u00e9 sur les moteurs de recherche","description":"D\u00e9couvrez comment Rodller vous aide \u00e0 atteindre vos objectifs gr\u00e2ce \u00e0 des campagnes SEA optimis\u00e9es et centr\u00e9es sur la performance.","robots":{"index":"index","follow":"follow","max-snippet":"max-snippet:-1","max-image-preview":"max-image-preview:large","max-video-preview":"max-video-preview:-1"},"canonical":"https:\/\/www.rodller.com\/fr\/sea\/","og_locale":"fr_FR","og_type":"article","og_title":"SEA Rodller Publicit\u00e9 sur les moteurs de recherche","og_description":"D\u00e9couvrez comment Rodller vous aide \u00e0 atteindre vos objectifs gr\u00e2ce \u00e0 des campagnes SEA optimis\u00e9es et centr\u00e9es sur la performance.","og_url":"https:\/\/www.rodller.com\/fr\/sea\/","og_site_name":"Rodller","article_publisher":"https:\/\/www.facebook.com\/rodllerHQ\/","article_modified_time":"2025-11-20T15:38:44+00:00","og_image":[{"url":"https:\/\/www.rodller.com\/wp-content\/uploads\/2023\/04\/sea-hero-img.png"}],"twitter_card":"summary_large_image","twitter_site":"@RodllerOffice","twitter_misc":{"Dur\u00e9e de lecture estim\u00e9e":"6 minutes"},"schema":{"@context":"https:\/\/schema.org","@graph":[{"@type":"WebPage","@id":"https:\/\/www.rodller.com\/fr\/sea\/","url":"https:\/\/www.rodller.com\/fr\/sea\/","name":"SEA Rodller Publicit\u00e9 sur les moteurs de recherche","isPartOf":{"@id":"https:\/\/www.rodller.com\/#website"},"primaryImageOfPage":{"@id":"https:\/\/www.rodller.com\/fr\/sea\/#primaryimage"},"image":{"@id":"https:\/\/www.rodller.com\/fr\/sea\/#primaryimage"},"thumbnailUrl":"https:\/\/www.rodller.com\/wp-content\/uploads\/2023\/04\/sea-hero-img.png","datePublished":"2024-08-23T06:48:17+00:00","dateModified":"2025-11-20T15:38:44+00:00","description":"D\u00e9couvrez comment Rodller vous aide \u00e0 atteindre vos objectifs gr\u00e2ce \u00e0 des campagnes SEA optimis\u00e9es et centr\u00e9es sur la performance.","breadcrumb":{"@id":"https:\/\/www.rodller.com\/fr\/sea\/#breadcrumb"},"inLanguage":"fr-FR","potentialAction":[{"@type":"ReadAction","target":["https:\/\/www.rodller.com\/fr\/sea\/"]}]},{"@type":"ImageObject","inLanguage":"fr-FR","@id":"https:\/\/www.rodller.com\/fr\/sea\/#primaryimage","url":"https:\/\/www.rodller.com\/wp-content\/uploads\/2023\/04\/sea-hero-img.png","contentUrl":"https:\/\/www.rodller.com\/wp-content\/uploads\/2023\/04\/sea-hero-img.png"},{"@type":"BreadcrumbList","@id":"https:\/\/www.rodller.com\/fr\/sea\/#breadcrumb","itemListElement":[{"@type":"ListItem","position":1,"name":"Home","item":"https:\/\/www.rodller.com\/"},{"@type":"ListItem","position":2,"name":"SEA"}]},{"@type":"WebSite","@id":"https:\/\/www.rodller.com\/#website","url":"https:\/\/www.rodller.com\/","name":"Rodller","description":"Digital-as-a-Service","publisher":{"@id":"https:\/\/www.rodller.com\/#organization"},"potentialAction":[{"@type":"SearchAction","target":{"@type":"EntryPoint","urlTemplate":"https:\/\/www.rodller.com\/?s={search_term_string}"},"query-input":{"@type":"PropertyValueSpecification","valueRequired":true,"valueName":"search_term_string"}}],"inLanguage":"fr-FR"},{"@type":"Organization","@id":"https:\/\/www.rodller.com\/#organization","name":"Rodller","url":"https:\/\/www.rodller.com\/","logo":{"@type":"ImageObject","inLanguage":"fr-FR","@id":"https:\/\/www.rodller.com\/#\/schema\/logo\/image\/","url":"","contentUrl":"","caption":"Rodller"},"image":{"@id":"https:\/\/www.rodller.com\/#\/schema\/logo\/image\/"},"sameAs":["https:\/\/www.facebook.com\/rodllerHQ\/","https:\/\/x.com\/RodllerOffice","https:\/\/www.linkedin.com\/company\/rodller\/","https:\/\/sk.pinterest.com\/rodller\/","https:\/\/www.youtube.com\/channel\/UCcxDAcsIm2CPDcA00AF4vvw"]}]}},"coauthors":[],"author_meta":{"author_link":"https:\/\/www.rodller.com\/fr\/author\/almimagu\/","display_name":"Rodller Team"},"relative_dates":{"created":"Publi\u00e9 2 ans il y a","modified":"Mis \u00e0 jour 5 mois il y a"},"absolute_dates":{"created":"Publi\u00e9 le ao\u00fbt 23, 2024","modified":"Mise \u00e0 jour le novembre 20, 2025"},"absolute_dates_time":{"created":"Publi\u00e9 le ao\u00fbt 23, 2024 6:48 am","modified":"Mise \u00e0 jour le novembre 20, 2025 3:38 pm"},"featured_img_caption":"","featured_img":false,"series_order":"","_links":{"self":[{"href":"https:\/\/www.rodller.com\/fr\/wp-json\/wp\/v2\/pages\/12877"}],"collection":[{"href":"https:\/\/www.rodller.com\/fr\/wp-json\/wp\/v2\/pages"}],"about":[{"href":"https:\/\/www.rodller.com\/fr\/wp-json\/wp\/v2\/types\/page"}],"author":[{"embeddable":true,"href":"https:\/\/www.rodller.com\/fr\/wp-json\/wp\/v2\/users\/1"}],"replies":[{"embeddable":true,"href":"https:\/\/www.rodller.com\/fr\/wp-json\/wp\/v2\/comments?post=12877"}],"version-history":[{"count":1,"href":"https:\/\/www.rodller.com\/fr\/wp-json\/wp\/v2\/pages\/12877\/revisions"}],"predecessor-version":[{"id":12878,"href":"https:\/\/www.rodller.com\/fr\/wp-json\/wp\/v2\/pages\/12877\/revisions\/12878"}],"wp:attachment":[{"href":"https:\/\/www.rodller.com\/fr\/wp-json\/wp\/v2\/media?parent=12877"}],"curies":[{"name":"wp","href":"https:\/\/api.w.org\/{rel}","templated":true}]}}