{"id":12875,"date":"2024-08-23T06:44:54","date_gmt":"2024-08-23T06:44:54","guid":{"rendered":"https:\/\/www.rodller.com\/?page_id=12875"},"modified":"2024-08-23T06:44:57","modified_gmt":"2024-08-23T06:44:57","slug":"maintenance-du-site-web","status":"publish","type":"page","link":"https:\/\/www.rodller.com\/fr\/maintenance-du-site-web\/","title":{"rendered":"Maintenance du site web"},"content":{"rendered":"\n<div class=\"wp-block-cover alignfull is-light mh-358 hero-section seo show-lg-screen-only\"><span aria-hidden=\"true\" class=\"wp-block-cover__background has-white-background-color has-background-dim-0 has-background-dim\"><\/span><img fetchpriority=\"high\" decoding=\"async\" width=\"1440\" height=\"358\" class=\"wp-block-cover__image-background wp-image-4542\" alt=\"hero Website Maintenance bg\" src=\"https:\/\/www.rodller.com\/wp-content\/uploads\/2023\/04\/hero-Website-Maintenance-bg.png\" data-object-fit=\"cover\" srcset=\"https:\/\/www.rodller.com\/wp-content\/uploads\/2023\/04\/hero-Website-Maintenance-bg.png 1440w, https:\/\/www.rodller.com\/wp-content\/uploads\/2023\/04\/hero-Website-Maintenance-bg-300x75.png 300w, https:\/\/www.rodller.com\/wp-content\/uploads\/2023\/04\/hero-Website-Maintenance-bg-1024x255.png 1024w, https:\/\/www.rodller.com\/wp-content\/uploads\/2023\/04\/hero-Website-Maintenance-bg-768x191.png 768w, https:\/\/www.rodller.com\/wp-content\/uploads\/2023\/04\/hero-Website-Maintenance-bg-553x137.png 553w, https:\/\/www.rodller.com\/wp-content\/uploads\/2023\/04\/hero-Website-Maintenance-bg-1140x283.png 1140w, https:\/\/www.rodller.com\/wp-content\/uploads\/2023\/04\/hero-Website-Maintenance-bg-360x90.png 360w, https:\/\/www.rodller.com\/wp-content\/uploads\/2023\/04\/hero-Website-Maintenance-bg-750x186.png 750w\" sizes=\"(max-width: 1440px) 100vw, 1440px\" \/><div class=\"wp-block-cover__inner-container is-layout-flow wp-block-cover-is-layout-flow\">\n<div class=\"wp-block-columns container-w1140 mt-mb-0 mh-358 is-layout-flex wp-container-core-columns-layout-1 wp-block-columns-is-layout-flex\">\n<div class=\"wp-block-column container-w1140 mt-mb-0 pt-pb-0 is-layout-flow wp-block-column-is-layout-flow\">\n<div style=\"height:24px\" aria-hidden=\"true\" class=\"wp-block-spacer\"><\/div>\n\n\n<div class=\"yoast-breadcrumbs mb-0\"><span><span><a href=\"https:\/\/www.rodller.com\/\">Home<\/a><\/span> \u00bb <span class=\"breadcrumb_last\" aria-current=\"page\">Maintenance du site web<\/span><\/span><\/div>\n\n\n<div style=\"height:101px\" aria-hidden=\"true\" class=\"wp-block-spacer\"><\/div>\n\n\n\n<h1 class=\"wp-block-heading mt-0 mw-768 mb-21 has-white-color has-text-color\" style=\"font-size:60px\"><strong>Maintenance du site web<\/strong><\/h1>\n<\/div>\n<\/div>\n<\/div><\/div>\n\n\n\n<div class=\"wp-block-cover alignfull mh-358 hero-section seo hide-desktop show-mobile-hero-sm\"><span aria-hidden=\"true\" class=\"wp-block-cover__background has-white-background-color has-background-dim-0 has-background-dim\"><\/span><img decoding=\"async\" width=\"320\" height=\"358\" class=\"wp-block-cover__image-background wp-image-6681\" alt=\"hero Website Maintenance\" src=\"https:\/\/www.rodller.com\/wp-content\/uploads\/2023\/05\/hero-Website-Maintenance.png\" data-object-fit=\"cover\" srcset=\"https:\/\/www.rodller.com\/wp-content\/uploads\/2023\/05\/hero-Website-Maintenance.png 320w, https:\/\/www.rodller.com\/wp-content\/uploads\/2023\/05\/hero-Website-Maintenance-268x300.png 268w\" sizes=\"(max-width: 320px) 100vw, 320px\" \/><div class=\"wp-block-cover__inner-container is-layout-flow wp-block-cover-is-layout-flow\">\n<div class=\"wp-block-columns container-w1140 mt-mb-0 is-layout-flex wp-container-core-columns-layout-2 wp-block-columns-is-layout-flex\">\n<div class=\"wp-block-column container-w1140 mt-mb-0 is-layout-flow wp-block-column-is-layout-flow\"><div class=\"yoast-breadcrumbs mb-0\"><span><span><a href=\"https:\/\/www.rodller.com\/\">Home<\/a><\/span> \u00bb <span class=\"breadcrumb_last\" aria-current=\"page\">Maintenance du site web<\/span><\/span><\/div>\n\n\n<div style=\"height:70px\" aria-hidden=\"true\" class=\"wp-block-spacer\"><\/div>\n\n\n\n<h1 class=\"wp-block-heading mt-0 mw-768 mb-21 has-white-color has-text-color\" style=\"font-size:60px\"><strong>Maintenance du site web<\/strong><\/h1>\n\n\n\n<div style=\"height:70px\" aria-hidden=\"true\" class=\"wp-block-spacer\"><\/div>\n<\/div>\n<\/div>\n<\/div><\/div>\n\n\n\n<div style=\"height:120px\" aria-hidden=\"true\" class=\"wp-block-spacer\"><\/div>\n\n\n\n<div class=\"wp-block-columns are-vertically-aligned-center gap-100 mb-0 mobile-flex-col-reverse is-layout-flex wp-container-core-columns-layout-3 wp-block-columns-is-layout-flex\">\n<div class=\"wp-block-column is-vertically-aligned-center is-layout-flow wp-block-column-is-layout-flow\">\n<div class=\"wp-block-cover is-light has-parallax has-custom-content-position is-position-bottom-right cover-col\" style=\"min-height:368px\"><span aria-hidden=\"true\" class=\"wp-block-cover__background has-background-dim-0 has-background-dim\"><\/span><div role=\"img\" class=\"wp-block-cover__image-background wp-image-6284 has-parallax\" style=\"background-position:50% 50%;background-image:url(https:\/\/www.rodller.com\/wp-content\/uploads\/2023\/04\/img-join-us-1-5.png)\"><\/div><div class=\"wp-block-cover__inner-container is-layout-flow wp-block-cover-is-layout-flow\">\n<figure class=\"wp-block-image size-full fade-from-down-slow top-image animated fadeInUp delay-100ms\"><img decoding=\"async\" width=\"456\" height=\"368\" src=\"https:\/\/www.rodller.com\/wp-content\/uploads\/2023\/04\/img-join-us-19.png\" alt=\"img-join-us-19\" class=\"wp-image-6286\" srcset=\"https:\/\/www.rodller.com\/wp-content\/uploads\/2023\/04\/img-join-us-19.png 456w, https:\/\/www.rodller.com\/wp-content\/uploads\/2023\/04\/img-join-us-19-300x242.png 300w, https:\/\/www.rodller.com\/wp-content\/uploads\/2023\/04\/img-join-us-19-360x291.png 360w\" sizes=\"(max-width: 456px) 100vw, 456px\" \/><\/figure>\n<\/div><\/div>\n<\/div>\n\n\n\n<div class=\"wp-block-column is-vertically-aligned-center is-layout-flow wp-block-column-is-layout-flow\">\n<h2 class=\"wp-block-heading mt0 black-heading mt-0 mb-32 min-w-544\" style=\"font-size:38px\"><strong>Pourquoi la maintenance <\/strong>d&#8217;un site web est-elle importante pour votre entreprise ?<\/h2>\n\n\n\n<p class=\"mt-mb-0\">La maintenance d&#8217;un site web est cruciale pour la pr\u00e9sence en ligne d&#8217;une marque, car elle permet de s&#8217;assurer que le site est \u00e0 jour, fonctionnel et s\u00e9curis\u00e9. Un site web bien entretenu peut contribuer \u00e0 am\u00e9liorer l&#8217;exp\u00e9rience de l&#8217;utilisateur, \u00e0 renforcer le classement dans les moteurs de recherche et, en fin de compte, \u00e0 augmenter le trafic et les conversions. Il contribue \u00e9galement \u00e0 prot\u00e9ger le site web contre les menaces potentielles en mati\u00e8re de s\u00e9curit\u00e9, telles que les attaques de logiciels malveillants et les tentatives de piratage.<\/p>\n<\/div>\n<\/div>\n\n\n\n<div style=\"height:60px\" aria-hidden=\"true\" class=\"wp-block-spacer\"><\/div>\n\n\n\n<div class=\"wp-block-columns are-vertically-aligned-center gap-100 mb-0 is-layout-flex wp-container-core-columns-layout-4 wp-block-columns-is-layout-flex\">\n<div class=\"wp-block-column is-vertically-aligned-center is-layout-flow wp-block-column-is-layout-flow\">\n<h2 class=\"wp-block-heading mt0 black-heading mt-0 mb-32 text-capitalize has-text-color\" style=\"color:#1a1a1a;font-size:38px\"><strong>Comment Rodller <\/strong>peut-il vous aider ?<\/h2>\n\n\n\n<p class=\"mt-mb-0\">En tant qu&#8217;agence de marketing num\u00e9rique, Rodller peut aider les marques \u00e0 assurer la maintenance de leur site web en fournissant des services tels que les mises \u00e0 jour, les contr\u00f4les de s\u00e9curit\u00e9, les sauvegardes et l&#8217;assistance technique. Nous pouvons \u00e9galement aider \u00e0 l&#8217;optimisation des sites web, en am\u00e9liorant la vitesse du site, la r\u00e9activit\u00e9 mobile et l&#8217;exp\u00e9rience utilisateur. En outre, nous pouvons aider \u00e0 la mise \u00e0 jour du contenu, comme l&#8217;ajout de nouvelles pages, la mise \u00e0 jour du contenu existant et l&#8217;optimisation du contenu du site Web pour les moteurs de recherche.<\/p>\n<\/div>\n\n\n\n<div class=\"wp-block-column is-vertically-aligned-center is-layout-flow wp-block-column-is-layout-flow\">\n<div class=\"wp-block-cover is-light has-parallax has-custom-content-position is-position-top-left cover-col\" style=\"min-height:368px\"><span aria-hidden=\"true\" class=\"wp-block-cover__background has-background-dim-0 has-background-dim\"><\/span><div role=\"img\" class=\"wp-block-cover__image-background wp-image-6288 has-parallax\" style=\"background-position:50% 50%;background-image:url(https:\/\/www.rodller.com\/wp-content\/uploads\/2023\/04\/img-join-us-2-6.png)\"><\/div><div class=\"wp-block-cover__inner-container is-layout-flow wp-block-cover-is-layout-flow\">\n<figure class=\"wp-block-image size-full  fade-from-down-slow top-image-left\"><img loading=\"lazy\" decoding=\"async\" width=\"456\" height=\"368\" src=\"https:\/\/www.rodller.com\/wp-content\/uploads\/2023\/04\/img-2-7.png\" alt=\"img-2-7\" class=\"wp-image-6290\" srcset=\"https:\/\/www.rodller.com\/wp-content\/uploads\/2023\/04\/img-2-7.png 456w, https:\/\/www.rodller.com\/wp-content\/uploads\/2023\/04\/img-2-7-300x242.png 300w, https:\/\/www.rodller.com\/wp-content\/uploads\/2023\/04\/img-2-7-360x291.png 360w\" sizes=\"(max-width: 456px) 100vw, 456px\" \/><\/figure>\n<\/div><\/div>\n<\/div>\n<\/div>\n\n\n\n<div style=\"height:60px\" aria-hidden=\"true\" class=\"wp-block-spacer\"><\/div>\n\n\n\n<hr class=\"wp-block-separator has-text-color has-alpha-channel-opacity has-background is-style-wide mt-mb-0\" style=\"background-color:#d8d8d8;color:#d8d8d8\"\/>\n\n\n\n<div style=\"height:60px\" aria-hidden=\"true\" class=\"wp-block-spacer\"><\/div>\n\n\n\n<div class=\"wp-block-columns mt-mb-0 is-layout-flex wp-container-core-columns-layout-5 wp-block-columns-is-layout-flex\">\n<div class=\"wp-block-column is-layout-flow wp-block-column-is-layout-flow\">\n<p class=\"has-text-align-center mt-mb-0\">En s&#8217;associant \u00e0 Rodller, les marques peuvent se concentrer sur leur c\u0153ur de m\u00e9tier pendant que nous nous occupons des aspects techniques de la maintenance des sites web. Cela garantit que leur site est toujours \u00e0 jour, s\u00e9curis\u00e9 et optimis\u00e9 pour une performance maximale, ce qui conduit finalement \u00e0 une meilleure exp\u00e9rience utilisateur et \u00e0 plus de conversions.<\/p>\n<\/div>\n<\/div>\n\n\n\n<div style=\"height:120px\" aria-hidden=\"true\" class=\"wp-block-spacer\"><\/div>\n\n\n","protected":false},"excerpt":{"rendered":"<p>Pourquoi la maintenance d&#8217;un site web est-elle importante pour votre entreprise ? La maintenance d&#8217;un site web est cruciale pour la pr\u00e9sence en ligne d&#8217;une marque, car elle permet de s&#8217;assurer que le site est \u00e0 jour, fonctionnel et s\u00e9curis\u00e9. Un site web bien entretenu peut contribuer \u00e0 am\u00e9liorer l&#8217;exp\u00e9rience de l&#8217;utilisateur, \u00e0 renforcer le [&hellip;]<\/p>\n","protected":false},"author":1,"featured_media":0,"parent":0,"menu_order":0,"comment_status":"closed","ping_status":"closed","template":"","meta":{"advgb_blocks_editor_width":"","advgb_blocks_columns_visual_guide":"","_themeisle_gutenberg_block_has_review":false,"footnotes":""},"yoast_head":"<!-- This site is optimized with the Yoast SEO plugin v23.5 - https:\/\/yoast.com\/wordpress\/plugins\/seo\/ -->\n<title>Maintenance du site web - Rodller<\/title>\n<meta name=\"description\" content=\"Maintenance du site web - Rodller . Learn how Rodller helps you to achieve your goal.\" \/>\n<meta name=\"robots\" content=\"index, follow, max-snippet:-1, max-image-preview:large, max-video-preview:-1\" \/>\n<link rel=\"canonical\" href=\"https:\/\/www.rodller.com\/fr\/maintenance-du-site-web\/\" \/>\n<meta property=\"og:locale\" content=\"fr_FR\" \/>\n<meta property=\"og:type\" content=\"article\" \/>\n<meta property=\"og:title\" content=\"Maintenance du site web - Rodller\" \/>\n<meta property=\"og:description\" content=\"Maintenance du site web - Rodller . Learn how Rodller helps you to achieve your goal.\" \/>\n<meta property=\"og:url\" content=\"https:\/\/www.rodller.com\/fr\/maintenance-du-site-web\/\" \/>\n<meta property=\"og:site_name\" content=\"Rodller\" \/>\n<meta property=\"article:publisher\" content=\"https:\/\/www.facebook.com\/rodllerHQ\/\" \/>\n<meta property=\"article:modified_time\" content=\"2024-08-23T06:44:57+00:00\" \/>\n<meta property=\"og:image\" content=\"https:\/\/www.rodller.com\/wp-content\/uploads\/2023\/04\/hero-Website-Maintenance-bg.png\" \/>\n<meta name=\"twitter:card\" content=\"summary_large_image\" \/>\n<meta name=\"twitter:site\" content=\"@RodllerOffice\" \/>\n<meta name=\"twitter:label1\" content=\"Dur\u00e9e de lecture estim\u00e9e\" \/>\n\t<meta name=\"twitter:data1\" content=\"3 minutes\" \/>\n<script type=\"application\/ld+json\" class=\"yoast-schema-graph\">{\"@context\":\"https:\/\/schema.org\",\"@graph\":[{\"@type\":\"WebPage\",\"@id\":\"https:\/\/www.rodller.com\/fr\/maintenance-du-site-web\/\",\"url\":\"https:\/\/www.rodller.com\/fr\/maintenance-du-site-web\/\",\"name\":\"Maintenance du site web - Rodller\",\"isPartOf\":{\"@id\":\"https:\/\/www.rodller.com\/#website\"},\"primaryImageOfPage\":{\"@id\":\"https:\/\/www.rodller.com\/fr\/maintenance-du-site-web\/#primaryimage\"},\"image\":{\"@id\":\"https:\/\/www.rodller.com\/fr\/maintenance-du-site-web\/#primaryimage\"},\"thumbnailUrl\":\"https:\/\/www.rodller.com\/wp-content\/uploads\/2023\/04\/hero-Website-Maintenance-bg.png\",\"datePublished\":\"2024-08-23T06:44:54+00:00\",\"dateModified\":\"2024-08-23T06:44:57+00:00\",\"description\":\"Maintenance du site web - Rodller . Learn how Rodller helps you to achieve your goal.\",\"breadcrumb\":{\"@id\":\"https:\/\/www.rodller.com\/fr\/maintenance-du-site-web\/#breadcrumb\"},\"inLanguage\":\"fr-FR\",\"potentialAction\":[{\"@type\":\"ReadAction\",\"target\":[\"https:\/\/www.rodller.com\/fr\/maintenance-du-site-web\/\"]}]},{\"@type\":\"ImageObject\",\"inLanguage\":\"fr-FR\",\"@id\":\"https:\/\/www.rodller.com\/fr\/maintenance-du-site-web\/#primaryimage\",\"url\":\"https:\/\/www.rodller.com\/wp-content\/uploads\/2023\/04\/hero-Website-Maintenance-bg.png\",\"contentUrl\":\"https:\/\/www.rodller.com\/wp-content\/uploads\/2023\/04\/hero-Website-Maintenance-bg.png\"},{\"@type\":\"BreadcrumbList\",\"@id\":\"https:\/\/www.rodller.com\/fr\/maintenance-du-site-web\/#breadcrumb\",\"itemListElement\":[{\"@type\":\"ListItem\",\"position\":1,\"name\":\"Home\",\"item\":\"https:\/\/www.rodller.com\/\"},{\"@type\":\"ListItem\",\"position\":2,\"name\":\"Maintenance du site web\"}]},{\"@type\":\"WebSite\",\"@id\":\"https:\/\/www.rodller.com\/#website\",\"url\":\"https:\/\/www.rodller.com\/\",\"name\":\"Rodller\",\"description\":\"Digital-as-a-Service\",\"publisher\":{\"@id\":\"https:\/\/www.rodller.com\/#organization\"},\"potentialAction\":[{\"@type\":\"SearchAction\",\"target\":{\"@type\":\"EntryPoint\",\"urlTemplate\":\"https:\/\/www.rodller.com\/?s={search_term_string}\"},\"query-input\":{\"@type\":\"PropertyValueSpecification\",\"valueRequired\":true,\"valueName\":\"search_term_string\"}}],\"inLanguage\":\"fr-FR\"},{\"@type\":\"Organization\",\"@id\":\"https:\/\/www.rodller.com\/#organization\",\"name\":\"Rodller\",\"url\":\"https:\/\/www.rodller.com\/\",\"logo\":{\"@type\":\"ImageObject\",\"inLanguage\":\"fr-FR\",\"@id\":\"https:\/\/www.rodller.com\/#\/schema\/logo\/image\/\",\"url\":\"\",\"contentUrl\":\"\",\"caption\":\"Rodller\"},\"image\":{\"@id\":\"https:\/\/www.rodller.com\/#\/schema\/logo\/image\/\"},\"sameAs\":[\"https:\/\/www.facebook.com\/rodllerHQ\/\",\"https:\/\/x.com\/RodllerOffice\",\"https:\/\/www.linkedin.com\/company\/rodller\/\",\"https:\/\/sk.pinterest.com\/rodller\/\",\"https:\/\/www.youtube.com\/channel\/UCcxDAcsIm2CPDcA00AF4vvw\"]}]}<\/script>\n<!-- \/ Yoast SEO plugin. -->","yoast_head_json":{"title":"Maintenance du site web - Rodller","description":"Maintenance du site web - Rodller . Learn how Rodller helps you to achieve your goal.","robots":{"index":"index","follow":"follow","max-snippet":"max-snippet:-1","max-image-preview":"max-image-preview:large","max-video-preview":"max-video-preview:-1"},"canonical":"https:\/\/www.rodller.com\/fr\/maintenance-du-site-web\/","og_locale":"fr_FR","og_type":"article","og_title":"Maintenance du site web - Rodller","og_description":"Maintenance du site web - Rodller . Learn how Rodller helps you to achieve your goal.","og_url":"https:\/\/www.rodller.com\/fr\/maintenance-du-site-web\/","og_site_name":"Rodller","article_publisher":"https:\/\/www.facebook.com\/rodllerHQ\/","article_modified_time":"2024-08-23T06:44:57+00:00","og_image":[{"url":"https:\/\/www.rodller.com\/wp-content\/uploads\/2023\/04\/hero-Website-Maintenance-bg.png"}],"twitter_card":"summary_large_image","twitter_site":"@RodllerOffice","twitter_misc":{"Dur\u00e9e de lecture estim\u00e9e":"3 minutes"},"schema":{"@context":"https:\/\/schema.org","@graph":[{"@type":"WebPage","@id":"https:\/\/www.rodller.com\/fr\/maintenance-du-site-web\/","url":"https:\/\/www.rodller.com\/fr\/maintenance-du-site-web\/","name":"Maintenance du site web - Rodller","isPartOf":{"@id":"https:\/\/www.rodller.com\/#website"},"primaryImageOfPage":{"@id":"https:\/\/www.rodller.com\/fr\/maintenance-du-site-web\/#primaryimage"},"image":{"@id":"https:\/\/www.rodller.com\/fr\/maintenance-du-site-web\/#primaryimage"},"thumbnailUrl":"https:\/\/www.rodller.com\/wp-content\/uploads\/2023\/04\/hero-Website-Maintenance-bg.png","datePublished":"2024-08-23T06:44:54+00:00","dateModified":"2024-08-23T06:44:57+00:00","description":"Maintenance du site web - Rodller . Learn how Rodller helps you to achieve your goal.","breadcrumb":{"@id":"https:\/\/www.rodller.com\/fr\/maintenance-du-site-web\/#breadcrumb"},"inLanguage":"fr-FR","potentialAction":[{"@type":"ReadAction","target":["https:\/\/www.rodller.com\/fr\/maintenance-du-site-web\/"]}]},{"@type":"ImageObject","inLanguage":"fr-FR","@id":"https:\/\/www.rodller.com\/fr\/maintenance-du-site-web\/#primaryimage","url":"https:\/\/www.rodller.com\/wp-content\/uploads\/2023\/04\/hero-Website-Maintenance-bg.png","contentUrl":"https:\/\/www.rodller.com\/wp-content\/uploads\/2023\/04\/hero-Website-Maintenance-bg.png"},{"@type":"BreadcrumbList","@id":"https:\/\/www.rodller.com\/fr\/maintenance-du-site-web\/#breadcrumb","itemListElement":[{"@type":"ListItem","position":1,"name":"Home","item":"https:\/\/www.rodller.com\/"},{"@type":"ListItem","position":2,"name":"Maintenance du site web"}]},{"@type":"WebSite","@id":"https:\/\/www.rodller.com\/#website","url":"https:\/\/www.rodller.com\/","name":"Rodller","description":"Digital-as-a-Service","publisher":{"@id":"https:\/\/www.rodller.com\/#organization"},"potentialAction":[{"@type":"SearchAction","target":{"@type":"EntryPoint","urlTemplate":"https:\/\/www.rodller.com\/?s={search_term_string}"},"query-input":{"@type":"PropertyValueSpecification","valueRequired":true,"valueName":"search_term_string"}}],"inLanguage":"fr-FR"},{"@type":"Organization","@id":"https:\/\/www.rodller.com\/#organization","name":"Rodller","url":"https:\/\/www.rodller.com\/","logo":{"@type":"ImageObject","inLanguage":"fr-FR","@id":"https:\/\/www.rodller.com\/#\/schema\/logo\/image\/","url":"","contentUrl":"","caption":"Rodller"},"image":{"@id":"https:\/\/www.rodller.com\/#\/schema\/logo\/image\/"},"sameAs":["https:\/\/www.facebook.com\/rodllerHQ\/","https:\/\/x.com\/RodllerOffice","https:\/\/www.linkedin.com\/company\/rodller\/","https:\/\/sk.pinterest.com\/rodller\/","https:\/\/www.youtube.com\/channel\/UCcxDAcsIm2CPDcA00AF4vvw"]}]}},"coauthors":[],"author_meta":{"author_link":"https:\/\/www.rodller.com\/fr\/author\/almimagu\/","display_name":"Rodller Team"},"relative_dates":{"created":"Publi\u00e9 2 ans il y a","modified":"Mis \u00e0 jour 2 ans il y a"},"absolute_dates":{"created":"Publi\u00e9 le ao\u00fbt 23, 2024","modified":"Mise \u00e0 jour le ao\u00fbt 23, 2024"},"absolute_dates_time":{"created":"Publi\u00e9 le ao\u00fbt 23, 2024 6:44 am","modified":"Mise \u00e0 jour le ao\u00fbt 23, 2024 6:44 am"},"featured_img_caption":"","featured_img":false,"series_order":"","_links":{"self":[{"href":"https:\/\/www.rodller.com\/fr\/wp-json\/wp\/v2\/pages\/12875"}],"collection":[{"href":"https:\/\/www.rodller.com\/fr\/wp-json\/wp\/v2\/pages"}],"about":[{"href":"https:\/\/www.rodller.com\/fr\/wp-json\/wp\/v2\/types\/page"}],"author":[{"embeddable":true,"href":"https:\/\/www.rodller.com\/fr\/wp-json\/wp\/v2\/users\/1"}],"replies":[{"embeddable":true,"href":"https:\/\/www.rodller.com\/fr\/wp-json\/wp\/v2\/comments?post=12875"}],"version-history":[{"count":1,"href":"https:\/\/www.rodller.com\/fr\/wp-json\/wp\/v2\/pages\/12875\/revisions"}],"predecessor-version":[{"id":12876,"href":"https:\/\/www.rodller.com\/fr\/wp-json\/wp\/v2\/pages\/12875\/revisions\/12876"}],"wp:attachment":[{"href":"https:\/\/www.rodller.com\/fr\/wp-json\/wp\/v2\/media?parent=12875"}],"curies":[{"name":"wp","href":"https:\/\/api.w.org\/{rel}","templated":true}]}}