{"id":12578,"date":"2024-08-08T14:27:32","date_gmt":"2024-08-08T14:27:32","guid":{"rendered":"https:\/\/www.rodller.com\/?page_id=12578"},"modified":"2025-11-19T13:33:48","modified_gmt":"2025-11-19T13:33:48","slug":"portfolio","status":"publish","type":"page","link":"https:\/\/www.rodller.com\/de\/portfolio\/","title":{"rendered":"Portfolio"},"content":{"rendered":"\n<div style=\"height:24px\" aria-hidden=\"true\" class=\"wp-block-spacer\"><\/div>\n\n\n<div class=\"yoast-breadcrumbs container-w1140\"><span><span><a href=\"https:\/\/www.rodller.com\/\">Home<\/a><\/span> \u00bb <span class=\"breadcrumb_last\" aria-current=\"page\">Portfolio<\/span><\/span><\/div>\n\n\n<div style=\"height:32px\" aria-hidden=\"true\" class=\"wp-block-spacer\"><\/div>\n\n\n\n<h1 class=\"wp-block-heading container-w1140 portfolio-title has-text-color\" style=\"color:#1a1a1a\">Portfolio<\/h1>\n\n\n\n<div style=\"height:40px\" aria-hidden=\"true\" class=\"wp-block-spacer\"><\/div>\n\n\n\n<div class=\"wp-block-columns container-w1140 portfolio-box no-margin-top-bottom no-padding-top-bottom is-layout-flex wp-container-core-columns-layout-1 wp-block-columns-is-layout-flex\">\n<div class=\"wp-block-column portfolio-single no-margin-top-bottom no-padding-top-bottom no-padding-left-right is-layout-flow wp-block-column-is-layout-flow\">\n<figure class=\"wp-block-image size-full\"><a href=\"https:\/\/www.rodller.com\/portfolio\/inside-monaco\/\" target=\"_blank\" rel=\"noreferrer noopener\"><img fetchpriority=\"high\" decoding=\"async\" width=\"1088\" height=\"626\" src=\"https:\/\/www.rodller.com\/wp-content\/uploads\/2023\/08\/inside-monaco.png\" alt=\"monaco\" class=\"wp-image-10027\" srcset=\"https:\/\/www.rodller.com\/wp-content\/uploads\/2023\/08\/inside-monaco.png 1088w, https:\/\/www.rodller.com\/wp-content\/uploads\/2023\/08\/inside-monaco-300x173.png 300w, https:\/\/www.rodller.com\/wp-content\/uploads\/2023\/08\/inside-monaco-1024x589.png 1024w, https:\/\/www.rodller.com\/wp-content\/uploads\/2023\/08\/inside-monaco-768x442.png 768w, https:\/\/www.rodller.com\/wp-content\/uploads\/2023\/08\/inside-monaco-553x318.png 553w, https:\/\/www.rodller.com\/wp-content\/uploads\/2023\/08\/inside-monaco-360x207.png 360w, https:\/\/www.rodller.com\/wp-content\/uploads\/2023\/08\/inside-monaco-750x432.png 750w\" sizes=\"(max-width: 1088px) 100vw, 1088px\" \/><\/a><\/figure>\n\n\n\n<h3 class=\"wp-block-heading has-text-color\" style=\"color:#802621;font-size:24px\"><a href=\"https:\/\/www.rodller.com\/portfolio\/inside-monaco\/\" target=\"_blank\" rel=\"noreferrer noopener\">INSIDE MONACO<\/a><\/h3>\n\n\n\n<p class=\"portfolio-p-text has-text-color\" style=\"color:#808081;font-size:17px\"><a href=\"https:\/\/www.rodller.com\/portfolio\/inside-monaco\/\" target=\"_blank\" rel=\"noreferrer noopener\">Ein Innenarchitekturunternehmen, das sich auf hochwertige zeitgen\u00f6ssische Innenarchitektur spezialisiert hat. INSIDE ist auch die erstaunliche Vereinigung eines CFAI-zertifizierten Interior<\/a><\/p>\n<\/div>\n\n\n\n<div class=\"wp-block-column portfolio-single no-margin-top-bottom no-padding-top-bottom no-padding-left-right is-layout-flow wp-block-column-is-layout-flow\">\n<figure class=\"wp-block-image size-full\"><a href=\"https:\/\/www.rodller.com\/hilbert-capital-case-study\/\" target=\"_blank\" rel=\"noreferrer noopener\"><img decoding=\"async\" width=\"1088\" height=\"626\" src=\"https:\/\/www.rodller.com\/wp-content\/uploads\/2023\/08\/img-Hilbert.png\" alt=\"hilbert\" class=\"wp-image-10033\" srcset=\"https:\/\/www.rodller.com\/wp-content\/uploads\/2023\/08\/img-Hilbert.png 1088w, https:\/\/www.rodller.com\/wp-content\/uploads\/2023\/08\/img-Hilbert-300x173.png 300w, https:\/\/www.rodller.com\/wp-content\/uploads\/2023\/08\/img-Hilbert-1024x589.png 1024w, https:\/\/www.rodller.com\/wp-content\/uploads\/2023\/08\/img-Hilbert-768x442.png 768w, https:\/\/www.rodller.com\/wp-content\/uploads\/2023\/08\/img-Hilbert-553x318.png 553w, https:\/\/www.rodller.com\/wp-content\/uploads\/2023\/08\/img-Hilbert-360x207.png 360w, https:\/\/www.rodller.com\/wp-content\/uploads\/2023\/08\/img-Hilbert-750x432.png 750w\" sizes=\"(max-width: 1088px) 100vw, 1088px\" \/><\/a><\/figure>\n\n\n\n<h3 class=\"wp-block-heading has-text-color\" style=\"color:#802621;font-size:24px\"><a href=\"https:\/\/www.rodller.com\/hilbert-capital-case-study\/\" target=\"_blank\" rel=\"noreferrer noopener\">Schwedischer Fonds f\u00fcr digitale Verm\u00f6genswerte <\/a><\/h3>\n\n\n\n<p class=\"portfolio-p-text has-text-color\" style=\"color:#808081;font-size:17px\"><a href=\"https:\/\/www.rodller.com\/hilbert-capital-case-study\/\" target=\"_blank\" rel=\"noreferrer noopener\">Die Hilbert Group ist eine Investmentgesellschaft, die sich auf quantitative, algorithmische Handelsstrategien auf den M\u00e4rkten f\u00fcr digitale Verm\u00f6genswerte spezialisiert hat. Hilbert hat eine<\/a><\/p>\n<\/div>\n<\/div>\n\n\n\n<div style=\"height:32px\" aria-hidden=\"true\" class=\"wp-block-spacer\"><\/div>\n\n\n\n<div class=\"wp-block-columns display-none container-w1140 portfolio-box no-margin-top-bottom no-padding-top-bottom is-layout-flex wp-container-core-columns-layout-2 wp-block-columns-is-layout-flex\">\n<div class=\"wp-block-column portfolio-single no-margin-top-bottom no-padding-top-bottom no-padding-left-right is-layout-flow wp-block-column-is-layout-flow\">\n<figure class=\"wp-block-image size-full\"><a href=\"https:\/\/www.rescalelab.com\/\" target=\"_blank\" rel=\"noreferrer noopener\"><img decoding=\"async\" width=\"1088\" height=\"626\" src=\"https:\/\/www.rodller.com\/wp-content\/uploads\/2023\/08\/rescale-lab.png\" alt=\"rescalelab\" class=\"wp-image-10030\" srcset=\"https:\/\/www.rodller.com\/wp-content\/uploads\/2023\/08\/rescale-lab.png 1088w, https:\/\/www.rodller.com\/wp-content\/uploads\/2023\/08\/rescale-lab-300x173.png 300w, https:\/\/www.rodller.com\/wp-content\/uploads\/2023\/08\/rescale-lab-1024x589.png 1024w, https:\/\/www.rodller.com\/wp-content\/uploads\/2023\/08\/rescale-lab-768x442.png 768w, https:\/\/www.rodller.com\/wp-content\/uploads\/2023\/08\/rescale-lab-553x318.png 553w, https:\/\/www.rodller.com\/wp-content\/uploads\/2023\/08\/rescale-lab-360x207.png 360w, https:\/\/www.rodller.com\/wp-content\/uploads\/2023\/08\/rescale-lab-750x432.png 750w\" sizes=\"(max-width: 1088px) 100vw, 1088px\" \/><\/a><\/figure>\n\n\n\n<h3 class=\"wp-block-heading has-text-color\" style=\"color:#802621;font-size:24px\"><a href=\"https:\/\/www.rescalelab.com\/\" target=\"_blank\" rel=\"noreferrer noopener\">rescale lab<\/a><\/h3>\n\n\n\n<p class=\"portfolio-p-text has-text-color\" style=\"color:#808081;font-size:17px\"><a href=\"https:\/\/www.rescalelab.com\/\" target=\"_blank\" rel=\"noreferrer noopener\">Eine cloudbasierte Software, die es Ausbildern leicht macht, betriebliche Arbeitsabl\u00e4ufe zu digitalisieren und die laufende Interaktion von<\/a><\/p>\n<\/div>\n\n\n\n<div class=\"wp-block-column portfolio-single no-margin-top-bottom no-padding-top-bottom no-padding-left-right is-layout-flow wp-block-column-is-layout-flow\">\n<figure class=\"wp-block-image size-full\"><img loading=\"lazy\" decoding=\"async\" width=\"1088\" height=\"626\" src=\"https:\/\/www.rodller.com\/wp-content\/uploads\/2023\/08\/Oceans-Ai.png\" alt=\"oceans-ai\" class=\"wp-image-10036\" srcset=\"https:\/\/www.rodller.com\/wp-content\/uploads\/2023\/08\/Oceans-Ai.png 1088w, https:\/\/www.rodller.com\/wp-content\/uploads\/2023\/08\/Oceans-Ai-300x173.png 300w, https:\/\/www.rodller.com\/wp-content\/uploads\/2023\/08\/Oceans-Ai-1024x589.png 1024w, https:\/\/www.rodller.com\/wp-content\/uploads\/2023\/08\/Oceans-Ai-768x442.png 768w, https:\/\/www.rodller.com\/wp-content\/uploads\/2023\/08\/Oceans-Ai-553x318.png 553w, https:\/\/www.rodller.com\/wp-content\/uploads\/2023\/08\/Oceans-Ai-360x207.png 360w, https:\/\/www.rodller.com\/wp-content\/uploads\/2023\/08\/Oceans-Ai-750x432.png 750w\" sizes=\"(max-width: 1088px) 100vw, 1088px\" \/><\/figure>\n\n\n\n<h3 class=\"wp-block-heading has-text-color\" style=\"color:#802621;font-size:24px\">Oceans.AI<\/h3>\n\n\n\n<p class=\"portfolio-p-text has-text-color\" style=\"color:#808081;font-size:17px\">Eine Cloud-basierte Software, die es Ausbildern leicht macht, betriebliche Arbeitsabl\u00e4ufe zu digitalisieren und die laufende Interaktion von Ausbildern und Lernenden zu erfassen, wobei ein datengesteuerter Ansatz verwendet wird, um das Engagement aller Beteiligten f\u00fcr den Lernerfolg zu erfassen<\/p>\n<\/div>\n<\/div>\n\n\n\n<div style=\"height:32px\" aria-hidden=\"true\" class=\"wp-block-spacer\"><\/div>\n\n\n\n<div class=\"wp-block-columns container-w1140 portfolio-box no-margin-top-bottom no-padding-top-bottom is-layout-flex wp-container-core-columns-layout-3 wp-block-columns-is-layout-flex\">\n<div class=\"wp-block-column portfolio-single no-margin-top-bottom no-padding-top-bottom no-padding-left-right is-layout-flow wp-block-column-is-layout-flow\">\n<figure class=\"wp-block-image size-full\"><a href=\"https:\/\/feak.ai\/\" target=\"_blank\" rel=\"noreferrer noopener\"><img loading=\"lazy\" decoding=\"async\" width=\"1088\" height=\"626\" src=\"https:\/\/www.rodller.com\/wp-content\/uploads\/2023\/08\/Feak.png\" alt=\"feak\" class=\"wp-image-10039\" srcset=\"https:\/\/www.rodller.com\/wp-content\/uploads\/2023\/08\/Feak.png 1088w, https:\/\/www.rodller.com\/wp-content\/uploads\/2023\/08\/Feak-300x173.png 300w, https:\/\/www.rodller.com\/wp-content\/uploads\/2023\/08\/Feak-1024x589.png 1024w, https:\/\/www.rodller.com\/wp-content\/uploads\/2023\/08\/Feak-768x442.png 768w, https:\/\/www.rodller.com\/wp-content\/uploads\/2023\/08\/Feak-553x318.png 553w, https:\/\/www.rodller.com\/wp-content\/uploads\/2023\/08\/Feak-360x207.png 360w, https:\/\/www.rodller.com\/wp-content\/uploads\/2023\/08\/Feak-750x432.png 750w\" sizes=\"(max-width: 1088px) 100vw, 1088px\" \/><\/a><\/figure>\n\n\n\n<h3 class=\"wp-block-heading has-text-color\" style=\"color:#802621;font-size:24px\"><a href=\"https:\/\/feak.ai\/\" target=\"_blank\" rel=\"noreferrer noopener\">FEAK.AI<\/a><\/h3>\n\n\n\n<p class=\"portfolio-p-text has-text-color\" style=\"color:#808081;font-size:17px\"><a href=\"https:\/\/feak.ai\/\" target=\"_blank\" rel=\"noreferrer noopener\">Eine Cloud-basierte Software, die es Ausbildern leicht macht, betriebliche Arbeitsabl\u00e4ufe zu digitalisieren und die laufende Interaktion von Ausbildern und Lernenden zu erfassen, wobei ein datengesteuerter Ansatz verwendet wird, um das Engagement aller Beteiligten f\u00fcr den Lernerfolg zu erfassen<\/a><\/p>\n<\/div>\n\n\n\n<div class=\"wp-block-column portfolio-single no-margin-top-bottom no-padding-top-bottom no-padding-left-right is-layout-flow wp-block-column-is-layout-flow\">\n<figure class=\"wp-block-image size-full\"><a href=\"https:\/\/safere.com\/\" target=\"_blank\" rel=\"noreferrer noopener\"><img loading=\"lazy\" decoding=\"async\" width=\"1088\" height=\"626\" src=\"https:\/\/www.rodller.com\/wp-content\/uploads\/2023\/08\/SafeRe.png\" alt=\"safere\" class=\"wp-image-10041\" srcset=\"https:\/\/www.rodller.com\/wp-content\/uploads\/2023\/08\/SafeRe.png 1088w, https:\/\/www.rodller.com\/wp-content\/uploads\/2023\/08\/SafeRe-300x173.png 300w, https:\/\/www.rodller.com\/wp-content\/uploads\/2023\/08\/SafeRe-1024x589.png 1024w, https:\/\/www.rodller.com\/wp-content\/uploads\/2023\/08\/SafeRe-768x442.png 768w, https:\/\/www.rodller.com\/wp-content\/uploads\/2023\/08\/SafeRe-553x318.png 553w, https:\/\/www.rodller.com\/wp-content\/uploads\/2023\/08\/SafeRe-360x207.png 360w, https:\/\/www.rodller.com\/wp-content\/uploads\/2023\/08\/SafeRe-750x432.png 750w\" sizes=\"(max-width: 1088px) 100vw, 1088px\" \/><\/a><\/figure>\n\n\n\n<h3 class=\"wp-block-heading has-text-color\" style=\"color:#802621;font-size:24px\"><a href=\"https:\/\/safere.com\/\" target=\"_blank\" rel=\"noreferrer noopener\">safeRe<\/a><\/h3>\n\n\n\n<p class=\"portfolio-p-text has-text-color\" style=\"color:#808081;font-size:17px\"><a href=\"https:\/\/safere.com\/\" target=\"_blank\" rel=\"noreferrer noopener\">SafeRE bricht mit den traditionellen Haltungen, die auf den Immobilieninvestmentm\u00e4rkten vorherrschen. Der ethische Investmentansatz von SafeRE behandelt Investoren und Asset Owner fair und verbessert ihre Chancen <\/a><\/p>\n<\/div>\n<\/div>\n\n\n\n<div style=\"height:32px\" aria-hidden=\"true\" class=\"wp-block-spacer\"><\/div>\n\n\n\n<div class=\"wp-block-columns container-w1140 portfolio-box no-margin-top-bottom no-padding-top-bottom display-none is-layout-flex wp-container-core-columns-layout-4 wp-block-columns-is-layout-flex\">\n<div class=\"wp-block-column portfolio-single no-margin-top-bottom no-padding-top-bottom no-padding-left-right is-layout-flow wp-block-column-is-layout-flow\">\n<figure class=\"wp-block-image size-full is-resized\"><img loading=\"lazy\" decoding=\"async\" width=\"1088\" height=\"626\" src=\"https:\/\/www.rodller.com\/wp-content\/uploads\/2023\/08\/skyhook-1.png\" alt=\"skyhook capital\" class=\"wp-image-10043\" style=\"width:402px;height:231px\" srcset=\"https:\/\/www.rodller.com\/wp-content\/uploads\/2023\/08\/skyhook-1.png 1088w, https:\/\/www.rodller.com\/wp-content\/uploads\/2023\/08\/skyhook-1-300x173.png 300w, https:\/\/www.rodller.com\/wp-content\/uploads\/2023\/08\/skyhook-1-1024x589.png 1024w, https:\/\/www.rodller.com\/wp-content\/uploads\/2023\/08\/skyhook-1-768x442.png 768w, https:\/\/www.rodller.com\/wp-content\/uploads\/2023\/08\/skyhook-1-553x318.png 553w, https:\/\/www.rodller.com\/wp-content\/uploads\/2023\/08\/skyhook-1-360x207.png 360w, https:\/\/www.rodller.com\/wp-content\/uploads\/2023\/08\/skyhook-1-750x432.png 750w\" sizes=\"(max-width: 1088px) 100vw, 1088px\" \/><\/figure>\n\n\n\n<h3 class=\"wp-block-heading has-text-color\" style=\"color:#802621;font-size:24px\">Skyhook Capital<\/h3>\n\n\n\n<p class=\"has-text-color\" style=\"color:#808081;font-size:17px\">Skyhook Capital (Skyhook) is on a mission to transform the Wealth and Asset Management industry by making it easy and less costly to distribute conventional and digital securities to Accredited Investors<\/p>\n<\/div>\n\n\n\n<div class=\"wp-block-column portfolio-single no-margin-top-bottom no-padding-top-bottom no-padding-left-right mobile-d-none is-layout-flow wp-block-column-is-layout-flow\"><\/div>\n<\/div>\n\n\n\n<div style=\"height:120px\" aria-hidden=\"true\" class=\"wp-block-spacer\"><\/div>\n\n\n","protected":false},"excerpt":{"rendered":"<p>Portfolio INSIDE MONACO Ein Innenarchitekturunternehmen, das sich auf hochwertige zeitgen\u00f6ssische Innenarchitektur spezialisiert hat. INSIDE ist auch die erstaunliche Vereinigung eines CFAI-zertifizierten Interior Schwedischer Fonds f\u00fcr digitale Verm\u00f6genswerte Die Hilbert Group ist eine Investmentgesellschaft, die sich auf quantitative, algorithmische Handelsstrategien auf den M\u00e4rkten f\u00fcr digitale Verm\u00f6genswerte spezialisiert hat. Hilbert hat eine rescale lab Eine cloudbasierte Software, [&hellip;]<\/p>\n","protected":false},"author":1,"featured_media":0,"parent":0,"menu_order":0,"comment_status":"closed","ping_status":"closed","template":"","meta":{"advgb_blocks_editor_width":"","advgb_blocks_columns_visual_guide":"","_themeisle_gutenberg_block_has_review":false,"footnotes":""},"yoast_head":"<!-- This site is optimized with the Yoast SEO plugin v23.5 - https:\/\/yoast.com\/wordpress\/plugins\/seo\/ -->\n<title>Portfolio | Rodller \u2013 Unsere Referenzen &amp; Fallstud<\/title>\n<meta name=\"description\" content=\"Entdecken Sie das Portfolio von Rodller: ausgew\u00e4hlte Referenzen und Fallstudien, die Wachstum, Innovation und Ergebnisorientierung zeigen.\" \/>\n<meta name=\"robots\" content=\"index, follow, max-snippet:-1, max-image-preview:large, max-video-preview:-1\" \/>\n<link rel=\"canonical\" href=\"https:\/\/www.rodller.com\/de\/portfolio\/\" \/>\n<meta property=\"og:locale\" content=\"de_DE\" \/>\n<meta property=\"og:type\" content=\"article\" \/>\n<meta property=\"og:title\" content=\"Portfolio | Rodller \u2013 Unsere Referenzen &amp; Fallstud\" \/>\n<meta property=\"og:description\" content=\"Entdecken Sie das Portfolio von Rodller: ausgew\u00e4hlte Referenzen und Fallstudien, die Wachstum, Innovation und Ergebnisorientierung zeigen.\" \/>\n<meta property=\"og:url\" content=\"https:\/\/www.rodller.com\/de\/portfolio\/\" \/>\n<meta property=\"og:site_name\" content=\"Rodller\" \/>\n<meta property=\"article:publisher\" content=\"https:\/\/www.facebook.com\/rodllerHQ\/\" \/>\n<meta property=\"article:modified_time\" content=\"2025-11-19T13:33:48+00:00\" \/>\n<meta property=\"og:image\" content=\"https:\/\/www.rodller.com\/wp-content\/uploads\/2023\/08\/inside-monaco.png\" \/>\n<meta name=\"twitter:card\" content=\"summary_large_image\" \/>\n<meta name=\"twitter:site\" content=\"@RodllerOffice\" \/>\n<meta name=\"twitter:label1\" content=\"Gesch\u00e4tzte Lesezeit\" \/>\n\t<meta name=\"twitter:data1\" content=\"5\u00a0Minuten\" \/>\n<script type=\"application\/ld+json\" class=\"yoast-schema-graph\">{\"@context\":\"https:\/\/schema.org\",\"@graph\":[{\"@type\":\"WebPage\",\"@id\":\"https:\/\/www.rodller.com\/de\/portfolio\/\",\"url\":\"https:\/\/www.rodller.com\/de\/portfolio\/\",\"name\":\"Portfolio | Rodller \u2013 Unsere Referenzen & Fallstud\",\"isPartOf\":{\"@id\":\"https:\/\/www.rodller.com\/#website\"},\"primaryImageOfPage\":{\"@id\":\"https:\/\/www.rodller.com\/de\/portfolio\/#primaryimage\"},\"image\":{\"@id\":\"https:\/\/www.rodller.com\/de\/portfolio\/#primaryimage\"},\"thumbnailUrl\":\"https:\/\/www.rodller.com\/wp-content\/uploads\/2023\/08\/inside-monaco.png\",\"datePublished\":\"2024-08-08T14:27:32+00:00\",\"dateModified\":\"2025-11-19T13:33:48+00:00\",\"description\":\"Entdecken Sie das Portfolio von Rodller: ausgew\u00e4hlte Referenzen und Fallstudien, die Wachstum, Innovation und Ergebnisorientierung zeigen.\",\"breadcrumb\":{\"@id\":\"https:\/\/www.rodller.com\/de\/portfolio\/#breadcrumb\"},\"inLanguage\":\"de\",\"potentialAction\":[{\"@type\":\"ReadAction\",\"target\":[\"https:\/\/www.rodller.com\/de\/portfolio\/\"]}]},{\"@type\":\"ImageObject\",\"inLanguage\":\"de\",\"@id\":\"https:\/\/www.rodller.com\/de\/portfolio\/#primaryimage\",\"url\":\"https:\/\/www.rodller.com\/wp-content\/uploads\/2023\/08\/inside-monaco.png\",\"contentUrl\":\"https:\/\/www.rodller.com\/wp-content\/uploads\/2023\/08\/inside-monaco.png\"},{\"@type\":\"BreadcrumbList\",\"@id\":\"https:\/\/www.rodller.com\/de\/portfolio\/#breadcrumb\",\"itemListElement\":[{\"@type\":\"ListItem\",\"position\":1,\"name\":\"Home\",\"item\":\"https:\/\/www.rodller.com\/\"},{\"@type\":\"ListItem\",\"position\":2,\"name\":\"Portfolio\"}]},{\"@type\":\"WebSite\",\"@id\":\"https:\/\/www.rodller.com\/#website\",\"url\":\"https:\/\/www.rodller.com\/\",\"name\":\"Rodller\",\"description\":\"Digital-as-a-Service\",\"publisher\":{\"@id\":\"https:\/\/www.rodller.com\/#organization\"},\"potentialAction\":[{\"@type\":\"SearchAction\",\"target\":{\"@type\":\"EntryPoint\",\"urlTemplate\":\"https:\/\/www.rodller.com\/?s={search_term_string}\"},\"query-input\":{\"@type\":\"PropertyValueSpecification\",\"valueRequired\":true,\"valueName\":\"search_term_string\"}}],\"inLanguage\":\"de\"},{\"@type\":\"Organization\",\"@id\":\"https:\/\/www.rodller.com\/#organization\",\"name\":\"Rodller\",\"url\":\"https:\/\/www.rodller.com\/\",\"logo\":{\"@type\":\"ImageObject\",\"inLanguage\":\"de\",\"@id\":\"https:\/\/www.rodller.com\/#\/schema\/logo\/image\/\",\"url\":\"\",\"contentUrl\":\"\",\"caption\":\"Rodller\"},\"image\":{\"@id\":\"https:\/\/www.rodller.com\/#\/schema\/logo\/image\/\"},\"sameAs\":[\"https:\/\/www.facebook.com\/rodllerHQ\/\",\"https:\/\/x.com\/RodllerOffice\",\"https:\/\/www.linkedin.com\/company\/rodller\/\",\"https:\/\/sk.pinterest.com\/rodller\/\",\"https:\/\/www.youtube.com\/channel\/UCcxDAcsIm2CPDcA00AF4vvw\"]}]}<\/script>\n<!-- \/ Yoast SEO plugin. -->","yoast_head_json":{"title":"Portfolio | Rodller \u2013 Unsere Referenzen & Fallstud","description":"Entdecken Sie das Portfolio von Rodller: ausgew\u00e4hlte Referenzen und Fallstudien, die Wachstum, Innovation und Ergebnisorientierung zeigen.","robots":{"index":"index","follow":"follow","max-snippet":"max-snippet:-1","max-image-preview":"max-image-preview:large","max-video-preview":"max-video-preview:-1"},"canonical":"https:\/\/www.rodller.com\/de\/portfolio\/","og_locale":"de_DE","og_type":"article","og_title":"Portfolio | Rodller \u2013 Unsere Referenzen & Fallstud","og_description":"Entdecken Sie das Portfolio von Rodller: ausgew\u00e4hlte Referenzen und Fallstudien, die Wachstum, Innovation und Ergebnisorientierung zeigen.","og_url":"https:\/\/www.rodller.com\/de\/portfolio\/","og_site_name":"Rodller","article_publisher":"https:\/\/www.facebook.com\/rodllerHQ\/","article_modified_time":"2025-11-19T13:33:48+00:00","og_image":[{"url":"https:\/\/www.rodller.com\/wp-content\/uploads\/2023\/08\/inside-monaco.png"}],"twitter_card":"summary_large_image","twitter_site":"@RodllerOffice","twitter_misc":{"Gesch\u00e4tzte Lesezeit":"5\u00a0Minuten"},"schema":{"@context":"https:\/\/schema.org","@graph":[{"@type":"WebPage","@id":"https:\/\/www.rodller.com\/de\/portfolio\/","url":"https:\/\/www.rodller.com\/de\/portfolio\/","name":"Portfolio | Rodller \u2013 Unsere Referenzen & Fallstud","isPartOf":{"@id":"https:\/\/www.rodller.com\/#website"},"primaryImageOfPage":{"@id":"https:\/\/www.rodller.com\/de\/portfolio\/#primaryimage"},"image":{"@id":"https:\/\/www.rodller.com\/de\/portfolio\/#primaryimage"},"thumbnailUrl":"https:\/\/www.rodller.com\/wp-content\/uploads\/2023\/08\/inside-monaco.png","datePublished":"2024-08-08T14:27:32+00:00","dateModified":"2025-11-19T13:33:48+00:00","description":"Entdecken Sie das Portfolio von Rodller: ausgew\u00e4hlte Referenzen und Fallstudien, die Wachstum, Innovation und Ergebnisorientierung zeigen.","breadcrumb":{"@id":"https:\/\/www.rodller.com\/de\/portfolio\/#breadcrumb"},"inLanguage":"de","potentialAction":[{"@type":"ReadAction","target":["https:\/\/www.rodller.com\/de\/portfolio\/"]}]},{"@type":"ImageObject","inLanguage":"de","@id":"https:\/\/www.rodller.com\/de\/portfolio\/#primaryimage","url":"https:\/\/www.rodller.com\/wp-content\/uploads\/2023\/08\/inside-monaco.png","contentUrl":"https:\/\/www.rodller.com\/wp-content\/uploads\/2023\/08\/inside-monaco.png"},{"@type":"BreadcrumbList","@id":"https:\/\/www.rodller.com\/de\/portfolio\/#breadcrumb","itemListElement":[{"@type":"ListItem","position":1,"name":"Home","item":"https:\/\/www.rodller.com\/"},{"@type":"ListItem","position":2,"name":"Portfolio"}]},{"@type":"WebSite","@id":"https:\/\/www.rodller.com\/#website","url":"https:\/\/www.rodller.com\/","name":"Rodller","description":"Digital-as-a-Service","publisher":{"@id":"https:\/\/www.rodller.com\/#organization"},"potentialAction":[{"@type":"SearchAction","target":{"@type":"EntryPoint","urlTemplate":"https:\/\/www.rodller.com\/?s={search_term_string}"},"query-input":{"@type":"PropertyValueSpecification","valueRequired":true,"valueName":"search_term_string"}}],"inLanguage":"de"},{"@type":"Organization","@id":"https:\/\/www.rodller.com\/#organization","name":"Rodller","url":"https:\/\/www.rodller.com\/","logo":{"@type":"ImageObject","inLanguage":"de","@id":"https:\/\/www.rodller.com\/#\/schema\/logo\/image\/","url":"","contentUrl":"","caption":"Rodller"},"image":{"@id":"https:\/\/www.rodller.com\/#\/schema\/logo\/image\/"},"sameAs":["https:\/\/www.facebook.com\/rodllerHQ\/","https:\/\/x.com\/RodllerOffice","https:\/\/www.linkedin.com\/company\/rodller\/","https:\/\/sk.pinterest.com\/rodller\/","https:\/\/www.youtube.com\/channel\/UCcxDAcsIm2CPDcA00AF4vvw"]}]}},"coauthors":[],"author_meta":{"author_link":"https:\/\/www.rodller.com\/de\/author\/almimagu\/","display_name":"Rodller Team"},"relative_dates":{"created":"Posted 2\u00a0Jahren ago","modified":"Updated 6\u00a0Monaten ago"},"absolute_dates":{"created":"Posted on August 8, 2024","modified":"Updated on November 19, 2025"},"absolute_dates_time":{"created":"Posted on August 8, 2024 2:27 p.m.","modified":"Updated on November 19, 2025 1:33 p.m."},"featured_img_caption":"","featured_img":false,"series_order":"","_links":{"self":[{"href":"https:\/\/www.rodller.com\/de\/wp-json\/wp\/v2\/pages\/12578"}],"collection":[{"href":"https:\/\/www.rodller.com\/de\/wp-json\/wp\/v2\/pages"}],"about":[{"href":"https:\/\/www.rodller.com\/de\/wp-json\/wp\/v2\/types\/page"}],"author":[{"embeddable":true,"href":"https:\/\/www.rodller.com\/de\/wp-json\/wp\/v2\/users\/1"}],"replies":[{"embeddable":true,"href":"https:\/\/www.rodller.com\/de\/wp-json\/wp\/v2\/comments?post=12578"}],"version-history":[{"count":1,"href":"https:\/\/www.rodller.com\/de\/wp-json\/wp\/v2\/pages\/12578\/revisions"}],"predecessor-version":[{"id":12579,"href":"https:\/\/www.rodller.com\/de\/wp-json\/wp\/v2\/pages\/12578\/revisions\/12579"}],"wp:attachment":[{"href":"https:\/\/www.rodller.com\/de\/wp-json\/wp\/v2\/media?parent=12578"}],"curies":[{"name":"wp","href":"https:\/\/api.w.org\/{rel}","templated":true}]}}