{"id":12572,"date":"2024-08-08T13:54:56","date_gmt":"2024-08-08T13:54:56","guid":{"rendered":"https:\/\/www.rodller.com\/?page_id=12572"},"modified":"2025-11-19T13:16:48","modified_gmt":"2025-11-19T13:16:48","slug":"kontakt","status":"publish","type":"page","link":"https:\/\/www.rodller.com\/de\/kontakt\/","title":{"rendered":"Kontakt"},"content":{"rendered":"\n<div class=\"wp-block-cover alignfull mh-358 seo show-lg-screen-only\"><span aria-hidden=\"true\" class=\"wp-block-cover__background has-background-dim-0 has-background-dim\"><\/span><img fetchpriority=\"high\" decoding=\"async\" width=\"1920\" height=\"750\" class=\"wp-block-cover__image-background wp-image-1859\" alt=\"contact hero bg\" src=\"https:\/\/www.rodller.com\/wp-content\/uploads\/2020\/09\/25542173333-min.jpg\" data-object-fit=\"cover\" srcset=\"https:\/\/www.rodller.com\/wp-content\/uploads\/2020\/09\/25542173333-min.jpg 1920w, https:\/\/www.rodller.com\/wp-content\/uploads\/2020\/09\/25542173333-min-300x117.jpg 300w, https:\/\/www.rodller.com\/wp-content\/uploads\/2020\/09\/25542173333-min-1024x400.jpg 1024w, https:\/\/www.rodller.com\/wp-content\/uploads\/2020\/09\/25542173333-min-768x300.jpg 768w, https:\/\/www.rodller.com\/wp-content\/uploads\/2020\/09\/25542173333-min-1536x600.jpg 1536w, https:\/\/www.rodller.com\/wp-content\/uploads\/2020\/09\/25542173333-min-360x141.jpg 360w, https:\/\/www.rodller.com\/wp-content\/uploads\/2020\/09\/25542173333-min-750x293.jpg 750w, https:\/\/www.rodller.com\/wp-content\/uploads\/2020\/09\/25542173333-min-600x234.jpg 600w\" sizes=\"(max-width: 1920px) 100vw, 1920px\" \/><div class=\"wp-block-cover__inner-container is-layout-flow wp-block-cover-is-layout-flow\">\n<div class=\"wp-block-columns container-w1140 mt-mb-0 mh-358 align-flex-items-center is-layout-flex wp-container-core-columns-layout-1 wp-block-columns-is-layout-flex\">\n<div class=\"wp-block-column container-w1140 mt-mb-0 pt-pb-0 is-layout-flow wp-block-column-is-layout-flow\">\n<h1 class=\"wp-block-heading has-white-color has-text-color\" style=\"font-size:48px\">Kontakt<\/h1>\n<\/div>\n<\/div>\n<\/div><\/div>\n\n\n\n<div style=\"background-color:#fff;padding-left:2%;padding-right:0%;padding-bottom:5%;padding-top:5%;margin-top:0%;margin-bottom:0%\" class=\"wp-block-rodller-rodller-container paralax-image mh-358 d-none alignfull\"><div class=\"rodller-container-inside\"><div class=\"rodller-container-image-wrap\"><img decoding=\"async\" class=\"rodller-container-image\" src=\"https:\/\/www.rodller.com\/wp-content\/uploads\/2020\/09\/25542173333-min.jpg\" alt=\"sketch\" style=\"opacity:1\"\/><\/div><div class=\"rodller-container-content\" style=\"max-width:1170px\">\n<h1 class=\"wp-block-heading has-white-color has-text-color\" style=\"font-size:48px\">Kontakt<\/h1>\n<\/div><\/div><\/div>\n\n\n\n<div style=\"background-color:#fff;padding-left:0%;padding-right:0%;padding-bottom:0%;padding-top:0%;margin-top:7%;margin-bottom:7%\" class=\"wp-block-rodller-rodller-container fade-from-down-slow pb-120 no-margin-bottom aligncenter\"><div class=\"rodller-container-inside\"><div class=\"rodller-container-content\" style=\"max-width:927px\">\n<h2 class=\"wp-block-heading has-text-align-center has-text-color\" style=\"color:#1a1a1a;font-size:38px\">Lassen Sie uns reden<\/h2>\n\n\n\n<p>Rodller ist von Europa und Singapur aus t\u00e4tig. F\u00fcllen Sie dieses kurze Formular aus und eines unserer B\u00fcros wird sich mit Ihnen in Verbindung setzen.<\/p>\n\n\n\n<div class=\"wpcf7 no-js\" id=\"wpcf7-f12575-o1\" lang=\"de-DE\" dir=\"ltr\">\n<div class=\"screen-reader-response\"><p role=\"status\" aria-live=\"polite\" aria-atomic=\"true\"><\/p> <ul><\/ul><\/div>\n<form action=\"\/de\/wp-json\/wp\/v2\/pages\/12572#wpcf7-f12575-o1\" method=\"post\" class=\"wpcf7-form init cf7mls-no-scroll cf7mls-auto-return-first-step cf7mls-no-moving-animation\" aria-label=\"Kontaktformular\" novalidate=\"novalidate\" data-status=\"init\">\n<div style=\"display: none;\">\n<input type=\"hidden\" name=\"_wpcf7\" value=\"12575\" \/>\n<input type=\"hidden\" name=\"_wpcf7_version\" value=\"5.9.8\" \/>\n<input type=\"hidden\" name=\"_wpcf7_locale\" value=\"de_DE\" \/>\n<input type=\"hidden\" name=\"_wpcf7_unit_tag\" value=\"wpcf7-f12575-o1\" \/>\n<input type=\"hidden\" name=\"_wpcf7_container_post\" value=\"0\" \/>\n<input type=\"hidden\" name=\"_wpcf7_posted_data_hash\" value=\"\" \/>\n<input type=\"hidden\" name=\"_wpcf7_recaptcha_response\" value=\"\" \/>\n<\/div>\n<p><label> Ihr Name (erforderlich)<br \/>\n<span class=\"wpcf7-form-control-wrap\" data-name=\"yourname\"><input size=\"40\" maxlength=\"400\" class=\"wpcf7-form-control wpcf7-text wpcf7-validates-as-required\" aria-required=\"true\" aria-invalid=\"false\" value=\"\" type=\"text\" name=\"yourname\" \/><\/span> <\/label>\n<\/p>\n<p><label> Ihre E-Mail (erforderlich)<br \/>\n<span class=\"wpcf7-form-control-wrap\" data-name=\"email\"><input size=\"40\" maxlength=\"400\" class=\"wpcf7-form-control wpcf7-email wpcf7-validates-as-required wpcf7-text wpcf7-validates-as-email\" aria-required=\"true\" aria-invalid=\"false\" value=\"\" type=\"email\" name=\"email\" \/><\/span> <\/label>\n<\/p>\n<p><label> Thema<br \/>\n<span class=\"wpcf7-form-control-wrap\" data-name=\"subject\"><input size=\"40\" maxlength=\"400\" class=\"wpcf7-form-control wpcf7-text\" aria-invalid=\"false\" value=\"\" type=\"text\" name=\"subject\" \/><\/span> <\/label>\n<\/p>\n<p><label> Ihre Nachricht<br \/>\n<span class=\"wpcf7-form-control-wrap\" data-name=\"message\"><textarea cols=\"40\" rows=\"10\" maxlength=\"2000\" class=\"wpcf7-form-control wpcf7-textarea\" aria-invalid=\"false\" name=\"message\"><\/textarea><\/span> <\/label>\n<\/p>\n<div class=\"contact-us-hover-btn\">\n\t<p><input class=\"wpcf7-form-control wpcf7-submit has-spinner\" type=\"submit\" value=\"Kontakt\" \/>\n\t<\/p>\n<\/div><input type='hidden' class='wpcf7-pum' value='{\"closepopup\":false,\"closedelay\":0,\"openpopup\":false,\"openpopup_id\":0}' \/><div class=\"wpcf7-response-output\" aria-hidden=\"true\"><\/div>\n<\/form>\n<\/div>\n\n\n\n\n<!-- Event snippet for Contact conversion page -->\n<script>\n  gtag('event', 'conversion', {'send_to': 'AW-760610460\/ysJbCNqJvuIBEJz91-oC'});\n<\/script>\n<\/div><\/div><\/div>\n\n\n","protected":false},"excerpt":{"rendered":"","protected":false},"author":1,"featured_media":0,"parent":0,"menu_order":0,"comment_status":"closed","ping_status":"closed","template":"","meta":{"advgb_blocks_editor_width":"","advgb_blocks_columns_visual_guide":"","_themeisle_gutenberg_block_has_review":false,"footnotes":""},"yoast_head":"<!-- This site is optimized with the Yoast SEO plugin v23.5 - https:\/\/yoast.com\/wordpress\/plugins\/seo\/ -->\n<title>Kontakt | Rodller \u2013 Nehmen Sie Kontakt mit uns auf<\/title>\n<meta name=\"description\" content=\"Rodller freut sich darauf, mit Ihnen in Kontakt zu treten. Schreiben Sie uns Ihre Anfrage \u2013 wir antworten schnell und pers\u00f6nlich.\" \/>\n<meta name=\"robots\" content=\"index, follow, max-snippet:-1, max-image-preview:large, max-video-preview:-1\" \/>\n<link rel=\"canonical\" href=\"https:\/\/www.rodller.com\/de\/kontakt\/\" \/>\n<meta property=\"og:locale\" content=\"de_DE\" \/>\n<meta property=\"og:type\" content=\"article\" \/>\n<meta property=\"og:title\" content=\"Kontakt | Rodller \u2013 Nehmen Sie Kontakt mit uns auf\" \/>\n<meta property=\"og:description\" content=\"Rodller freut sich darauf, mit Ihnen in Kontakt zu treten. Schreiben Sie uns Ihre Anfrage \u2013 wir antworten schnell und pers\u00f6nlich.\" \/>\n<meta property=\"og:url\" content=\"https:\/\/www.rodller.com\/de\/kontakt\/\" \/>\n<meta property=\"og:site_name\" content=\"Rodller\" \/>\n<meta property=\"article:publisher\" content=\"https:\/\/www.facebook.com\/rodllerHQ\/\" \/>\n<meta property=\"article:modified_time\" content=\"2025-11-19T13:16:48+00:00\" \/>\n<meta property=\"og:image\" content=\"https:\/\/www.rodller.com\/wp-content\/uploads\/2020\/09\/25542173333-min.jpg\" \/>\n<meta name=\"twitter:card\" content=\"summary_large_image\" \/>\n<meta name=\"twitter:site\" content=\"@RodllerOffice\" \/>\n<meta name=\"twitter:label1\" content=\"Gesch\u00e4tzte Lesezeit\" \/>\n\t<meta name=\"twitter:data1\" content=\"2\u00a0Minuten\" \/>\n<script type=\"application\/ld+json\" class=\"yoast-schema-graph\">{\"@context\":\"https:\/\/schema.org\",\"@graph\":[{\"@type\":\"WebPage\",\"@id\":\"https:\/\/www.rodller.com\/de\/kontakt\/\",\"url\":\"https:\/\/www.rodller.com\/de\/kontakt\/\",\"name\":\"Kontakt | Rodller \u2013 Nehmen Sie Kontakt mit uns auf\",\"isPartOf\":{\"@id\":\"https:\/\/www.rodller.com\/#website\"},\"primaryImageOfPage\":{\"@id\":\"https:\/\/www.rodller.com\/de\/kontakt\/#primaryimage\"},\"image\":{\"@id\":\"https:\/\/www.rodller.com\/de\/kontakt\/#primaryimage\"},\"thumbnailUrl\":\"https:\/\/www.rodller.com\/wp-content\/uploads\/2020\/09\/25542173333-min.jpg\",\"datePublished\":\"2024-08-08T13:54:56+00:00\",\"dateModified\":\"2025-11-19T13:16:48+00:00\",\"description\":\"Rodller freut sich darauf, mit Ihnen in Kontakt zu treten. Schreiben Sie uns Ihre Anfrage \u2013 wir antworten schnell und pers\u00f6nlich.\",\"breadcrumb\":{\"@id\":\"https:\/\/www.rodller.com\/de\/kontakt\/#breadcrumb\"},\"inLanguage\":\"de\",\"potentialAction\":[{\"@type\":\"ReadAction\",\"target\":[\"https:\/\/www.rodller.com\/de\/kontakt\/\"]}]},{\"@type\":\"ImageObject\",\"inLanguage\":\"de\",\"@id\":\"https:\/\/www.rodller.com\/de\/kontakt\/#primaryimage\",\"url\":\"https:\/\/www.rodller.com\/wp-content\/uploads\/2020\/09\/25542173333-min.jpg\",\"contentUrl\":\"https:\/\/www.rodller.com\/wp-content\/uploads\/2020\/09\/25542173333-min.jpg\"},{\"@type\":\"BreadcrumbList\",\"@id\":\"https:\/\/www.rodller.com\/de\/kontakt\/#breadcrumb\",\"itemListElement\":[{\"@type\":\"ListItem\",\"position\":1,\"name\":\"Home\",\"item\":\"https:\/\/www.rodller.com\/\"},{\"@type\":\"ListItem\",\"position\":2,\"name\":\"Kontakt\"}]},{\"@type\":\"WebSite\",\"@id\":\"https:\/\/www.rodller.com\/#website\",\"url\":\"https:\/\/www.rodller.com\/\",\"name\":\"Rodller\",\"description\":\"Digital-as-a-Service\",\"publisher\":{\"@id\":\"https:\/\/www.rodller.com\/#organization\"},\"potentialAction\":[{\"@type\":\"SearchAction\",\"target\":{\"@type\":\"EntryPoint\",\"urlTemplate\":\"https:\/\/www.rodller.com\/?s={search_term_string}\"},\"query-input\":{\"@type\":\"PropertyValueSpecification\",\"valueRequired\":true,\"valueName\":\"search_term_string\"}}],\"inLanguage\":\"de\"},{\"@type\":\"Organization\",\"@id\":\"https:\/\/www.rodller.com\/#organization\",\"name\":\"Rodller\",\"url\":\"https:\/\/www.rodller.com\/\",\"logo\":{\"@type\":\"ImageObject\",\"inLanguage\":\"de\",\"@id\":\"https:\/\/www.rodller.com\/#\/schema\/logo\/image\/\",\"url\":\"\",\"contentUrl\":\"\",\"caption\":\"Rodller\"},\"image\":{\"@id\":\"https:\/\/www.rodller.com\/#\/schema\/logo\/image\/\"},\"sameAs\":[\"https:\/\/www.facebook.com\/rodllerHQ\/\",\"https:\/\/x.com\/RodllerOffice\",\"https:\/\/www.linkedin.com\/company\/rodller\/\",\"https:\/\/sk.pinterest.com\/rodller\/\",\"https:\/\/www.youtube.com\/channel\/UCcxDAcsIm2CPDcA00AF4vvw\"]}]}<\/script>\n<!-- \/ Yoast SEO plugin. -->","yoast_head_json":{"title":"Kontakt | Rodller \u2013 Nehmen Sie Kontakt mit uns auf","description":"Rodller freut sich darauf, mit Ihnen in Kontakt zu treten. Schreiben Sie uns Ihre Anfrage \u2013 wir antworten schnell und pers\u00f6nlich.","robots":{"index":"index","follow":"follow","max-snippet":"max-snippet:-1","max-image-preview":"max-image-preview:large","max-video-preview":"max-video-preview:-1"},"canonical":"https:\/\/www.rodller.com\/de\/kontakt\/","og_locale":"de_DE","og_type":"article","og_title":"Kontakt | Rodller \u2013 Nehmen Sie Kontakt mit uns auf","og_description":"Rodller freut sich darauf, mit Ihnen in Kontakt zu treten. Schreiben Sie uns Ihre Anfrage \u2013 wir antworten schnell und pers\u00f6nlich.","og_url":"https:\/\/www.rodller.com\/de\/kontakt\/","og_site_name":"Rodller","article_publisher":"https:\/\/www.facebook.com\/rodllerHQ\/","article_modified_time":"2025-11-19T13:16:48+00:00","og_image":[{"url":"https:\/\/www.rodller.com\/wp-content\/uploads\/2020\/09\/25542173333-min.jpg"}],"twitter_card":"summary_large_image","twitter_site":"@RodllerOffice","twitter_misc":{"Gesch\u00e4tzte Lesezeit":"2\u00a0Minuten"},"schema":{"@context":"https:\/\/schema.org","@graph":[{"@type":"WebPage","@id":"https:\/\/www.rodller.com\/de\/kontakt\/","url":"https:\/\/www.rodller.com\/de\/kontakt\/","name":"Kontakt | Rodller \u2013 Nehmen Sie Kontakt mit uns auf","isPartOf":{"@id":"https:\/\/www.rodller.com\/#website"},"primaryImageOfPage":{"@id":"https:\/\/www.rodller.com\/de\/kontakt\/#primaryimage"},"image":{"@id":"https:\/\/www.rodller.com\/de\/kontakt\/#primaryimage"},"thumbnailUrl":"https:\/\/www.rodller.com\/wp-content\/uploads\/2020\/09\/25542173333-min.jpg","datePublished":"2024-08-08T13:54:56+00:00","dateModified":"2025-11-19T13:16:48+00:00","description":"Rodller freut sich darauf, mit Ihnen in Kontakt zu treten. Schreiben Sie uns Ihre Anfrage \u2013 wir antworten schnell und pers\u00f6nlich.","breadcrumb":{"@id":"https:\/\/www.rodller.com\/de\/kontakt\/#breadcrumb"},"inLanguage":"de","potentialAction":[{"@type":"ReadAction","target":["https:\/\/www.rodller.com\/de\/kontakt\/"]}]},{"@type":"ImageObject","inLanguage":"de","@id":"https:\/\/www.rodller.com\/de\/kontakt\/#primaryimage","url":"https:\/\/www.rodller.com\/wp-content\/uploads\/2020\/09\/25542173333-min.jpg","contentUrl":"https:\/\/www.rodller.com\/wp-content\/uploads\/2020\/09\/25542173333-min.jpg"},{"@type":"BreadcrumbList","@id":"https:\/\/www.rodller.com\/de\/kontakt\/#breadcrumb","itemListElement":[{"@type":"ListItem","position":1,"name":"Home","item":"https:\/\/www.rodller.com\/"},{"@type":"ListItem","position":2,"name":"Kontakt"}]},{"@type":"WebSite","@id":"https:\/\/www.rodller.com\/#website","url":"https:\/\/www.rodller.com\/","name":"Rodller","description":"Digital-as-a-Service","publisher":{"@id":"https:\/\/www.rodller.com\/#organization"},"potentialAction":[{"@type":"SearchAction","target":{"@type":"EntryPoint","urlTemplate":"https:\/\/www.rodller.com\/?s={search_term_string}"},"query-input":{"@type":"PropertyValueSpecification","valueRequired":true,"valueName":"search_term_string"}}],"inLanguage":"de"},{"@type":"Organization","@id":"https:\/\/www.rodller.com\/#organization","name":"Rodller","url":"https:\/\/www.rodller.com\/","logo":{"@type":"ImageObject","inLanguage":"de","@id":"https:\/\/www.rodller.com\/#\/schema\/logo\/image\/","url":"","contentUrl":"","caption":"Rodller"},"image":{"@id":"https:\/\/www.rodller.com\/#\/schema\/logo\/image\/"},"sameAs":["https:\/\/www.facebook.com\/rodllerHQ\/","https:\/\/x.com\/RodllerOffice","https:\/\/www.linkedin.com\/company\/rodller\/","https:\/\/sk.pinterest.com\/rodller\/","https:\/\/www.youtube.com\/channel\/UCcxDAcsIm2CPDcA00AF4vvw"]}]}},"coauthors":[],"author_meta":{"author_link":"https:\/\/www.rodller.com\/de\/author\/almimagu\/","display_name":"Rodller Team"},"relative_dates":{"created":"Posted 2\u00a0Jahren ago","modified":"Updated 6\u00a0Monaten ago"},"absolute_dates":{"created":"Posted on August 8, 2024","modified":"Updated on November 19, 2025"},"absolute_dates_time":{"created":"Posted on August 8, 2024 1:54 p.m.","modified":"Updated on November 19, 2025 1:16 p.m."},"featured_img_caption":"","featured_img":false,"series_order":"","_links":{"self":[{"href":"https:\/\/www.rodller.com\/de\/wp-json\/wp\/v2\/pages\/12572"}],"collection":[{"href":"https:\/\/www.rodller.com\/de\/wp-json\/wp\/v2\/pages"}],"about":[{"href":"https:\/\/www.rodller.com\/de\/wp-json\/wp\/v2\/types\/page"}],"author":[{"embeddable":true,"href":"https:\/\/www.rodller.com\/de\/wp-json\/wp\/v2\/users\/1"}],"replies":[{"embeddable":true,"href":"https:\/\/www.rodller.com\/de\/wp-json\/wp\/v2\/comments?post=12572"}],"version-history":[{"count":1,"href":"https:\/\/www.rodller.com\/de\/wp-json\/wp\/v2\/pages\/12572\/revisions"}],"predecessor-version":[{"id":12573,"href":"https:\/\/www.rodller.com\/de\/wp-json\/wp\/v2\/pages\/12572\/revisions\/12573"}],"wp:attachment":[{"href":"https:\/\/www.rodller.com\/de\/wp-json\/wp\/v2\/media?parent=12572"}],"curies":[{"name":"wp","href":"https:\/\/api.w.org\/{rel}","templated":true}]}}