{"id":12532,"date":"2024-08-08T10:04:36","date_gmt":"2024-08-08T10:04:36","guid":{"rendered":"https:\/\/www.rodller.com\/?page_id=12532"},"modified":"2025-11-19T13:22:49","modified_gmt":"2025-11-19T13:22:49","slug":"partners","status":"publish","type":"page","link":"https:\/\/www.rodller.com\/de\/partners\/","title":{"rendered":"Partners"},"content":{"rendered":"\n<div style=\"height:24px\" aria-hidden=\"true\" class=\"wp-block-spacer\"><\/div>\n\n\n<div class=\"yoast-breadcrumbs container-w1140\"><span><span><a href=\"https:\/\/www.rodller.com\/\">Home<\/a><\/span> \u00bb <span class=\"breadcrumb_last\" aria-current=\"page\">Partners<\/span><\/span><\/div>\n\n\n<div style=\"height:32px\" aria-hidden=\"true\" class=\"wp-block-spacer\"><\/div>\n\n\n\n<h1 class=\"wp-block-heading container-w1140 partner-title has-text-color\" style=\"color:#1a1a1a\">Unsere Partner<\/h1>\n\n\n\n<div style=\"height:40px\" aria-hidden=\"true\" class=\"wp-block-spacer\"><\/div>\n\n\n\n<div class=\"wp-block-columns container-w1140 our-partners-box no-margin-top-bottom no-padding-top-bottom is-layout-flex wp-container-core-columns-layout-1 wp-block-columns-is-layout-flex\">\n<div class=\"wp-block-column partner-single no-margin-top-bottom no-padding-top-bottom no-padding-left-right is-layout-flow wp-block-column-is-layout-flow\">\n<figure class=\"wp-block-image size-full\"><a href=\"https:\/\/www.rodller.com\/hoozin\/\" target=\"_blank\" rel=\"noopener\"><img fetchpriority=\"high\" decoding=\"async\" width=\"352\" height=\"240\" src=\"https:\/\/www.rodller.com\/wp-content\/uploads\/2023\/07\/cover-hoozin.png\" alt=\"cover hoozin\" class=\"wp-image-9677\" srcset=\"https:\/\/www.rodller.com\/wp-content\/uploads\/2023\/07\/cover-hoozin.png 352w, https:\/\/www.rodller.com\/wp-content\/uploads\/2023\/07\/cover-hoozin-300x205.png 300w\" sizes=\"(max-width: 352px) 100vw, 352px\" \/><\/a><\/figure>\n\n\n\n<h3 class=\"wp-block-heading has-text-color\" style=\"color:#802621;font-size:24px\"><a href=\"https:\/\/www.rodller.com\/hoozin\/\" target=\"_blank\" rel=\"noreferrer noopener\">Hoozin<\/a><\/h3>\n\n\n\n<p class=\"has-text-color\" style=\"color:#808081;font-size:17px\">Hoozin ist Teil eines \u00d6kosystems von Unternehmen. Unsere vier magischen Anwendungsf\u00e4lle liegen in den Bereichen verbesserte Zusammenarbeit, Extranet-Strategie, digitaler Arbeitsplatz und Workflows.<\/p>\n<\/div>\n\n\n\n<div class=\"wp-block-column partner-single no-margin-top-bottom no-padding-top-bottom no-padding-left-right is-layout-flow wp-block-column-is-layout-flow\">\n<figure class=\"wp-block-image size-full\"><a href=\"https:\/\/www.adzymic.co\/\" target=\"_blank\" rel=\"noopener\"><img decoding=\"async\" width=\"352\" height=\"240\" src=\"https:\/\/www.rodller.com\/wp-content\/uploads\/2023\/07\/cover-adzymic.png\" alt=\"cover adzymic\" class=\"wp-image-9675\" srcset=\"https:\/\/www.rodller.com\/wp-content\/uploads\/2023\/07\/cover-adzymic.png 352w, https:\/\/www.rodller.com\/wp-content\/uploads\/2023\/07\/cover-adzymic-300x205.png 300w\" sizes=\"(max-width: 352px) 100vw, 352px\" \/><\/a><\/figure>\n\n\n\n<h3 class=\"wp-block-heading has-text-color\" style=\"color:#802621;font-size:24px\"><a href=\"https:\/\/www.adzymic.co\/\" target=\"_blank\" rel=\"noreferrer noopener\">Adzymic<\/a><\/h3>\n\n\n\n<p class=\"has-text-color\" style=\"color:#808081;font-size:17px\">Transformieren Sie Ihre digitalen Kampagnen mit der dynamischen Kreativmanagement-Plattform der n\u00e4chsten Generation. Adzymic ist ein preisgekr\u00f6nter Anbieter dynamischer Werbel\u00f6sungen.<\/p>\n<\/div>\n\n\n\n<div class=\"wp-block-column partner-single no-margin-top-bottom no-padding-top-bottom no-padding-left-right is-layout-flow wp-block-column-is-layout-flow\">\n<figure class=\"wp-block-image size-full\"><a href=\"https:\/\/navigator.tech\/\" target=\"_blank\" rel=\"noopener\"><img decoding=\"async\" width=\"352\" height=\"240\" src=\"https:\/\/www.rodller.com\/wp-content\/uploads\/2023\/07\/cover-navigator.png\" alt=\"cover navigator\" class=\"wp-image-9673\" srcset=\"https:\/\/www.rodller.com\/wp-content\/uploads\/2023\/07\/cover-navigator.png 352w, https:\/\/www.rodller.com\/wp-content\/uploads\/2023\/07\/cover-navigator-300x205.png 300w\" sizes=\"(max-width: 352px) 100vw, 352px\" \/><\/a><\/figure>\n\n\n\n<h3 class=\"wp-block-heading has-text-color\" style=\"color:#802621;font-size:24px\"><a href=\"https:\/\/navigator.tech\/\" target=\"_blank\" rel=\"noreferrer noopener\">Navigator<\/a><\/h3>\n\n\n\n<p class=\"has-text-color\" style=\"color:#808081;font-size:17px\">Ein neuer und innovativer Weg f\u00fcr Sie, den Umsatz mit Reisenden zu steigern. Nutzen Sie Navigator, um Ihre potenziellen Kunden in jeder Phase der Reise anzusprechen.<\/p>\n<\/div>\n<\/div>\n\n\n\n<div style=\"height:88px\" aria-hidden=\"true\" class=\"wp-block-spacer\"><\/div>\n\n\n","protected":false},"excerpt":{"rendered":"<p>Unsere Partner Hoozin Hoozin ist Teil eines \u00d6kosystems von Unternehmen. Unsere vier magischen Anwendungsf\u00e4lle liegen in den Bereichen verbesserte Zusammenarbeit, Extranet-Strategie, digitaler Arbeitsplatz und Workflows. Adzymic Transformieren Sie Ihre digitalen Kampagnen mit der dynamischen Kreativmanagement-Plattform der n\u00e4chsten Generation. Adzymic ist ein preisgekr\u00f6nter Anbieter dynamischer Werbel\u00f6sungen. Navigator Ein neuer und innovativer Weg f\u00fcr Sie, den Umsatz [&hellip;]<\/p>\n","protected":false},"author":1,"featured_media":0,"parent":0,"menu_order":0,"comment_status":"closed","ping_status":"closed","template":"","meta":{"advgb_blocks_editor_width":"","advgb_blocks_columns_visual_guide":"","_themeisle_gutenberg_block_has_review":false,"footnotes":""},"yoast_head":"<!-- This site is optimized with the Yoast SEO plugin v23.5 - https:\/\/yoast.com\/wordpress\/plugins\/seo\/ -->\n<title>Partner | Rodller \u2013 Unser Netzwerk strategischer Partner<\/title>\n<meta name=\"description\" content=\"Entdecken Sie bei Rodller unsere strategischen Partner \u2013 ein starkes Netzwerk f\u00fcr Wachstum, Innovation und gemeinsame Erfolge.\" \/>\n<meta name=\"robots\" content=\"index, follow, max-snippet:-1, max-image-preview:large, max-video-preview:-1\" \/>\n<link rel=\"canonical\" href=\"https:\/\/www.rodller.com\/de\/partners\/\" \/>\n<meta property=\"og:locale\" content=\"de_DE\" \/>\n<meta property=\"og:type\" content=\"article\" \/>\n<meta property=\"og:title\" content=\"Partner | Rodller \u2013 Unser Netzwerk strategischer Partner\" \/>\n<meta property=\"og:description\" content=\"Entdecken Sie bei Rodller unsere strategischen Partner \u2013 ein starkes Netzwerk f\u00fcr Wachstum, Innovation und gemeinsame Erfolge.\" \/>\n<meta property=\"og:url\" content=\"https:\/\/www.rodller.com\/de\/partners\/\" \/>\n<meta property=\"og:site_name\" content=\"Rodller\" \/>\n<meta property=\"article:publisher\" content=\"https:\/\/www.facebook.com\/rodllerHQ\/\" \/>\n<meta property=\"article:modified_time\" content=\"2025-11-19T13:22:49+00:00\" \/>\n<meta property=\"og:image\" content=\"https:\/\/www.rodller.com\/wp-content\/uploads\/2023\/07\/cover-hoozin.png\" \/>\n<meta name=\"twitter:card\" content=\"summary_large_image\" \/>\n<meta name=\"twitter:site\" content=\"@RodllerOffice\" \/>\n<meta name=\"twitter:label1\" content=\"Gesch\u00e4tzte Lesezeit\" \/>\n\t<meta name=\"twitter:data1\" content=\"2\u00a0Minuten\" \/>\n<script type=\"application\/ld+json\" class=\"yoast-schema-graph\">{\"@context\":\"https:\/\/schema.org\",\"@graph\":[{\"@type\":\"WebPage\",\"@id\":\"https:\/\/www.rodller.com\/de\/partners\/\",\"url\":\"https:\/\/www.rodller.com\/de\/partners\/\",\"name\":\"Partner | Rodller \u2013 Unser Netzwerk strategischer Partner\",\"isPartOf\":{\"@id\":\"https:\/\/www.rodller.com\/#website\"},\"primaryImageOfPage\":{\"@id\":\"https:\/\/www.rodller.com\/de\/partners\/#primaryimage\"},\"image\":{\"@id\":\"https:\/\/www.rodller.com\/de\/partners\/#primaryimage\"},\"thumbnailUrl\":\"https:\/\/www.rodller.com\/wp-content\/uploads\/2023\/07\/cover-hoozin.png\",\"datePublished\":\"2024-08-08T10:04:36+00:00\",\"dateModified\":\"2025-11-19T13:22:49+00:00\",\"description\":\"Entdecken Sie bei Rodller unsere strategischen Partner \u2013 ein starkes Netzwerk f\u00fcr Wachstum, Innovation und gemeinsame Erfolge.\",\"breadcrumb\":{\"@id\":\"https:\/\/www.rodller.com\/de\/partners\/#breadcrumb\"},\"inLanguage\":\"de\",\"potentialAction\":[{\"@type\":\"ReadAction\",\"target\":[\"https:\/\/www.rodller.com\/de\/partners\/\"]}]},{\"@type\":\"ImageObject\",\"inLanguage\":\"de\",\"@id\":\"https:\/\/www.rodller.com\/de\/partners\/#primaryimage\",\"url\":\"https:\/\/www.rodller.com\/wp-content\/uploads\/2023\/07\/cover-hoozin.png\",\"contentUrl\":\"https:\/\/www.rodller.com\/wp-content\/uploads\/2023\/07\/cover-hoozin.png\"},{\"@type\":\"BreadcrumbList\",\"@id\":\"https:\/\/www.rodller.com\/de\/partners\/#breadcrumb\",\"itemListElement\":[{\"@type\":\"ListItem\",\"position\":1,\"name\":\"Home\",\"item\":\"https:\/\/www.rodller.com\/\"},{\"@type\":\"ListItem\",\"position\":2,\"name\":\"Partners\"}]},{\"@type\":\"WebSite\",\"@id\":\"https:\/\/www.rodller.com\/#website\",\"url\":\"https:\/\/www.rodller.com\/\",\"name\":\"Rodller\",\"description\":\"Digital-as-a-Service\",\"publisher\":{\"@id\":\"https:\/\/www.rodller.com\/#organization\"},\"potentialAction\":[{\"@type\":\"SearchAction\",\"target\":{\"@type\":\"EntryPoint\",\"urlTemplate\":\"https:\/\/www.rodller.com\/?s={search_term_string}\"},\"query-input\":{\"@type\":\"PropertyValueSpecification\",\"valueRequired\":true,\"valueName\":\"search_term_string\"}}],\"inLanguage\":\"de\"},{\"@type\":\"Organization\",\"@id\":\"https:\/\/www.rodller.com\/#organization\",\"name\":\"Rodller\",\"url\":\"https:\/\/www.rodller.com\/\",\"logo\":{\"@type\":\"ImageObject\",\"inLanguage\":\"de\",\"@id\":\"https:\/\/www.rodller.com\/#\/schema\/logo\/image\/\",\"url\":\"\",\"contentUrl\":\"\",\"caption\":\"Rodller\"},\"image\":{\"@id\":\"https:\/\/www.rodller.com\/#\/schema\/logo\/image\/\"},\"sameAs\":[\"https:\/\/www.facebook.com\/rodllerHQ\/\",\"https:\/\/x.com\/RodllerOffice\",\"https:\/\/www.linkedin.com\/company\/rodller\/\",\"https:\/\/sk.pinterest.com\/rodller\/\",\"https:\/\/www.youtube.com\/channel\/UCcxDAcsIm2CPDcA00AF4vvw\"]}]}<\/script>\n<!-- \/ Yoast SEO plugin. -->","yoast_head_json":{"title":"Partner | Rodller \u2013 Unser Netzwerk strategischer Partner","description":"Entdecken Sie bei Rodller unsere strategischen Partner \u2013 ein starkes Netzwerk f\u00fcr Wachstum, Innovation und gemeinsame Erfolge.","robots":{"index":"index","follow":"follow","max-snippet":"max-snippet:-1","max-image-preview":"max-image-preview:large","max-video-preview":"max-video-preview:-1"},"canonical":"https:\/\/www.rodller.com\/de\/partners\/","og_locale":"de_DE","og_type":"article","og_title":"Partner | Rodller \u2013 Unser Netzwerk strategischer Partner","og_description":"Entdecken Sie bei Rodller unsere strategischen Partner \u2013 ein starkes Netzwerk f\u00fcr Wachstum, Innovation und gemeinsame Erfolge.","og_url":"https:\/\/www.rodller.com\/de\/partners\/","og_site_name":"Rodller","article_publisher":"https:\/\/www.facebook.com\/rodllerHQ\/","article_modified_time":"2025-11-19T13:22:49+00:00","og_image":[{"url":"https:\/\/www.rodller.com\/wp-content\/uploads\/2023\/07\/cover-hoozin.png"}],"twitter_card":"summary_large_image","twitter_site":"@RodllerOffice","twitter_misc":{"Gesch\u00e4tzte Lesezeit":"2\u00a0Minuten"},"schema":{"@context":"https:\/\/schema.org","@graph":[{"@type":"WebPage","@id":"https:\/\/www.rodller.com\/de\/partners\/","url":"https:\/\/www.rodller.com\/de\/partners\/","name":"Partner | Rodller \u2013 Unser Netzwerk strategischer Partner","isPartOf":{"@id":"https:\/\/www.rodller.com\/#website"},"primaryImageOfPage":{"@id":"https:\/\/www.rodller.com\/de\/partners\/#primaryimage"},"image":{"@id":"https:\/\/www.rodller.com\/de\/partners\/#primaryimage"},"thumbnailUrl":"https:\/\/www.rodller.com\/wp-content\/uploads\/2023\/07\/cover-hoozin.png","datePublished":"2024-08-08T10:04:36+00:00","dateModified":"2025-11-19T13:22:49+00:00","description":"Entdecken Sie bei Rodller unsere strategischen Partner \u2013 ein starkes Netzwerk f\u00fcr Wachstum, Innovation und gemeinsame Erfolge.","breadcrumb":{"@id":"https:\/\/www.rodller.com\/de\/partners\/#breadcrumb"},"inLanguage":"de","potentialAction":[{"@type":"ReadAction","target":["https:\/\/www.rodller.com\/de\/partners\/"]}]},{"@type":"ImageObject","inLanguage":"de","@id":"https:\/\/www.rodller.com\/de\/partners\/#primaryimage","url":"https:\/\/www.rodller.com\/wp-content\/uploads\/2023\/07\/cover-hoozin.png","contentUrl":"https:\/\/www.rodller.com\/wp-content\/uploads\/2023\/07\/cover-hoozin.png"},{"@type":"BreadcrumbList","@id":"https:\/\/www.rodller.com\/de\/partners\/#breadcrumb","itemListElement":[{"@type":"ListItem","position":1,"name":"Home","item":"https:\/\/www.rodller.com\/"},{"@type":"ListItem","position":2,"name":"Partners"}]},{"@type":"WebSite","@id":"https:\/\/www.rodller.com\/#website","url":"https:\/\/www.rodller.com\/","name":"Rodller","description":"Digital-as-a-Service","publisher":{"@id":"https:\/\/www.rodller.com\/#organization"},"potentialAction":[{"@type":"SearchAction","target":{"@type":"EntryPoint","urlTemplate":"https:\/\/www.rodller.com\/?s={search_term_string}"},"query-input":{"@type":"PropertyValueSpecification","valueRequired":true,"valueName":"search_term_string"}}],"inLanguage":"de"},{"@type":"Organization","@id":"https:\/\/www.rodller.com\/#organization","name":"Rodller","url":"https:\/\/www.rodller.com\/","logo":{"@type":"ImageObject","inLanguage":"de","@id":"https:\/\/www.rodller.com\/#\/schema\/logo\/image\/","url":"","contentUrl":"","caption":"Rodller"},"image":{"@id":"https:\/\/www.rodller.com\/#\/schema\/logo\/image\/"},"sameAs":["https:\/\/www.facebook.com\/rodllerHQ\/","https:\/\/x.com\/RodllerOffice","https:\/\/www.linkedin.com\/company\/rodller\/","https:\/\/sk.pinterest.com\/rodller\/","https:\/\/www.youtube.com\/channel\/UCcxDAcsIm2CPDcA00AF4vvw"]}]}},"coauthors":[],"author_meta":{"author_link":"https:\/\/www.rodller.com\/de\/author\/almimagu\/","display_name":"Rodller Team"},"relative_dates":{"created":"Posted 2\u00a0Jahren ago","modified":"Updated 6\u00a0Monaten ago"},"absolute_dates":{"created":"Posted on August 8, 2024","modified":"Updated on November 19, 2025"},"absolute_dates_time":{"created":"Posted on August 8, 2024 10:04 a.m.","modified":"Updated on November 19, 2025 1:22 p.m."},"featured_img_caption":"","featured_img":false,"series_order":"","_links":{"self":[{"href":"https:\/\/www.rodller.com\/de\/wp-json\/wp\/v2\/pages\/12532"}],"collection":[{"href":"https:\/\/www.rodller.com\/de\/wp-json\/wp\/v2\/pages"}],"about":[{"href":"https:\/\/www.rodller.com\/de\/wp-json\/wp\/v2\/types\/page"}],"author":[{"embeddable":true,"href":"https:\/\/www.rodller.com\/de\/wp-json\/wp\/v2\/users\/1"}],"replies":[{"embeddable":true,"href":"https:\/\/www.rodller.com\/de\/wp-json\/wp\/v2\/comments?post=12532"}],"version-history":[{"count":1,"href":"https:\/\/www.rodller.com\/de\/wp-json\/wp\/v2\/pages\/12532\/revisions"}],"predecessor-version":[{"id":12533,"href":"https:\/\/www.rodller.com\/de\/wp-json\/wp\/v2\/pages\/12532\/revisions\/12533"}],"wp:attachment":[{"href":"https:\/\/www.rodller.com\/de\/wp-json\/wp\/v2\/media?parent=12532"}],"curies":[{"name":"wp","href":"https:\/\/api.w.org\/{rel}","templated":true}]}}