{"id":12359,"date":"2024-08-06T14:32:56","date_gmt":"2024-08-06T14:32:56","guid":{"rendered":"https:\/\/www.rodller.com\/?page_id=12359"},"modified":"2024-08-06T14:32:59","modified_gmt":"2024-08-06T14:32:59","slug":"erstellung-von-inhalten","status":"publish","type":"page","link":"https:\/\/www.rodller.com\/de\/erstellung-von-inhalten\/","title":{"rendered":"Erstellung von Inhalten"},"content":{"rendered":"\n<div class=\"wp-block-cover alignfull is-light mh-358 hero-section seo show-lg-screen-only\"><span aria-hidden=\"true\" class=\"wp-block-cover__background has-white-background-color has-background-dim-0 has-background-dim\"><\/span><img fetchpriority=\"high\" decoding=\"async\" width=\"1440\" height=\"358\" class=\"wp-block-cover__image-background wp-image-4529\" alt=\"content hero bg\" src=\"https:\/\/www.rodller.com\/wp-content\/uploads\/2023\/04\/content-hero-bg.png\" data-object-fit=\"cover\" srcset=\"https:\/\/www.rodller.com\/wp-content\/uploads\/2023\/04\/content-hero-bg.png 1440w, https:\/\/www.rodller.com\/wp-content\/uploads\/2023\/04\/content-hero-bg-300x75.png 300w, https:\/\/www.rodller.com\/wp-content\/uploads\/2023\/04\/content-hero-bg-1024x255.png 1024w, https:\/\/www.rodller.com\/wp-content\/uploads\/2023\/04\/content-hero-bg-768x191.png 768w, https:\/\/www.rodller.com\/wp-content\/uploads\/2023\/04\/content-hero-bg-553x137.png 553w, https:\/\/www.rodller.com\/wp-content\/uploads\/2023\/04\/content-hero-bg-1140x283.png 1140w, https:\/\/www.rodller.com\/wp-content\/uploads\/2023\/04\/content-hero-bg-360x90.png 360w, https:\/\/www.rodller.com\/wp-content\/uploads\/2023\/04\/content-hero-bg-750x186.png 750w\" sizes=\"(max-width: 1440px) 100vw, 1440px\" \/><div class=\"wp-block-cover__inner-container is-layout-flow wp-block-cover-is-layout-flow\">\n<div class=\"wp-block-columns container-w1140 mt-mb-0 mh-358 is-layout-flex wp-container-core-columns-layout-1 wp-block-columns-is-layout-flex\">\n<div class=\"wp-block-column container-w1140 mt-mb-0 pt-pb-0 is-layout-flow wp-block-column-is-layout-flow\">\n<div style=\"height:24px\" aria-hidden=\"true\" class=\"wp-block-spacer\"><\/div>\n\n\n<div class=\"yoast-breadcrumbs mb-0\"><span><span><a href=\"https:\/\/www.rodller.com\/\">Home<\/a><\/span> \u00bb <span class=\"breadcrumb_last\" aria-current=\"page\">Erstellung von Inhalten<\/span><\/span><\/div>\n\n\n<div style=\"height:101px\" aria-hidden=\"true\" class=\"wp-block-spacer\"><\/div>\n\n\n\n<h1 class=\"wp-block-heading mt-0 mw-768 mb-21 has-white-color has-text-color\" style=\"font-size:60px\"><strong>Erstellung<\/strong> von Inhalten<\/h1>\n<\/div>\n<\/div>\n<\/div><\/div>\n\n\n\n<div class=\"wp-block-cover alignfull is-light mh-358 hero-section seo hide-desktop show-mobile-hero-sm\"><span aria-hidden=\"true\" class=\"wp-block-cover__background has-white-background-color has-background-dim-0 has-background-dim\"><\/span><img fetchpriority=\"high\" decoding=\"async\" width=\"1440\" height=\"358\" class=\"wp-block-cover__image-background wp-image-4529\" alt=\"content hero bg\" src=\"https:\/\/www.rodller.com\/wp-content\/uploads\/2023\/04\/content-hero-bg.png\" data-object-fit=\"cover\" srcset=\"https:\/\/www.rodller.com\/wp-content\/uploads\/2023\/04\/content-hero-bg.png 1440w, https:\/\/www.rodller.com\/wp-content\/uploads\/2023\/04\/content-hero-bg-300x75.png 300w, https:\/\/www.rodller.com\/wp-content\/uploads\/2023\/04\/content-hero-bg-1024x255.png 1024w, https:\/\/www.rodller.com\/wp-content\/uploads\/2023\/04\/content-hero-bg-768x191.png 768w, https:\/\/www.rodller.com\/wp-content\/uploads\/2023\/04\/content-hero-bg-553x137.png 553w, https:\/\/www.rodller.com\/wp-content\/uploads\/2023\/04\/content-hero-bg-1140x283.png 1140w, https:\/\/www.rodller.com\/wp-content\/uploads\/2023\/04\/content-hero-bg-360x90.png 360w, https:\/\/www.rodller.com\/wp-content\/uploads\/2023\/04\/content-hero-bg-750x186.png 750w\" sizes=\"(max-width: 1440px) 100vw, 1440px\" \/><div class=\"wp-block-cover__inner-container is-layout-flow wp-block-cover-is-layout-flow\">\n<div class=\"wp-block-columns container-w1140 mt-mb-0 is-layout-flex wp-container-core-columns-layout-2 wp-block-columns-is-layout-flex\">\n<div class=\"wp-block-column container-w1140 mt-mb-0 is-layout-flow wp-block-column-is-layout-flow\"><div class=\"yoast-breadcrumbs mb-0\"><span><span><a href=\"https:\/\/www.rodller.com\/\">Home<\/a><\/span> \u00bb <span class=\"breadcrumb_last\" aria-current=\"page\">Erstellung von Inhalten<\/span><\/span><\/div>\n\n\n<div style=\"height:70px\" aria-hidden=\"true\" class=\"wp-block-spacer\"><\/div>\n\n\n\n<h1 class=\"wp-block-heading mt-0 mw-768 mb-21 has-white-color has-text-color\" style=\"font-size:60px\"><strong>Erstellung<\/strong> von Inhalten<\/h1>\n\n\n\n<div style=\"height:70px\" aria-hidden=\"true\" class=\"wp-block-spacer\"><\/div>\n<\/div>\n<\/div>\n<\/div><\/div>\n\n\n\n<div style=\"height:120px\" aria-hidden=\"true\" class=\"wp-block-spacer\"><\/div>\n\n\n\n<div class=\"wp-block-columns are-vertically-aligned-center gap-100 mb-0 mobile-flex-col-reverse is-layout-flex wp-container-core-columns-layout-3 wp-block-columns-is-layout-flex\">\n<div class=\"wp-block-column is-vertically-aligned-center is-layout-flow wp-block-column-is-layout-flow\">\n<div class=\"wp-block-cover is-light has-parallax has-custom-content-position is-position-bottom-right cover-col\" style=\"min-height:368px\"><span aria-hidden=\"true\" class=\"wp-block-cover__background has-background-dim-0 has-background-dim\"><\/span><div role=\"img\" class=\"wp-block-cover__image-background wp-image-6264 has-parallax\" style=\"background-position:50% 50%;background-image:url(https:\/\/www.rodller.com\/wp-content\/uploads\/2023\/04\/img-join-us-1-4.png)\"><\/div><div class=\"wp-block-cover__inner-container is-layout-flow wp-block-cover-is-layout-flow\">\n<figure class=\"wp-block-image size-full fade-from-down-slow top-image animated fadeInUp delay-100ms\"><img decoding=\"async\" width=\"456\" height=\"368\" src=\"https:\/\/www.rodller.com\/wp-content\/uploads\/2023\/04\/img-join-us-18.png\" alt=\"content1\" class=\"wp-image-6267\" srcset=\"https:\/\/www.rodller.com\/wp-content\/uploads\/2023\/04\/img-join-us-18.png 456w, https:\/\/www.rodller.com\/wp-content\/uploads\/2023\/04\/img-join-us-18-300x242.png 300w, https:\/\/www.rodller.com\/wp-content\/uploads\/2023\/04\/img-join-us-18-360x291.png 360w\" sizes=\"(max-width: 456px) 100vw, 456px\" \/><\/figure>\n<\/div><\/div>\n<\/div>\n\n\n\n<div class=\"wp-block-column is-vertically-aligned-center is-layout-flow wp-block-column-is-layout-flow\">\n<h2 class=\"wp-block-heading mt0 black-heading mt-0 mb-32 min-w-544\" style=\"font-size:38px\"><strong>Warum ist die Erstellung<\/strong> von Inhalten f\u00fcr Ihr Unternehmen wichtig?<\/h2>\n\n\n\n<p class=\"mt-mb-0\">Content Marketing erm\u00f6glicht es Unternehmen, ihr Fachwissen zu pr\u00e4sentieren, ihrem Publikum einen Mehrwert zu bieten und Beziehungen zu potenziellen Kunden aufzubauen. Es hilft auch dabei, die Platzierung in Suchmaschinen zu verbessern, Besucher auf eine Website zu leiten und Leads zu generieren.<\/p>\n<\/div>\n<\/div>\n\n\n\n<div style=\"height:60px\" aria-hidden=\"true\" class=\"wp-block-spacer\"><\/div>\n\n\n\n<div class=\"wp-block-columns are-vertically-aligned-center gap-100 mb-0 is-layout-flex wp-container-core-columns-layout-4 wp-block-columns-is-layout-flex\">\n<div class=\"wp-block-column is-vertically-aligned-center is-layout-flow wp-block-column-is-layout-flow\">\n<h2 class=\"wp-block-heading mt0 black-heading mt-0 mb-32 text-capitalize has-text-color\" style=\"color:#1a1a1a;font-size:38px\"><strong>Wie kann<\/strong> Rodller Ihnen helfen?<\/h2>\n\n\n\n<p class=\"mt-mb-0\">Als Agentur f\u00fcr digitales Marketing kann Rodller Marken bei der Erstellung hochwertiger und ansprechender Inhalte unterst\u00fctzen, die bei ihrer Zielgruppe Anklang finden. Unser Team von Content-Erstellern und Vermarktern kann bei der Entwicklung einer Content-Strategie helfen, die auf die Ziele der Marke abgestimmt ist. Wir k\u00f6nnen eine Vielzahl von Inhaltsformaten erstellen, darunter Blogbeitr\u00e4ge, Infografiken, Videos, Pressemitteilungen, Beitr\u00e4ge f\u00fcr soziale Medien und mehr, die f\u00fcr verschiedene Plattformen und Zielgruppen optimiert sind.<\/p>\n<\/div>\n\n\n\n<div class=\"wp-block-column is-vertically-aligned-center is-layout-flow wp-block-column-is-layout-flow\">\n<div class=\"wp-block-cover is-light has-parallax has-custom-content-position is-position-top-left cover-col\" style=\"min-height:368px\"><span aria-hidden=\"true\" class=\"wp-block-cover__background has-background-dim-0 has-background-dim\"><\/span><div role=\"img\" class=\"wp-block-cover__image-background wp-image-6271 has-parallax\" style=\"background-position:50% 50%;background-image:url(https:\/\/www.rodller.com\/wp-content\/uploads\/2023\/04\/img-join-us-2-5.png)\"><\/div><div class=\"wp-block-cover__inner-container is-layout-flow wp-block-cover-is-layout-flow\">\n<figure class=\"wp-block-image size-full  fade-from-down-slow top-image-left\"><img decoding=\"async\" width=\"456\" height=\"368\" src=\"https:\/\/www.rodller.com\/wp-content\/uploads\/2023\/04\/img-2-6.png\" alt=\"img-2-6\" class=\"wp-image-6273\" srcset=\"https:\/\/www.rodller.com\/wp-content\/uploads\/2023\/04\/img-2-6.png 456w, https:\/\/www.rodller.com\/wp-content\/uploads\/2023\/04\/img-2-6-300x242.png 300w, https:\/\/www.rodller.com\/wp-content\/uploads\/2023\/04\/img-2-6-360x291.png 360w\" sizes=\"(max-width: 456px) 100vw, 456px\" \/><\/figure>\n<\/div><\/div>\n<\/div>\n<\/div>\n\n\n\n<div style=\"height:60px\" aria-hidden=\"true\" class=\"wp-block-spacer\"><\/div>\n\n\n\n<div class=\"wp-block-columns are-vertically-aligned-center gap-100 mb-0 mobile-flex-col-reverse is-layout-flex wp-container-core-columns-layout-5 wp-block-columns-is-layout-flex\">\n<div class=\"wp-block-column is-vertically-aligned-center is-layout-flow wp-block-column-is-layout-flow\">\n<div class=\"wp-block-cover is-light has-parallax has-custom-content-position is-position-bottom-right cover-col\" style=\"min-height:368px\"><span aria-hidden=\"true\" class=\"wp-block-cover__background has-background-dim-0 has-background-dim\"><\/span><div role=\"img\" class=\"wp-block-cover__image-background wp-image-6280 has-parallax\" style=\"background-position:50% 50%;background-image:url(https:\/\/www.rodller.com\/wp-content\/uploads\/2023\/04\/img-join-us-4-5.png)\"><\/div><div class=\"wp-block-cover__inner-container is-layout-flow wp-block-cover-is-layout-flow\">\n<figure class=\"wp-block-image size-full  fade-from-down-slow top-image\"><img loading=\"lazy\" decoding=\"async\" width=\"456\" height=\"368\" src=\"https:\/\/www.rodller.com\/wp-content\/uploads\/2023\/04\/img-join-us-3-5.png\" alt=\"img-join-us-3-5\" class=\"wp-image-6275\" srcset=\"https:\/\/www.rodller.com\/wp-content\/uploads\/2023\/04\/img-join-us-3-5.png 456w, https:\/\/www.rodller.com\/wp-content\/uploads\/2023\/04\/img-join-us-3-5-300x242.png 300w, https:\/\/www.rodller.com\/wp-content\/uploads\/2023\/04\/img-join-us-3-5-360x291.png 360w\" sizes=\"(max-width: 456px) 100vw, 456px\" \/><\/figure>\n<\/div><\/div>\n<\/div>\n\n\n\n<div class=\"wp-block-column is-vertically-aligned-center is-layout-flow wp-block-column-is-layout-flow\">\n<h2 class=\"wp-block-heading mt0 black-heading mt-0 mb-32\" style=\"font-size:38px\"><strong>Mehr<\/strong> als das<\/h2>\n\n\n\n<p class=\"mt-mb-0\">Dar\u00fcber hinaus kann Rodller bei der Verbreitung und F\u00f6rderung der Inhalte helfen, um ein gr\u00f6\u00dferes Publikum \u00fcber verschiedene Kan\u00e4le wie soziale Medien, E-Mail-Marketing, Influencer Outreach und bezahlte Werbung zu erreichen. Unser Team kann auch Analysen und Erkenntnisse bereitstellen, um den Erfolg der Content-Strategie zu messen und datengest\u00fctzte Entscheidungen zur Verbesserung der Leistung zu treffen.<\/p>\n<\/div>\n<\/div>\n\n\n\n<div style=\"height:60px\" aria-hidden=\"true\" class=\"wp-block-spacer\"><\/div>\n\n\n\n<hr class=\"wp-block-separator has-text-color has-alpha-channel-opacity has-background is-style-wide mt-mb-0\" style=\"background-color:#d8d8d8;color:#d8d8d8\"\/>\n\n\n\n<div style=\"height:40px\" aria-hidden=\"true\" class=\"wp-block-spacer\"><\/div>\n\n\n\n<div class=\"wp-block-columns mt-mb-0 is-layout-flex wp-container-core-columns-layout-6 wp-block-columns-is-layout-flex\">\n<div class=\"wp-block-column is-layout-flow wp-block-column-is-layout-flow\">\n<p class=\"has-text-align-center mt-mb-0\">Die Erstellung von Inhalten ist f\u00fcr den Erfolg einer Marke im digitalen Zeitalter von entscheidender Bedeutung, und Rodller kann dabei helfen, hochwertige Inhalte zu produzieren, die das Publikum ansprechen und konvertieren und so letztlich das Gesch\u00e4ftswachstum f\u00f6rdern.<\/p>\n\n\n\n<div style=\"height:56px\" aria-hidden=\"true\" class=\"wp-block-spacer\"><\/div>\n\n\n\n<figure class=\"wp-block-image size-full\"><img loading=\"lazy\" decoding=\"async\" width=\"1120\" height=\"463\" src=\"https:\/\/www.rodller.com\/wp-content\/uploads\/2023\/04\/img-4-1.png\" alt=\"website..\" class=\"wp-image-4962\" srcset=\"https:\/\/www.rodller.com\/wp-content\/uploads\/2023\/04\/img-4-1.png 1120w, https:\/\/www.rodller.com\/wp-content\/uploads\/2023\/04\/img-4-1-300x124.png 300w, https:\/\/www.rodller.com\/wp-content\/uploads\/2023\/04\/img-4-1-1024x423.png 1024w, https:\/\/www.rodller.com\/wp-content\/uploads\/2023\/04\/img-4-1-768x317.png 768w, https:\/\/www.rodller.com\/wp-content\/uploads\/2023\/04\/img-4-1-553x229.png 553w, https:\/\/www.rodller.com\/wp-content\/uploads\/2023\/04\/img-4-1-360x149.png 360w, https:\/\/www.rodller.com\/wp-content\/uploads\/2023\/04\/img-4-1-750x310.png 750w\" sizes=\"(max-width: 1120px) 100vw, 1120px\" \/><\/figure>\n<\/div>\n<\/div>\n\n\n\n<div style=\"height:120px\" aria-hidden=\"true\" class=\"wp-block-spacer\"><\/div>\n\n\n","protected":false},"excerpt":{"rendered":"<p>Warum ist die Erstellung von Inhalten f\u00fcr Ihr Unternehmen wichtig? Content Marketing erm\u00f6glicht es Unternehmen, ihr Fachwissen zu pr\u00e4sentieren, ihrem Publikum einen Mehrwert zu bieten und Beziehungen zu potenziellen Kunden aufzubauen. Es hilft auch dabei, die Platzierung in Suchmaschinen zu verbessern, Besucher auf eine Website zu leiten und Leads zu generieren. Wie kann Rodller Ihnen [&hellip;]<\/p>\n","protected":false},"author":1,"featured_media":0,"parent":0,"menu_order":0,"comment_status":"closed","ping_status":"closed","template":"","meta":{"advgb_blocks_editor_width":"","advgb_blocks_columns_visual_guide":"","_themeisle_gutenberg_block_has_review":false,"footnotes":""},"yoast_head":"<!-- This site is optimized with the Yoast SEO plugin v23.5 - https:\/\/yoast.com\/wordpress\/plugins\/seo\/ -->\n<title>Erstellung von Inhalten - Rodller<\/title>\n<meta name=\"description\" content=\"Erstellung von Inhalten - Rodller . Learn how Rodller helps you to achieve your goal.\" \/>\n<meta name=\"robots\" content=\"index, follow, max-snippet:-1, max-image-preview:large, max-video-preview:-1\" \/>\n<link rel=\"canonical\" href=\"https:\/\/www.rodller.com\/de\/erstellung-von-inhalten\/\" \/>\n<meta property=\"og:locale\" content=\"de_DE\" \/>\n<meta property=\"og:type\" content=\"article\" \/>\n<meta property=\"og:title\" content=\"Erstellung von Inhalten - Rodller\" \/>\n<meta property=\"og:description\" content=\"Erstellung von Inhalten - Rodller . Learn how Rodller helps you to achieve your goal.\" \/>\n<meta property=\"og:url\" content=\"https:\/\/www.rodller.com\/de\/erstellung-von-inhalten\/\" \/>\n<meta property=\"og:site_name\" content=\"Rodller\" \/>\n<meta property=\"article:publisher\" content=\"https:\/\/www.facebook.com\/rodllerHQ\/\" \/>\n<meta property=\"article:modified_time\" content=\"2024-08-06T14:32:59+00:00\" \/>\n<meta property=\"og:image\" content=\"https:\/\/www.rodller.com\/wp-content\/uploads\/2023\/04\/content-hero-bg.png\" \/>\n<meta name=\"twitter:card\" content=\"summary_large_image\" \/>\n<meta name=\"twitter:site\" content=\"@RodllerOffice\" \/>\n<meta name=\"twitter:label1\" content=\"Gesch\u00e4tzte Lesezeit\" \/>\n\t<meta name=\"twitter:data1\" content=\"4\u00a0Minuten\" \/>\n<script type=\"application\/ld+json\" class=\"yoast-schema-graph\">{\"@context\":\"https:\/\/schema.org\",\"@graph\":[{\"@type\":\"WebPage\",\"@id\":\"https:\/\/www.rodller.com\/de\/erstellung-von-inhalten\/\",\"url\":\"https:\/\/www.rodller.com\/de\/erstellung-von-inhalten\/\",\"name\":\"Erstellung von Inhalten - Rodller\",\"isPartOf\":{\"@id\":\"https:\/\/www.rodller.com\/#website\"},\"primaryImageOfPage\":{\"@id\":\"https:\/\/www.rodller.com\/de\/erstellung-von-inhalten\/#primaryimage\"},\"image\":{\"@id\":\"https:\/\/www.rodller.com\/de\/erstellung-von-inhalten\/#primaryimage\"},\"thumbnailUrl\":\"https:\/\/www.rodller.com\/wp-content\/uploads\/2023\/04\/content-hero-bg.png\",\"datePublished\":\"2024-08-06T14:32:56+00:00\",\"dateModified\":\"2024-08-06T14:32:59+00:00\",\"description\":\"Erstellung von Inhalten - Rodller . Learn how Rodller helps you to achieve your goal.\",\"breadcrumb\":{\"@id\":\"https:\/\/www.rodller.com\/de\/erstellung-von-inhalten\/#breadcrumb\"},\"inLanguage\":\"de\",\"potentialAction\":[{\"@type\":\"ReadAction\",\"target\":[\"https:\/\/www.rodller.com\/de\/erstellung-von-inhalten\/\"]}]},{\"@type\":\"ImageObject\",\"inLanguage\":\"de\",\"@id\":\"https:\/\/www.rodller.com\/de\/erstellung-von-inhalten\/#primaryimage\",\"url\":\"https:\/\/www.rodller.com\/wp-content\/uploads\/2023\/04\/content-hero-bg.png\",\"contentUrl\":\"https:\/\/www.rodller.com\/wp-content\/uploads\/2023\/04\/content-hero-bg.png\"},{\"@type\":\"BreadcrumbList\",\"@id\":\"https:\/\/www.rodller.com\/de\/erstellung-von-inhalten\/#breadcrumb\",\"itemListElement\":[{\"@type\":\"ListItem\",\"position\":1,\"name\":\"Home\",\"item\":\"https:\/\/www.rodller.com\/\"},{\"@type\":\"ListItem\",\"position\":2,\"name\":\"Erstellung von Inhalten\"}]},{\"@type\":\"WebSite\",\"@id\":\"https:\/\/www.rodller.com\/#website\",\"url\":\"https:\/\/www.rodller.com\/\",\"name\":\"Rodller\",\"description\":\"Digital-as-a-Service\",\"publisher\":{\"@id\":\"https:\/\/www.rodller.com\/#organization\"},\"potentialAction\":[{\"@type\":\"SearchAction\",\"target\":{\"@type\":\"EntryPoint\",\"urlTemplate\":\"https:\/\/www.rodller.com\/?s={search_term_string}\"},\"query-input\":{\"@type\":\"PropertyValueSpecification\",\"valueRequired\":true,\"valueName\":\"search_term_string\"}}],\"inLanguage\":\"de\"},{\"@type\":\"Organization\",\"@id\":\"https:\/\/www.rodller.com\/#organization\",\"name\":\"Rodller\",\"url\":\"https:\/\/www.rodller.com\/\",\"logo\":{\"@type\":\"ImageObject\",\"inLanguage\":\"de\",\"@id\":\"https:\/\/www.rodller.com\/#\/schema\/logo\/image\/\",\"url\":\"\",\"contentUrl\":\"\",\"caption\":\"Rodller\"},\"image\":{\"@id\":\"https:\/\/www.rodller.com\/#\/schema\/logo\/image\/\"},\"sameAs\":[\"https:\/\/www.facebook.com\/rodllerHQ\/\",\"https:\/\/x.com\/RodllerOffice\",\"https:\/\/www.linkedin.com\/company\/rodller\/\",\"https:\/\/sk.pinterest.com\/rodller\/\",\"https:\/\/www.youtube.com\/channel\/UCcxDAcsIm2CPDcA00AF4vvw\"]}]}<\/script>\n<!-- \/ Yoast SEO plugin. -->","yoast_head_json":{"title":"Erstellung von Inhalten - Rodller","description":"Erstellung von Inhalten - Rodller . Learn how Rodller helps you to achieve your goal.","robots":{"index":"index","follow":"follow","max-snippet":"max-snippet:-1","max-image-preview":"max-image-preview:large","max-video-preview":"max-video-preview:-1"},"canonical":"https:\/\/www.rodller.com\/de\/erstellung-von-inhalten\/","og_locale":"de_DE","og_type":"article","og_title":"Erstellung von Inhalten - Rodller","og_description":"Erstellung von Inhalten - Rodller . Learn how Rodller helps you to achieve your goal.","og_url":"https:\/\/www.rodller.com\/de\/erstellung-von-inhalten\/","og_site_name":"Rodller","article_publisher":"https:\/\/www.facebook.com\/rodllerHQ\/","article_modified_time":"2024-08-06T14:32:59+00:00","og_image":[{"url":"https:\/\/www.rodller.com\/wp-content\/uploads\/2023\/04\/content-hero-bg.png"}],"twitter_card":"summary_large_image","twitter_site":"@RodllerOffice","twitter_misc":{"Gesch\u00e4tzte Lesezeit":"4\u00a0Minuten"},"schema":{"@context":"https:\/\/schema.org","@graph":[{"@type":"WebPage","@id":"https:\/\/www.rodller.com\/de\/erstellung-von-inhalten\/","url":"https:\/\/www.rodller.com\/de\/erstellung-von-inhalten\/","name":"Erstellung von Inhalten - Rodller","isPartOf":{"@id":"https:\/\/www.rodller.com\/#website"},"primaryImageOfPage":{"@id":"https:\/\/www.rodller.com\/de\/erstellung-von-inhalten\/#primaryimage"},"image":{"@id":"https:\/\/www.rodller.com\/de\/erstellung-von-inhalten\/#primaryimage"},"thumbnailUrl":"https:\/\/www.rodller.com\/wp-content\/uploads\/2023\/04\/content-hero-bg.png","datePublished":"2024-08-06T14:32:56+00:00","dateModified":"2024-08-06T14:32:59+00:00","description":"Erstellung von Inhalten - Rodller . Learn how Rodller helps you to achieve your goal.","breadcrumb":{"@id":"https:\/\/www.rodller.com\/de\/erstellung-von-inhalten\/#breadcrumb"},"inLanguage":"de","potentialAction":[{"@type":"ReadAction","target":["https:\/\/www.rodller.com\/de\/erstellung-von-inhalten\/"]}]},{"@type":"ImageObject","inLanguage":"de","@id":"https:\/\/www.rodller.com\/de\/erstellung-von-inhalten\/#primaryimage","url":"https:\/\/www.rodller.com\/wp-content\/uploads\/2023\/04\/content-hero-bg.png","contentUrl":"https:\/\/www.rodller.com\/wp-content\/uploads\/2023\/04\/content-hero-bg.png"},{"@type":"BreadcrumbList","@id":"https:\/\/www.rodller.com\/de\/erstellung-von-inhalten\/#breadcrumb","itemListElement":[{"@type":"ListItem","position":1,"name":"Home","item":"https:\/\/www.rodller.com\/"},{"@type":"ListItem","position":2,"name":"Erstellung von Inhalten"}]},{"@type":"WebSite","@id":"https:\/\/www.rodller.com\/#website","url":"https:\/\/www.rodller.com\/","name":"Rodller","description":"Digital-as-a-Service","publisher":{"@id":"https:\/\/www.rodller.com\/#organization"},"potentialAction":[{"@type":"SearchAction","target":{"@type":"EntryPoint","urlTemplate":"https:\/\/www.rodller.com\/?s={search_term_string}"},"query-input":{"@type":"PropertyValueSpecification","valueRequired":true,"valueName":"search_term_string"}}],"inLanguage":"de"},{"@type":"Organization","@id":"https:\/\/www.rodller.com\/#organization","name":"Rodller","url":"https:\/\/www.rodller.com\/","logo":{"@type":"ImageObject","inLanguage":"de","@id":"https:\/\/www.rodller.com\/#\/schema\/logo\/image\/","url":"","contentUrl":"","caption":"Rodller"},"image":{"@id":"https:\/\/www.rodller.com\/#\/schema\/logo\/image\/"},"sameAs":["https:\/\/www.facebook.com\/rodllerHQ\/","https:\/\/x.com\/RodllerOffice","https:\/\/www.linkedin.com\/company\/rodller\/","https:\/\/sk.pinterest.com\/rodller\/","https:\/\/www.youtube.com\/channel\/UCcxDAcsIm2CPDcA00AF4vvw"]}]}},"coauthors":[],"author_meta":{"author_link":"https:\/\/www.rodller.com\/de\/author\/almimagu\/","display_name":"Rodller Team"},"relative_dates":{"created":"Posted 2\u00a0Jahren ago","modified":"Updated 2\u00a0Jahren ago"},"absolute_dates":{"created":"Posted on August 6, 2024","modified":"Updated on August 6, 2024"},"absolute_dates_time":{"created":"Posted on August 6, 2024 2:32 p.m.","modified":"Updated on August 6, 2024 2:32 p.m."},"featured_img_caption":"","featured_img":false,"series_order":"","_links":{"self":[{"href":"https:\/\/www.rodller.com\/de\/wp-json\/wp\/v2\/pages\/12359"}],"collection":[{"href":"https:\/\/www.rodller.com\/de\/wp-json\/wp\/v2\/pages"}],"about":[{"href":"https:\/\/www.rodller.com\/de\/wp-json\/wp\/v2\/types\/page"}],"author":[{"embeddable":true,"href":"https:\/\/www.rodller.com\/de\/wp-json\/wp\/v2\/users\/1"}],"replies":[{"embeddable":true,"href":"https:\/\/www.rodller.com\/de\/wp-json\/wp\/v2\/comments?post=12359"}],"version-history":[{"count":1,"href":"https:\/\/www.rodller.com\/de\/wp-json\/wp\/v2\/pages\/12359\/revisions"}],"predecessor-version":[{"id":12360,"href":"https:\/\/www.rodller.com\/de\/wp-json\/wp\/v2\/pages\/12359\/revisions\/12360"}],"wp:attachment":[{"href":"https:\/\/www.rodller.com\/de\/wp-json\/wp\/v2\/media?parent=12359"}],"curies":[{"name":"wp","href":"https:\/\/api.w.org\/{rel}","templated":true}]}}