{"id":12347,"date":"2024-08-06T14:29:56","date_gmt":"2024-08-06T14:29:56","guid":{"rendered":"https:\/\/www.rodller.com\/?page_id=12347"},"modified":"2025-11-19T13:24:55","modified_gmt":"2025-11-19T13:24:55","slug":"hype-marketing","status":"publish","type":"page","link":"https:\/\/www.rodller.com\/de\/hype-marketing\/","title":{"rendered":"Hype Marketing"},"content":{"rendered":"\n<div class=\"wp-block-cover alignfull is-light mh-358 hero-section show-lg-screen-only\"><span aria-hidden=\"true\" class=\"wp-block-cover__background has-white-background-color has-background-dim-0 has-background-dim\"><\/span><img fetchpriority=\"high\" decoding=\"async\" width=\"1440\" height=\"358\" class=\"wp-block-cover__image-background wp-image-4653\" alt=\"Hype Marketing hero-bg\" src=\"https:\/\/www.rodller.com\/wp-content\/uploads\/2023\/04\/Hype-Marketing-hero-bg.png\" data-object-fit=\"cover\" srcset=\"https:\/\/www.rodller.com\/wp-content\/uploads\/2023\/04\/Hype-Marketing-hero-bg.png 1440w, https:\/\/www.rodller.com\/wp-content\/uploads\/2023\/04\/Hype-Marketing-hero-bg-300x75.png 300w, https:\/\/www.rodller.com\/wp-content\/uploads\/2023\/04\/Hype-Marketing-hero-bg-1024x255.png 1024w, https:\/\/www.rodller.com\/wp-content\/uploads\/2023\/04\/Hype-Marketing-hero-bg-768x191.png 768w, https:\/\/www.rodller.com\/wp-content\/uploads\/2023\/04\/Hype-Marketing-hero-bg-553x137.png 553w, https:\/\/www.rodller.com\/wp-content\/uploads\/2023\/04\/Hype-Marketing-hero-bg-1140x283.png 1140w, https:\/\/www.rodller.com\/wp-content\/uploads\/2023\/04\/Hype-Marketing-hero-bg-360x90.png 360w, https:\/\/www.rodller.com\/wp-content\/uploads\/2023\/04\/Hype-Marketing-hero-bg-750x186.png 750w\" sizes=\"(max-width: 1440px) 100vw, 1440px\" \/><div class=\"wp-block-cover__inner-container is-layout-flow wp-block-cover-is-layout-flow\">\n<div class=\"wp-block-columns container-w1140 mt-mb-0 mh-358 is-layout-flex wp-container-core-columns-layout-1 wp-block-columns-is-layout-flex\">\n<div class=\"wp-block-column container-w1140 mt-mb-0 pt-pb-0 is-layout-flow wp-block-column-is-layout-flow\">\n<div style=\"height:24px\" aria-hidden=\"true\" class=\"wp-block-spacer\"><\/div>\n\n\n<div class=\"yoast-breadcrumbs mb-0\"><span><span><a href=\"https:\/\/www.rodller.com\/\">Home<\/a><\/span> \u00bb <span class=\"breadcrumb_last\" aria-current=\"page\">Hype Marketing<\/span><\/span><\/div>\n\n\n<div style=\"height:101px\" aria-hidden=\"true\" class=\"wp-block-spacer\"><\/div>\n\n\n\n<h1 class=\"wp-block-heading mt-0 mw-768 mb-21 has-text-color\" style=\"color:#1a1a1a;font-size:60px\"><strong>Hype<\/strong> Marketing<\/h1>\n<\/div>\n<\/div>\n<\/div><\/div>\n\n\n\n<div class=\"wp-block-cover alignfull mh-358 hero-section seo hide-desktop show-mobile-hero-sm\"><span aria-hidden=\"true\" class=\"wp-block-cover__background has-white-background-color has-background-dim-0 has-background-dim\"><\/span><img decoding=\"async\" width=\"320\" height=\"358\" class=\"wp-block-cover__image-background wp-image-6685\" alt=\"hero Hype Marketing\" src=\"https:\/\/www.rodller.com\/wp-content\/uploads\/2023\/05\/hero-Hype-Marketing.png\" data-object-fit=\"cover\" srcset=\"https:\/\/www.rodller.com\/wp-content\/uploads\/2023\/05\/hero-Hype-Marketing.png 320w, https:\/\/www.rodller.com\/wp-content\/uploads\/2023\/05\/hero-Hype-Marketing-268x300.png 268w\" sizes=\"(max-width: 320px) 100vw, 320px\" \/><div class=\"wp-block-cover__inner-container is-layout-flow wp-block-cover-is-layout-flow\">\n<div class=\"wp-block-columns container-w1140 mt-mb-0 is-layout-flex wp-container-core-columns-layout-2 wp-block-columns-is-layout-flex\">\n<div class=\"wp-block-column container-w1140 mt-mb-0 is-layout-flow wp-block-column-is-layout-flow\"><div class=\"yoast-breadcrumbs mb-0\"><span><span><a href=\"https:\/\/www.rodller.com\/\">Home<\/a><\/span> \u00bb <span class=\"breadcrumb_last\" aria-current=\"page\">Hype Marketing<\/span><\/span><\/div>\n\n\n<div style=\"height:70px\" aria-hidden=\"true\" class=\"wp-block-spacer\"><\/div>\n\n\n\n<h1 class=\"wp-block-heading mt-0 mw-768 mb-21 has-white-color has-text-color\" style=\"font-size:60px\"><strong>Hype<\/strong><br>Marketing<\/h1>\n\n\n\n<div style=\"height:70px\" aria-hidden=\"true\" class=\"wp-block-spacer\"><\/div>\n<\/div>\n<\/div>\n<\/div><\/div>\n\n\n\n<div style=\"height:120px\" aria-hidden=\"true\" class=\"wp-block-spacer\"><\/div>\n\n\n\n<div class=\"wp-block-columns are-vertically-aligned-center gap-100 mb-0 mobile-flex-col-reverse is-layout-flex wp-container-core-columns-layout-3 wp-block-columns-is-layout-flex\">\n<div class=\"wp-block-column is-vertically-aligned-center is-layout-flow wp-block-column-is-layout-flow\">\n<div class=\"wp-block-cover is-light has-parallax has-custom-content-position is-position-bottom-right cover-col\" style=\"min-height:368px\"><span aria-hidden=\"true\" class=\"wp-block-cover__background has-background-dim-0 has-background-dim\"><\/span><div role=\"img\" class=\"wp-block-cover__image-background wp-image-6374 has-parallax\" style=\"background-position:50% 50%;background-image:url(https:\/\/www.rodller.com\/wp-content\/uploads\/2023\/04\/img-join-us-1-10.png)\"><\/div><div class=\"wp-block-cover__inner-container is-layout-flow wp-block-cover-is-layout-flow\">\n<figure class=\"wp-block-image size-full fade-from-down-slow top-image animated fadeInUp delay-100ms\"><img decoding=\"async\" width=\"456\" height=\"368\" src=\"https:\/\/www.rodller.com\/wp-content\/uploads\/2023\/04\/img-join-us-22.png\" alt=\"img-join-us-22\" class=\"wp-image-6376\" srcset=\"https:\/\/www.rodller.com\/wp-content\/uploads\/2023\/04\/img-join-us-22.png 456w, https:\/\/www.rodller.com\/wp-content\/uploads\/2023\/04\/img-join-us-22-300x242.png 300w, https:\/\/www.rodller.com\/wp-content\/uploads\/2023\/04\/img-join-us-22-360x291.png 360w\" sizes=\"(max-width: 456px) 100vw, 456px\" \/><\/figure>\n<\/div><\/div>\n<\/div>\n\n\n\n<div class=\"wp-block-column is-vertically-aligned-center is-layout-flow wp-block-column-is-layout-flow\">\n<h2 class=\"wp-block-heading mt0 black-heading mt-0 mb-32\" style=\"font-size:38px\"><strong>Was ist <\/strong>Hype Marketing?<\/h2>\n\n\n\n<p class=\"mt-mb-0\">Hype-Marketing erzeugt Aufregung und Begeisterung um Ihre Marke, Ihr Produkt oder Ihre Dienstleistung. Es ist wichtig, weil es dazu beitragen kann, eine starke emotionale Verbindung zwischen Ihrer Marke und Ihrem Zielpublikum herzustellen und so die Markenbekanntheit, das Engagement und den Umsatz zu steigern. Hype Marketing kann einen gro\u00dfen Unterschied machen, wenn es richtig ausgef\u00fchrt wird.<\/p>\n<\/div>\n<\/div>\n\n\n\n<div style=\"height:60px\" aria-hidden=\"true\" class=\"wp-block-spacer\"><\/div>\n\n\n\n<div class=\"wp-block-columns are-vertically-aligned-center gap-100 mb-0 is-layout-flex wp-container-core-columns-layout-4 wp-block-columns-is-layout-flex\">\n<div class=\"wp-block-column is-vertically-aligned-center is-layout-flow wp-block-column-is-layout-flow\">\n<h2 class=\"wp-block-heading mt0 black-heading mt-0 mb-32 text-capitalize has-text-color\" style=\"color:#1a1a1a;font-size:38px\"><strong>Wie nutzt Rodller Hype Marketing <\/strong>f\u00fcr Ihr Unternehmen?<\/h2>\n\n\n\n<p>Um einen Hype zu erzeugen, nutzen wir Influencer, soziale Medien und andere digitale Marketingkan\u00e4le. Rodller kann einer Marke helfen, eine Influencer-Marketing-Kampagne zu erstellen und durchzuf\u00fchren, die die Macht der sozialen Medien nutzt. Letztendlich wollen wir ein gr\u00f6\u00dferes Publikum erreichen und Begeisterung f\u00fcr die Marke erzeugen. Rodller kann Ihnen zum Beispiel dabei helfen, mit einem Influencer zusammenzuarbeiten, der Ihre Marke verk\u00f6rpert, und Ihnen dabei helfen, das Publikum des Influencers zu erreichen und neue<\/p>\n\n\n\n<p>Kunden zu gewinnen, w\u00e4hrend Sie gleichzeitig die Glaubw\u00fcrdigkeit Ihrer Marke steigern. Wir schaffen auch einen Hype, indem wir zeitlich begrenzte Angebote, exklusive Deals oder besondere Events nutzen. Rodller kann Ihnen bei der Planung und Durchf\u00fchrung dieser Art von Kampagnen helfen, indem wir unsere<\/p>\n\n\n\n<p><a><\/a><a><\/a><a><\/a>Erfahrungen in den Bereichen E-Mail-Marketing, Werbung in den sozialen Medien und gezieltes Messaging nutzen, um das Engagement und den Umsatz zu steigern.<\/p>\n<\/div>\n\n\n\n<div class=\"wp-block-column is-vertically-aligned-center is-layout-flow wp-block-column-is-layout-flow\">\n<div class=\"wp-block-cover is-light has-parallax has-custom-content-position is-position-top-left cover-col\" style=\"min-height:368px\"><span aria-hidden=\"true\" class=\"wp-block-cover__background has-background-dim-0 has-background-dim\"><\/span><div role=\"img\" class=\"wp-block-cover__image-background wp-image-6379 has-parallax\" style=\"background-position:50% 50%;background-image:url(https:\/\/www.rodller.com\/wp-content\/uploads\/2023\/04\/img-join-us-2-10.png)\"><\/div><div class=\"wp-block-cover__inner-container is-layout-flow wp-block-cover-is-layout-flow\">\n<figure class=\"wp-block-image size-full  fade-from-down-slow top-image-left\"><img loading=\"lazy\" decoding=\"async\" width=\"456\" height=\"368\" src=\"https:\/\/www.rodller.com\/wp-content\/uploads\/2023\/04\/img-2-12.png\" alt=\"img-2-12\" class=\"wp-image-6381\" srcset=\"https:\/\/www.rodller.com\/wp-content\/uploads\/2023\/04\/img-2-12.png 456w, https:\/\/www.rodller.com\/wp-content\/uploads\/2023\/04\/img-2-12-300x242.png 300w, https:\/\/www.rodller.com\/wp-content\/uploads\/2023\/04\/img-2-12-360x291.png 360w\" sizes=\"(max-width: 456px) 100vw, 456px\" \/><\/figure>\n<\/div><\/div>\n<\/div>\n<\/div>\n\n\n\n<div style=\"height:60px\" aria-hidden=\"true\" class=\"wp-block-spacer\"><\/div>\n\n\n\n<div class=\"wp-block-columns are-vertically-aligned-center gap-100 mb-0 mobile-flex-col-reverse is-layout-flex wp-container-core-columns-layout-5 wp-block-columns-is-layout-flex\">\n<div class=\"wp-block-column is-vertically-aligned-center is-layout-flow wp-block-column-is-layout-flow\">\n<div class=\"wp-block-cover is-light has-parallax has-custom-content-position is-position-bottom-right cover-col\" style=\"min-height:368px\"><span aria-hidden=\"true\" class=\"wp-block-cover__background has-background-dim-0 has-background-dim\"><\/span><div role=\"img\" class=\"wp-block-cover__image-background wp-image-6383 has-parallax\" style=\"background-position:50% 50%;background-image:url(https:\/\/www.rodller.com\/wp-content\/uploads\/2023\/04\/img-join-us-4-9.png)\"><\/div><div class=\"wp-block-cover__inner-container is-layout-flow wp-block-cover-is-layout-flow\">\n<figure class=\"wp-block-image size-full  fade-from-down-slow top-image\"><img loading=\"lazy\" decoding=\"async\" width=\"456\" height=\"368\" src=\"https:\/\/www.rodller.com\/wp-content\/uploads\/2023\/04\/img-join-us-3-9.png\" alt=\"we are here for you image\" class=\"wp-image-6385\" srcset=\"https:\/\/www.rodller.com\/wp-content\/uploads\/2023\/04\/img-join-us-3-9.png 456w, https:\/\/www.rodller.com\/wp-content\/uploads\/2023\/04\/img-join-us-3-9-300x242.png 300w, https:\/\/www.rodller.com\/wp-content\/uploads\/2023\/04\/img-join-us-3-9-360x291.png 360w\" sizes=\"(max-width: 456px) 100vw, 456px\" \/><\/figure>\n<\/div><\/div>\n<\/div>\n\n\n\n<div class=\"wp-block-column is-vertically-aligned-center is-layout-flow wp-block-column-is-layout-flow\">\n<h2 class=\"wp-block-heading mt0 black-heading mt-0 mb-32\" style=\"font-size:38px\"><strong>Wir sind f\u00fcr <\/strong>Sie da!<\/h2>\n\n\n\n<p class=\"mt-mb-0\">Hype-Marketing kann ein wirkungsvolles Instrument sein, um die Markenbekanntheit zu steigern und den Absatz zu f\u00f6rdern. Wenn Sie mit uns zusammenarbeiten, k\u00f6nnen Sie die neuesten Marketingtrends und -techniken nutzen, um eine \u00fcberzeugende Marketingkampagne zu erstellen, die bei Ihrer Zielgruppe Anklang findet und f\u00fcr Ihre Marke Begeisterung weckt. F\u00fcr diese Prozesse setzen wir auch einige ADtech-L\u00f6sungen ein.<\/p>\n<\/div>\n<\/div>\n\n\n\n<div style=\"height:120px\" aria-hidden=\"true\" class=\"wp-block-spacer\"><\/div>\n\n\n","protected":false},"excerpt":{"rendered":"<p>Was ist Hype Marketing? Hype-Marketing erzeugt Aufregung und Begeisterung um Ihre Marke, Ihr Produkt oder Ihre Dienstleistung. Es ist wichtig, weil es dazu beitragen kann, eine starke emotionale Verbindung zwischen Ihrer Marke und Ihrem Zielpublikum herzustellen und so die Markenbekanntheit, das Engagement und den Umsatz zu steigern. Hype Marketing kann einen gro\u00dfen Unterschied machen, wenn [&hellip;]<\/p>\n","protected":false},"author":1,"featured_media":0,"parent":0,"menu_order":0,"comment_status":"closed","ping_status":"closed","template":"","meta":{"advgb_blocks_editor_width":"","advgb_blocks_columns_visual_guide":"","_themeisle_gutenberg_block_has_review":false,"footnotes":""},"yoast_head":"<!-- This site is optimized with the Yoast SEO plugin v23.5 - https:\/\/yoast.com\/wordpress\/plugins\/seo\/ -->\n<title>Hype Marketing | Rodller \u2013 Marken-Buzz<\/title>\n<meta name=\"description\" content=\"Rodller setzt Hype Marketing ein, um Markenaufmerksamkeit zu erzeugen, Buzz zu schaffen und Kampagnen mit Wirkung zu starten.\" \/>\n<meta name=\"robots\" content=\"index, follow, max-snippet:-1, max-image-preview:large, max-video-preview:-1\" \/>\n<link rel=\"canonical\" href=\"https:\/\/www.rodller.com\/de\/hype-marketing\/\" \/>\n<meta property=\"og:locale\" content=\"de_DE\" \/>\n<meta property=\"og:type\" content=\"article\" \/>\n<meta property=\"og:title\" content=\"Hype Marketing | Rodller \u2013 Marken-Buzz\" \/>\n<meta property=\"og:description\" content=\"Rodller setzt Hype Marketing ein, um Markenaufmerksamkeit zu erzeugen, Buzz zu schaffen und Kampagnen mit Wirkung zu starten.\" \/>\n<meta property=\"og:url\" content=\"https:\/\/www.rodller.com\/de\/hype-marketing\/\" \/>\n<meta property=\"og:site_name\" content=\"Rodller\" \/>\n<meta property=\"article:publisher\" content=\"https:\/\/www.facebook.com\/rodllerHQ\/\" \/>\n<meta property=\"article:modified_time\" content=\"2025-11-19T13:24:55+00:00\" \/>\n<meta property=\"og:image\" content=\"https:\/\/www.rodller.com\/wp-content\/uploads\/2023\/04\/Hype-Marketing-hero-bg.png\" \/>\n<meta name=\"twitter:card\" content=\"summary_large_image\" \/>\n<meta name=\"twitter:site\" content=\"@RodllerOffice\" \/>\n<meta name=\"twitter:label1\" content=\"Gesch\u00e4tzte Lesezeit\" \/>\n\t<meta name=\"twitter:data1\" content=\"5\u00a0Minuten\" \/>\n<script type=\"application\/ld+json\" class=\"yoast-schema-graph\">{\"@context\":\"https:\/\/schema.org\",\"@graph\":[{\"@type\":\"WebPage\",\"@id\":\"https:\/\/www.rodller.com\/de\/hype-marketing\/\",\"url\":\"https:\/\/www.rodller.com\/de\/hype-marketing\/\",\"name\":\"Hype Marketing | Rodller \u2013 Marken-Buzz\",\"isPartOf\":{\"@id\":\"https:\/\/www.rodller.com\/#website\"},\"primaryImageOfPage\":{\"@id\":\"https:\/\/www.rodller.com\/de\/hype-marketing\/#primaryimage\"},\"image\":{\"@id\":\"https:\/\/www.rodller.com\/de\/hype-marketing\/#primaryimage\"},\"thumbnailUrl\":\"https:\/\/www.rodller.com\/wp-content\/uploads\/2023\/04\/Hype-Marketing-hero-bg.png\",\"datePublished\":\"2024-08-06T14:29:56+00:00\",\"dateModified\":\"2025-11-19T13:24:55+00:00\",\"description\":\"Rodller setzt Hype Marketing ein, um Markenaufmerksamkeit zu erzeugen, Buzz zu schaffen und Kampagnen mit Wirkung zu starten.\",\"breadcrumb\":{\"@id\":\"https:\/\/www.rodller.com\/de\/hype-marketing\/#breadcrumb\"},\"inLanguage\":\"de\",\"potentialAction\":[{\"@type\":\"ReadAction\",\"target\":[\"https:\/\/www.rodller.com\/de\/hype-marketing\/\"]}]},{\"@type\":\"ImageObject\",\"inLanguage\":\"de\",\"@id\":\"https:\/\/www.rodller.com\/de\/hype-marketing\/#primaryimage\",\"url\":\"https:\/\/www.rodller.com\/wp-content\/uploads\/2023\/04\/Hype-Marketing-hero-bg.png\",\"contentUrl\":\"https:\/\/www.rodller.com\/wp-content\/uploads\/2023\/04\/Hype-Marketing-hero-bg.png\"},{\"@type\":\"BreadcrumbList\",\"@id\":\"https:\/\/www.rodller.com\/de\/hype-marketing\/#breadcrumb\",\"itemListElement\":[{\"@type\":\"ListItem\",\"position\":1,\"name\":\"Home\",\"item\":\"https:\/\/www.rodller.com\/\"},{\"@type\":\"ListItem\",\"position\":2,\"name\":\"Hype Marketing\"}]},{\"@type\":\"WebSite\",\"@id\":\"https:\/\/www.rodller.com\/#website\",\"url\":\"https:\/\/www.rodller.com\/\",\"name\":\"Rodller\",\"description\":\"Digital-as-a-Service\",\"publisher\":{\"@id\":\"https:\/\/www.rodller.com\/#organization\"},\"potentialAction\":[{\"@type\":\"SearchAction\",\"target\":{\"@type\":\"EntryPoint\",\"urlTemplate\":\"https:\/\/www.rodller.com\/?s={search_term_string}\"},\"query-input\":{\"@type\":\"PropertyValueSpecification\",\"valueRequired\":true,\"valueName\":\"search_term_string\"}}],\"inLanguage\":\"de\"},{\"@type\":\"Organization\",\"@id\":\"https:\/\/www.rodller.com\/#organization\",\"name\":\"Rodller\",\"url\":\"https:\/\/www.rodller.com\/\",\"logo\":{\"@type\":\"ImageObject\",\"inLanguage\":\"de\",\"@id\":\"https:\/\/www.rodller.com\/#\/schema\/logo\/image\/\",\"url\":\"\",\"contentUrl\":\"\",\"caption\":\"Rodller\"},\"image\":{\"@id\":\"https:\/\/www.rodller.com\/#\/schema\/logo\/image\/\"},\"sameAs\":[\"https:\/\/www.facebook.com\/rodllerHQ\/\",\"https:\/\/x.com\/RodllerOffice\",\"https:\/\/www.linkedin.com\/company\/rodller\/\",\"https:\/\/sk.pinterest.com\/rodller\/\",\"https:\/\/www.youtube.com\/channel\/UCcxDAcsIm2CPDcA00AF4vvw\"]}]}<\/script>\n<!-- \/ Yoast SEO plugin. -->","yoast_head_json":{"title":"Hype Marketing | Rodller \u2013 Marken-Buzz","description":"Rodller setzt Hype Marketing ein, um Markenaufmerksamkeit zu erzeugen, Buzz zu schaffen und Kampagnen mit Wirkung zu starten.","robots":{"index":"index","follow":"follow","max-snippet":"max-snippet:-1","max-image-preview":"max-image-preview:large","max-video-preview":"max-video-preview:-1"},"canonical":"https:\/\/www.rodller.com\/de\/hype-marketing\/","og_locale":"de_DE","og_type":"article","og_title":"Hype Marketing | Rodller \u2013 Marken-Buzz","og_description":"Rodller setzt Hype Marketing ein, um Markenaufmerksamkeit zu erzeugen, Buzz zu schaffen und Kampagnen mit Wirkung zu starten.","og_url":"https:\/\/www.rodller.com\/de\/hype-marketing\/","og_site_name":"Rodller","article_publisher":"https:\/\/www.facebook.com\/rodllerHQ\/","article_modified_time":"2025-11-19T13:24:55+00:00","og_image":[{"url":"https:\/\/www.rodller.com\/wp-content\/uploads\/2023\/04\/Hype-Marketing-hero-bg.png"}],"twitter_card":"summary_large_image","twitter_site":"@RodllerOffice","twitter_misc":{"Gesch\u00e4tzte Lesezeit":"5\u00a0Minuten"},"schema":{"@context":"https:\/\/schema.org","@graph":[{"@type":"WebPage","@id":"https:\/\/www.rodller.com\/de\/hype-marketing\/","url":"https:\/\/www.rodller.com\/de\/hype-marketing\/","name":"Hype Marketing | Rodller \u2013 Marken-Buzz","isPartOf":{"@id":"https:\/\/www.rodller.com\/#website"},"primaryImageOfPage":{"@id":"https:\/\/www.rodller.com\/de\/hype-marketing\/#primaryimage"},"image":{"@id":"https:\/\/www.rodller.com\/de\/hype-marketing\/#primaryimage"},"thumbnailUrl":"https:\/\/www.rodller.com\/wp-content\/uploads\/2023\/04\/Hype-Marketing-hero-bg.png","datePublished":"2024-08-06T14:29:56+00:00","dateModified":"2025-11-19T13:24:55+00:00","description":"Rodller setzt Hype Marketing ein, um Markenaufmerksamkeit zu erzeugen, Buzz zu schaffen und Kampagnen mit Wirkung zu starten.","breadcrumb":{"@id":"https:\/\/www.rodller.com\/de\/hype-marketing\/#breadcrumb"},"inLanguage":"de","potentialAction":[{"@type":"ReadAction","target":["https:\/\/www.rodller.com\/de\/hype-marketing\/"]}]},{"@type":"ImageObject","inLanguage":"de","@id":"https:\/\/www.rodller.com\/de\/hype-marketing\/#primaryimage","url":"https:\/\/www.rodller.com\/wp-content\/uploads\/2023\/04\/Hype-Marketing-hero-bg.png","contentUrl":"https:\/\/www.rodller.com\/wp-content\/uploads\/2023\/04\/Hype-Marketing-hero-bg.png"},{"@type":"BreadcrumbList","@id":"https:\/\/www.rodller.com\/de\/hype-marketing\/#breadcrumb","itemListElement":[{"@type":"ListItem","position":1,"name":"Home","item":"https:\/\/www.rodller.com\/"},{"@type":"ListItem","position":2,"name":"Hype Marketing"}]},{"@type":"WebSite","@id":"https:\/\/www.rodller.com\/#website","url":"https:\/\/www.rodller.com\/","name":"Rodller","description":"Digital-as-a-Service","publisher":{"@id":"https:\/\/www.rodller.com\/#organization"},"potentialAction":[{"@type":"SearchAction","target":{"@type":"EntryPoint","urlTemplate":"https:\/\/www.rodller.com\/?s={search_term_string}"},"query-input":{"@type":"PropertyValueSpecification","valueRequired":true,"valueName":"search_term_string"}}],"inLanguage":"de"},{"@type":"Organization","@id":"https:\/\/www.rodller.com\/#organization","name":"Rodller","url":"https:\/\/www.rodller.com\/","logo":{"@type":"ImageObject","inLanguage":"de","@id":"https:\/\/www.rodller.com\/#\/schema\/logo\/image\/","url":"","contentUrl":"","caption":"Rodller"},"image":{"@id":"https:\/\/www.rodller.com\/#\/schema\/logo\/image\/"},"sameAs":["https:\/\/www.facebook.com\/rodllerHQ\/","https:\/\/x.com\/RodllerOffice","https:\/\/www.linkedin.com\/company\/rodller\/","https:\/\/sk.pinterest.com\/rodller\/","https:\/\/www.youtube.com\/channel\/UCcxDAcsIm2CPDcA00AF4vvw"]}]}},"coauthors":[],"author_meta":{"author_link":"https:\/\/www.rodller.com\/de\/author\/almimagu\/","display_name":"Rodller Team"},"relative_dates":{"created":"Posted 2\u00a0Jahren ago","modified":"Updated 5\u00a0Monaten ago"},"absolute_dates":{"created":"Posted on August 6, 2024","modified":"Updated on November 19, 2025"},"absolute_dates_time":{"created":"Posted on August 6, 2024 2:29 p.m.","modified":"Updated on November 19, 2025 1:24 p.m."},"featured_img_caption":"","featured_img":false,"series_order":"","_links":{"self":[{"href":"https:\/\/www.rodller.com\/de\/wp-json\/wp\/v2\/pages\/12347"}],"collection":[{"href":"https:\/\/www.rodller.com\/de\/wp-json\/wp\/v2\/pages"}],"about":[{"href":"https:\/\/www.rodller.com\/de\/wp-json\/wp\/v2\/types\/page"}],"author":[{"embeddable":true,"href":"https:\/\/www.rodller.com\/de\/wp-json\/wp\/v2\/users\/1"}],"replies":[{"embeddable":true,"href":"https:\/\/www.rodller.com\/de\/wp-json\/wp\/v2\/comments?post=12347"}],"version-history":[{"count":1,"href":"https:\/\/www.rodller.com\/de\/wp-json\/wp\/v2\/pages\/12347\/revisions"}],"predecessor-version":[{"id":12348,"href":"https:\/\/www.rodller.com\/de\/wp-json\/wp\/v2\/pages\/12347\/revisions\/12348"}],"wp:attachment":[{"href":"https:\/\/www.rodller.com\/de\/wp-json\/wp\/v2\/media?parent=12347"}],"curies":[{"name":"wp","href":"https:\/\/api.w.org\/{rel}","templated":true}]}}