{"id":12267,"date":"2024-08-06T14:10:58","date_gmt":"2024-08-06T14:10:58","guid":{"rendered":"https:\/\/www.rodller.com\/?page_id=12267"},"modified":"2025-11-19T13:49:35","modified_gmt":"2025-11-19T13:49:35","slug":"sea","status":"publish","type":"page","link":"https:\/\/www.rodller.com\/de\/sea\/","title":{"rendered":"SEA"},"content":{"rendered":"\n<div class=\"wp-block-cover alignfull is-light mh-358 hero-section show-lg-screen-only\"><span aria-hidden=\"true\" class=\"wp-block-cover__background has-white-background-color has-background-dim-0 has-background-dim\"><\/span><img fetchpriority=\"high\" decoding=\"async\" width=\"1440\" height=\"358\" class=\"wp-block-cover__image-background wp-image-4729\" alt=\"sea hero img\" src=\"https:\/\/www.rodller.com\/wp-content\/uploads\/2023\/04\/sea-hero-img.png\" data-object-fit=\"cover\" srcset=\"https:\/\/www.rodller.com\/wp-content\/uploads\/2023\/04\/sea-hero-img.png 1440w, https:\/\/www.rodller.com\/wp-content\/uploads\/2023\/04\/sea-hero-img-300x75.png 300w, https:\/\/www.rodller.com\/wp-content\/uploads\/2023\/04\/sea-hero-img-1024x255.png 1024w, https:\/\/www.rodller.com\/wp-content\/uploads\/2023\/04\/sea-hero-img-768x191.png 768w, https:\/\/www.rodller.com\/wp-content\/uploads\/2023\/04\/sea-hero-img-553x137.png 553w, https:\/\/www.rodller.com\/wp-content\/uploads\/2023\/04\/sea-hero-img-1140x283.png 1140w, https:\/\/www.rodller.com\/wp-content\/uploads\/2023\/04\/sea-hero-img-360x90.png 360w, https:\/\/www.rodller.com\/wp-content\/uploads\/2023\/04\/sea-hero-img-750x186.png 750w\" sizes=\"(max-width: 1440px) 100vw, 1440px\" \/><div class=\"wp-block-cover__inner-container is-layout-flow wp-block-cover-is-layout-flow\">\n<div class=\"wp-block-columns container-w1140 mt-mb-0 mh-358 is-layout-flex wp-container-core-columns-layout-1 wp-block-columns-is-layout-flex\">\n<div class=\"wp-block-column container-w1140 mt-mb-0 pt-pb-0 is-layout-flow wp-block-column-is-layout-flow\">\n<div style=\"height:24px\" aria-hidden=\"true\" class=\"wp-block-spacer\"><\/div>\n\n\n<div class=\"yoast-breadcrumbs mb-0\"><span><span><a href=\"https:\/\/www.rodller.com\/\">Home<\/a><\/span> \u00bb <span class=\"breadcrumb_last\" aria-current=\"page\">SEA<\/span><\/span><\/div>\n\n\n<div style=\"height:101px\" aria-hidden=\"true\" class=\"wp-block-spacer\"><\/div>\n\n\n\n<h1 class=\"wp-block-heading mt-0 mw-768 mb-21 has-text-color\" style=\"color:#1a1a1a;font-size:60px\"><strong>SEA<\/strong><\/h1>\n<\/div>\n<\/div>\n<\/div><\/div>\n\n\n\n<div class=\"wp-block-cover alignfull is-light mh-358 hero-section hide-desktop show-mobile-hero-sm\"><span aria-hidden=\"true\" class=\"wp-block-cover__background has-white-background-color has-background-dim-0 has-background-dim\"><\/span><img decoding=\"async\" class=\"wp-block-cover__image-background wp-image-6689\" alt=\"SEA mobile-hero img\" src=\"https:\/\/www.rodller.com\/wp-content\/uploads\/2023\/05\/SEA-mobile-hero-img.svg\" data-object-fit=\"cover\"\/><div class=\"wp-block-cover__inner-container is-layout-flow wp-block-cover-is-layout-flow\">\n<div class=\"wp-block-columns container-w1140 mt-mb-0 show-mobile-hero-sm is-layout-flex wp-container-core-columns-layout-2 wp-block-columns-is-layout-flex\">\n<div class=\"wp-block-column container-w1140 mt-mb-0 is-layout-flow wp-block-column-is-layout-flow\">\n<div style=\"height:70px\" aria-hidden=\"true\" class=\"wp-block-spacer\"><\/div>\n\n\n<div class=\"yoast-breadcrumbs mb-0\"><span><span><a href=\"https:\/\/www.rodller.com\/\">Home<\/a><\/span> \u00bb <span class=\"breadcrumb_last\" aria-current=\"page\">SEA<\/span><\/span><\/div>\n\n\n<div style=\"height:70px\" aria-hidden=\"true\" class=\"wp-block-spacer\"><\/div>\n\n\n\n<h1 class=\"wp-block-heading mt-0 mw-768 mb-21 has-text-color\" style=\"color:#1a1a1a;font-size:60px\"><strong>SEA<\/strong><\/h1>\n\n\n\n<div style=\"height:70px\" aria-hidden=\"true\" class=\"wp-block-spacer\"><\/div>\n<\/div>\n<\/div>\n<\/div><\/div>\n\n\n\n<div style=\"height:60px\" aria-hidden=\"true\" class=\"wp-block-spacer\"><\/div>\n\n\n\n<div class=\"wp-block-columns are-vertically-aligned-center gap-100 mb-0 mobile-flex-col-reverse is-layout-flex wp-container-core-columns-layout-3 wp-block-columns-is-layout-flex\">\n<div class=\"wp-block-column is-vertically-aligned-center is-layout-flow wp-block-column-is-layout-flow\">\n<div class=\"wp-block-cover is-light has-parallax has-custom-content-position is-position-bottom-right cover-col\" style=\"min-height:368px\"><span aria-hidden=\"true\" class=\"wp-block-cover__background has-background-dim-0 has-background-dim\"><\/span><div role=\"img\" class=\"wp-block-cover__image-background wp-image-6295 has-parallax\" style=\"background-position:50% 50%;background-image:url(https:\/\/www.rodller.com\/wp-content\/uploads\/2023\/04\/img-drawn-texture.png)\"><\/div><div class=\"wp-block-cover__inner-container is-layout-flow wp-block-cover-is-layout-flow\">\n<figure class=\"wp-block-image size-full fade-from-down-slow top-image animated fadeInUp delay-100ms\"><img decoding=\"async\" width=\"456\" height=\"369\" src=\"https:\/\/www.rodller.com\/wp-content\/uploads\/2023\/04\/img-SEA.png\" alt=\"img-SEA\" class=\"wp-image-6297\" srcset=\"https:\/\/www.rodller.com\/wp-content\/uploads\/2023\/04\/img-SEA.png 456w, https:\/\/www.rodller.com\/wp-content\/uploads\/2023\/04\/img-SEA-300x243.png 300w, https:\/\/www.rodller.com\/wp-content\/uploads\/2023\/04\/img-SEA-360x291.png 360w\" sizes=\"(max-width: 456px) 100vw, 456px\" \/><\/figure>\n<\/div><\/div>\n<\/div>\n\n\n\n<div class=\"wp-block-column is-vertically-aligned-center is-layout-flow wp-block-column-is-layout-flow\">\n<h2 class=\"wp-block-heading mt0 black-heading mt-0 mb-32\" style=\"font-size:38px\"><strong>Was ist <\/strong>SEA<strong>?<\/strong><\/h2>\n\n\n\n<p>Die Strategie der Suchmaschinenwerbung ist f\u00fcr die digitalen Marketingbem\u00fchungen einer Marke von entscheidender Bedeutung, da sie dazu beitr\u00e4gt, die Sichtbarkeit zu erh\u00f6hen, die Besucherzahlen auf ihrer Website zu steigern und letztendlich Leads oder Verk\u00e4ufe zu generieren. Mit Suchmaschinenwerbung k\u00f6nnen Marken auf relevante Schl\u00fcsselw\u00f6rter bieten, um sicherzustellen, dass ihre Anzeigen ganz oben auf den Suchmaschinenergebnisseiten (SERPs) erscheinen, wenn potenzielle Kunden nach bestimmten Begriffen suchen, die mit ihren Produkten oder Dienstleistungen zusammenh\u00e4ngen. Eine gut durchdachte Strategie f\u00fcr Suchmaschinenwerbung kann einer Marke helfen, ihre Zielgruppe effektiver und effizienter zu erreichen, da sie damit Nutzer ansprechen kann, die aktiv nach \u00e4hnlichen Produkten oder Dienstleistungen suchen wie die, die sie anbietet. Sie kann auch wertvolle Erkenntnisse \u00fcber das Verbraucherverhalten liefern und Marken dabei helfen, ihre Werbekampagnen zu optimieren, um den ROI zu verbessern.<\/p>\n<\/div>\n<\/div>\n\n\n\n<div style=\"height:60px\" aria-hidden=\"true\" class=\"wp-block-spacer\"><\/div>\n\n\n\n<div class=\"wp-block-columns are-vertically-aligned-center gap-100 mb-0 is-layout-flex wp-container-core-columns-layout-4 wp-block-columns-is-layout-flex\">\n<div class=\"wp-block-column is-vertically-aligned-center is-layout-flow wp-block-column-is-layout-flow\">\n<h2 class=\"wp-block-heading mt0 black-heading mt-0 mb-32 text-capitalize has-text-color\" style=\"color:#1a1a1a;font-size:38px\"><strong>Wie kann Rodller <\/strong>Ihnen helfen?<\/h2>\n\n\n\n<p>Rodller kann Marken bei der Entwicklung und Umsetzung einer erfolgreichen Strategie f\u00fcr Suchmaschinenwerbung helfen, die auf ihre Gesch\u00e4ftsziele und ihre Zielgruppe abgestimmt ist. Wir verf\u00fcgen \u00fcber ein Team erfahrener digitaler Vermarkter, die darauf spezialisiert sind, ma\u00dfgeschneiderte Kampagnen zu erstellen, die auf die individuellen Bed\u00fcrfnisse und Pr\u00e4ferenzen unserer Kunden zugeschnitten sind. Zu unseren Dienstleistungen geh\u00f6ren eine umfassende Keyword-Recherche, das Verfassen von Anzeigentexten, das Gebotsmanagement und die laufende Optimierung der Kampagnen, um sicherzustellen, dass die Anzeigen unserer Kunden die bestm\u00f6glichen Ergebnisse liefern. Dar\u00fcber hinaus bieten wir regelm\u00e4\u00dfige Berichte und Analysen, um die Leistung unserer Kampagnen zu verfolgen und datengest\u00fctzte Entscheidungen zur Verbesserung des ROI zu treffen.<\/p>\n<\/div>\n\n\n\n<div class=\"wp-block-column is-vertically-aligned-center is-layout-flow wp-block-column-is-layout-flow\">\n<div class=\"wp-block-cover has-parallax has-custom-content-position is-position-top-left cover-col\" style=\"min-height:368px\"><span aria-hidden=\"true\" class=\"wp-block-cover__background has-background-dim-0 has-background-dim\"><\/span><div role=\"img\" class=\"wp-block-cover__image-background wp-image-6300 has-parallax\" style=\"background-position:50% 50%;background-image:url(https:\/\/www.rodller.com\/wp-content\/uploads\/2023\/04\/drawn-texture2.png)\"><\/div><div class=\"wp-block-cover__inner-container is-layout-flow wp-block-cover-is-layout-flow\">\n<figure class=\"wp-block-image size-full  fade-from-down-slow top-image-left\"><img decoding=\"async\" width=\"456\" height=\"368\" src=\"https:\/\/www.rodller.com\/wp-content\/uploads\/2023\/04\/img-2-8.png\" alt=\"search1\" class=\"wp-image-6302\" srcset=\"https:\/\/www.rodller.com\/wp-content\/uploads\/2023\/04\/img-2-8.png 456w, https:\/\/www.rodller.com\/wp-content\/uploads\/2023\/04\/img-2-8-300x242.png 300w, https:\/\/www.rodller.com\/wp-content\/uploads\/2023\/04\/img-2-8-360x291.png 360w\" sizes=\"(max-width: 456px) 100vw, 456px\" \/><\/figure>\n<\/div><\/div>\n<\/div>\n<\/div>\n\n\n\n<div style=\"height:60px\" aria-hidden=\"true\" class=\"wp-block-spacer\"><\/div>\n\n\n\n<div class=\"wp-block-columns are-vertically-aligned-center gap-100 mb-0 mobile-flex-col-reverse is-layout-flex wp-container-core-columns-layout-5 wp-block-columns-is-layout-flex\">\n<div class=\"wp-block-column is-vertically-aligned-center is-layout-flow wp-block-column-is-layout-flow\">\n<div class=\"wp-block-cover is-light has-parallax has-custom-content-position is-position-bottom-right cover-col\" style=\"min-height:368px\"><span aria-hidden=\"true\" class=\"wp-block-cover__background has-background-dim-0 has-background-dim\"><\/span><div role=\"img\" class=\"wp-block-cover__image-background wp-image-6304 has-parallax\" style=\"background-position:50% 50%;background-image:url(https:\/\/www.rodller.com\/wp-content\/uploads\/2023\/04\/drawn-texture3.png)\"><\/div><div class=\"wp-block-cover__inner-container is-layout-flow wp-block-cover-is-layout-flow\">\n<figure class=\"wp-block-image size-full  fade-from-down-slow top-image\"><img loading=\"lazy\" decoding=\"async\" width=\"456\" height=\"368\" src=\"https:\/\/www.rodller.com\/wp-content\/uploads\/2023\/04\/img-3-1.png\" alt=\"img-3-1\" class=\"wp-image-6306\" srcset=\"https:\/\/www.rodller.com\/wp-content\/uploads\/2023\/04\/img-3-1.png 456w, https:\/\/www.rodller.com\/wp-content\/uploads\/2023\/04\/img-3-1-300x242.png 300w, https:\/\/www.rodller.com\/wp-content\/uploads\/2023\/04\/img-3-1-360x291.png 360w\" sizes=\"(max-width: 456px) 100vw, 456px\" \/><\/figure>\n<\/div><\/div>\n<\/div>\n\n\n\n<div class=\"wp-block-column is-vertically-aligned-center is-layout-flow wp-block-column-is-layout-flow\">\n<h2 class=\"wp-block-heading mt0 black-heading mt-0 mb-32\" style=\"font-size:38px\"><strong>Mehr als <\/strong>das<\/h2>\n\n\n\n<p>Durch die Zusammenarbeit mit Rodller k\u00f6nnen Marken sicher sein, dass ihre Suchmaschinenwerbung in guten H\u00e4nden ist und sich auf andere Aspekte ihres Gesch\u00e4fts konzentrieren. Unser Team ist bestrebt, au\u00dfergew\u00f6hnliche Ergebnisse zu liefern und unseren Kunden zu helfen, ihre Marketingziele zu erreichen.<\/p>\n<\/div>\n<\/div>\n\n\n\n<div style=\"height:120px\" aria-hidden=\"true\" class=\"wp-block-spacer\"><\/div>\n\n\n","protected":false},"excerpt":{"rendered":"<p>Was ist SEA? Die Strategie der Suchmaschinenwerbung ist f\u00fcr die digitalen Marketingbem\u00fchungen einer Marke von entscheidender Bedeutung, da sie dazu beitr\u00e4gt, die Sichtbarkeit zu erh\u00f6hen, die Besucherzahlen auf ihrer Website zu steigern und letztendlich Leads oder Verk\u00e4ufe zu generieren. Mit Suchmaschinenwerbung k\u00f6nnen Marken auf relevante Schl\u00fcsselw\u00f6rter bieten, um sicherzustellen, dass ihre Anzeigen ganz oben auf [&hellip;]<\/p>\n","protected":false},"author":1,"featured_media":0,"parent":0,"menu_order":0,"comment_status":"closed","ping_status":"closed","template":"","meta":{"advgb_blocks_editor_width":"","advgb_blocks_columns_visual_guide":"","_themeisle_gutenberg_block_has_review":false,"footnotes":""},"yoast_head":"<!-- This site is optimized with the Yoast SEO plugin v23.5 - https:\/\/yoast.com\/wordpress\/plugins\/seo\/ -->\n<title>SEA | Rodller \u2013 Suchmaschinenwerbung &amp; Performance-Ads<\/title>\n<meta name=\"description\" content=\"Rodller bietet professionelle SEA-Dienstleistungen: effiziente Suchmaschinenwerbung, Kampagnenoptimierung und messbare Performance f\u00fcr Marken.\" \/>\n<meta name=\"robots\" content=\"index, follow, max-snippet:-1, max-image-preview:large, max-video-preview:-1\" \/>\n<link rel=\"canonical\" href=\"https:\/\/www.rodller.com\/de\/sea\/\" \/>\n<meta property=\"og:locale\" content=\"de_DE\" \/>\n<meta property=\"og:type\" content=\"article\" \/>\n<meta property=\"og:title\" content=\"SEA | Rodller \u2013 Suchmaschinenwerbung &amp; Performance-Ads\" \/>\n<meta property=\"og:description\" content=\"Rodller bietet professionelle SEA-Dienstleistungen: effiziente Suchmaschinenwerbung, Kampagnenoptimierung und messbare Performance f\u00fcr Marken.\" \/>\n<meta property=\"og:url\" content=\"https:\/\/www.rodller.com\/de\/sea\/\" \/>\n<meta property=\"og:site_name\" content=\"Rodller\" \/>\n<meta property=\"article:publisher\" content=\"https:\/\/www.facebook.com\/rodllerHQ\/\" \/>\n<meta property=\"article:modified_time\" content=\"2025-11-19T13:49:35+00:00\" \/>\n<meta property=\"og:image\" content=\"https:\/\/www.rodller.com\/wp-content\/uploads\/2023\/04\/sea-hero-img.png\" \/>\n<meta name=\"twitter:card\" content=\"summary_large_image\" \/>\n<meta name=\"twitter:site\" content=\"@RodllerOffice\" \/>\n<meta name=\"twitter:label1\" content=\"Gesch\u00e4tzte Lesezeit\" \/>\n\t<meta name=\"twitter:data1\" content=\"5\u00a0Minuten\" \/>\n<script type=\"application\/ld+json\" class=\"yoast-schema-graph\">{\"@context\":\"https:\/\/schema.org\",\"@graph\":[{\"@type\":\"WebPage\",\"@id\":\"https:\/\/www.rodller.com\/de\/sea\/\",\"url\":\"https:\/\/www.rodller.com\/de\/sea\/\",\"name\":\"SEA | Rodller \u2013 Suchmaschinenwerbung & Performance-Ads\",\"isPartOf\":{\"@id\":\"https:\/\/www.rodller.com\/#website\"},\"primaryImageOfPage\":{\"@id\":\"https:\/\/www.rodller.com\/de\/sea\/#primaryimage\"},\"image\":{\"@id\":\"https:\/\/www.rodller.com\/de\/sea\/#primaryimage\"},\"thumbnailUrl\":\"https:\/\/www.rodller.com\/wp-content\/uploads\/2023\/04\/sea-hero-img.png\",\"datePublished\":\"2024-08-06T14:10:58+00:00\",\"dateModified\":\"2025-11-19T13:49:35+00:00\",\"description\":\"Rodller bietet professionelle SEA-Dienstleistungen: effiziente Suchmaschinenwerbung, Kampagnenoptimierung und messbare Performance f\u00fcr Marken.\",\"breadcrumb\":{\"@id\":\"https:\/\/www.rodller.com\/de\/sea\/#breadcrumb\"},\"inLanguage\":\"de\",\"potentialAction\":[{\"@type\":\"ReadAction\",\"target\":[\"https:\/\/www.rodller.com\/de\/sea\/\"]}]},{\"@type\":\"ImageObject\",\"inLanguage\":\"de\",\"@id\":\"https:\/\/www.rodller.com\/de\/sea\/#primaryimage\",\"url\":\"https:\/\/www.rodller.com\/wp-content\/uploads\/2023\/04\/sea-hero-img.png\",\"contentUrl\":\"https:\/\/www.rodller.com\/wp-content\/uploads\/2023\/04\/sea-hero-img.png\"},{\"@type\":\"BreadcrumbList\",\"@id\":\"https:\/\/www.rodller.com\/de\/sea\/#breadcrumb\",\"itemListElement\":[{\"@type\":\"ListItem\",\"position\":1,\"name\":\"Home\",\"item\":\"https:\/\/www.rodller.com\/\"},{\"@type\":\"ListItem\",\"position\":2,\"name\":\"SEA\"}]},{\"@type\":\"WebSite\",\"@id\":\"https:\/\/www.rodller.com\/#website\",\"url\":\"https:\/\/www.rodller.com\/\",\"name\":\"Rodller\",\"description\":\"Digital-as-a-Service\",\"publisher\":{\"@id\":\"https:\/\/www.rodller.com\/#organization\"},\"potentialAction\":[{\"@type\":\"SearchAction\",\"target\":{\"@type\":\"EntryPoint\",\"urlTemplate\":\"https:\/\/www.rodller.com\/?s={search_term_string}\"},\"query-input\":{\"@type\":\"PropertyValueSpecification\",\"valueRequired\":true,\"valueName\":\"search_term_string\"}}],\"inLanguage\":\"de\"},{\"@type\":\"Organization\",\"@id\":\"https:\/\/www.rodller.com\/#organization\",\"name\":\"Rodller\",\"url\":\"https:\/\/www.rodller.com\/\",\"logo\":{\"@type\":\"ImageObject\",\"inLanguage\":\"de\",\"@id\":\"https:\/\/www.rodller.com\/#\/schema\/logo\/image\/\",\"url\":\"\",\"contentUrl\":\"\",\"caption\":\"Rodller\"},\"image\":{\"@id\":\"https:\/\/www.rodller.com\/#\/schema\/logo\/image\/\"},\"sameAs\":[\"https:\/\/www.facebook.com\/rodllerHQ\/\",\"https:\/\/x.com\/RodllerOffice\",\"https:\/\/www.linkedin.com\/company\/rodller\/\",\"https:\/\/sk.pinterest.com\/rodller\/\",\"https:\/\/www.youtube.com\/channel\/UCcxDAcsIm2CPDcA00AF4vvw\"]}]}<\/script>\n<!-- \/ Yoast SEO plugin. -->","yoast_head_json":{"title":"SEA | Rodller \u2013 Suchmaschinenwerbung & Performance-Ads","description":"Rodller bietet professionelle SEA-Dienstleistungen: effiziente Suchmaschinenwerbung, Kampagnenoptimierung und messbare Performance f\u00fcr Marken.","robots":{"index":"index","follow":"follow","max-snippet":"max-snippet:-1","max-image-preview":"max-image-preview:large","max-video-preview":"max-video-preview:-1"},"canonical":"https:\/\/www.rodller.com\/de\/sea\/","og_locale":"de_DE","og_type":"article","og_title":"SEA | Rodller \u2013 Suchmaschinenwerbung & Performance-Ads","og_description":"Rodller bietet professionelle SEA-Dienstleistungen: effiziente Suchmaschinenwerbung, Kampagnenoptimierung und messbare Performance f\u00fcr Marken.","og_url":"https:\/\/www.rodller.com\/de\/sea\/","og_site_name":"Rodller","article_publisher":"https:\/\/www.facebook.com\/rodllerHQ\/","article_modified_time":"2025-11-19T13:49:35+00:00","og_image":[{"url":"https:\/\/www.rodller.com\/wp-content\/uploads\/2023\/04\/sea-hero-img.png"}],"twitter_card":"summary_large_image","twitter_site":"@RodllerOffice","twitter_misc":{"Gesch\u00e4tzte Lesezeit":"5\u00a0Minuten"},"schema":{"@context":"https:\/\/schema.org","@graph":[{"@type":"WebPage","@id":"https:\/\/www.rodller.com\/de\/sea\/","url":"https:\/\/www.rodller.com\/de\/sea\/","name":"SEA | Rodller \u2013 Suchmaschinenwerbung & Performance-Ads","isPartOf":{"@id":"https:\/\/www.rodller.com\/#website"},"primaryImageOfPage":{"@id":"https:\/\/www.rodller.com\/de\/sea\/#primaryimage"},"image":{"@id":"https:\/\/www.rodller.com\/de\/sea\/#primaryimage"},"thumbnailUrl":"https:\/\/www.rodller.com\/wp-content\/uploads\/2023\/04\/sea-hero-img.png","datePublished":"2024-08-06T14:10:58+00:00","dateModified":"2025-11-19T13:49:35+00:00","description":"Rodller bietet professionelle SEA-Dienstleistungen: effiziente Suchmaschinenwerbung, Kampagnenoptimierung und messbare Performance f\u00fcr Marken.","breadcrumb":{"@id":"https:\/\/www.rodller.com\/de\/sea\/#breadcrumb"},"inLanguage":"de","potentialAction":[{"@type":"ReadAction","target":["https:\/\/www.rodller.com\/de\/sea\/"]}]},{"@type":"ImageObject","inLanguage":"de","@id":"https:\/\/www.rodller.com\/de\/sea\/#primaryimage","url":"https:\/\/www.rodller.com\/wp-content\/uploads\/2023\/04\/sea-hero-img.png","contentUrl":"https:\/\/www.rodller.com\/wp-content\/uploads\/2023\/04\/sea-hero-img.png"},{"@type":"BreadcrumbList","@id":"https:\/\/www.rodller.com\/de\/sea\/#breadcrumb","itemListElement":[{"@type":"ListItem","position":1,"name":"Home","item":"https:\/\/www.rodller.com\/"},{"@type":"ListItem","position":2,"name":"SEA"}]},{"@type":"WebSite","@id":"https:\/\/www.rodller.com\/#website","url":"https:\/\/www.rodller.com\/","name":"Rodller","description":"Digital-as-a-Service","publisher":{"@id":"https:\/\/www.rodller.com\/#organization"},"potentialAction":[{"@type":"SearchAction","target":{"@type":"EntryPoint","urlTemplate":"https:\/\/www.rodller.com\/?s={search_term_string}"},"query-input":{"@type":"PropertyValueSpecification","valueRequired":true,"valueName":"search_term_string"}}],"inLanguage":"de"},{"@type":"Organization","@id":"https:\/\/www.rodller.com\/#organization","name":"Rodller","url":"https:\/\/www.rodller.com\/","logo":{"@type":"ImageObject","inLanguage":"de","@id":"https:\/\/www.rodller.com\/#\/schema\/logo\/image\/","url":"","contentUrl":"","caption":"Rodller"},"image":{"@id":"https:\/\/www.rodller.com\/#\/schema\/logo\/image\/"},"sameAs":["https:\/\/www.facebook.com\/rodllerHQ\/","https:\/\/x.com\/RodllerOffice","https:\/\/www.linkedin.com\/company\/rodller\/","https:\/\/sk.pinterest.com\/rodller\/","https:\/\/www.youtube.com\/channel\/UCcxDAcsIm2CPDcA00AF4vvw"]}]}},"coauthors":[],"author_meta":{"author_link":"https:\/\/www.rodller.com\/de\/author\/almimagu\/","display_name":"Rodller Team"},"relative_dates":{"created":"Posted 2\u00a0Jahren ago","modified":"Updated 6\u00a0Monaten ago"},"absolute_dates":{"created":"Posted on August 6, 2024","modified":"Updated on November 19, 2025"},"absolute_dates_time":{"created":"Posted on August 6, 2024 2:10 p.m.","modified":"Updated on November 19, 2025 1:49 p.m."},"featured_img_caption":"","featured_img":false,"series_order":"","_links":{"self":[{"href":"https:\/\/www.rodller.com\/de\/wp-json\/wp\/v2\/pages\/12267"}],"collection":[{"href":"https:\/\/www.rodller.com\/de\/wp-json\/wp\/v2\/pages"}],"about":[{"href":"https:\/\/www.rodller.com\/de\/wp-json\/wp\/v2\/types\/page"}],"author":[{"embeddable":true,"href":"https:\/\/www.rodller.com\/de\/wp-json\/wp\/v2\/users\/1"}],"replies":[{"embeddable":true,"href":"https:\/\/www.rodller.com\/de\/wp-json\/wp\/v2\/comments?post=12267"}],"version-history":[{"count":1,"href":"https:\/\/www.rodller.com\/de\/wp-json\/wp\/v2\/pages\/12267\/revisions"}],"predecessor-version":[{"id":12268,"href":"https:\/\/www.rodller.com\/de\/wp-json\/wp\/v2\/pages\/12267\/revisions\/12268"}],"wp:attachment":[{"href":"https:\/\/www.rodller.com\/de\/wp-json\/wp\/v2\/media?parent=12267"}],"curies":[{"name":"wp","href":"https:\/\/api.w.org\/{rel}","templated":true}]}}