{"id":12255,"date":"2024-08-06T14:01:47","date_gmt":"2024-08-06T14:01:47","guid":{"rendered":"https:\/\/www.rodller.com\/?page_id=12255"},"modified":"2025-11-19T13:28:12","modified_gmt":"2025-11-19T13:28:12","slug":"website-maintenance","status":"publish","type":"page","link":"https:\/\/www.rodller.com\/de\/website-maintenance\/","title":{"rendered":"Website Maintenance"},"content":{"rendered":"\n<div class=\"wp-block-cover alignfull is-light mh-358 hero-section seo show-lg-screen-only\"><span aria-hidden=\"true\" class=\"wp-block-cover__background has-white-background-color has-background-dim-0 has-background-dim\"><\/span><img fetchpriority=\"high\" decoding=\"async\" width=\"1440\" height=\"358\" class=\"wp-block-cover__image-background wp-image-4542\" alt=\"hero Website Maintenance bg\" src=\"https:\/\/www.rodller.com\/wp-content\/uploads\/2023\/04\/hero-Website-Maintenance-bg.png\" data-object-fit=\"cover\" srcset=\"https:\/\/www.rodller.com\/wp-content\/uploads\/2023\/04\/hero-Website-Maintenance-bg.png 1440w, https:\/\/www.rodller.com\/wp-content\/uploads\/2023\/04\/hero-Website-Maintenance-bg-300x75.png 300w, https:\/\/www.rodller.com\/wp-content\/uploads\/2023\/04\/hero-Website-Maintenance-bg-1024x255.png 1024w, https:\/\/www.rodller.com\/wp-content\/uploads\/2023\/04\/hero-Website-Maintenance-bg-768x191.png 768w, https:\/\/www.rodller.com\/wp-content\/uploads\/2023\/04\/hero-Website-Maintenance-bg-553x137.png 553w, https:\/\/www.rodller.com\/wp-content\/uploads\/2023\/04\/hero-Website-Maintenance-bg-1140x283.png 1140w, https:\/\/www.rodller.com\/wp-content\/uploads\/2023\/04\/hero-Website-Maintenance-bg-360x90.png 360w, https:\/\/www.rodller.com\/wp-content\/uploads\/2023\/04\/hero-Website-Maintenance-bg-750x186.png 750w\" sizes=\"(max-width: 1440px) 100vw, 1440px\" \/><div class=\"wp-block-cover__inner-container is-layout-flow wp-block-cover-is-layout-flow\">\n<div class=\"wp-block-columns container-w1140 mt-mb-0 mh-358 is-layout-flex wp-container-core-columns-layout-1 wp-block-columns-is-layout-flex\">\n<div class=\"wp-block-column container-w1140 mt-mb-0 pt-pb-0 is-layout-flow wp-block-column-is-layout-flow\">\n<div style=\"height:24px\" aria-hidden=\"true\" class=\"wp-block-spacer\"><\/div>\n\n\n<div class=\"yoast-breadcrumbs mb-0\"><span><span><a href=\"https:\/\/www.rodller.com\/\">Home<\/a><\/span> \u00bb <span class=\"breadcrumb_last\" aria-current=\"page\">Website Maintenance<\/span><\/span><\/div>\n\n\n<div style=\"height:101px\" aria-hidden=\"true\" class=\"wp-block-spacer\"><\/div>\n\n\n\n<h1 class=\"wp-block-heading mt-0 mw-768 mb-21 has-white-color has-text-color\" style=\"font-size:60px\"><strong>Wartung der <\/strong>Website<\/h1>\n<\/div>\n<\/div>\n<\/div><\/div>\n\n\n\n<div class=\"wp-block-cover alignfull mh-358 hero-section seo hide-desktop show-mobile-hero-sm\"><span aria-hidden=\"true\" class=\"wp-block-cover__background has-white-background-color has-background-dim-0 has-background-dim\"><\/span><img decoding=\"async\" width=\"320\" height=\"358\" class=\"wp-block-cover__image-background wp-image-6681\" alt=\"hero Website Maintenance\" src=\"https:\/\/www.rodller.com\/wp-content\/uploads\/2023\/05\/hero-Website-Maintenance.png\" data-object-fit=\"cover\" srcset=\"https:\/\/www.rodller.com\/wp-content\/uploads\/2023\/05\/hero-Website-Maintenance.png 320w, https:\/\/www.rodller.com\/wp-content\/uploads\/2023\/05\/hero-Website-Maintenance-268x300.png 268w\" sizes=\"(max-width: 320px) 100vw, 320px\" \/><div class=\"wp-block-cover__inner-container is-layout-flow wp-block-cover-is-layout-flow\">\n<div class=\"wp-block-columns container-w1140 mt-mb-0 is-layout-flex wp-container-core-columns-layout-2 wp-block-columns-is-layout-flex\">\n<div class=\"wp-block-column container-w1140 mt-mb-0 is-layout-flow wp-block-column-is-layout-flow\"><div class=\"yoast-breadcrumbs mb-0\"><span><span><a href=\"https:\/\/www.rodller.com\/\">Home<\/a><\/span> \u00bb <span class=\"breadcrumb_last\" aria-current=\"page\">Website Maintenance<\/span><\/span><\/div>\n\n\n<div style=\"height:70px\" aria-hidden=\"true\" class=\"wp-block-spacer\"><\/div>\n\n\n\n<h1 class=\"wp-block-heading mt-0 mw-768 mb-21 has-white-color has-text-color\" style=\"font-size:60px\"><strong>Wartung der <\/strong>Website<\/h1>\n\n\n\n<div style=\"height:70px\" aria-hidden=\"true\" class=\"wp-block-spacer\"><\/div>\n<\/div>\n<\/div>\n<\/div><\/div>\n\n\n\n<div style=\"height:120px\" aria-hidden=\"true\" class=\"wp-block-spacer\"><\/div>\n\n\n\n<div class=\"wp-block-columns are-vertically-aligned-center gap-100 mb-0 mobile-flex-col-reverse is-layout-flex wp-container-core-columns-layout-3 wp-block-columns-is-layout-flex\">\n<div class=\"wp-block-column is-vertically-aligned-center is-layout-flow wp-block-column-is-layout-flow\">\n<div class=\"wp-block-cover is-light has-parallax has-custom-content-position is-position-bottom-right cover-col\" style=\"min-height:368px\"><span aria-hidden=\"true\" class=\"wp-block-cover__background has-background-dim-0 has-background-dim\"><\/span><div role=\"img\" class=\"wp-block-cover__image-background wp-image-6284 has-parallax\" style=\"background-position:50% 50%;background-image:url(https:\/\/www.rodller.com\/wp-content\/uploads\/2023\/04\/img-join-us-1-5.png)\"><\/div><div class=\"wp-block-cover__inner-container is-layout-flow wp-block-cover-is-layout-flow\">\n<figure class=\"wp-block-image size-full fade-from-down-slow top-image animated fadeInUp delay-100ms\"><img decoding=\"async\" width=\"456\" height=\"368\" src=\"https:\/\/www.rodller.com\/wp-content\/uploads\/2023\/04\/img-join-us-19.png\" alt=\"img-join-us-19\" class=\"wp-image-6286\" srcset=\"https:\/\/www.rodller.com\/wp-content\/uploads\/2023\/04\/img-join-us-19.png 456w, https:\/\/www.rodller.com\/wp-content\/uploads\/2023\/04\/img-join-us-19-300x242.png 300w, https:\/\/www.rodller.com\/wp-content\/uploads\/2023\/04\/img-join-us-19-360x291.png 360w\" sizes=\"(max-width: 456px) 100vw, 456px\" \/><\/figure>\n<\/div><\/div>\n<\/div>\n\n\n\n<div class=\"wp-block-column is-vertically-aligned-center is-layout-flow wp-block-column-is-layout-flow\">\n<h2 class=\"wp-block-heading mt0 black-heading mt-0 mb-32 min-w-544\" style=\"font-size:38px\"><strong>Warum ist die Pflege von Websites f\u00fcr Ihr Unternehmen wichtig?<\/strong><\/h2>\n\n\n\n<p class=\"mt-mb-0\">Die Pflege einer Website ist f\u00fcr die Online-Pr\u00e4senz einer Marke von entscheidender Bedeutung, da sie gew\u00e4hrleistet, dass die Website aktuell, funktional und sicher ist. Eine gut gepflegte Website kann dazu beitragen, die Benutzerfreundlichkeit zu verbessern, die Platzierung in Suchmaschinen zu erh\u00f6hen und letztlich mehr Besucher und Konversionen zu generieren. Sie hilft auch, die Website vor potenziellen Sicherheitsbedrohungen wie Malware-Angriffen und Hacking-Versuchen zu sch\u00fctzen.<\/p>\n<\/div>\n<\/div>\n\n\n\n<div style=\"height:60px\" aria-hidden=\"true\" class=\"wp-block-spacer\"><\/div>\n\n\n\n<div class=\"wp-block-columns are-vertically-aligned-center gap-100 mb-0 is-layout-flex wp-container-core-columns-layout-4 wp-block-columns-is-layout-flex\">\n<div class=\"wp-block-column is-vertically-aligned-center is-layout-flow wp-block-column-is-layout-flow\">\n<h2 class=\"wp-block-heading mt0 black-heading mt-0 mb-32 text-capitalize has-text-color\" style=\"color:#1a1a1a;font-size:38px\"><strong>Wie kann Rodller Ihnen helfen?<\/strong><\/h2>\n\n\n\n<p>Als Agentur f\u00fcr digitales Marketing kann Rodller Marken bei der Wartung ihrer Websites helfen, indem wir Dienstleistungen wie Website-Updates, Sicherheitschecks, Website-Backups und technischen Support anbieten. Wir k\u00f6nnen auch bei der Website-Optimierung helfen, z. B. bei der Verbesserung der Website-Geschwindigkeit, der mobilen Reaktionsf\u00e4higkeit und der Benutzerfreundlichkeit. Dar\u00fcber hinaus k\u00f6nnen wir Sie bei der Aktualisierung von Inhalten unterst\u00fctzen, z. B. beim Hinzuf\u00fcgen neuer<\/p>\n\n\n\n<p><a><\/a>Seiten, bei der Aktualisierung vorhandener Inhalte und bei der Optimierung von Website-Inhalten f\u00fcr Suchmaschinen.<\/p>\n<\/div>\n\n\n\n<div class=\"wp-block-column is-vertically-aligned-center is-layout-flow wp-block-column-is-layout-flow\">\n<div class=\"wp-block-cover is-light has-parallax has-custom-content-position is-position-top-left cover-col\" style=\"min-height:368px\"><span aria-hidden=\"true\" class=\"wp-block-cover__background has-background-dim-0 has-background-dim\"><\/span><div role=\"img\" class=\"wp-block-cover__image-background wp-image-6288 has-parallax\" style=\"background-position:50% 50%;background-image:url(https:\/\/www.rodller.com\/wp-content\/uploads\/2023\/04\/img-join-us-2-6.png)\"><\/div><div class=\"wp-block-cover__inner-container is-layout-flow wp-block-cover-is-layout-flow\">\n<figure class=\"wp-block-image size-full  fade-from-down-slow top-image-left\"><img loading=\"lazy\" decoding=\"async\" width=\"456\" height=\"368\" src=\"https:\/\/www.rodller.com\/wp-content\/uploads\/2023\/04\/img-2-7.png\" alt=\"img-2-7\" class=\"wp-image-6290\" srcset=\"https:\/\/www.rodller.com\/wp-content\/uploads\/2023\/04\/img-2-7.png 456w, https:\/\/www.rodller.com\/wp-content\/uploads\/2023\/04\/img-2-7-300x242.png 300w, https:\/\/www.rodller.com\/wp-content\/uploads\/2023\/04\/img-2-7-360x291.png 360w\" sizes=\"(max-width: 456px) 100vw, 456px\" \/><\/figure>\n<\/div><\/div>\n<\/div>\n<\/div>\n\n\n\n<div style=\"height:60px\" aria-hidden=\"true\" class=\"wp-block-spacer\"><\/div>\n\n\n\n<hr class=\"wp-block-separator has-text-color has-alpha-channel-opacity has-background is-style-wide mt-mb-0\" style=\"background-color:#d8d8d8;color:#d8d8d8\"\/>\n\n\n\n<div style=\"height:60px\" aria-hidden=\"true\" class=\"wp-block-spacer\"><\/div>\n\n\n\n<div class=\"wp-block-columns mt-mb-0 is-layout-flex wp-container-core-columns-layout-5 wp-block-columns-is-layout-flex\">\n<div class=\"wp-block-column is-layout-flow wp-block-column-is-layout-flow\">\n<p class=\"has-text-align-center mt-mb-0\">Durch die Zusammenarbeit mit Rodller k\u00f6nnen sich Marken auf ihr Kerngesch\u00e4ft konzentrieren, w\u00e4hrend wir uns um die technischen Aspekte der Website-Pflege k\u00fcmmern. Dies stellt sicher, dass ihre Website immer aktuell, sicher und f\u00fcr maximale Leistung optimiert ist, was letztendlich zu einem besseren Nutzererlebnis und mehr Konversionen f\u00fchrt.<\/p>\n<\/div>\n<\/div>\n\n\n\n<div style=\"height:120px\" aria-hidden=\"true\" class=\"wp-block-spacer\"><\/div>\n\n\n","protected":false},"excerpt":{"rendered":"<p>Warum ist die Pflege von Websites f\u00fcr Ihr Unternehmen wichtig? Die Pflege einer Website ist f\u00fcr die Online-Pr\u00e4senz einer Marke von entscheidender Bedeutung, da sie gew\u00e4hrleistet, dass die Website aktuell, funktional und sicher ist. Eine gut gepflegte Website kann dazu beitragen, die Benutzerfreundlichkeit zu verbessern, die Platzierung in Suchmaschinen zu erh\u00f6hen und letztlich mehr Besucher [&hellip;]<\/p>\n","protected":false},"author":1,"featured_media":0,"parent":0,"menu_order":0,"comment_status":"closed","ping_status":"closed","template":"","meta":{"advgb_blocks_editor_width":"","advgb_blocks_columns_visual_guide":"","_themeisle_gutenberg_block_has_review":false,"footnotes":""},"yoast_head":"<!-- This site is optimized with the Yoast SEO plugin v23.5 - https:\/\/yoast.com\/wordpress\/plugins\/seo\/ -->\n<title>Website-Wartung | Rodller \u2013 Pflege, Sicherheit &amp; Updates<\/title>\n<meta name=\"description\" content=\"Rodller bietet professionelle Website-Wartung: Updates, Sicherheit, Backups und Performance-Optimierung f\u00fcr Ihre Webpr\u00e4senz.\" \/>\n<meta name=\"robots\" content=\"index, follow, max-snippet:-1, max-image-preview:large, max-video-preview:-1\" \/>\n<link rel=\"canonical\" href=\"https:\/\/www.rodller.com\/de\/website-maintenance\/\" \/>\n<meta property=\"og:locale\" content=\"de_DE\" \/>\n<meta property=\"og:type\" content=\"article\" \/>\n<meta property=\"og:title\" content=\"Website-Wartung | Rodller \u2013 Pflege, Sicherheit &amp; Updates\" \/>\n<meta property=\"og:description\" content=\"Rodller bietet professionelle Website-Wartung: Updates, Sicherheit, Backups und Performance-Optimierung f\u00fcr Ihre Webpr\u00e4senz.\" \/>\n<meta property=\"og:url\" content=\"https:\/\/www.rodller.com\/de\/website-maintenance\/\" \/>\n<meta property=\"og:site_name\" content=\"Rodller\" \/>\n<meta property=\"article:publisher\" content=\"https:\/\/www.facebook.com\/rodllerHQ\/\" \/>\n<meta property=\"article:modified_time\" content=\"2025-11-19T13:28:12+00:00\" \/>\n<meta property=\"og:image\" content=\"https:\/\/www.rodller.com\/wp-content\/uploads\/2023\/04\/hero-Website-Maintenance-bg.png\" \/>\n<meta name=\"twitter:card\" content=\"summary_large_image\" \/>\n<meta name=\"twitter:site\" content=\"@RodllerOffice\" \/>\n<meta name=\"twitter:label1\" content=\"Gesch\u00e4tzte Lesezeit\" \/>\n\t<meta name=\"twitter:data1\" content=\"4\u00a0Minuten\" \/>\n<script type=\"application\/ld+json\" class=\"yoast-schema-graph\">{\"@context\":\"https:\/\/schema.org\",\"@graph\":[{\"@type\":\"WebPage\",\"@id\":\"https:\/\/www.rodller.com\/de\/website-maintenance\/\",\"url\":\"https:\/\/www.rodller.com\/de\/website-maintenance\/\",\"name\":\"Website-Wartung | Rodller \u2013 Pflege, Sicherheit & Updates\",\"isPartOf\":{\"@id\":\"https:\/\/www.rodller.com\/#website\"},\"primaryImageOfPage\":{\"@id\":\"https:\/\/www.rodller.com\/de\/website-maintenance\/#primaryimage\"},\"image\":{\"@id\":\"https:\/\/www.rodller.com\/de\/website-maintenance\/#primaryimage\"},\"thumbnailUrl\":\"https:\/\/www.rodller.com\/wp-content\/uploads\/2023\/04\/hero-Website-Maintenance-bg.png\",\"datePublished\":\"2024-08-06T14:01:47+00:00\",\"dateModified\":\"2025-11-19T13:28:12+00:00\",\"description\":\"Rodller bietet professionelle Website-Wartung: Updates, Sicherheit, Backups und Performance-Optimierung f\u00fcr Ihre Webpr\u00e4senz.\",\"breadcrumb\":{\"@id\":\"https:\/\/www.rodller.com\/de\/website-maintenance\/#breadcrumb\"},\"inLanguage\":\"de\",\"potentialAction\":[{\"@type\":\"ReadAction\",\"target\":[\"https:\/\/www.rodller.com\/de\/website-maintenance\/\"]}]},{\"@type\":\"ImageObject\",\"inLanguage\":\"de\",\"@id\":\"https:\/\/www.rodller.com\/de\/website-maintenance\/#primaryimage\",\"url\":\"https:\/\/www.rodller.com\/wp-content\/uploads\/2023\/04\/hero-Website-Maintenance-bg.png\",\"contentUrl\":\"https:\/\/www.rodller.com\/wp-content\/uploads\/2023\/04\/hero-Website-Maintenance-bg.png\"},{\"@type\":\"BreadcrumbList\",\"@id\":\"https:\/\/www.rodller.com\/de\/website-maintenance\/#breadcrumb\",\"itemListElement\":[{\"@type\":\"ListItem\",\"position\":1,\"name\":\"Home\",\"item\":\"https:\/\/www.rodller.com\/\"},{\"@type\":\"ListItem\",\"position\":2,\"name\":\"Website Maintenance\"}]},{\"@type\":\"WebSite\",\"@id\":\"https:\/\/www.rodller.com\/#website\",\"url\":\"https:\/\/www.rodller.com\/\",\"name\":\"Rodller\",\"description\":\"Digital-as-a-Service\",\"publisher\":{\"@id\":\"https:\/\/www.rodller.com\/#organization\"},\"potentialAction\":[{\"@type\":\"SearchAction\",\"target\":{\"@type\":\"EntryPoint\",\"urlTemplate\":\"https:\/\/www.rodller.com\/?s={search_term_string}\"},\"query-input\":{\"@type\":\"PropertyValueSpecification\",\"valueRequired\":true,\"valueName\":\"search_term_string\"}}],\"inLanguage\":\"de\"},{\"@type\":\"Organization\",\"@id\":\"https:\/\/www.rodller.com\/#organization\",\"name\":\"Rodller\",\"url\":\"https:\/\/www.rodller.com\/\",\"logo\":{\"@type\":\"ImageObject\",\"inLanguage\":\"de\",\"@id\":\"https:\/\/www.rodller.com\/#\/schema\/logo\/image\/\",\"url\":\"\",\"contentUrl\":\"\",\"caption\":\"Rodller\"},\"image\":{\"@id\":\"https:\/\/www.rodller.com\/#\/schema\/logo\/image\/\"},\"sameAs\":[\"https:\/\/www.facebook.com\/rodllerHQ\/\",\"https:\/\/x.com\/RodllerOffice\",\"https:\/\/www.linkedin.com\/company\/rodller\/\",\"https:\/\/sk.pinterest.com\/rodller\/\",\"https:\/\/www.youtube.com\/channel\/UCcxDAcsIm2CPDcA00AF4vvw\"]}]}<\/script>\n<!-- \/ Yoast SEO plugin. -->","yoast_head_json":{"title":"Website-Wartung | Rodller \u2013 Pflege, Sicherheit & Updates","description":"Rodller bietet professionelle Website-Wartung: Updates, Sicherheit, Backups und Performance-Optimierung f\u00fcr Ihre Webpr\u00e4senz.","robots":{"index":"index","follow":"follow","max-snippet":"max-snippet:-1","max-image-preview":"max-image-preview:large","max-video-preview":"max-video-preview:-1"},"canonical":"https:\/\/www.rodller.com\/de\/website-maintenance\/","og_locale":"de_DE","og_type":"article","og_title":"Website-Wartung | Rodller \u2013 Pflege, Sicherheit & Updates","og_description":"Rodller bietet professionelle Website-Wartung: Updates, Sicherheit, Backups und Performance-Optimierung f\u00fcr Ihre Webpr\u00e4senz.","og_url":"https:\/\/www.rodller.com\/de\/website-maintenance\/","og_site_name":"Rodller","article_publisher":"https:\/\/www.facebook.com\/rodllerHQ\/","article_modified_time":"2025-11-19T13:28:12+00:00","og_image":[{"url":"https:\/\/www.rodller.com\/wp-content\/uploads\/2023\/04\/hero-Website-Maintenance-bg.png"}],"twitter_card":"summary_large_image","twitter_site":"@RodllerOffice","twitter_misc":{"Gesch\u00e4tzte Lesezeit":"4\u00a0Minuten"},"schema":{"@context":"https:\/\/schema.org","@graph":[{"@type":"WebPage","@id":"https:\/\/www.rodller.com\/de\/website-maintenance\/","url":"https:\/\/www.rodller.com\/de\/website-maintenance\/","name":"Website-Wartung | Rodller \u2013 Pflege, Sicherheit & Updates","isPartOf":{"@id":"https:\/\/www.rodller.com\/#website"},"primaryImageOfPage":{"@id":"https:\/\/www.rodller.com\/de\/website-maintenance\/#primaryimage"},"image":{"@id":"https:\/\/www.rodller.com\/de\/website-maintenance\/#primaryimage"},"thumbnailUrl":"https:\/\/www.rodller.com\/wp-content\/uploads\/2023\/04\/hero-Website-Maintenance-bg.png","datePublished":"2024-08-06T14:01:47+00:00","dateModified":"2025-11-19T13:28:12+00:00","description":"Rodller bietet professionelle Website-Wartung: Updates, Sicherheit, Backups und Performance-Optimierung f\u00fcr Ihre Webpr\u00e4senz.","breadcrumb":{"@id":"https:\/\/www.rodller.com\/de\/website-maintenance\/#breadcrumb"},"inLanguage":"de","potentialAction":[{"@type":"ReadAction","target":["https:\/\/www.rodller.com\/de\/website-maintenance\/"]}]},{"@type":"ImageObject","inLanguage":"de","@id":"https:\/\/www.rodller.com\/de\/website-maintenance\/#primaryimage","url":"https:\/\/www.rodller.com\/wp-content\/uploads\/2023\/04\/hero-Website-Maintenance-bg.png","contentUrl":"https:\/\/www.rodller.com\/wp-content\/uploads\/2023\/04\/hero-Website-Maintenance-bg.png"},{"@type":"BreadcrumbList","@id":"https:\/\/www.rodller.com\/de\/website-maintenance\/#breadcrumb","itemListElement":[{"@type":"ListItem","position":1,"name":"Home","item":"https:\/\/www.rodller.com\/"},{"@type":"ListItem","position":2,"name":"Website Maintenance"}]},{"@type":"WebSite","@id":"https:\/\/www.rodller.com\/#website","url":"https:\/\/www.rodller.com\/","name":"Rodller","description":"Digital-as-a-Service","publisher":{"@id":"https:\/\/www.rodller.com\/#organization"},"potentialAction":[{"@type":"SearchAction","target":{"@type":"EntryPoint","urlTemplate":"https:\/\/www.rodller.com\/?s={search_term_string}"},"query-input":{"@type":"PropertyValueSpecification","valueRequired":true,"valueName":"search_term_string"}}],"inLanguage":"de"},{"@type":"Organization","@id":"https:\/\/www.rodller.com\/#organization","name":"Rodller","url":"https:\/\/www.rodller.com\/","logo":{"@type":"ImageObject","inLanguage":"de","@id":"https:\/\/www.rodller.com\/#\/schema\/logo\/image\/","url":"","contentUrl":"","caption":"Rodller"},"image":{"@id":"https:\/\/www.rodller.com\/#\/schema\/logo\/image\/"},"sameAs":["https:\/\/www.facebook.com\/rodllerHQ\/","https:\/\/x.com\/RodllerOffice","https:\/\/www.linkedin.com\/company\/rodller\/","https:\/\/sk.pinterest.com\/rodller\/","https:\/\/www.youtube.com\/channel\/UCcxDAcsIm2CPDcA00AF4vvw"]}]}},"coauthors":[],"author_meta":{"author_link":"https:\/\/www.rodller.com\/de\/author\/almimagu\/","display_name":"Rodller Team"},"relative_dates":{"created":"Posted 2\u00a0Jahren ago","modified":"Updated 6\u00a0Monaten ago"},"absolute_dates":{"created":"Posted on August 6, 2024","modified":"Updated on November 19, 2025"},"absolute_dates_time":{"created":"Posted on August 6, 2024 2:01 p.m.","modified":"Updated on November 19, 2025 1:28 p.m."},"featured_img_caption":"","featured_img":false,"series_order":"","_links":{"self":[{"href":"https:\/\/www.rodller.com\/de\/wp-json\/wp\/v2\/pages\/12255"}],"collection":[{"href":"https:\/\/www.rodller.com\/de\/wp-json\/wp\/v2\/pages"}],"about":[{"href":"https:\/\/www.rodller.com\/de\/wp-json\/wp\/v2\/types\/page"}],"author":[{"embeddable":true,"href":"https:\/\/www.rodller.com\/de\/wp-json\/wp\/v2\/users\/1"}],"replies":[{"embeddable":true,"href":"https:\/\/www.rodller.com\/de\/wp-json\/wp\/v2\/comments?post=12255"}],"version-history":[{"count":1,"href":"https:\/\/www.rodller.com\/de\/wp-json\/wp\/v2\/pages\/12255\/revisions"}],"predecessor-version":[{"id":12257,"href":"https:\/\/www.rodller.com\/de\/wp-json\/wp\/v2\/pages\/12255\/revisions\/12257"}],"wp:attachment":[{"href":"https:\/\/www.rodller.com\/de\/wp-json\/wp\/v2\/media?parent=12255"}],"curies":[{"name":"wp","href":"https:\/\/api.w.org\/{rel}","templated":true}]}}